{"id":1573,"date":"2021-07-01T22:00:13","date_gmt":"2021-07-01T22:00:13","guid":{"rendered":"http:\/\/www.rula.disabilityrightsca.org\/es\/?page_id=1573"},"modified":"2023-12-05T20:30:24","modified_gmt":"2023-12-05T20:30:24","slug":"9-29-que-tipo-de-actividades-recreativas-ayuda-un-centro-regional-a-que-disfruten-las-personas-con-discapacidades-del-desarrollo","status":"publish","type":"page","link":"https:\/\/rula.disabilityrightsca.org\/es\/rula-book\/capitulo-9-participacion-comunitaria-trabajo-actividades-diurnas-y-de-ocio\/9-29-que-tipo-de-actividades-recreativas-ayuda-un-centro-regional-a-que-disfruten-las-personas-con-discapacidades-del-desarrollo\/","title":{"rendered":"(9.29) \u00bfQu\u00e9 tipo de actividades recreativas ayuda un centro regional a que disfruten las personas con discapacidades del desarrollo?"},"content":{"rendered":"\n<p>El centro regional debe respetar sus elecciones y ayudarlo a disfrutar de su tiempo libre.<span class=\"footnote_referrer\"><a role=\"button\" tabindex=\"0\" onclick=\"footnote_moveToReference_1573_1('footnote_plugin_reference_1573_1_1');\" onkeypress=\"footnote_moveToReference_1573_1('footnote_plugin_reference_1573_1_1');\" ><sup id=\"footnote_plugin_tooltip_1573_1_1\" class=\"footnote_plugin_tooltip_text\">[1]<\/sup><\/a><span id=\"footnote_plugin_tooltip_text_1573_1_1\" class=\"footnote_tooltip\">Secci\u00f3n 4502.1<\/span><\/span><script type=\"text\/javascript\"> jQuery('#footnote_plugin_tooltip_1573_1_1').tooltip({ tip: '#footnote_plugin_tooltip_text_1573_1_1', tipClass: 'footnote_tooltip', effect: 'fade', predelay: 0, fadeInSpeed: 200, delay: 400, fadeOutSpeed: 200, position: 'top center', relative: true, offset: [-7, 0], });<\/script> El ocio y la recreaci\u00f3n son una parte importante de la vida. Puede hacer muchas cosas, como:<\/p>\n\n\n\n<ul class=\"wp-block-list\">\n<li>Jugar o mirar deportes.<\/li>\n\n\n\n<li>Practicar deportes con personas sin discapacidad en un evento o liga.<\/li>\n\n\n\n<li>Practicar deportes en las Olimpiadas Especiales u otra liga para personas con discapacidades.<\/li>\n\n\n\n<li>Ir a un concierto, a un parque de atracciones o a un restaurante.<\/li>\n\n\n\n<li>Ir de compras, al gimnasio, al parque o a la playa.<\/li>\n<\/ul>\n\n\n\n<p>Usted es quien mejor sabe que necesita para disfrutar de su tiempo libre. Piense en las cosas que quiere hacer. Incl\u00fayalas, con los apoyos que necesita, en su IPP.<\/p>\n\n\n\n<p>El centro regional no tiene que pagar por la actividad que desea. Pero s\u00ed tiene que brindarle el apoyo que necesita para realizar la actividad. Por ejemplo, si desea ir a un partido de b\u00e9isbol, debe comprar su propio boleto, comida y recuerdos. Pero el centro regional puede pagarle a alguien que lo acompa\u00f1e y el transporte, si es necesario para las metas de actividades de ocio de su IPP.<\/p>\n\n\n\n<p>Si necesita una adaptaci\u00f3n razonable, el centro regional puede ayudarlo a obtenerla de la persona que organiza la actividad. Si la adaptaci\u00f3n es una carga excesiva o si cambia la naturaleza de la actividad, el centro regional puede proporcionar la adaptaci\u00f3n. El centro regional tambi\u00e9n puede capacitarlo y ense\u00f1arle habilidades sociales o de movilidad, o brindarle servicios de transporte, para que pueda visitar a sus amigos.<\/p>\n<div class=\"speaker-mute footnotes_reference_container\"> <div class=\"footnote_container_prepare\"><p><span role=\"button\" tabindex=\"0\" class=\"footnote_reference_container_label pointer\" onclick=\"footnote_expand_collapse_reference_container_1573_1();\">&#x202F;<\/span><span role=\"button\" tabindex=\"0\" class=\"footnote_reference_container_collapse_button\" style=\"display: none;\" onclick=\"footnote_expand_collapse_reference_container_1573_1();\">[<a id=\"footnote_reference_container_collapse_button_1573_1\">+<\/a>]<\/span><\/p><\/div> <div id=\"footnote_references_container_1573_1\" style=\"\"><table class=\"footnotes_table footnote-reference-container\"><caption class=\"accessibility\">References<\/caption> <tbody> \r\n\r\n<tr class=\"footnotes_plugin_reference_row\"> <th scope=\"row\" class=\"footnote_plugin_index_combi pointer\"  onclick=\"footnote_moveToAnchor_1573_1('footnote_plugin_tooltip_1573_1_1');\"><a id=\"footnote_plugin_reference_1573_1_1\" class=\"footnote_backlink\"><span class=\"footnote_index_arrow\">&#8593;<\/span>1<\/a><\/th> <td class=\"footnote_plugin_text\">Secci\u00f3n 4502.1<\/td><\/tr>\r\n\r\n <\/tbody> <\/table> <\/div><\/div><script type=\"text\/javascript\"> function footnote_expand_reference_container_1573_1() { jQuery('#footnote_references_container_1573_1').show(); jQuery('#footnote_reference_container_collapse_button_1573_1').text('\u2212'); } function footnote_collapse_reference_container_1573_1() { jQuery('#footnote_references_container_1573_1').hide(); jQuery('#footnote_reference_container_collapse_button_1573_1').text('+'); } function footnote_expand_collapse_reference_container_1573_1() { if (jQuery('#footnote_references_container_1573_1').is(':hidden')) { footnote_expand_reference_container_1573_1(); } else { footnote_collapse_reference_container_1573_1(); } } function footnote_moveToReference_1573_1(p_str_TargetID) { footnote_expand_reference_container_1573_1(); var l_obj_Target = jQuery('#' + p_str_TargetID); if (l_obj_Target.length) { jQuery( 'html, body' ).delay( 0 ); jQuery('html, body').animate({ scrollTop: l_obj_Target.offset().top - window.innerHeight * 0.2 }, 380); } } function footnote_moveToAnchor_1573_1(p_str_TargetID) { footnote_expand_reference_container_1573_1(); var l_obj_Target = jQuery('#' + p_str_TargetID); if (l_obj_Target.length) { jQuery( 'html, body' ).delay( 0 ); jQuery('html, body').animate({ scrollTop: l_obj_Target.offset().top - window.innerHeight * 0.2 }, 380); } }<\/script>","protected":false},"excerpt":{"rendered":"<p>El centro regional debe respetar sus elecciones y ayudarlo a disfrutar de su tiempo libre.[1]Secci\u00f3n 4502.1 El ocio y la recreaci\u00f3n son una parte importante&hellip;<\/p>\n","protected":false},"author":1,"featured_media":0,"parent":1447,"menu_order":29,"comment_status":"closed","ping_status":"closed","template":"","meta":{"footnotes":""},"class_list":["post-1573","page","type-page","status-publish","hentry"],"_links":{"self":[{"href":"https:\/\/rula.disabilityrightsca.org\/es\/wp-json\/wp\/v2\/pages\/1573","targetHints":{"allow":["GET"]}}],"collection":[{"href":"https:\/\/rula.disabilityrightsca.org\/es\/wp-json\/wp\/v2\/pages"}],"about":[{"href":"https:\/\/rula.disabilityrightsca.org\/es\/wp-json\/wp\/v2\/types\/page"}],"author":[{"embeddable":true,"href":"https:\/\/rula.disabilityrightsca.org\/es\/wp-json\/wp\/v2\/users\/1"}],"replies":[{"embeddable":true,"href":"https:\/\/rula.disabilityrightsca.org\/es\/wp-json\/wp\/v2\/comments?post=1573"}],"version-history":[{"count":3,"href":"https:\/\/rula.disabilityrightsca.org\/es\/wp-json\/wp\/v2\/pages\/1573\/revisions"}],"predecessor-version":[{"id":3877,"href":"https:\/\/rula.disabilityrightsca.org\/es\/wp-json\/wp\/v2\/pages\/1573\/revisions\/3877"}],"up":[{"embeddable":true,"href":"https:\/\/rula.disabilityrightsca.org\/es\/wp-json\/wp\/v2\/pages\/1447"}],"wp:attachment":[{"href":"https:\/\/rula.disabilityrightsca.org\/es\/wp-json\/wp\/v2\/media?parent=1573"}],"curies":[{"name":"wp","href":"https:\/\/api.w.org\/{rel}","templated":true}]}}