{"id":1565,"date":"2021-07-01T21:54:38","date_gmt":"2021-07-01T21:54:38","guid":{"rendered":"http:\/\/www.rula.disabilityrightsca.org\/es\/?page_id=1565"},"modified":"2022-04-22T23:01:33","modified_gmt":"2022-04-22T23:01:33","slug":"9-25-que-son-los-programas-de-integracion-inversa","status":"publish","type":"page","link":"https:\/\/rula.disabilityrightsca.org\/es\/rula-book\/capitulo-9-participacion-comunitaria-trabajo-actividades-diurnas-y-de-ocio\/9-25-que-son-los-programas-de-integracion-inversa\/","title":{"rendered":"(9.25) \u00bfQu\u00e9 son los programas de integraci\u00f3n inversa?"},"content":{"rendered":"\n<p>Reverse integration is when people without disabilities are hired to work with people with disabilities. Some La integraci\u00f3n inversa es cuando se contrata a personas sin discapacidad para trabajar con personas con discapacidad. Algunos contratos gubernamentales incluyen trabajo de integraci\u00f3n inversa o programas de empleo con apoyo. Para averiguar si existen programas de integraci\u00f3n inversa en su \u00e1rea, comun\u00edquese con el DOR o con el coordinador de servicios de su centro regional.<\/p>\n","protected":false},"excerpt":{"rendered":"<p>Reverse integration is when people without disabilities are hired to work with people with disabilities. Some La integraci\u00f3n inversa es cuando se contrata a personas&hellip;<\/p>\n","protected":false},"author":1,"featured_media":0,"parent":1447,"menu_order":25,"comment_status":"closed","ping_status":"closed","template":"","meta":{"footnotes":""},"class_list":["post-1565","page","type-page","status-publish","hentry"],"_links":{"self":[{"href":"https:\/\/rula.disabilityrightsca.org\/es\/wp-json\/wp\/v2\/pages\/1565","targetHints":{"allow":["GET"]}}],"collection":[{"href":"https:\/\/rula.disabilityrightsca.org\/es\/wp-json\/wp\/v2\/pages"}],"about":[{"href":"https:\/\/rula.disabilityrightsca.org\/es\/wp-json\/wp\/v2\/types\/page"}],"author":[{"embeddable":true,"href":"https:\/\/rula.disabilityrightsca.org\/es\/wp-json\/wp\/v2\/users\/1"}],"replies":[{"embeddable":true,"href":"https:\/\/rula.disabilityrightsca.org\/es\/wp-json\/wp\/v2\/comments?post=1565"}],"version-history":[{"count":2,"href":"https:\/\/rula.disabilityrightsca.org\/es\/wp-json\/wp\/v2\/pages\/1565\/revisions"}],"predecessor-version":[{"id":2980,"href":"https:\/\/rula.disabilityrightsca.org\/es\/wp-json\/wp\/v2\/pages\/1565\/revisions\/2980"}],"up":[{"embeddable":true,"href":"https:\/\/rula.disabilityrightsca.org\/es\/wp-json\/wp\/v2\/pages\/1447"}],"wp:attachment":[{"href":"https:\/\/rula.disabilityrightsca.org\/es\/wp-json\/wp\/v2\/media?parent=1565"}],"curies":[{"name":"wp","href":"https:\/\/api.w.org\/{rel}","templated":true}]}}