{"id":1563,"date":"2021-07-01T21:52:27","date_gmt":"2021-07-01T21:52:27","guid":{"rendered":"http:\/\/www.rula.disabilityrightsca.org\/es\/?page_id=1563"},"modified":"2023-12-05T20:28:28","modified_gmt":"2023-12-05T20:28:28","slug":"9-24-el-dor-y-el-dds-centro-regional-colaboran-alguna-vez-para-ayudar-a-las-personas-con-discapacidades-del-desarrollo","status":"publish","type":"page","link":"https:\/\/rula.disabilityrightsca.org\/es\/rula-book\/capitulo-9-participacion-comunitaria-trabajo-actividades-diurnas-y-de-ocio\/9-24-el-dor-y-el-dds-centro-regional-colaboran-alguna-vez-para-ayudar-a-las-personas-con-discapacidades-del-desarrollo\/","title":{"rendered":"(9.24) \u00bfEl DOR y el DDS (Centro Regional) colaboran alguna vez para ayudar a las personas con discapacidades del desarrollo?"},"content":{"rendered":"\n<p>Los centros regionales a menudo derivan personas al DOR. Para obtener una derivaci\u00f3n para servicios vocacionales, solicite una reuni\u00f3n de IPP. Digamos que est\u00e1 interesado en un empleo con apoyo o competitivo. Si usted ya trabaja en un Programa de Actividades Laborales, ellos revisar\u00e1n su progreso todos los a\u00f1os y decidir\u00e1n si los servicios vocacionales son adecuados para usted. Si su equipo de IPP decide que lo beneficiar\u00e1n, lo derivar\u00e1 al DOR.<span class=\"footnote_referrer\"><a role=\"button\" tabindex=\"0\" onclick=\"footnote_moveToReference_1563_1('footnote_plugin_reference_1563_1_1');\" onkeypress=\"footnote_moveToReference_1563_1('footnote_plugin_reference_1563_1_1');\" ><sup id=\"footnote_plugin_tooltip_1563_1_1\" class=\"footnote_plugin_tooltip_text\">[1]<\/sup><\/a><span id=\"footnote_plugin_tooltip_text_1563_1_1\" class=\"footnote_tooltip\">Secci\u00f3n 4858 (a)-(b)<\/span><\/span><script type=\"text\/javascript\"> jQuery('#footnote_plugin_tooltip_1563_1_1').tooltip({ tip: '#footnote_plugin_tooltip_text_1563_1_1', tipClass: 'footnote_tooltip', effect: 'fade', predelay: 0, fadeInSpeed: 200, delay: 400, fadeOutSpeed: 200, position: 'top center', relative: true, offset: [-7, 0], });<\/script><\/p>\n\n\n\n<p>El DOR puede negarle los servicios si su discapacidad es tan grave que los mismos no le ayudar\u00edan. El DOR debe demostrar que los servicios de rehabilitaci\u00f3n profesional no le ayudar\u00e1n a conseguir un empleo porque su discapacidad es demasiado grave.<span class=\"footnote_referrer\"><a role=\"button\" tabindex=\"0\" onclick=\"footnote_moveToReference_1563_1('footnote_plugin_reference_1563_1_2');\" onkeypress=\"footnote_moveToReference_1563_1('footnote_plugin_reference_1563_1_2');\" ><sup id=\"footnote_plugin_tooltip_1563_1_2\" class=\"footnote_plugin_tooltip_text\">[2]<\/sup><\/a><span id=\"footnote_plugin_tooltip_text_1563_1_2\" class=\"footnote_tooltip\">T\u00edtulo 29 del C\u00f3digo de los Estados Unidos, secci\u00f3n 722(a)(2)(A); v\u00e9ase tambi\u00e9n el T\u00edtulo 34 del C\u00f3digo Federal de Reglamentos, secci\u00f3n 361.42; el C\u00f3digo de Bienestar e Instituciones de&nbsp;&#x2026; <span class=\"footnote_tooltip_continue\"  onclick=\"footnote_moveToReference_1563_1('footnote_plugin_reference_1563_1_2');\">Continue reading<\/span><\/span><\/span><script type=\"text\/javascript\"> jQuery('#footnote_plugin_tooltip_1563_1_2').tooltip({ tip: '#footnote_plugin_tooltip_text_1563_1_2', tipClass: 'footnote_tooltip', effect: 'fade', predelay: 0, fadeInSpeed: 200, delay: 400, fadeOutSpeed: 200, position: 'top center', relative: true, offset: [-7, 0], });<\/script><\/p>\n\n\n\n<p>Puede obtener servicios de rehabilitaci\u00f3n vocacional hasta por 18 meses. Los servicios pueden finalizar antes si usted es independiente o si sus apoyos le han ayudado tanto como ha sido posible. Despu\u00e9s de 18 meses, el DOR lo transfiere al DDS. Luego, puede obtener servicios del Programa de Servicios de Habilitaci\u00f3n. Si lo derivaron al DOR y lo pusieron en una lista de espera, el centro regional debe brindarle los servicios que necesita hasta que comiencen los servicios del DOR.<span class=\"footnote_referrer\"><a role=\"button\" tabindex=\"0\" onclick=\"footnote_moveToReference_1563_1('footnote_plugin_reference_1563_1_3');\" onkeypress=\"footnote_moveToReference_1563_1('footnote_plugin_reference_1563_1_3');\" ><sup id=\"footnote_plugin_tooltip_1563_1_3\" class=\"footnote_plugin_tooltip_text\">[3]<\/sup><\/a><span id=\"footnote_plugin_tooltip_text_1563_1_3\" class=\"footnote_tooltip\">Secci\u00f3n 4855<\/span><\/span><script type=\"text\/javascript\"> jQuery('#footnote_plugin_tooltip_1563_1_3').tooltip({ tip: '#footnote_plugin_tooltip_text_1563_1_3', tipClass: 'footnote_tooltip', effect: 'fade', predelay: 0, fadeInSpeed: 200, delay: 400, fadeOutSpeed: 200, position: 'top center', relative: true, offset: [-7, 0], });<\/script><\/p>\n<div class=\"speaker-mute footnotes_reference_container\"> <div class=\"footnote_container_prepare\"><p><span role=\"button\" tabindex=\"0\" class=\"footnote_reference_container_label pointer\" onclick=\"footnote_expand_collapse_reference_container_1563_1();\">&#x202F;<\/span><span role=\"button\" tabindex=\"0\" class=\"footnote_reference_container_collapse_button\" style=\"display: none;\" onclick=\"footnote_expand_collapse_reference_container_1563_1();\">[<a id=\"footnote_reference_container_collapse_button_1563_1\">+<\/a>]<\/span><\/p><\/div> <div id=\"footnote_references_container_1563_1\" style=\"\"><table class=\"footnotes_table footnote-reference-container\"><caption class=\"accessibility\">References<\/caption> <tbody> \r\n\r\n<tr class=\"footnotes_plugin_reference_row\"> <th scope=\"row\" class=\"footnote_plugin_index_combi pointer\"  onclick=\"footnote_moveToAnchor_1563_1('footnote_plugin_tooltip_1563_1_1');\"><a id=\"footnote_plugin_reference_1563_1_1\" class=\"footnote_backlink\"><span class=\"footnote_index_arrow\">&#8593;<\/span>1<\/a><\/th> <td class=\"footnote_plugin_text\">Secci\u00f3n 4858 (a)-(b)<\/td><\/tr>\r\n\r\n<tr class=\"footnotes_plugin_reference_row\"> <th scope=\"row\" class=\"footnote_plugin_index_combi pointer\"  onclick=\"footnote_moveToAnchor_1563_1('footnote_plugin_tooltip_1563_1_2');\"><a id=\"footnote_plugin_reference_1563_1_2\" class=\"footnote_backlink\"><span class=\"footnote_index_arrow\">&#8593;<\/span>2<\/a><\/th> <td class=\"footnote_plugin_text\">T\u00edtulo 29 del C\u00f3digo de los Estados Unidos, secci\u00f3n 722(a)(2)(A); v\u00e9ase tambi\u00e9n el T\u00edtulo 34 del C\u00f3digo Federal de Reglamentos, secci\u00f3n 361.42; el C\u00f3digo de Bienestar e Instituciones de California secci\u00f3n 19103(b); T\u00edtulo 9, C\u00f3digo de Reglamentos de California secci\u00f3n 7062(c)<\/td><\/tr>\r\n\r\n<tr class=\"footnotes_plugin_reference_row\"> <th scope=\"row\" class=\"footnote_plugin_index_combi pointer\"  onclick=\"footnote_moveToAnchor_1563_1('footnote_plugin_tooltip_1563_1_3');\"><a id=\"footnote_plugin_reference_1563_1_3\" class=\"footnote_backlink\"><span class=\"footnote_index_arrow\">&#8593;<\/span>3<\/a><\/th> <td class=\"footnote_plugin_text\">Secci\u00f3n 4855<\/td><\/tr>\r\n\r\n <\/tbody> <\/table> <\/div><\/div><script type=\"text\/javascript\"> function footnote_expand_reference_container_1563_1() { jQuery('#footnote_references_container_1563_1').show(); jQuery('#footnote_reference_container_collapse_button_1563_1').text('\u2212'); } function footnote_collapse_reference_container_1563_1() { jQuery('#footnote_references_container_1563_1').hide(); jQuery('#footnote_reference_container_collapse_button_1563_1').text('+'); } function footnote_expand_collapse_reference_container_1563_1() { if (jQuery('#footnote_references_container_1563_1').is(':hidden')) { footnote_expand_reference_container_1563_1(); } else { footnote_collapse_reference_container_1563_1(); } } function footnote_moveToReference_1563_1(p_str_TargetID) { footnote_expand_reference_container_1563_1(); var l_obj_Target = jQuery('#' + p_str_TargetID); if (l_obj_Target.length) { jQuery( 'html, body' ).delay( 0 ); jQuery('html, body').animate({ scrollTop: l_obj_Target.offset().top - window.innerHeight * 0.2 }, 380); } } function footnote_moveToAnchor_1563_1(p_str_TargetID) { footnote_expand_reference_container_1563_1(); var l_obj_Target = jQuery('#' + p_str_TargetID); if (l_obj_Target.length) { jQuery( 'html, body' ).delay( 0 ); jQuery('html, body').animate({ scrollTop: l_obj_Target.offset().top - window.innerHeight * 0.2 }, 380); } }<\/script>","protected":false},"excerpt":{"rendered":"<p>Los centros regionales a menudo derivan personas al DOR. Para obtener una derivaci\u00f3n para servicios vocacionales, solicite una reuni\u00f3n de IPP. Digamos que est\u00e1 interesado&hellip;<\/p>\n","protected":false},"author":1,"featured_media":0,"parent":1447,"menu_order":24,"comment_status":"closed","ping_status":"closed","template":"","meta":{"footnotes":""},"class_list":["post-1563","page","type-page","status-publish","hentry"],"_links":{"self":[{"href":"https:\/\/rula.disabilityrightsca.org\/es\/wp-json\/wp\/v2\/pages\/1563","targetHints":{"allow":["GET"]}}],"collection":[{"href":"https:\/\/rula.disabilityrightsca.org\/es\/wp-json\/wp\/v2\/pages"}],"about":[{"href":"https:\/\/rula.disabilityrightsca.org\/es\/wp-json\/wp\/v2\/types\/page"}],"author":[{"embeddable":true,"href":"https:\/\/rula.disabilityrightsca.org\/es\/wp-json\/wp\/v2\/users\/1"}],"replies":[{"embeddable":true,"href":"https:\/\/rula.disabilityrightsca.org\/es\/wp-json\/wp\/v2\/comments?post=1563"}],"version-history":[{"count":3,"href":"https:\/\/rula.disabilityrightsca.org\/es\/wp-json\/wp\/v2\/pages\/1563\/revisions"}],"predecessor-version":[{"id":3875,"href":"https:\/\/rula.disabilityrightsca.org\/es\/wp-json\/wp\/v2\/pages\/1563\/revisions\/3875"}],"up":[{"embeddable":true,"href":"https:\/\/rula.disabilityrightsca.org\/es\/wp-json\/wp\/v2\/pages\/1447"}],"wp:attachment":[{"href":"https:\/\/rula.disabilityrightsca.org\/es\/wp-json\/wp\/v2\/media?parent=1563"}],"curies":[{"name":"wp","href":"https:\/\/api.w.org\/{rel}","templated":true}]}}