{"id":1561,"date":"2021-07-01T21:50:17","date_gmt":"2021-07-01T21:50:17","guid":{"rendered":"http:\/\/www.rula.disabilityrightsca.org\/es\/?page_id=1561"},"modified":"2022-04-22T23:01:10","modified_gmt":"2022-04-22T23:01:10","slug":"9-23-cual-es-la-diferencia-entre-los-servicios-de-habilitacion-y-los-servicios-de-rehabilitacion-vocacional","status":"publish","type":"page","link":"https:\/\/rula.disabilityrightsca.org\/es\/rula-book\/capitulo-9-participacion-comunitaria-trabajo-actividades-diurnas-y-de-ocio\/9-23-cual-es-la-diferencia-entre-los-servicios-de-habilitacion-y-los-servicios-de-rehabilitacion-vocacional\/","title":{"rendered":"(9.23) \u00bfCu\u00e1l es la diferencia entre los servicios de habilitaci\u00f3n y los servicios de rehabilitaci\u00f3n vocacional?"},"content":{"rendered":"\n<p>Los Servicios de Habilitaci\u00f3n y los Servicios de Rehabilitaci\u00f3n Vocacional son de diferentes agencias p\u00fablicas y ofrecen diferentes servicios. El DDS administra el Programa de Servicios de Habilitaci\u00f3n a trav\u00e9s de los centros regionales. Los servicios de habilitaci\u00f3n pueden ser a largo plazo. Puede obtenerlos hasta que se jubile. El DOR administra el Programa de Servicios de Rehabilitaci\u00f3n Vocacional. Solo puede obtener servicios de rehabilitaci\u00f3n vocacional por un tiempo limitado.<\/p>\n\n\n\n<p>Despu\u00e9s de que decida que quiere trabajar, el centro regional encontrar\u00e1 un proveedor que lo ayude. Algunos proveedores usan fondos del DOR para ayudarlo a encontrar un trabajo y luego transfieren sus apoyos al DDS. Otros proveedores no trabajan con el DOR. Reciben fondos del DDS para ayudarlo a encontrar y mantener un trabajo. Ambos programas le brindan apoyo para el trabajo y las actividades relacionadas con \u00e9l.<\/p>\n","protected":false},"excerpt":{"rendered":"<p>Los Servicios de Habilitaci\u00f3n y los Servicios de Rehabilitaci\u00f3n Vocacional son de diferentes agencias p\u00fablicas y ofrecen diferentes servicios. El DDS administra el Programa de&hellip;<\/p>\n","protected":false},"author":1,"featured_media":0,"parent":1447,"menu_order":23,"comment_status":"closed","ping_status":"closed","template":"","meta":{"footnotes":""},"class_list":["post-1561","page","type-page","status-publish","hentry"],"_links":{"self":[{"href":"https:\/\/rula.disabilityrightsca.org\/es\/wp-json\/wp\/v2\/pages\/1561","targetHints":{"allow":["GET"]}}],"collection":[{"href":"https:\/\/rula.disabilityrightsca.org\/es\/wp-json\/wp\/v2\/pages"}],"about":[{"href":"https:\/\/rula.disabilityrightsca.org\/es\/wp-json\/wp\/v2\/types\/page"}],"author":[{"embeddable":true,"href":"https:\/\/rula.disabilityrightsca.org\/es\/wp-json\/wp\/v2\/users\/1"}],"replies":[{"embeddable":true,"href":"https:\/\/rula.disabilityrightsca.org\/es\/wp-json\/wp\/v2\/comments?post=1561"}],"version-history":[{"count":2,"href":"https:\/\/rula.disabilityrightsca.org\/es\/wp-json\/wp\/v2\/pages\/1561\/revisions"}],"predecessor-version":[{"id":2978,"href":"https:\/\/rula.disabilityrightsca.org\/es\/wp-json\/wp\/v2\/pages\/1561\/revisions\/2978"}],"up":[{"embeddable":true,"href":"https:\/\/rula.disabilityrightsca.org\/es\/wp-json\/wp\/v2\/pages\/1447"}],"wp:attachment":[{"href":"https:\/\/rula.disabilityrightsca.org\/es\/wp-json\/wp\/v2\/media?parent=1561"}],"curies":[{"name":"wp","href":"https:\/\/api.w.org\/{rel}","templated":true}]}}