{"id":1559,"date":"2021-07-01T21:48:42","date_gmt":"2021-07-01T21:48:42","guid":{"rendered":"http:\/\/www.rula.disabilityrightsca.org\/es\/?page_id=1559"},"modified":"2023-12-05T20:27:31","modified_gmt":"2023-12-05T20:27:31","slug":"9-22-quien-es-elegible-para-los-servicios-de-rehabilitacion-vocacional","status":"publish","type":"page","link":"https:\/\/rula.disabilityrightsca.org\/es\/rula-book\/capitulo-9-participacion-comunitaria-trabajo-actividades-diurnas-y-de-ocio\/9-22-quien-es-elegible-para-los-servicios-de-rehabilitacion-vocacional\/","title":{"rendered":"(9.22) \u00bfQui\u00e9n es elegible para los Servicios de Rehabilitaci\u00f3n Vocacional?"},"content":{"rendered":"\n<p>Usted es elegible para los servicios de rehabilitaci\u00f3n vocacional si:<\/p>\n\n\n\n<ul class=\"wp-block-list\">\n<li>Es una &#8220;persona con una discapacidad&#8221; y<\/li>\n\n\n\n<li>Necesita los servicios para conseguir un trabajo.<span class=\"footnote_referrer\"><a role=\"button\" tabindex=\"0\" onclick=\"footnote_moveToReference_1559_1('footnote_plugin_reference_1559_1_1');\" onkeypress=\"footnote_moveToReference_1559_1('footnote_plugin_reference_1559_1_1');\" ><sup id=\"footnote_plugin_tooltip_1559_1_1\" class=\"footnote_plugin_tooltip_text\">[1]<\/sup><\/a><span id=\"footnote_plugin_tooltip_text_1559_1_1\" class=\"footnote_tooltip\">T\u00edtulo 9, C\u00f3digo de Reglamentos de California, secci\u00f3n 7062<\/span><\/span><script type=\"text\/javascript\"> jQuery('#footnote_plugin_tooltip_1559_1_1').tooltip({ tip: '#footnote_plugin_tooltip_text_1559_1_1', tipClass: 'footnote_tooltip', effect: 'fade', predelay: 0, fadeInSpeed: 200, delay: 400, fadeOutSpeed: 200, position: 'top center', relative: true, offset: [-7, 0], });<\/script><\/li>\n<\/ul>\n\n\n\n<p>&#8220;Persona con una discapacidad&#8221; significa que tiene un impedimento f\u00edsico o mental que le dificulta mucho m\u00e1s conseguir un trabajo, y los servicios de rehabilitaci\u00f3n vocacional lo ayudar\u00edan a conseguir uno.<span class=\"footnote_referrer\"><a role=\"button\" tabindex=\"0\" onclick=\"footnote_moveToReference_1559_1('footnote_plugin_reference_1559_1_2');\" onkeypress=\"footnote_moveToReference_1559_1('footnote_plugin_reference_1559_1_2');\" ><sup id=\"footnote_plugin_tooltip_1559_1_2\" class=\"footnote_plugin_tooltip_text\">[2]<\/sup><\/a><span id=\"footnote_plugin_tooltip_text_1559_1_2\" class=\"footnote_tooltip\">T\u00edtulo 29, C\u00f3digo de EE.UU., secciones 19151 y 705(20); T\u00edtulo 9, C\u00f3digo de Reglamentos de California, secci\u00f3n 7017<\/span><\/span><script type=\"text\/javascript\"> jQuery('#footnote_plugin_tooltip_1559_1_2').tooltip({ tip: '#footnote_plugin_tooltip_text_1559_1_2', tipClass: 'footnote_tooltip', effect: 'fade', predelay: 0, fadeInSpeed: 200, delay: 400, fadeOutSpeed: 200, position: 'top center', relative: true, offset: [-7, 0], });<\/script> Si recibe SSI o SSDI, tiene derecho autom\u00e1ticamente a los servicios<span class=\"footnote_referrer\"><a role=\"button\" tabindex=\"0\" onclick=\"footnote_moveToReference_1559_1('footnote_plugin_reference_1559_1_3');\" onkeypress=\"footnote_moveToReference_1559_1('footnote_plugin_reference_1559_1_3');\" ><sup id=\"footnote_plugin_tooltip_1559_1_3\" class=\"footnote_plugin_tooltip_text\">[3]<\/sup><\/a><span id=\"footnote_plugin_tooltip_text_1559_1_3\" class=\"footnote_tooltip\">T\u00edtulo 29 del C\u00f3digo de los EE.UU., secci\u00f3n 722<\/span><\/span><script type=\"text\/javascript\"> jQuery('#footnote_plugin_tooltip_1559_1_3').tooltip({ tip: '#footnote_plugin_tooltip_text_1559_1_3', tipClass: 'footnote_tooltip', effect: 'fade', predelay: 0, fadeInSpeed: 200, delay: 400, fadeOutSpeed: 200, position: 'top center', relative: true, offset: [-7, 0], });<\/script><\/p>\n<div class=\"speaker-mute footnotes_reference_container\"> <div class=\"footnote_container_prepare\"><p><span role=\"button\" tabindex=\"0\" class=\"footnote_reference_container_label pointer\" onclick=\"footnote_expand_collapse_reference_container_1559_1();\">&#x202F;<\/span><span role=\"button\" tabindex=\"0\" class=\"footnote_reference_container_collapse_button\" style=\"display: none;\" onclick=\"footnote_expand_collapse_reference_container_1559_1();\">[<a id=\"footnote_reference_container_collapse_button_1559_1\">+<\/a>]<\/span><\/p><\/div> <div id=\"footnote_references_container_1559_1\" style=\"\"><table class=\"footnotes_table footnote-reference-container\"><caption class=\"accessibility\">References<\/caption> <tbody> \r\n\r\n<tr class=\"footnotes_plugin_reference_row\"> <th scope=\"row\" class=\"footnote_plugin_index_combi pointer\"  onclick=\"footnote_moveToAnchor_1559_1('footnote_plugin_tooltip_1559_1_1');\"><a id=\"footnote_plugin_reference_1559_1_1\" class=\"footnote_backlink\"><span class=\"footnote_index_arrow\">&#8593;<\/span>1<\/a><\/th> <td class=\"footnote_plugin_text\">T\u00edtulo 9, C\u00f3digo de Reglamentos de California, secci\u00f3n 7062<\/td><\/tr>\r\n\r\n<tr class=\"footnotes_plugin_reference_row\"> <th scope=\"row\" class=\"footnote_plugin_index_combi pointer\"  onclick=\"footnote_moveToAnchor_1559_1('footnote_plugin_tooltip_1559_1_2');\"><a id=\"footnote_plugin_reference_1559_1_2\" class=\"footnote_backlink\"><span class=\"footnote_index_arrow\">&#8593;<\/span>2<\/a><\/th> <td class=\"footnote_plugin_text\">T\u00edtulo 29, C\u00f3digo de EE.UU., secciones 19151 y 705(20); T\u00edtulo 9, C\u00f3digo de Reglamentos de California, secci\u00f3n 7017<\/td><\/tr>\r\n\r\n<tr class=\"footnotes_plugin_reference_row\"> <th scope=\"row\" class=\"footnote_plugin_index_combi pointer\"  onclick=\"footnote_moveToAnchor_1559_1('footnote_plugin_tooltip_1559_1_3');\"><a id=\"footnote_plugin_reference_1559_1_3\" class=\"footnote_backlink\"><span class=\"footnote_index_arrow\">&#8593;<\/span>3<\/a><\/th> <td class=\"footnote_plugin_text\">T\u00edtulo 29 del C\u00f3digo de los EE.UU., secci\u00f3n 722<\/td><\/tr>\r\n\r\n <\/tbody> <\/table> <\/div><\/div><script type=\"text\/javascript\"> function footnote_expand_reference_container_1559_1() { jQuery('#footnote_references_container_1559_1').show(); jQuery('#footnote_reference_container_collapse_button_1559_1').text('\u2212'); } function footnote_collapse_reference_container_1559_1() { jQuery('#footnote_references_container_1559_1').hide(); jQuery('#footnote_reference_container_collapse_button_1559_1').text('+'); } function footnote_expand_collapse_reference_container_1559_1() { if (jQuery('#footnote_references_container_1559_1').is(':hidden')) { footnote_expand_reference_container_1559_1(); } else { footnote_collapse_reference_container_1559_1(); } } function footnote_moveToReference_1559_1(p_str_TargetID) { footnote_expand_reference_container_1559_1(); var l_obj_Target = jQuery('#' + p_str_TargetID); if (l_obj_Target.length) { jQuery( 'html, body' ).delay( 0 ); jQuery('html, body').animate({ scrollTop: l_obj_Target.offset().top - window.innerHeight * 0.2 }, 380); } } function footnote_moveToAnchor_1559_1(p_str_TargetID) { footnote_expand_reference_container_1559_1(); var l_obj_Target = jQuery('#' + p_str_TargetID); if (l_obj_Target.length) { jQuery( 'html, body' ).delay( 0 ); jQuery('html, body').animate({ scrollTop: l_obj_Target.offset().top - window.innerHeight * 0.2 }, 380); } }<\/script>","protected":false},"excerpt":{"rendered":"<p>Usted es elegible para los servicios de rehabilitaci\u00f3n vocacional si: &#8220;Persona con una discapacidad&#8221; significa que tiene un impedimento f\u00edsico o mental que le dificulta&hellip;<\/p>\n","protected":false},"author":1,"featured_media":0,"parent":1447,"menu_order":22,"comment_status":"closed","ping_status":"closed","template":"","meta":{"footnotes":""},"class_list":["post-1559","page","type-page","status-publish","hentry"],"_links":{"self":[{"href":"https:\/\/rula.disabilityrightsca.org\/es\/wp-json\/wp\/v2\/pages\/1559","targetHints":{"allow":["GET"]}}],"collection":[{"href":"https:\/\/rula.disabilityrightsca.org\/es\/wp-json\/wp\/v2\/pages"}],"about":[{"href":"https:\/\/rula.disabilityrightsca.org\/es\/wp-json\/wp\/v2\/types\/page"}],"author":[{"embeddable":true,"href":"https:\/\/rula.disabilityrightsca.org\/es\/wp-json\/wp\/v2\/users\/1"}],"replies":[{"embeddable":true,"href":"https:\/\/rula.disabilityrightsca.org\/es\/wp-json\/wp\/v2\/comments?post=1559"}],"version-history":[{"count":4,"href":"https:\/\/rula.disabilityrightsca.org\/es\/wp-json\/wp\/v2\/pages\/1559\/revisions"}],"predecessor-version":[{"id":3874,"href":"https:\/\/rula.disabilityrightsca.org\/es\/wp-json\/wp\/v2\/pages\/1559\/revisions\/3874"}],"up":[{"embeddable":true,"href":"https:\/\/rula.disabilityrightsca.org\/es\/wp-json\/wp\/v2\/pages\/1447"}],"wp:attachment":[{"href":"https:\/\/rula.disabilityrightsca.org\/es\/wp-json\/wp\/v2\/media?parent=1559"}],"curies":[{"name":"wp","href":"https:\/\/api.w.org\/{rel}","templated":true}]}}