{"id":1557,"date":"2021-07-01T21:47:01","date_gmt":"2021-07-01T21:47:01","guid":{"rendered":"http:\/\/www.rula.disabilityrightsca.org\/es\/?page_id=1557"},"modified":"2023-12-05T20:26:52","modified_gmt":"2023-12-05T20:26:52","slug":"9-21-que-son-los-servicios-de-rehabilitacion-vocacional","status":"publish","type":"page","link":"https:\/\/rula.disabilityrightsca.org\/es\/rula-book\/capitulo-9-participacion-comunitaria-trabajo-actividades-diurnas-y-de-ocio\/9-21-que-son-los-servicios-de-rehabilitacion-vocacional\/","title":{"rendered":"(9.21) \u00bfQu\u00e9 son los Servicios de Rehabilitaci\u00f3n Vocacional?"},"content":{"rendered":"\n<p>El Departamento de Rehabilitaci\u00f3n (DOR) brinda servicios de rehabilitaci\u00f3n vocacional a personas que desean trabajar en Empleo con Apoyo o Empleo Competitivo. Los servicios de rehabilitaci\u00f3n vocacional incluyen:<\/p>\n\n\n\n<ul class=\"wp-block-list\">\n<li>Asesoramiento, orientaci\u00f3n y derivaci\u00f3n<\/li>\n\n\n\n<li>Materiales de entrenamiento<\/li>\n\n\n\n<li>Colocaci\u00f3n en un ambiente apropiado<\/li>\n\n\n\n<li>Servicios de restauraci\u00f3n f\u00edsica y mental<\/li>\n\n\n\n<li>Transporte<\/li>\n\n\n\n<li>Mantenimiento<\/li>\n\n\n\n<li>Servicios personales como tomadores de notas, lectores, int\u00e9rpretes, asistentes y conductores<\/li>\n\n\n\n<li>Tecnolog\u00eda de asistencia, como dispositivos de comunicaci\u00f3n, sensoriales y de otro tipo.<\/li>\n\n\n\n<li>Coaching laboral<\/li>\n\n\n\n<li>Servicios para los miembros de su familia<\/li>\n\n\n\n<li>Servicios posteriores al empleo.<span class=\"footnote_referrer\"><a role=\"button\" tabindex=\"0\" onclick=\"footnote_moveToReference_1557_1('footnote_plugin_reference_1557_1_1');\" onkeypress=\"footnote_moveToReference_1557_1('footnote_plugin_reference_1557_1_1');\" ><sup id=\"footnote_plugin_tooltip_1557_1_1\" class=\"footnote_plugin_tooltip_text\">[1]<\/sup><\/a><span id=\"footnote_plugin_tooltip_text_1557_1_1\" class=\"footnote_tooltip\">T\u00edtulo 9, C\u00f3digo de Reglamentos de California, secci\u00f3n 7149<\/span><\/span><script type=\"text\/javascript\"> jQuery('#footnote_plugin_tooltip_1557_1_1').tooltip({ tip: '#footnote_plugin_tooltip_text_1557_1_1', tipClass: 'footnote_tooltip', effect: 'fade', predelay: 0, fadeInSpeed: 200, delay: 400, fadeOutSpeed: 200, position: 'top center', relative: true, offset: [-7, 0], });<\/script><\/li>\n<\/ul>\n\n\n\n<p>Cuando usted comienza a trabajar, el DOR paga el 100% de estos servicios. Cuando su trabajo es estable, la financiaci\u00f3n disminuye lentamente<span class=\"footnote_referrer\"><a role=\"button\" tabindex=\"0\" onclick=\"footnote_moveToReference_1557_1('footnote_plugin_reference_1557_1_2');\" onkeypress=\"footnote_moveToReference_1557_1('footnote_plugin_reference_1557_1_2');\" ><sup id=\"footnote_plugin_tooltip_1557_1_2\" class=\"footnote_plugin_tooltip_text\">[2]<\/sup><\/a><span id=\"footnote_plugin_tooltip_text_1557_1_2\" class=\"footnote_tooltip\">T\u00edtulo 9, C\u00f3digo de Reglamentos de California, secci\u00f3n 7021.5(b)<\/span><\/span><script type=\"text\/javascript\"> jQuery('#footnote_plugin_tooltip_1557_1_2').tooltip({ tip: '#footnote_plugin_tooltip_text_1557_1_2', tipClass: 'footnote_tooltip', effect: 'fade', predelay: 0, fadeInSpeed: 200, delay: 400, fadeOutSpeed: 200, position: 'top center', relative: true, offset: [-7, 0], });<\/script> Para obtener m\u00e1s informaci\u00f3n sobre los servicios del DOR, comun\u00edquese con Disability Rights California o visite <a href=\"https:\/\/dor.ca.gov\/home\/programs\">el sitio web del DOR<\/a>.<\/p>\n<div class=\"speaker-mute footnotes_reference_container\"> <div class=\"footnote_container_prepare\"><p><span role=\"button\" tabindex=\"0\" class=\"footnote_reference_container_label pointer\" onclick=\"footnote_expand_collapse_reference_container_1557_1();\">&#x202F;<\/span><span role=\"button\" tabindex=\"0\" class=\"footnote_reference_container_collapse_button\" style=\"display: none;\" onclick=\"footnote_expand_collapse_reference_container_1557_1();\">[<a id=\"footnote_reference_container_collapse_button_1557_1\">+<\/a>]<\/span><\/p><\/div> <div id=\"footnote_references_container_1557_1\" style=\"\"><table class=\"footnotes_table footnote-reference-container\"><caption class=\"accessibility\">References<\/caption> <tbody> \r\n\r\n<tr class=\"footnotes_plugin_reference_row\"> <th scope=\"row\" class=\"footnote_plugin_index_combi pointer\"  onclick=\"footnote_moveToAnchor_1557_1('footnote_plugin_tooltip_1557_1_1');\"><a id=\"footnote_plugin_reference_1557_1_1\" class=\"footnote_backlink\"><span class=\"footnote_index_arrow\">&#8593;<\/span>1<\/a><\/th> <td class=\"footnote_plugin_text\">T\u00edtulo 9, C\u00f3digo de Reglamentos de California, secci\u00f3n 7149<\/td><\/tr>\r\n\r\n<tr class=\"footnotes_plugin_reference_row\"> <th scope=\"row\" class=\"footnote_plugin_index_combi pointer\"  onclick=\"footnote_moveToAnchor_1557_1('footnote_plugin_tooltip_1557_1_2');\"><a id=\"footnote_plugin_reference_1557_1_2\" class=\"footnote_backlink\"><span class=\"footnote_index_arrow\">&#8593;<\/span>2<\/a><\/th> <td class=\"footnote_plugin_text\">T\u00edtulo 9, C\u00f3digo de Reglamentos de California, secci\u00f3n 7021.5(b)<\/td><\/tr>\r\n\r\n <\/tbody> <\/table> <\/div><\/div><script type=\"text\/javascript\"> function footnote_expand_reference_container_1557_1() { jQuery('#footnote_references_container_1557_1').show(); jQuery('#footnote_reference_container_collapse_button_1557_1').text('\u2212'); } function footnote_collapse_reference_container_1557_1() { jQuery('#footnote_references_container_1557_1').hide(); jQuery('#footnote_reference_container_collapse_button_1557_1').text('+'); } function footnote_expand_collapse_reference_container_1557_1() { if (jQuery('#footnote_references_container_1557_1').is(':hidden')) { footnote_expand_reference_container_1557_1(); } else { footnote_collapse_reference_container_1557_1(); } } function footnote_moveToReference_1557_1(p_str_TargetID) { footnote_expand_reference_container_1557_1(); var l_obj_Target = jQuery('#' + p_str_TargetID); if (l_obj_Target.length) { jQuery( 'html, body' ).delay( 0 ); jQuery('html, body').animate({ scrollTop: l_obj_Target.offset().top - window.innerHeight * 0.2 }, 380); } } function footnote_moveToAnchor_1557_1(p_str_TargetID) { footnote_expand_reference_container_1557_1(); var l_obj_Target = jQuery('#' + p_str_TargetID); if (l_obj_Target.length) { jQuery( 'html, body' ).delay( 0 ); jQuery('html, body').animate({ scrollTop: l_obj_Target.offset().top - window.innerHeight * 0.2 }, 380); } }<\/script>","protected":false},"excerpt":{"rendered":"<p>El Departamento de Rehabilitaci\u00f3n (DOR) brinda servicios de rehabilitaci\u00f3n vocacional a personas que desean trabajar en Empleo con Apoyo o Empleo Competitivo. Los servicios de&hellip;<\/p>\n","protected":false},"author":1,"featured_media":0,"parent":1447,"menu_order":21,"comment_status":"closed","ping_status":"closed","template":"","meta":{"footnotes":""},"class_list":["post-1557","page","type-page","status-publish","hentry"],"_links":{"self":[{"href":"https:\/\/rula.disabilityrightsca.org\/es\/wp-json\/wp\/v2\/pages\/1557","targetHints":{"allow":["GET"]}}],"collection":[{"href":"https:\/\/rula.disabilityrightsca.org\/es\/wp-json\/wp\/v2\/pages"}],"about":[{"href":"https:\/\/rula.disabilityrightsca.org\/es\/wp-json\/wp\/v2\/types\/page"}],"author":[{"embeddable":true,"href":"https:\/\/rula.disabilityrightsca.org\/es\/wp-json\/wp\/v2\/users\/1"}],"replies":[{"embeddable":true,"href":"https:\/\/rula.disabilityrightsca.org\/es\/wp-json\/wp\/v2\/comments?post=1557"}],"version-history":[{"count":3,"href":"https:\/\/rula.disabilityrightsca.org\/es\/wp-json\/wp\/v2\/pages\/1557\/revisions"}],"predecessor-version":[{"id":3872,"href":"https:\/\/rula.disabilityrightsca.org\/es\/wp-json\/wp\/v2\/pages\/1557\/revisions\/3872"}],"up":[{"embeddable":true,"href":"https:\/\/rula.disabilityrightsca.org\/es\/wp-json\/wp\/v2\/pages\/1447"}],"wp:attachment":[{"href":"https:\/\/rula.disabilityrightsca.org\/es\/wp-json\/wp\/v2\/media?parent=1557"}],"curies":[{"name":"wp","href":"https:\/\/api.w.org\/{rel}","templated":true}]}}