{"id":1553,"date":"2021-07-01T21:39:06","date_gmt":"2021-07-01T21:39:06","guid":{"rendered":"http:\/\/www.rula.disabilityrightsca.org\/es\/?page_id=1553"},"modified":"2023-12-05T20:24:33","modified_gmt":"2023-12-05T20:24:33","slug":"9-19-quien-es-elegible-para-un-programa-de-servicios-de-habilitacion","status":"publish","type":"page","link":"https:\/\/rula.disabilityrightsca.org\/es\/rula-book\/capitulo-9-participacion-comunitaria-trabajo-actividades-diurnas-y-de-ocio\/9-19-quien-es-elegible-para-un-programa-de-servicios-de-habilitacion\/","title":{"rendered":"(9.19) \u00bfQui\u00e9n es elegible para un programa de servicios de habilitaci\u00f3n?"},"content":{"rendered":"\n<p>Usted es elegible para un Programa de Servicios de Habilitaci\u00f3n si tiene al menos 18 a\u00f1os de edad, tiene una discapacidad del desarrollo y ha elegido estos servicios a trav\u00e9s del proceso de IPP.<span class=\"footnote_referrer\"><a role=\"button\" tabindex=\"0\" onclick=\"footnote_moveToReference_1553_1('footnote_plugin_reference_1553_1_1');\" onkeypress=\"footnote_moveToReference_1553_1('footnote_plugin_reference_1553_1_1');\" ><sup id=\"footnote_plugin_tooltip_1553_1_1\" class=\"footnote_plugin_tooltip_text\">[1]<\/sup><\/a><span id=\"footnote_plugin_tooltip_text_1553_1_1\" class=\"footnote_tooltip\">Secci\u00f3n 4852<\/span><\/span><script type=\"text\/javascript\"> jQuery('#footnote_plugin_tooltip_1553_1_1').tooltip({ tip: '#footnote_plugin_tooltip_text_1553_1_1', tipClass: 'footnote_tooltip', effect: 'fade', predelay: 0, fadeInSpeed: 200, delay: 400, fadeOutSpeed: 200, position: 'top center', relative: true, offset: [-7, 0], });<\/script> Si es elegible, el centro regional lo derivar\u00e1 a un proveedor de servicios de habilitaci\u00f3n. Cuando usted comienza un programa de actividades laborales, recibe servicios por hasta 90 d\u00edas. Durante este tiempo, el programa analiza sus habilidades laborales y redacta un informe (llamado &#8220;informe de evaluaci\u00f3n de habilidades laborales&#8221;) para el centro regional. Su equipo de IPP revisa el informe y decide si la ubicaci\u00f3n es apropiada.<span class=\"footnote_referrer\"><a role=\"button\" tabindex=\"0\" onclick=\"footnote_moveToReference_1553_1('footnote_plugin_reference_1553_1_2');\" onkeypress=\"footnote_moveToReference_1553_1('footnote_plugin_reference_1553_1_2');\" ><sup id=\"footnote_plugin_tooltip_1553_1_2\" class=\"footnote_plugin_tooltip_text\">[2]<\/sup><\/a><span id=\"footnote_plugin_tooltip_text_1553_1_2\" class=\"footnote_tooltip\">Secci\u00f3n 4853(c)<\/span><\/span><script type=\"text\/javascript\"> jQuery('#footnote_plugin_tooltip_1553_1_2').tooltip({ tip: '#footnote_plugin_tooltip_text_1553_1_2', tipClass: 'footnote_tooltip', effect: 'fade', predelay: 0, fadeInSpeed: 200, delay: 400, fadeOutSpeed: 200, position: 'top center', relative: true, offset: [-7, 0], });<\/script> El informe analizar\u00e1:<\/p>\n\n\n\n<ul class=\"wp-block-list\">\n<li>Si puede comportarse adecuadamente en el entorno laboral.<\/li>\n\n\n\n<li>Si puede prestar atenci\u00f3n el tiempo suficiente para hacer un trabajo remunerado.<\/li>\n\n\n\n<li>Si puede comprender instrucciones sencillas en un per\u00edodo de tiempo razonable.<\/li>\n\n\n\n<li>Si puede comunicar sus necesidades b\u00e1sicas y comprender lo que dicen los dem\u00e1s.<\/li>\n\n\n\n<li>Su asistencia.<span class=\"footnote_referrer\"><a role=\"button\" tabindex=\"0\" onclick=\"footnote_moveToReference_1553_1('footnote_plugin_reference_1553_1_3');\" onkeypress=\"footnote_moveToReference_1553_1('footnote_plugin_reference_1553_1_3');\" ><sup id=\"footnote_plugin_tooltip_1553_1_3\" class=\"footnote_plugin_tooltip_text\">[3]<\/sup><\/a><span id=\"footnote_plugin_tooltip_text_1553_1_3\" class=\"footnote_tooltip\">Secci\u00f3n 4853(b)(1-5)<\/span><\/span><script type=\"text\/javascript\"> jQuery('#footnote_plugin_tooltip_1553_1_3').tooltip({ tip: '#footnote_plugin_tooltip_text_1553_1_3', tipClass: 'footnote_tooltip', effect: 'fade', predelay: 0, fadeInSpeed: 200, delay: 400, fadeOutSpeed: 200, position: 'top center', relative: true, offset: [-7, 0], });<\/script><\/li>\n<\/ul>\n\n\n\n<p>Su estado en el programa se revisa al menos una vez al a\u00f1o. La revisi\u00f3n dice si usted necesita servicios de rehabilitaci\u00f3n vocacional, incluido el empleo con apoyo.<span class=\"footnote_referrer\"><a role=\"button\" tabindex=\"0\" onclick=\"footnote_moveToReference_1553_1('footnote_plugin_reference_1553_1_4');\" onkeypress=\"footnote_moveToReference_1553_1('footnote_plugin_reference_1553_1_4');\" ><sup id=\"footnote_plugin_tooltip_1553_1_4\" class=\"footnote_plugin_tooltip_text\">[4]<\/sup><\/a><span id=\"footnote_plugin_tooltip_text_1553_1_4\" class=\"footnote_tooltip\">Secci\u00f3n 4858<\/span><\/span><script type=\"text\/javascript\"> jQuery('#footnote_plugin_tooltip_1553_1_4').tooltip({ tip: '#footnote_plugin_tooltip_text_1553_1_4', tipClass: 'footnote_tooltip', effect: 'fade', predelay: 0, fadeInSpeed: 200, delay: 400, fadeOutSpeed: 200, position: 'top center', relative: true, offset: [-7, 0], });<\/script> Sin embargo, puede solicitar cambiar su experiencia laboral o ubicaci\u00f3n en cualquier momento. Si un programa o ubicaci\u00f3n no le funciona, solicite una reuni\u00f3n de IPP para hablar sobre los cambios. Los centros regionales deben monitorear, evaluar y auditar a los proveedores de servicios de habilitaci\u00f3n. Deben asegurarse de que el programa sea efectivo al observar la calidad de los servicios, las protecciones que le ofrece y si cumple con los est\u00e1ndares requeridos.<span class=\"footnote_referrer\"><a role=\"button\" tabindex=\"0\" onclick=\"footnote_moveToReference_1553_1('footnote_plugin_reference_1553_1_5');\" onkeypress=\"footnote_moveToReference_1553_1('footnote_plugin_reference_1553_1_5');\" ><sup id=\"footnote_plugin_tooltip_1553_1_5\" class=\"footnote_plugin_tooltip_text\">[5]<\/sup><\/a><span id=\"footnote_plugin_tooltip_text_1553_1_5\" class=\"footnote_tooltip\">Secci\u00f3n 4856<\/span><\/span><script type=\"text\/javascript\"> jQuery('#footnote_plugin_tooltip_1553_1_5').tooltip({ tip: '#footnote_plugin_tooltip_text_1553_1_5', tipClass: 'footnote_tooltip', effect: 'fade', predelay: 0, fadeInSpeed: 200, delay: 400, fadeOutSpeed: 200, position: 'top center', relative: true, offset: [-7, 0], });<\/script><\/p>\n<div class=\"speaker-mute footnotes_reference_container\"> <div class=\"footnote_container_prepare\"><p><span role=\"button\" tabindex=\"0\" class=\"footnote_reference_container_label pointer\" onclick=\"footnote_expand_collapse_reference_container_1553_1();\">&#x202F;<\/span><span role=\"button\" tabindex=\"0\" class=\"footnote_reference_container_collapse_button\" style=\"display: none;\" onclick=\"footnote_expand_collapse_reference_container_1553_1();\">[<a id=\"footnote_reference_container_collapse_button_1553_1\">+<\/a>]<\/span><\/p><\/div> <div id=\"footnote_references_container_1553_1\" style=\"\"><table class=\"footnotes_table footnote-reference-container\"><caption class=\"accessibility\">References<\/caption> <tbody> \r\n\r\n<tr class=\"footnotes_plugin_reference_row\"> <th scope=\"row\" class=\"footnote_plugin_index_combi pointer\"  onclick=\"footnote_moveToAnchor_1553_1('footnote_plugin_tooltip_1553_1_1');\"><a id=\"footnote_plugin_reference_1553_1_1\" class=\"footnote_backlink\"><span class=\"footnote_index_arrow\">&#8593;<\/span>1<\/a><\/th> <td class=\"footnote_plugin_text\">Secci\u00f3n 4852<\/td><\/tr>\r\n\r\n<tr class=\"footnotes_plugin_reference_row\"> <th scope=\"row\" class=\"footnote_plugin_index_combi pointer\"  onclick=\"footnote_moveToAnchor_1553_1('footnote_plugin_tooltip_1553_1_2');\"><a id=\"footnote_plugin_reference_1553_1_2\" class=\"footnote_backlink\"><span class=\"footnote_index_arrow\">&#8593;<\/span>2<\/a><\/th> <td class=\"footnote_plugin_text\">Secci\u00f3n 4853(c)<\/td><\/tr>\r\n\r\n<tr class=\"footnotes_plugin_reference_row\"> <th scope=\"row\" class=\"footnote_plugin_index_combi pointer\"  onclick=\"footnote_moveToAnchor_1553_1('footnote_plugin_tooltip_1553_1_3');\"><a id=\"footnote_plugin_reference_1553_1_3\" class=\"footnote_backlink\"><span class=\"footnote_index_arrow\">&#8593;<\/span>3<\/a><\/th> <td class=\"footnote_plugin_text\">Secci\u00f3n 4853(b)(1-5)<\/td><\/tr>\r\n\r\n<tr class=\"footnotes_plugin_reference_row\"> <th scope=\"row\" class=\"footnote_plugin_index_combi pointer\"  onclick=\"footnote_moveToAnchor_1553_1('footnote_plugin_tooltip_1553_1_4');\"><a id=\"footnote_plugin_reference_1553_1_4\" class=\"footnote_backlink\"><span class=\"footnote_index_arrow\">&#8593;<\/span>4<\/a><\/th> <td class=\"footnote_plugin_text\">Secci\u00f3n 4858<\/td><\/tr>\r\n\r\n<tr class=\"footnotes_plugin_reference_row\"> <th scope=\"row\" class=\"footnote_plugin_index_combi pointer\"  onclick=\"footnote_moveToAnchor_1553_1('footnote_plugin_tooltip_1553_1_5');\"><a id=\"footnote_plugin_reference_1553_1_5\" class=\"footnote_backlink\"><span class=\"footnote_index_arrow\">&#8593;<\/span>5<\/a><\/th> <td class=\"footnote_plugin_text\">Secci\u00f3n 4856<\/td><\/tr>\r\n\r\n <\/tbody> <\/table> <\/div><\/div><script type=\"text\/javascript\"> function footnote_expand_reference_container_1553_1() { jQuery('#footnote_references_container_1553_1').show(); jQuery('#footnote_reference_container_collapse_button_1553_1').text('\u2212'); } function footnote_collapse_reference_container_1553_1() { jQuery('#footnote_references_container_1553_1').hide(); jQuery('#footnote_reference_container_collapse_button_1553_1').text('+'); } function footnote_expand_collapse_reference_container_1553_1() { if (jQuery('#footnote_references_container_1553_1').is(':hidden')) { footnote_expand_reference_container_1553_1(); } else { footnote_collapse_reference_container_1553_1(); } } function footnote_moveToReference_1553_1(p_str_TargetID) { footnote_expand_reference_container_1553_1(); var l_obj_Target = jQuery('#' + p_str_TargetID); if (l_obj_Target.length) { jQuery( 'html, body' ).delay( 0 ); jQuery('html, body').animate({ scrollTop: l_obj_Target.offset().top - window.innerHeight * 0.2 }, 380); } } function footnote_moveToAnchor_1553_1(p_str_TargetID) { footnote_expand_reference_container_1553_1(); var l_obj_Target = jQuery('#' + p_str_TargetID); if (l_obj_Target.length) { jQuery( 'html, body' ).delay( 0 ); jQuery('html, body').animate({ scrollTop: l_obj_Target.offset().top - window.innerHeight * 0.2 }, 380); } }<\/script>","protected":false},"excerpt":{"rendered":"<p>Usted es elegible para un Programa de Servicios de Habilitaci\u00f3n si tiene al menos 18 a\u00f1os de edad, tiene una discapacidad del desarrollo y ha&hellip;<\/p>\n","protected":false},"author":1,"featured_media":0,"parent":1447,"menu_order":19,"comment_status":"closed","ping_status":"closed","template":"","meta":{"footnotes":""},"class_list":["post-1553","page","type-page","status-publish","hentry"],"_links":{"self":[{"href":"https:\/\/rula.disabilityrightsca.org\/es\/wp-json\/wp\/v2\/pages\/1553","targetHints":{"allow":["GET"]}}],"collection":[{"href":"https:\/\/rula.disabilityrightsca.org\/es\/wp-json\/wp\/v2\/pages"}],"about":[{"href":"https:\/\/rula.disabilityrightsca.org\/es\/wp-json\/wp\/v2\/types\/page"}],"author":[{"embeddable":true,"href":"https:\/\/rula.disabilityrightsca.org\/es\/wp-json\/wp\/v2\/users\/1"}],"replies":[{"embeddable":true,"href":"https:\/\/rula.disabilityrightsca.org\/es\/wp-json\/wp\/v2\/comments?post=1553"}],"version-history":[{"count":3,"href":"https:\/\/rula.disabilityrightsca.org\/es\/wp-json\/wp\/v2\/pages\/1553\/revisions"}],"predecessor-version":[{"id":3870,"href":"https:\/\/rula.disabilityrightsca.org\/es\/wp-json\/wp\/v2\/pages\/1553\/revisions\/3870"}],"up":[{"embeddable":true,"href":"https:\/\/rula.disabilityrightsca.org\/es\/wp-json\/wp\/v2\/pages\/1447"}],"wp:attachment":[{"href":"https:\/\/rula.disabilityrightsca.org\/es\/wp-json\/wp\/v2\/media?parent=1553"}],"curies":[{"name":"wp","href":"https:\/\/api.w.org\/{rel}","templated":true}]}}