{"id":1551,"date":"2021-07-01T21:36:51","date_gmt":"2021-07-01T21:36:51","guid":{"rendered":"http:\/\/www.rula.disabilityrightsca.org\/es\/?page_id=1551"},"modified":"2023-12-05T19:27:40","modified_gmt":"2023-12-05T19:27:40","slug":"9-18-que-son-los-servicios-genericos","status":"publish","type":"page","link":"https:\/\/rula.disabilityrightsca.org\/es\/rula-book\/capitulo-9-participacion-comunitaria-trabajo-actividades-diurnas-y-de-ocio\/9-18-que-son-los-servicios-genericos\/","title":{"rendered":"(9.18) \u00bfQu\u00e9 son los Servicios Gen\u00e9ricos?"},"content":{"rendered":"\n<p>Los programas de los centros regionales, como los de Empleo con Apoyo o de Actividades Laborales, se denominan &#8220;servicios de habilitaci\u00f3n&#8221; en la ley. Muchos de los programas explicados anteriormente son servicios de habilitaci\u00f3n. Lo preparan para trabajar al m\u00e1s alto nivel posible, o lo preparan para los servicios de rehabilitaci\u00f3n vocacional.<span class=\"footnote_referrer\"><a role=\"button\" tabindex=\"0\" onclick=\"footnote_moveToReference_1551_1('footnote_plugin_reference_1551_1_1');\" onkeypress=\"footnote_moveToReference_1551_1('footnote_plugin_reference_1551_1_1');\" ><sup id=\"footnote_plugin_tooltip_1551_1_1\" class=\"footnote_plugin_tooltip_text\">[1]<\/sup><\/a><span id=\"footnote_plugin_tooltip_text_1551_1_1\" class=\"footnote_tooltip\">Secci\u00f3n 4851(a)<\/span><\/span><script type=\"text\/javascript\"> jQuery('#footnote_plugin_tooltip_1551_1_1').tooltip({ tip: '#footnote_plugin_tooltip_text_1551_1_1', tipClass: 'footnote_tooltip', effect: 'fade', predelay: 0, fadeInSpeed: 200, delay: 400, fadeOutSpeed: 200, position: 'top center', relative: true, offset: [-7, 0], });<\/script> El DDS administra el Programa de Servicios de Habilitaci\u00f3n.<span class=\"footnote_referrer\"><a role=\"button\" tabindex=\"0\" onclick=\"footnote_moveToReference_1551_1('footnote_plugin_reference_1551_1_2');\" onkeypress=\"footnote_moveToReference_1551_1('footnote_plugin_reference_1551_1_2');\" ><sup id=\"footnote_plugin_tooltip_1551_1_2\" class=\"footnote_plugin_tooltip_text\">[2]<\/sup><\/a><span id=\"footnote_plugin_tooltip_text_1551_1_2\" class=\"footnote_tooltip\">Secci\u00f3n 4850.1<\/span><\/span><script type=\"text\/javascript\"> jQuery('#footnote_plugin_tooltip_1551_1_2').tooltip({ tip: '#footnote_plugin_tooltip_text_1551_1_2', tipClass: 'footnote_tooltip', effect: 'fade', predelay: 0, fadeInSpeed: 200, delay: 400, fadeOutSpeed: 200, position: 'top center', relative: true, offset: [-7, 0], });<\/script><\/p>\n<div class=\"speaker-mute footnotes_reference_container\"> <div class=\"footnote_container_prepare\"><p><span role=\"button\" tabindex=\"0\" class=\"footnote_reference_container_label pointer\" onclick=\"footnote_expand_collapse_reference_container_1551_1();\">&#x202F;<\/span><span role=\"button\" tabindex=\"0\" class=\"footnote_reference_container_collapse_button\" style=\"display: none;\" onclick=\"footnote_expand_collapse_reference_container_1551_1();\">[<a id=\"footnote_reference_container_collapse_button_1551_1\">+<\/a>]<\/span><\/p><\/div> <div id=\"footnote_references_container_1551_1\" style=\"\"><table class=\"footnotes_table footnote-reference-container\"><caption class=\"accessibility\">References<\/caption> <tbody> \r\n\r\n<tr class=\"footnotes_plugin_reference_row\"> <th scope=\"row\" class=\"footnote_plugin_index_combi pointer\"  onclick=\"footnote_moveToAnchor_1551_1('footnote_plugin_tooltip_1551_1_1');\"><a id=\"footnote_plugin_reference_1551_1_1\" class=\"footnote_backlink\"><span class=\"footnote_index_arrow\">&#8593;<\/span>1<\/a><\/th> <td class=\"footnote_plugin_text\">Secci\u00f3n 4851(a)<\/td><\/tr>\r\n\r\n<tr class=\"footnotes_plugin_reference_row\"> <th scope=\"row\" class=\"footnote_plugin_index_combi pointer\"  onclick=\"footnote_moveToAnchor_1551_1('footnote_plugin_tooltip_1551_1_2');\"><a id=\"footnote_plugin_reference_1551_1_2\" class=\"footnote_backlink\"><span class=\"footnote_index_arrow\">&#8593;<\/span>2<\/a><\/th> <td class=\"footnote_plugin_text\">Secci\u00f3n 4850.1<\/td><\/tr>\r\n\r\n <\/tbody> <\/table> <\/div><\/div><script type=\"text\/javascript\"> function footnote_expand_reference_container_1551_1() { jQuery('#footnote_references_container_1551_1').show(); jQuery('#footnote_reference_container_collapse_button_1551_1').text('\u2212'); } function footnote_collapse_reference_container_1551_1() { jQuery('#footnote_references_container_1551_1').hide(); jQuery('#footnote_reference_container_collapse_button_1551_1').text('+'); } function footnote_expand_collapse_reference_container_1551_1() { if (jQuery('#footnote_references_container_1551_1').is(':hidden')) { footnote_expand_reference_container_1551_1(); } else { footnote_collapse_reference_container_1551_1(); } } function footnote_moveToReference_1551_1(p_str_TargetID) { footnote_expand_reference_container_1551_1(); var l_obj_Target = jQuery('#' + p_str_TargetID); if (l_obj_Target.length) { jQuery( 'html, body' ).delay( 0 ); jQuery('html, body').animate({ scrollTop: l_obj_Target.offset().top - window.innerHeight * 0.2 }, 380); } } function footnote_moveToAnchor_1551_1(p_str_TargetID) { footnote_expand_reference_container_1551_1(); var l_obj_Target = jQuery('#' + p_str_TargetID); if (l_obj_Target.length) { jQuery( 'html, body' ).delay( 0 ); jQuery('html, body').animate({ scrollTop: l_obj_Target.offset().top - window.innerHeight * 0.2 }, 380); } }<\/script>","protected":false},"excerpt":{"rendered":"<p>Los programas de los centros regionales, como los de Empleo con Apoyo o de Actividades Laborales, se denominan &#8220;servicios de habilitaci\u00f3n&#8221; en la ley. Muchos&hellip;<\/p>\n","protected":false},"author":1,"featured_media":0,"parent":1447,"menu_order":18,"comment_status":"closed","ping_status":"closed","template":"","meta":{"footnotes":""},"class_list":["post-1551","page","type-page","status-publish","hentry"],"_links":{"self":[{"href":"https:\/\/rula.disabilityrightsca.org\/es\/wp-json\/wp\/v2\/pages\/1551","targetHints":{"allow":["GET"]}}],"collection":[{"href":"https:\/\/rula.disabilityrightsca.org\/es\/wp-json\/wp\/v2\/pages"}],"about":[{"href":"https:\/\/rula.disabilityrightsca.org\/es\/wp-json\/wp\/v2\/types\/page"}],"author":[{"embeddable":true,"href":"https:\/\/rula.disabilityrightsca.org\/es\/wp-json\/wp\/v2\/users\/1"}],"replies":[{"embeddable":true,"href":"https:\/\/rula.disabilityrightsca.org\/es\/wp-json\/wp\/v2\/comments?post=1551"}],"version-history":[{"count":3,"href":"https:\/\/rula.disabilityrightsca.org\/es\/wp-json\/wp\/v2\/pages\/1551\/revisions"}],"predecessor-version":[{"id":3869,"href":"https:\/\/rula.disabilityrightsca.org\/es\/wp-json\/wp\/v2\/pages\/1551\/revisions\/3869"}],"up":[{"embeddable":true,"href":"https:\/\/rula.disabilityrightsca.org\/es\/wp-json\/wp\/v2\/pages\/1447"}],"wp:attachment":[{"href":"https:\/\/rula.disabilityrightsca.org\/es\/wp-json\/wp\/v2\/media?parent=1551"}],"curies":[{"name":"wp","href":"https:\/\/api.w.org\/{rel}","templated":true}]}}