{"id":1549,"date":"2021-07-01T21:35:33","date_gmt":"2021-07-01T21:35:33","guid":{"rendered":"http:\/\/www.rula.disabilityrightsca.org\/es\/?page_id=1549"},"modified":"2023-12-05T19:27:03","modified_gmt":"2023-12-05T19:27:03","slug":"9-17-puedo-conseguir-un-trabajo-en-un-lugar-de-trabajo-integrado","status":"publish","type":"page","link":"https:\/\/rula.disabilityrightsca.org\/es\/rula-book\/capitulo-9-participacion-comunitaria-trabajo-actividades-diurnas-y-de-ocio\/9-17-puedo-conseguir-un-trabajo-en-un-lugar-de-trabajo-integrado\/","title":{"rendered":"(9.17) \u00bfPuedo conseguir un trabajo en un lugar de trabajo integrado?"},"content":{"rendered":"\n<p>El trabajo integrado generalmente significa que usted trabaja en la comunidad e interact\u00faa con personas sin discapacidades (sin incluir a sus proveedores de servicios). Debe trabajar con personas con y sin discapacidades, como lo hace la mayor\u00eda de los empleados.<span class=\"footnote_referrer\"><a role=\"button\" tabindex=\"0\" onclick=\"footnote_moveToReference_1549_1('footnote_plugin_reference_1549_1_1');\" onkeypress=\"footnote_moveToReference_1549_1('footnote_plugin_reference_1549_1_1');\" ><sup id=\"footnote_plugin_tooltip_1549_1_1\" class=\"footnote_plugin_tooltip_text\">[1]<\/sup><\/a><span id=\"footnote_plugin_tooltip_text_1549_1_1\" class=\"footnote_tooltip\">Secci\u00f3n 4851(o)<\/span><\/span><script type=\"text\/javascript\"> jQuery('#footnote_plugin_tooltip_1549_1_1').tooltip({ tip: '#footnote_plugin_tooltip_text_1549_1_1', tipClass: 'footnote_tooltip', effect: 'fade', predelay: 0, fadeInSpeed: 200, delay: 400, fadeOutSpeed: 200, position: 'top center', relative: true, offset: [-7, 0], });<\/script><\/p>\n\n\n\n<p>El Empleo Competitivo y el Empleo con Apoyo son trabajos integrados (consulte m\u00e1s arriba para obtener m\u00e1s informaci\u00f3n).<span class=\"footnote_referrer\"><a role=\"button\" tabindex=\"0\" onclick=\"footnote_moveToReference_1549_1('footnote_plugin_reference_1549_1_2');\" onkeypress=\"footnote_moveToReference_1549_1('footnote_plugin_reference_1549_1_2');\" ><sup id=\"footnote_plugin_tooltip_1549_1_2\" class=\"footnote_plugin_tooltip_text\">[2]<\/sup><\/a><span id=\"footnote_plugin_tooltip_text_1549_1_2\" class=\"footnote_tooltip\">Secci\u00f3n 4851(n)<\/span><\/span><script type=\"text\/javascript\"> jQuery('#footnote_plugin_tooltip_1549_1_2').tooltip({ tip: '#footnote_plugin_tooltip_text_1549_1_2', tipClass: 'footnote_tooltip', effect: 'fade', predelay: 0, fadeInSpeed: 200, delay: 400, fadeOutSpeed: 200, position: 'top center', relative: true, offset: [-7, 0], });<\/script> La principal diferencia es que no recibe servicios ni apoyos para un Empleo Competitivo. Sin embargo, los empleadores deben hacer &#8220;adaptaciones razonables&#8221; para que usted pueda trabajar.<\/p>\n\n\n\n<p>Si su IPP y el Plan de Apoyo para la Habilitaci\u00f3n Individual (IHSP) enumeran los servicios y apoyos que necesita, m\u00e1s all\u00e1 de las adaptaciones que hace su empleador, el centro regional debe proporcionar esos servicios.<span class=\"footnote_referrer\"><a role=\"button\" tabindex=\"0\" onclick=\"footnote_moveToReference_1549_1('footnote_plugin_reference_1549_1_3');\" onkeypress=\"footnote_moveToReference_1549_1('footnote_plugin_reference_1549_1_3');\" ><sup id=\"footnote_plugin_tooltip_1549_1_3\" class=\"footnote_plugin_tooltip_text\">[3]<\/sup><\/a><span id=\"footnote_plugin_tooltip_text_1549_1_3\" class=\"footnote_tooltip\">Secci\u00f3n 4861<\/span><\/span><script type=\"text\/javascript\"> jQuery('#footnote_plugin_tooltip_1549_1_3').tooltip({ tip: '#footnote_plugin_tooltip_text_1549_1_3', tipClass: 'footnote_tooltip', effect: 'fade', predelay: 0, fadeInSpeed: 200, delay: 400, fadeOutSpeed: 200, position: 'top center', relative: true, offset: [-7, 0], });<\/script> El centro regional paga estos servicios y apoyos como &#8220;servicios de habilitaci\u00f3n&#8221; o &#8220;servicios de rehabilitaci\u00f3n vocacional&#8221;. Por lo general, los administradores de casos y los proveedores hablan de &#8220;empleo con apoyo&#8221; o &#8220;centros de actividades laborales&#8221;. No los llaman &#8220;servicios de habilitaci\u00f3n&#8221;. Hay muchas palabras importantes que se utilizan para describir diferentes programas. Simplemente conc\u00e9ntrese en qu\u00e9 tipo de trabajo o programa desea y solic\u00edtelo en su IPP.<\/p>\n<div class=\"speaker-mute footnotes_reference_container\"> <div class=\"footnote_container_prepare\"><p><span role=\"button\" tabindex=\"0\" class=\"footnote_reference_container_label pointer\" onclick=\"footnote_expand_collapse_reference_container_1549_1();\">&#x202F;<\/span><span role=\"button\" tabindex=\"0\" class=\"footnote_reference_container_collapse_button\" style=\"display: none;\" onclick=\"footnote_expand_collapse_reference_container_1549_1();\">[<a id=\"footnote_reference_container_collapse_button_1549_1\">+<\/a>]<\/span><\/p><\/div> <div id=\"footnote_references_container_1549_1\" style=\"\"><table class=\"footnotes_table footnote-reference-container\"><caption class=\"accessibility\">References<\/caption> <tbody> \r\n\r\n<tr class=\"footnotes_plugin_reference_row\"> <th scope=\"row\" class=\"footnote_plugin_index_combi pointer\"  onclick=\"footnote_moveToAnchor_1549_1('footnote_plugin_tooltip_1549_1_1');\"><a id=\"footnote_plugin_reference_1549_1_1\" class=\"footnote_backlink\"><span class=\"footnote_index_arrow\">&#8593;<\/span>1<\/a><\/th> <td class=\"footnote_plugin_text\">Secci\u00f3n 4851(o)<\/td><\/tr>\r\n\r\n<tr class=\"footnotes_plugin_reference_row\"> <th scope=\"row\" class=\"footnote_plugin_index_combi pointer\"  onclick=\"footnote_moveToAnchor_1549_1('footnote_plugin_tooltip_1549_1_2');\"><a id=\"footnote_plugin_reference_1549_1_2\" class=\"footnote_backlink\"><span class=\"footnote_index_arrow\">&#8593;<\/span>2<\/a><\/th> <td class=\"footnote_plugin_text\">Secci\u00f3n 4851(n)<\/td><\/tr>\r\n\r\n<tr class=\"footnotes_plugin_reference_row\"> <th scope=\"row\" class=\"footnote_plugin_index_combi pointer\"  onclick=\"footnote_moveToAnchor_1549_1('footnote_plugin_tooltip_1549_1_3');\"><a id=\"footnote_plugin_reference_1549_1_3\" class=\"footnote_backlink\"><span class=\"footnote_index_arrow\">&#8593;<\/span>3<\/a><\/th> <td class=\"footnote_plugin_text\">Secci\u00f3n 4861<\/td><\/tr>\r\n\r\n <\/tbody> <\/table> <\/div><\/div><script type=\"text\/javascript\"> function footnote_expand_reference_container_1549_1() { jQuery('#footnote_references_container_1549_1').show(); jQuery('#footnote_reference_container_collapse_button_1549_1').text('\u2212'); } function footnote_collapse_reference_container_1549_1() { jQuery('#footnote_references_container_1549_1').hide(); jQuery('#footnote_reference_container_collapse_button_1549_1').text('+'); } function footnote_expand_collapse_reference_container_1549_1() { if (jQuery('#footnote_references_container_1549_1').is(':hidden')) { footnote_expand_reference_container_1549_1(); } else { footnote_collapse_reference_container_1549_1(); } } function footnote_moveToReference_1549_1(p_str_TargetID) { footnote_expand_reference_container_1549_1(); var l_obj_Target = jQuery('#' + p_str_TargetID); if (l_obj_Target.length) { jQuery( 'html, body' ).delay( 0 ); jQuery('html, body').animate({ scrollTop: l_obj_Target.offset().top - window.innerHeight * 0.2 }, 380); } } function footnote_moveToAnchor_1549_1(p_str_TargetID) { footnote_expand_reference_container_1549_1(); var l_obj_Target = jQuery('#' + p_str_TargetID); if (l_obj_Target.length) { jQuery( 'html, body' ).delay( 0 ); jQuery('html, body').animate({ scrollTop: l_obj_Target.offset().top - window.innerHeight * 0.2 }, 380); } }<\/script>","protected":false},"excerpt":{"rendered":"<p>El trabajo integrado generalmente significa que usted trabaja en la comunidad e interact\u00faa con personas sin discapacidades (sin incluir a sus proveedores de servicios). Debe&hellip;<\/p>\n","protected":false},"author":1,"featured_media":0,"parent":1447,"menu_order":17,"comment_status":"closed","ping_status":"closed","template":"","meta":{"footnotes":""},"class_list":["post-1549","page","type-page","status-publish","hentry"],"_links":{"self":[{"href":"https:\/\/rula.disabilityrightsca.org\/es\/wp-json\/wp\/v2\/pages\/1549","targetHints":{"allow":["GET"]}}],"collection":[{"href":"https:\/\/rula.disabilityrightsca.org\/es\/wp-json\/wp\/v2\/pages"}],"about":[{"href":"https:\/\/rula.disabilityrightsca.org\/es\/wp-json\/wp\/v2\/types\/page"}],"author":[{"embeddable":true,"href":"https:\/\/rula.disabilityrightsca.org\/es\/wp-json\/wp\/v2\/users\/1"}],"replies":[{"embeddable":true,"href":"https:\/\/rula.disabilityrightsca.org\/es\/wp-json\/wp\/v2\/comments?post=1549"}],"version-history":[{"count":3,"href":"https:\/\/rula.disabilityrightsca.org\/es\/wp-json\/wp\/v2\/pages\/1549\/revisions"}],"predecessor-version":[{"id":3868,"href":"https:\/\/rula.disabilityrightsca.org\/es\/wp-json\/wp\/v2\/pages\/1549\/revisions\/3868"}],"up":[{"embeddable":true,"href":"https:\/\/rula.disabilityrightsca.org\/es\/wp-json\/wp\/v2\/pages\/1447"}],"wp:attachment":[{"href":"https:\/\/rula.disabilityrightsca.org\/es\/wp-json\/wp\/v2\/media?parent=1549"}],"curies":[{"name":"wp","href":"https:\/\/api.w.org\/{rel}","templated":true}]}}