{"id":1543,"date":"2021-07-01T21:29:26","date_gmt":"2021-07-01T21:29:26","guid":{"rendered":"http:\/\/www.rula.disabilityrightsca.org\/es\/?page_id=1543"},"modified":"2023-12-05T19:22:11","modified_gmt":"2023-12-05T19:22:11","slug":"9-15-que-es-un-programa-de-autodeterminacion","status":"publish","type":"page","link":"https:\/\/rula.disabilityrightsca.org\/es\/rula-book\/capitulo-9-participacion-comunitaria-trabajo-actividades-diurnas-y-de-ocio\/9-15-que-es-un-programa-de-autodeterminacion\/","title":{"rendered":"(9.15) \u00bfQu\u00e9 es un programa de autodeterminaci\u00f3n?"},"content":{"rendered":"\n<p>El Programa de Autodeterminaci\u00f3n (SDP) es una forma de obtener los servicios del centro regional.<span class=\"footnote_referrer\"><a role=\"button\" tabindex=\"0\" onclick=\"footnote_moveToReference_1543_1('footnote_plugin_reference_1543_1_1');\" onkeypress=\"footnote_moveToReference_1543_1('footnote_plugin_reference_1543_1_1');\" ><sup id=\"footnote_plugin_tooltip_1543_1_1\" class=\"footnote_plugin_tooltip_text\">[1]<\/sup><\/a><span id=\"footnote_plugin_tooltip_text_1543_1_1\" class=\"footnote_tooltip\">Secci\u00f3n 4685.8<\/span><\/span><script type=\"text\/javascript\"> jQuery('#footnote_plugin_tooltip_1543_1_1').tooltip({ tip: '#footnote_plugin_tooltip_text_1543_1_1', tipClass: 'footnote_tooltip', effect: 'fade', predelay: 0, fadeInSpeed: 200, delay: 400, fadeOutSpeed: 200, position: 'top center', relative: true, offset: [-7, 0], });<\/script> Es diferente de la forma tradicional, en la que el centro regional compra sus servicios a sus proveedores. En el SDP, los consumidores y sus familias tienen m\u00e1s libertad, control y responsabilidad a la hora de elegir los servicios y apoyos que les ayuden a cumplir los objetivos de su Plan de Programa Individual (IPP). A partir de julio de 2021, el SDP est\u00e1 disponible para todos los consumidores elegibles del centro regional. Cada centro regional tiene un comit\u00e9 asesor local que se re\u00fane para ayudar a planificar el SDP en esa \u00e1rea.<\/p>\n\n\n\n<p>En el SDP, usted:&nbsp;<\/p>\n\n\n\n<ul class=\"wp-block-list\">\n<li>Crea un <strong>Plan Centrado en la Persona<\/strong> para trabajar hacia su futuro preferido. Durante el proceso de creaci\u00f3n de un plan centrado en la persona, usted dirige la conversaci\u00f3n sobre sus puntos fuertes, capacidades, preferencias, estilo de vida y antecedentes culturales. Al final del proceso, tendr\u00e1 un plan escrito con sus objetivos de ocio, transporte, amistades, terapias, hogar, empleo, relaciones familiares y todo lo que desee.<\/li>\n\n\n\n<li>Tendr\u00e1 un <strong>Presupuesto Individual<\/strong>, que es su dinero para comprar sus servicios y apoyos. Su equipo de IPP determina su presupuesto bas\u00e1ndose en el dinero que ha utilizado para los servicios en los \u00faltimos 12 meses. A continuaci\u00f3n, usted elaborar\u00e1 un plan de gastos que indique c\u00f3mo va a gastar su presupuesto en servicios.<\/li>\n\n\n\n<li>Puede tener un <strong>Facilitador Independiente<\/strong> que le ayude a crear un plan centrado en la persona, a tomar decisiones sobre su presupuesto y sus gastos, a encontrar servicios y a abogar por usted.<\/li>\n\n\n\n<li>Debe tener <strong>Servicios de Gesti\u00f3n Financiera<\/strong> (FMS). Usted elige un FMS provisto por el centro regional. Los FMS le ayudar\u00e1n a gestionar su presupuesto pagando las facturas y gestionando la paga de los trabajadores de apoyo.<\/li>\n\n\n\n<li>Encuentra los proveedores para sus servicios y apoyos. No tienen que ser proveedores del centro regional, como en el sistema tradicional. Puede comprar los servicios que est\u00e1n aprobados por el gobierno federal y que figuran en la exenci\u00f3n del SDP. Hay muchos servicios diferentes que puede comprar con su presupuesto. Hay algunos que no puede comprar, como el alojamiento y la comida (alquiler, comida, servicios p\u00fablicos).<\/li>\n<\/ul>\n\n\n\n<p>Si no est\u00e1 de acuerdo con su IPP, con su presupuesto individual o con otras partes de sus servicios en el marco del SDP, puede apelar y pedir una audiencia imparcial. Sus derechos de apelaci\u00f3n y audiencia son los mismos en el SDP que en el sistema tradicional de centros regionales. Consulte el <a href=\"https:\/\/rula.disabilityrightsca.org\/es\/rula-book\/capitulo-10-apelaciones-y-reclamos-desacuerdos-con-centros-regionales-centros-de-desarrollo-o-proveedores-de-servicios\/\">Cap\u00edtulo 10<\/a> para conocer las apelaciones, los reclamos y los plazos.<\/p>\n\n\n\n<p>Para obtener m\u00e1s informaci\u00f3n sobre el SDP, visite el sitio web del SDP del Departamento de Servicios del Desarrollo aqu\u00ed: <a href=\"https:\/\/www.dds.ca.gov\/initiatives\/sdp\/\">https:\/\/www.dds.ca.gov\/initiatives\/sdp\/<\/a>. Para inscribirse en el SDP, hable con el coordinador de servicios de su centro regional. Debe asistir a una orientaci\u00f3n antes de comenzar el SDP. Las orientaciones est\u00e1n disponibles a trav\u00e9s del centro regional o del comit\u00e9 asesor local en diferentes idiomas. Tambi\u00e9n puede haber orientaciones a nivel estatal a las que puede asistir.<\/p>\n<div class=\"speaker-mute footnotes_reference_container\"> <div class=\"footnote_container_prepare\"><p><span role=\"button\" tabindex=\"0\" class=\"footnote_reference_container_label pointer\" onclick=\"footnote_expand_collapse_reference_container_1543_1();\">&#x202F;<\/span><span role=\"button\" tabindex=\"0\" class=\"footnote_reference_container_collapse_button\" style=\"display: none;\" onclick=\"footnote_expand_collapse_reference_container_1543_1();\">[<a id=\"footnote_reference_container_collapse_button_1543_1\">+<\/a>]<\/span><\/p><\/div> <div id=\"footnote_references_container_1543_1\" style=\"\"><table class=\"footnotes_table footnote-reference-container\"><caption class=\"accessibility\">References<\/caption> <tbody> \r\n\r\n<tr class=\"footnotes_plugin_reference_row\"> <th scope=\"row\" class=\"footnote_plugin_index_combi pointer\"  onclick=\"footnote_moveToAnchor_1543_1('footnote_plugin_tooltip_1543_1_1');\"><a id=\"footnote_plugin_reference_1543_1_1\" class=\"footnote_backlink\"><span class=\"footnote_index_arrow\">&#8593;<\/span>1<\/a><\/th> <td class=\"footnote_plugin_text\">Secci\u00f3n 4685.8<\/td><\/tr>\r\n\r\n <\/tbody> <\/table> <\/div><\/div><script type=\"text\/javascript\"> function footnote_expand_reference_container_1543_1() { jQuery('#footnote_references_container_1543_1').show(); jQuery('#footnote_reference_container_collapse_button_1543_1').text('\u2212'); } function footnote_collapse_reference_container_1543_1() { jQuery('#footnote_references_container_1543_1').hide(); jQuery('#footnote_reference_container_collapse_button_1543_1').text('+'); } function footnote_expand_collapse_reference_container_1543_1() { if (jQuery('#footnote_references_container_1543_1').is(':hidden')) { footnote_expand_reference_container_1543_1(); } else { footnote_collapse_reference_container_1543_1(); } } function footnote_moveToReference_1543_1(p_str_TargetID) { footnote_expand_reference_container_1543_1(); var l_obj_Target = jQuery('#' + p_str_TargetID); if (l_obj_Target.length) { jQuery( 'html, body' ).delay( 0 ); jQuery('html, body').animate({ scrollTop: l_obj_Target.offset().top - window.innerHeight * 0.2 }, 380); } } function footnote_moveToAnchor_1543_1(p_str_TargetID) { footnote_expand_reference_container_1543_1(); var l_obj_Target = jQuery('#' + p_str_TargetID); if (l_obj_Target.length) { jQuery( 'html, body' ).delay( 0 ); jQuery('html, body').animate({ scrollTop: l_obj_Target.offset().top - window.innerHeight * 0.2 }, 380); } }<\/script>","protected":false},"excerpt":{"rendered":"<p>El Programa de Autodeterminaci\u00f3n (SDP) es una forma de obtener los servicios del centro regional.[1]Secci\u00f3n 4685.8 Es diferente de la forma tradicional, en la que&hellip;<\/p>\n","protected":false},"author":1,"featured_media":0,"parent":1447,"menu_order":15,"comment_status":"closed","ping_status":"closed","template":"","meta":{"footnotes":""},"class_list":["post-1543","page","type-page","status-publish","hentry"],"_links":{"self":[{"href":"https:\/\/rula.disabilityrightsca.org\/es\/wp-json\/wp\/v2\/pages\/1543","targetHints":{"allow":["GET"]}}],"collection":[{"href":"https:\/\/rula.disabilityrightsca.org\/es\/wp-json\/wp\/v2\/pages"}],"about":[{"href":"https:\/\/rula.disabilityrightsca.org\/es\/wp-json\/wp\/v2\/types\/page"}],"author":[{"embeddable":true,"href":"https:\/\/rula.disabilityrightsca.org\/es\/wp-json\/wp\/v2\/users\/1"}],"replies":[{"embeddable":true,"href":"https:\/\/rula.disabilityrightsca.org\/es\/wp-json\/wp\/v2\/comments?post=1543"}],"version-history":[{"count":7,"href":"https:\/\/rula.disabilityrightsca.org\/es\/wp-json\/wp\/v2\/pages\/1543\/revisions"}],"predecessor-version":[{"id":3866,"href":"https:\/\/rula.disabilityrightsca.org\/es\/wp-json\/wp\/v2\/pages\/1543\/revisions\/3866"}],"up":[{"embeddable":true,"href":"https:\/\/rula.disabilityrightsca.org\/es\/wp-json\/wp\/v2\/pages\/1447"}],"wp:attachment":[{"href":"https:\/\/rula.disabilityrightsca.org\/es\/wp-json\/wp\/v2\/media?parent=1543"}],"curies":[{"name":"wp","href":"https:\/\/api.w.org\/{rel}","templated":true}]}}