{"id":1541,"date":"2021-07-01T21:27:17","date_gmt":"2021-07-01T21:27:17","guid":{"rendered":"http:\/\/www.rula.disabilityrightsca.org\/es\/?page_id=1541"},"modified":"2023-12-05T19:21:25","modified_gmt":"2023-12-05T19:21:25","slug":"9-14-que-puedo-hacer-si-mi-programa-diurno-no-cumple-con-mis-objetivos-de-ipp","status":"publish","type":"page","link":"https:\/\/rula.disabilityrightsca.org\/es\/rula-book\/capitulo-9-participacion-comunitaria-trabajo-actividades-diurnas-y-de-ocio\/9-14-que-puedo-hacer-si-mi-programa-diurno-no-cumple-con-mis-objetivos-de-ipp\/","title":{"rendered":"(9.14) \u00bfQu\u00e9 puedo hacer si mi programa diurno no cumple con mis objetivos de IPP?"},"content":{"rendered":"\n<p>Si cree que su programa diurno no satisface sus necesidades, solicite una reuni\u00f3n de IPP para hablar sobre la modificaci\u00f3n de su programa o servicios. El proceso de IPP determina cu\u00e1l es el mejor programa de trabajo o programa diurno para usted. Usted tiene derecho a considerar programas diurnos que lo ayuden a alcanzar sus objetivos de IPP. Nadie puede obligarlo a asistir a un programa diurno si no lo desea.<\/p>\n\n\n\n<p>Todos los programas diurnos deben contar con un procedimiento de reclamo.<span class=\"footnote_referrer\"><a role=\"button\" tabindex=\"0\" onclick=\"footnote_moveToReference_1541_1('footnote_plugin_reference_1541_1_1');\" onkeypress=\"footnote_moveToReference_1541_1('footnote_plugin_reference_1541_1_1');\" ><sup id=\"footnote_plugin_tooltip_1541_1_1\" class=\"footnote_plugin_tooltip_text\">[1]<\/sup><\/a><span id=\"footnote_plugin_tooltip_text_1541_1_1\" class=\"footnote_tooltip\">Secci\u00f3n 4705(a)(2) y T\u00edtulo 17, C\u00f3digo de Reglamentos de California, secci\u00f3n 56710(a)<\/span><\/span><script type=\"text\/javascript\"> jQuery('#footnote_plugin_tooltip_1541_1_1').tooltip({ tip: '#footnote_plugin_tooltip_text_1541_1_1', tipClass: 'footnote_tooltip', effect: 'fade', predelay: 0, fadeInSpeed: 200, delay: 400, fadeOutSpeed: 200, position: 'top center', relative: true, offset: [-7, 0], });<\/script> Si no est\u00e1 de acuerdo con la decisi\u00f3n del programa, puede solicitar utilizar el procedimiento de quejas. Si el programa diurno viol\u00f3 sus derechos, puede presentar una &#8220;reclamo de la Secci\u00f3n 4731&#8221;. (Consulte el\u00a0<a href=\"https:\/\/rula.disabilityrightsca.org\/es\/rula-book\/capitulo-10-apelaciones-y-reclamos-desacuerdos-con-centros-regionales-centros-de-desarrollo-o-proveedores-de-servicios\/\">Cap\u00edtulo 10<\/a>).<\/p>\n\n\n\n<p>Si el programa cree que usted es una amenaza para la salud y la seguridad de otras personas en el programa, puede pedirle que se mantenga alejado del programa de inmediato. Pero, a menos que exista un acuerdo previo por escrito, debe reunirse dentro de los tres d\u00edas con usted y su coordinador de servicios para discutir el problema y cualquier cambio en el programa que pueda ayudar a resolverlo.<span class=\"footnote_referrer\"><a role=\"button\" tabindex=\"0\" onclick=\"footnote_moveToReference_1541_1('footnote_plugin_reference_1541_1_2');\" onkeypress=\"footnote_moveToReference_1541_1('footnote_plugin_reference_1541_1_2');\" ><sup id=\"footnote_plugin_tooltip_1541_1_2\" class=\"footnote_plugin_tooltip_text\">[2]<\/sup><\/a><span id=\"footnote_plugin_tooltip_text_1541_1_2\" class=\"footnote_tooltip\">T\u00edtulo 17, C\u00f3digo de Reglamentos de California, secci\u00f3n 56718(g)<\/span><\/span><script type=\"text\/javascript\"> jQuery('#footnote_plugin_tooltip_1541_1_2').tooltip({ tip: '#footnote_plugin_tooltip_text_1541_1_2', tipClass: 'footnote_tooltip', effect: 'fade', predelay: 0, fadeInSpeed: 200, delay: 400, fadeOutSpeed: 200, position: 'top center', relative: true, offset: [-7, 0], });<\/script><\/p>\n<div class=\"speaker-mute footnotes_reference_container\"> <div class=\"footnote_container_prepare\"><p><span role=\"button\" tabindex=\"0\" class=\"footnote_reference_container_label pointer\" onclick=\"footnote_expand_collapse_reference_container_1541_1();\">&#x202F;<\/span><span role=\"button\" tabindex=\"0\" class=\"footnote_reference_container_collapse_button\" style=\"display: none;\" onclick=\"footnote_expand_collapse_reference_container_1541_1();\">[<a id=\"footnote_reference_container_collapse_button_1541_1\">+<\/a>]<\/span><\/p><\/div> <div id=\"footnote_references_container_1541_1\" style=\"\"><table class=\"footnotes_table footnote-reference-container\"><caption class=\"accessibility\">References<\/caption> <tbody> \r\n\r\n<tr class=\"footnotes_plugin_reference_row\"> <th scope=\"row\" class=\"footnote_plugin_index_combi pointer\"  onclick=\"footnote_moveToAnchor_1541_1('footnote_plugin_tooltip_1541_1_1');\"><a id=\"footnote_plugin_reference_1541_1_1\" class=\"footnote_backlink\"><span class=\"footnote_index_arrow\">&#8593;<\/span>1<\/a><\/th> <td class=\"footnote_plugin_text\">Secci\u00f3n 4705(a)(2) y T\u00edtulo 17, C\u00f3digo de Reglamentos de California, secci\u00f3n 56710(a)<\/td><\/tr>\r\n\r\n<tr class=\"footnotes_plugin_reference_row\"> <th scope=\"row\" class=\"footnote_plugin_index_combi pointer\"  onclick=\"footnote_moveToAnchor_1541_1('footnote_plugin_tooltip_1541_1_2');\"><a id=\"footnote_plugin_reference_1541_1_2\" class=\"footnote_backlink\"><span class=\"footnote_index_arrow\">&#8593;<\/span>2<\/a><\/th> <td class=\"footnote_plugin_text\">T\u00edtulo 17, C\u00f3digo de Reglamentos de California, secci\u00f3n 56718(g)<\/td><\/tr>\r\n\r\n <\/tbody> <\/table> <\/div><\/div><script type=\"text\/javascript\"> function footnote_expand_reference_container_1541_1() { jQuery('#footnote_references_container_1541_1').show(); jQuery('#footnote_reference_container_collapse_button_1541_1').text('\u2212'); } function footnote_collapse_reference_container_1541_1() { jQuery('#footnote_references_container_1541_1').hide(); jQuery('#footnote_reference_container_collapse_button_1541_1').text('+'); } function footnote_expand_collapse_reference_container_1541_1() { if (jQuery('#footnote_references_container_1541_1').is(':hidden')) { footnote_expand_reference_container_1541_1(); } else { footnote_collapse_reference_container_1541_1(); } } function footnote_moveToReference_1541_1(p_str_TargetID) { footnote_expand_reference_container_1541_1(); var l_obj_Target = jQuery('#' + p_str_TargetID); if (l_obj_Target.length) { jQuery( 'html, body' ).delay( 0 ); jQuery('html, body').animate({ scrollTop: l_obj_Target.offset().top - window.innerHeight * 0.2 }, 380); } } function footnote_moveToAnchor_1541_1(p_str_TargetID) { footnote_expand_reference_container_1541_1(); var l_obj_Target = jQuery('#' + p_str_TargetID); if (l_obj_Target.length) { jQuery( 'html, body' ).delay( 0 ); jQuery('html, body').animate({ scrollTop: l_obj_Target.offset().top - window.innerHeight * 0.2 }, 380); } }<\/script>","protected":false},"excerpt":{"rendered":"<p>Si cree que su programa diurno no satisface sus necesidades, solicite una reuni\u00f3n de IPP para hablar sobre la modificaci\u00f3n de su programa o servicios.&hellip;<\/p>\n","protected":false},"author":1,"featured_media":0,"parent":1447,"menu_order":14,"comment_status":"closed","ping_status":"closed","template":"","meta":{"footnotes":""},"class_list":["post-1541","page","type-page","status-publish","hentry"],"_links":{"self":[{"href":"https:\/\/rula.disabilityrightsca.org\/es\/wp-json\/wp\/v2\/pages\/1541","targetHints":{"allow":["GET"]}}],"collection":[{"href":"https:\/\/rula.disabilityrightsca.org\/es\/wp-json\/wp\/v2\/pages"}],"about":[{"href":"https:\/\/rula.disabilityrightsca.org\/es\/wp-json\/wp\/v2\/types\/page"}],"author":[{"embeddable":true,"href":"https:\/\/rula.disabilityrightsca.org\/es\/wp-json\/wp\/v2\/users\/1"}],"replies":[{"embeddable":true,"href":"https:\/\/rula.disabilityrightsca.org\/es\/wp-json\/wp\/v2\/comments?post=1541"}],"version-history":[{"count":5,"href":"https:\/\/rula.disabilityrightsca.org\/es\/wp-json\/wp\/v2\/pages\/1541\/revisions"}],"predecessor-version":[{"id":3865,"href":"https:\/\/rula.disabilityrightsca.org\/es\/wp-json\/wp\/v2\/pages\/1541\/revisions\/3865"}],"up":[{"embeddable":true,"href":"https:\/\/rula.disabilityrightsca.org\/es\/wp-json\/wp\/v2\/pages\/1447"}],"wp:attachment":[{"href":"https:\/\/rula.disabilityrightsca.org\/es\/wp-json\/wp\/v2\/media?parent=1541"}],"curies":[{"name":"wp","href":"https:\/\/api.w.org\/{rel}","templated":true}]}}