{"id":1539,"date":"2021-07-01T21:25:28","date_gmt":"2021-07-01T21:25:28","guid":{"rendered":"http:\/\/www.rula.disabilityrightsca.org\/es\/?page_id=1539"},"modified":"2023-12-05T19:20:22","modified_gmt":"2023-12-05T19:20:22","slug":"9-13-que-pasa-si-el-centro-regional-ya-no-esta-de-acuerdo-con-el-programa-diurno-o-las-actividades-que-estoy-recibiendo-bajo-mi-ipp","status":"publish","type":"page","link":"https:\/\/rula.disabilityrightsca.org\/es\/rula-book\/capitulo-9-participacion-comunitaria-trabajo-actividades-diurnas-y-de-ocio\/9-13-que-pasa-si-el-centro-regional-ya-no-esta-de-acuerdo-con-el-programa-diurno-o-las-actividades-que-estoy-recibiendo-bajo-mi-ipp\/","title":{"rendered":"(9.13) \u00bfQu\u00e9 pasa si el centro regional ya no est\u00e1 de acuerdo con el programa diurno o las actividades que estoy recibiendo bajo mi IPP?"},"content":{"rendered":"\n<p>Su centro regional puede sugerirle que cambie su programa o sus actividades diurnas. Sin embargo, una vez que usted tenga los programas o actividades escritos en su IPP, el centro regional solo puede solicitar cambiar su programa en una reuni\u00f3n de IPP. Si no est\u00e1 de acuerdo con el centro regional despu\u00e9s de la reuni\u00f3n, el centro debe enviarle una notificaci\u00f3n por escrito sobre el cambio, llamado Aviso de Acci\u00f3n (NOA). El aviso debe informarle sobre su derecho a apelar.<\/p>\n\n\n\n<p>Tiene derecho a solicitar una audiencia. Si presenta su apelaci\u00f3n como m\u00e1ximo a los <strong>10 d\u00edas<\/strong> de recibir la notificaci\u00f3n del centro regional, usted podr\u00e1 permanecer en el programa mientras apela.<span class=\"footnote_referrer\"><a role=\"button\" tabindex=\"0\" onclick=\"footnote_moveToReference_1539_1('footnote_plugin_reference_1539_1_1');\" onkeypress=\"footnote_moveToReference_1539_1('footnote_plugin_reference_1539_1_1');\" ><sup id=\"footnote_plugin_tooltip_1539_1_1\" class=\"footnote_plugin_tooltip_text\">[1]<\/sup><\/a><span id=\"footnote_plugin_tooltip_text_1539_1_1\" class=\"footnote_tooltip\">Secci\u00f3n 4701(n)<\/span><\/span><script type=\"text\/javascript\"> jQuery('#footnote_plugin_tooltip_1539_1_1').tooltip({ tip: '#footnote_plugin_tooltip_text_1539_1_1', tipClass: 'footnote_tooltip', effect: 'fade', predelay: 0, fadeInSpeed: 200, delay: 400, fadeOutSpeed: 200, position: 'top center', relative: true, offset: [-7, 0], });<\/script> Si no presenta su apelaci\u00f3n dentro de los 10 d\u00edas, a\u00fan puede impugnar la decisi\u00f3n del centro regional, siempre y cuando presente su apelaci\u00f3n dentro de los 30 d\u00edas. Usted no puede permanecer en el programa durante el proceso de apelaci\u00f3n.<\/p>\n<div class=\"speaker-mute footnotes_reference_container\"> <div class=\"footnote_container_prepare\"><p><span role=\"button\" tabindex=\"0\" class=\"footnote_reference_container_label pointer\" onclick=\"footnote_expand_collapse_reference_container_1539_1();\">&#x202F;<\/span><span role=\"button\" tabindex=\"0\" class=\"footnote_reference_container_collapse_button\" style=\"display: none;\" onclick=\"footnote_expand_collapse_reference_container_1539_1();\">[<a id=\"footnote_reference_container_collapse_button_1539_1\">+<\/a>]<\/span><\/p><\/div> <div id=\"footnote_references_container_1539_1\" style=\"\"><table class=\"footnotes_table footnote-reference-container\"><caption class=\"accessibility\">References<\/caption> <tbody> \r\n\r\n<tr class=\"footnotes_plugin_reference_row\"> <th scope=\"row\" class=\"footnote_plugin_index_combi pointer\"  onclick=\"footnote_moveToAnchor_1539_1('footnote_plugin_tooltip_1539_1_1');\"><a id=\"footnote_plugin_reference_1539_1_1\" class=\"footnote_backlink\"><span class=\"footnote_index_arrow\">&#8593;<\/span>1<\/a><\/th> <td class=\"footnote_plugin_text\">Secci\u00f3n 4701(n)<\/td><\/tr>\r\n\r\n <\/tbody> <\/table> <\/div><\/div><script type=\"text\/javascript\"> function footnote_expand_reference_container_1539_1() { jQuery('#footnote_references_container_1539_1').show(); jQuery('#footnote_reference_container_collapse_button_1539_1').text('\u2212'); } function footnote_collapse_reference_container_1539_1() { jQuery('#footnote_references_container_1539_1').hide(); jQuery('#footnote_reference_container_collapse_button_1539_1').text('+'); } function footnote_expand_collapse_reference_container_1539_1() { if (jQuery('#footnote_references_container_1539_1').is(':hidden')) { footnote_expand_reference_container_1539_1(); } else { footnote_collapse_reference_container_1539_1(); } } function footnote_moveToReference_1539_1(p_str_TargetID) { footnote_expand_reference_container_1539_1(); var l_obj_Target = jQuery('#' + p_str_TargetID); if (l_obj_Target.length) { jQuery( 'html, body' ).delay( 0 ); jQuery('html, body').animate({ scrollTop: l_obj_Target.offset().top - window.innerHeight * 0.2 }, 380); } } function footnote_moveToAnchor_1539_1(p_str_TargetID) { footnote_expand_reference_container_1539_1(); var l_obj_Target = jQuery('#' + p_str_TargetID); if (l_obj_Target.length) { jQuery( 'html, body' ).delay( 0 ); jQuery('html, body').animate({ scrollTop: l_obj_Target.offset().top - window.innerHeight * 0.2 }, 380); } }<\/script>","protected":false},"excerpt":{"rendered":"<p>Su centro regional puede sugerirle que cambie su programa o sus actividades diurnas. Sin embargo, una vez que usted tenga los programas o actividades escritos&hellip;<\/p>\n","protected":false},"author":1,"featured_media":0,"parent":1447,"menu_order":13,"comment_status":"closed","ping_status":"closed","template":"","meta":{"footnotes":""},"class_list":["post-1539","page","type-page","status-publish","hentry"],"_links":{"self":[{"href":"https:\/\/rula.disabilityrightsca.org\/es\/wp-json\/wp\/v2\/pages\/1539","targetHints":{"allow":["GET"]}}],"collection":[{"href":"https:\/\/rula.disabilityrightsca.org\/es\/wp-json\/wp\/v2\/pages"}],"about":[{"href":"https:\/\/rula.disabilityrightsca.org\/es\/wp-json\/wp\/v2\/types\/page"}],"author":[{"embeddable":true,"href":"https:\/\/rula.disabilityrightsca.org\/es\/wp-json\/wp\/v2\/users\/1"}],"replies":[{"embeddable":true,"href":"https:\/\/rula.disabilityrightsca.org\/es\/wp-json\/wp\/v2\/comments?post=1539"}],"version-history":[{"count":3,"href":"https:\/\/rula.disabilityrightsca.org\/es\/wp-json\/wp\/v2\/pages\/1539\/revisions"}],"predecessor-version":[{"id":3864,"href":"https:\/\/rula.disabilityrightsca.org\/es\/wp-json\/wp\/v2\/pages\/1539\/revisions\/3864"}],"up":[{"embeddable":true,"href":"https:\/\/rula.disabilityrightsca.org\/es\/wp-json\/wp\/v2\/pages\/1447"}],"wp:attachment":[{"href":"https:\/\/rula.disabilityrightsca.org\/es\/wp-json\/wp\/v2\/media?parent=1539"}],"curies":[{"name":"wp","href":"https:\/\/api.w.org\/{rel}","templated":true}]}}