{"id":1537,"date":"2021-07-01T21:24:01","date_gmt":"2021-07-01T21:24:01","guid":{"rendered":"http:\/\/www.rula.disabilityrightsca.org\/es\/?page_id=1537"},"modified":"2023-12-05T19:19:22","modified_gmt":"2023-12-05T19:19:22","slug":"9-12-que-otros-tipos-de-actividades-diurnas-y-de-ocio-existen-para-las-personas-con-discapacidades-del-desarrollo","status":"publish","type":"page","link":"https:\/\/rula.disabilityrightsca.org\/es\/rula-book\/capitulo-9-participacion-comunitaria-trabajo-actividades-diurnas-y-de-ocio\/9-12-que-otros-tipos-de-actividades-diurnas-y-de-ocio-existen-para-las-personas-con-discapacidades-del-desarrollo\/","title":{"rendered":"(9.12) \u00bfQu\u00e9 otros tipos de actividades diurnas y de ocio existen para las personas con discapacidades del desarrollo?"},"content":{"rendered":"\n<p>En raras ocasiones, los centros regionales pueden pagar el campamento y los gastos de viaje relacionados. Se trata de un servicio que anteriormente estaba suspendido, lo que significa que los centros regionales no pod\u00edan pagarlo. Pero, a partir de julio de 2021, pueden hacerlo.<span class=\"footnote_referrer\"><a role=\"button\" tabindex=\"0\" onclick=\"footnote_moveToReference_1537_1('footnote_plugin_reference_1537_1_1');\" onkeypress=\"footnote_moveToReference_1537_1('footnote_plugin_reference_1537_1_1');\" ><sup id=\"footnote_plugin_tooltip_1537_1_1\" class=\"footnote_plugin_tooltip_text\">[1]<\/sup><\/a><span id=\"footnote_plugin_tooltip_text_1537_1_1\" class=\"footnote_tooltip\">Secci\u00f3n 4648.5(a)<\/span><\/span><script type=\"text\/javascript\"> jQuery('#footnote_plugin_tooltip_1537_1_1').tooltip({ tip: '#footnote_plugin_tooltip_text_1537_1_1', tipClass: 'footnote_tooltip', effect: 'fade', predelay: 0, fadeInSpeed: 200, delay: 400, fadeOutSpeed: 200, position: 'top center', relative: true, offset: [-7, 0], });<\/script><\/p>\n\n\n\n<p>Otras dos opciones son los Servicios diurnos personalizados y los Servicios de capacitaci\u00f3n basados en la comunidad con cupones, que le permiten elegir y personalizar sus servicios diurnos. El tipo y la duraci\u00f3n de estos servicios se decide a trav\u00e9s del proceso del IPP y se escribe en el IPP, incluido el tipo y la cantidad de servicios y el personal necesarios para llevar a cabo su plan.<\/p>\n\n\n\n<p>Si elige un servicio diurno personalizado, debe hacer dos cosas.<\/p>\n\n\n\n<ol class=\"wp-block-list\">\n<li>Desarrollar un dise\u00f1o de servicio a trav\u00e9s de su IPP que aproveche al m\u00e1ximo sus propias elecciones y necesidades. Por lo general, esto es menos horas o d\u00edas que un programa diurno tradicional y es flexible para satisfacer sus necesidades individuales.<\/li>\n\n\n\n<li>Brindar oportunidades para que obtenga o mantenga un trabajo, actividades de voluntariado o educaci\u00f3n, aprovechar al m\u00e1ximo sus servicios y ayudarlo a integrarse en su comunidad.<span class=\"footnote_referrer\"><a role=\"button\" tabindex=\"0\" onclick=\"footnote_moveToReference_1537_1('footnote_plugin_reference_1537_1_2');\" onkeypress=\"footnote_moveToReference_1537_1('footnote_plugin_reference_1537_1_2');\" ><sup id=\"footnote_plugin_tooltip_1537_1_2\" class=\"footnote_plugin_tooltip_text\">[2]<\/sup><\/a><span id=\"footnote_plugin_tooltip_text_1537_1_2\" class=\"footnote_tooltip\">Secci\u00f3n 4688.21(b)(1-7)<\/span><\/span><script type=\"text\/javascript\"> jQuery('#footnote_plugin_tooltip_1537_1_2').tooltip({ tip: '#footnote_plugin_tooltip_text_1537_1_2', tipClass: 'footnote_tooltip', effect: 'fade', predelay: 0, fadeInSpeed: 200, delay: 400, fadeOutSpeed: 200, position: 'top center', relative: true, offset: [-7, 0], });<\/script><\/li>\n<\/ol>\n\n\n\n<p>Un Servicio de capacitaci\u00f3n basado en la comunidad con cupones (Servicio VCBT), debe ayudarlo a desarrollar las habilidades necesarias para el empleo en la comunidad, o para participar en trabajo voluntario o la educaci\u00f3n. Hay muchas reglas para este programa personalizado, que incluyen:<\/p>\n\n\n\n<ol class=\"wp-block-list\">\n<li>El servicio debe brindarse en un entorno natural en la comunidad, pero no en su propia casa;<\/li>\n\n\n\n<li>Si usted, sus padres o su tutor proveen un servicio VCBT, usted debe utilizar un servicio de administraci\u00f3n financiera (FMS);<\/li>\n\n\n\n<li>Su padre o tutor no puede ser su trabajador de apoyo directo;<\/li>\n\n\n\n<li>Si se vende como un Servicio VCBT, tambi\u00e9n debe ser elegible para un pase de autob\u00fas financiado por el centro regional, si corresponde; y,<\/li>\n\n\n\n<li>Un servicio VCBT est\u00e1 limitado a un m\u00e1ximo de 150 horas por trimestre.<span class=\"footnote_referrer\"><a role=\"button\" tabindex=\"0\" onclick=\"footnote_moveToReference_1537_1('footnote_plugin_reference_1537_1_3');\" onkeypress=\"footnote_moveToReference_1537_1('footnote_plugin_reference_1537_1_3');\" ><sup id=\"footnote_plugin_tooltip_1537_1_3\" class=\"footnote_plugin_tooltip_text\">[3]<\/sup><\/a><span id=\"footnote_plugin_tooltip_text_1537_1_3\" class=\"footnote_tooltip\">Secci\u00f3n 4688.21 (c)(1-12); v\u00e9ase tambi\u00e9n el T\u00edtulo 17, C\u00f3digo de Reglamentos de California, secciones 58884-58888<\/span><\/span><script type=\"text\/javascript\"> jQuery('#footnote_plugin_tooltip_1537_1_3').tooltip({ tip: '#footnote_plugin_tooltip_text_1537_1_3', tipClass: 'footnote_tooltip', effect: 'fade', predelay: 0, fadeInSpeed: 200, delay: 400, fadeOutSpeed: 200, position: 'top center', relative: true, offset: [-7, 0], });<\/script><\/li>\n<\/ol>\n<div class=\"speaker-mute footnotes_reference_container\"> <div class=\"footnote_container_prepare\"><p><span role=\"button\" tabindex=\"0\" class=\"footnote_reference_container_label pointer\" onclick=\"footnote_expand_collapse_reference_container_1537_1();\">&#x202F;<\/span><span role=\"button\" tabindex=\"0\" class=\"footnote_reference_container_collapse_button\" style=\"display: none;\" onclick=\"footnote_expand_collapse_reference_container_1537_1();\">[<a id=\"footnote_reference_container_collapse_button_1537_1\">+<\/a>]<\/span><\/p><\/div> <div id=\"footnote_references_container_1537_1\" style=\"\"><table class=\"footnotes_table footnote-reference-container\"><caption class=\"accessibility\">References<\/caption> <tbody> \r\n\r\n<tr class=\"footnotes_plugin_reference_row\"> <th scope=\"row\" class=\"footnote_plugin_index_combi pointer\"  onclick=\"footnote_moveToAnchor_1537_1('footnote_plugin_tooltip_1537_1_1');\"><a id=\"footnote_plugin_reference_1537_1_1\" class=\"footnote_backlink\"><span class=\"footnote_index_arrow\">&#8593;<\/span>1<\/a><\/th> <td class=\"footnote_plugin_text\">Secci\u00f3n 4648.5(a)<\/td><\/tr>\r\n\r\n<tr class=\"footnotes_plugin_reference_row\"> <th scope=\"row\" class=\"footnote_plugin_index_combi pointer\"  onclick=\"footnote_moveToAnchor_1537_1('footnote_plugin_tooltip_1537_1_2');\"><a id=\"footnote_plugin_reference_1537_1_2\" class=\"footnote_backlink\"><span class=\"footnote_index_arrow\">&#8593;<\/span>2<\/a><\/th> <td class=\"footnote_plugin_text\">Secci\u00f3n 4688.21(b)(1-7)<\/td><\/tr>\r\n\r\n<tr class=\"footnotes_plugin_reference_row\"> <th scope=\"row\" class=\"footnote_plugin_index_combi pointer\"  onclick=\"footnote_moveToAnchor_1537_1('footnote_plugin_tooltip_1537_1_3');\"><a id=\"footnote_plugin_reference_1537_1_3\" class=\"footnote_backlink\"><span class=\"footnote_index_arrow\">&#8593;<\/span>3<\/a><\/th> <td class=\"footnote_plugin_text\">Secci\u00f3n 4688.21 (c)(1-12); v\u00e9ase tambi\u00e9n el T\u00edtulo 17, C\u00f3digo de Reglamentos de California, secciones 58884-58888<\/td><\/tr>\r\n\r\n <\/tbody> <\/table> <\/div><\/div><script type=\"text\/javascript\"> function footnote_expand_reference_container_1537_1() { jQuery('#footnote_references_container_1537_1').show(); jQuery('#footnote_reference_container_collapse_button_1537_1').text('\u2212'); } function footnote_collapse_reference_container_1537_1() { jQuery('#footnote_references_container_1537_1').hide(); jQuery('#footnote_reference_container_collapse_button_1537_1').text('+'); } function footnote_expand_collapse_reference_container_1537_1() { if (jQuery('#footnote_references_container_1537_1').is(':hidden')) { footnote_expand_reference_container_1537_1(); } else { footnote_collapse_reference_container_1537_1(); } } function footnote_moveToReference_1537_1(p_str_TargetID) { footnote_expand_reference_container_1537_1(); var l_obj_Target = jQuery('#' + p_str_TargetID); if (l_obj_Target.length) { jQuery( 'html, body' ).delay( 0 ); jQuery('html, body').animate({ scrollTop: l_obj_Target.offset().top - window.innerHeight * 0.2 }, 380); } } function footnote_moveToAnchor_1537_1(p_str_TargetID) { footnote_expand_reference_container_1537_1(); var l_obj_Target = jQuery('#' + p_str_TargetID); if (l_obj_Target.length) { jQuery( 'html, body' ).delay( 0 ); jQuery('html, body').animate({ scrollTop: l_obj_Target.offset().top - window.innerHeight * 0.2 }, 380); } }<\/script>","protected":false},"excerpt":{"rendered":"<p>En raras ocasiones, los centros regionales pueden pagar el campamento y los gastos de viaje relacionados. Se trata de un servicio que anteriormente estaba suspendido,&hellip;<\/p>\n","protected":false},"author":1,"featured_media":0,"parent":1447,"menu_order":12,"comment_status":"closed","ping_status":"closed","template":"","meta":{"footnotes":""},"class_list":["post-1537","page","type-page","status-publish","hentry"],"_links":{"self":[{"href":"https:\/\/rula.disabilityrightsca.org\/es\/wp-json\/wp\/v2\/pages\/1537","targetHints":{"allow":["GET"]}}],"collection":[{"href":"https:\/\/rula.disabilityrightsca.org\/es\/wp-json\/wp\/v2\/pages"}],"about":[{"href":"https:\/\/rula.disabilityrightsca.org\/es\/wp-json\/wp\/v2\/types\/page"}],"author":[{"embeddable":true,"href":"https:\/\/rula.disabilityrightsca.org\/es\/wp-json\/wp\/v2\/users\/1"}],"replies":[{"embeddable":true,"href":"https:\/\/rula.disabilityrightsca.org\/es\/wp-json\/wp\/v2\/comments?post=1537"}],"version-history":[{"count":4,"href":"https:\/\/rula.disabilityrightsca.org\/es\/wp-json\/wp\/v2\/pages\/1537\/revisions"}],"predecessor-version":[{"id":3863,"href":"https:\/\/rula.disabilityrightsca.org\/es\/wp-json\/wp\/v2\/pages\/1537\/revisions\/3863"}],"up":[{"embeddable":true,"href":"https:\/\/rula.disabilityrightsca.org\/es\/wp-json\/wp\/v2\/pages\/1447"}],"wp:attachment":[{"href":"https:\/\/rula.disabilityrightsca.org\/es\/wp-json\/wp\/v2\/media?parent=1537"}],"curies":[{"name":"wp","href":"https:\/\/api.w.org\/{rel}","templated":true}]}}