{"id":1535,"date":"2021-07-01T21:21:51","date_gmt":"2021-07-01T21:21:51","guid":{"rendered":"http:\/\/www.rula.disabilityrightsca.org\/es\/?page_id=1535"},"modified":"2023-12-05T19:17:45","modified_gmt":"2023-12-05T19:17:45","slug":"9-11-que-son-los-programas-diurnos","status":"publish","type":"page","link":"https:\/\/rula.disabilityrightsca.org\/es\/rula-book\/capitulo-9-participacion-comunitaria-trabajo-actividades-diurnas-y-de-ocio\/9-11-que-son-los-programas-diurnos\/","title":{"rendered":"(9.11) \u00bfQu\u00e9 son los programas diurnos?"},"content":{"rendered":"\n<p>Programas diurnos es el t\u00e9rmino general que se utiliza para describir una variedad de programas para adultos con discapacidades del desarrollo. Estos programas brindan servicios por horas o por d\u00edas, pero no son programas de 24 horas. En un programa diurno, puede aprender a interactuar con otros, expresar lo que necesita y seguir instrucciones. Los tipos de programas diurnos incluyen:<\/p>\n\n\n\n<ul class=\"wp-block-list\">\n<li>Centros de desarrollo para adultos,<\/li>\n\n\n\n<li>Centros de actividades,<\/li>\n\n\n\n<li>Programas de manejo de la conducta,<\/li>\n\n\n\n<li>Programas de habilidades para la vida independiente y<\/li>\n\n\n\n<li>Programas de recreaci\u00f3n social.<span class=\"footnote_referrer\"><a role=\"button\" tabindex=\"0\" onclick=\"footnote_moveToReference_1535_1('footnote_plugin_reference_1535_1_1');\" onkeypress=\"footnote_moveToReference_1535_1('footnote_plugin_reference_1535_1_1');\" ><sup id=\"footnote_plugin_tooltip_1535_1_1\" class=\"footnote_plugin_tooltip_text\">[1]<\/sup><\/a><span id=\"footnote_plugin_tooltip_text_1535_1_1\" class=\"footnote_tooltip\">T\u00edtulo 17, C\u00f3digo de Reglamentos de California, secci\u00f3n 54302(a)(16)<\/span><\/span><script type=\"text\/javascript\"> jQuery('#footnote_plugin_tooltip_1535_1_1').tooltip({ tip: '#footnote_plugin_tooltip_text_1535_1_1', tipClass: 'footnote_tooltip', effect: 'fade', predelay: 0, fadeInSpeed: 200, delay: 400, fadeOutSpeed: 200, position: 'top center', relative: true, offset: [-7, 0], });<\/script><\/li>\n<\/ul>\n\n\n\n<p>Los <strong><u>Centros de Desarrollo para Adultos<\/u><\/strong> son un tipo de programa diurno. Se enfocan en ayudarlo a desarrollar y mantener las habilidades que necesita para defenderse, integrarse en la comunidad, conseguir un trabajo y cuidar de s\u00ed mismo.<span class=\"footnote_referrer\"><a role=\"button\" tabindex=\"0\" onclick=\"footnote_moveToReference_1535_1('footnote_plugin_reference_1535_1_2');\" onkeypress=\"footnote_moveToReference_1535_1('footnote_plugin_reference_1535_1_2');\" ><sup id=\"footnote_plugin_tooltip_1535_1_2\" class=\"footnote_plugin_tooltip_text\">[2]<\/sup><\/a><span id=\"footnote_plugin_tooltip_text_1535_1_2\" class=\"footnote_tooltip\">T\u00edtulo 17, C\u00f3digo de Reglamentos de California, secci\u00f3n 54302(a)(7)<\/span><\/span><script type=\"text\/javascript\"> jQuery('#footnote_plugin_tooltip_1535_1_2').tooltip({ tip: '#footnote_plugin_tooltip_text_1535_1_2', tipClass: 'footnote_tooltip', effect: 'fade', predelay: 0, fadeInSpeed: 200, delay: 400, fadeOutSpeed: 200, position: 'top center', relative: true, offset: [-7, 0], });<\/script> Algunos ofrecen diferentes actividades todos los d\u00edas como trabajo, voluntariado, educaci\u00f3n, recreaci\u00f3n y habilidades para la vida independiente. Sus actividades dependen de lo que usted necesite y quiera.<\/p>\n\n\n\n<p>Pregunte en el centro regional si hay programas como este cerca de donde usted vive. Si no es as\u00ed, pida al centro regional que inicie un programa.<\/p>\n\n\n\n<p>Los <strong><u>Centros de Actividades<\/u><\/strong> son programas diurnos para personas que:<\/p>\n\n\n\n<ul class=\"wp-block-list\">\n<li>Ya tengan habilidades b\u00e1sicas de autocuidado,<\/li>\n\n\n\n<li>Puedan interactuar un poco con los dem\u00e1s,<\/li>\n\n\n\n<li>Puedan explicar lo que necesitan y<\/li>\n\n\n\n<li>Sigan instrucciones.<\/li>\n<\/ul>\n\n\n\n<p>Estos programas lo ayudan a desarrollar y mantener las habilidades que necesita para defenderse, integrarse en la comunidad y trabajar.<span class=\"footnote_referrer\"><a role=\"button\" tabindex=\"0\" onclick=\"footnote_moveToReference_1535_1('footnote_plugin_reference_1535_1_3');\" onkeypress=\"footnote_moveToReference_1535_1('footnote_plugin_reference_1535_1_3');\" ><sup id=\"footnote_plugin_tooltip_1535_1_3\" class=\"footnote_plugin_tooltip_text\">[3]<\/sup><\/a><span id=\"footnote_plugin_tooltip_text_1535_1_3\" class=\"footnote_tooltip\">T\u00edtulo 17, C\u00f3digo de Reglamentos de California, secci\u00f3n 54302(a)(2)<\/span><\/span><script type=\"text\/javascript\"> jQuery('#footnote_plugin_tooltip_1535_1_3').tooltip({ tip: '#footnote_plugin_tooltip_text_1535_1_3', tipClass: 'footnote_tooltip', effect: 'fade', predelay: 0, fadeInSpeed: 200, delay: 400, fadeOutSpeed: 200, position: 'top center', relative: true, offset: [-7, 0], });<\/script><\/p>\n\n\n\n<p>Los <strong><u>Programas de Manejo de la Conducta<\/u><\/strong> son programas diurnos para adultos con trastornos de conducta graves o con discapacidades psiqui\u00e1tricas y del desarrollo. Atienden a adultos que no son elegibles para otros programas diurnos debido a sus problemas de conducta.<span class=\"footnote_referrer\"><a role=\"button\" tabindex=\"0\" onclick=\"footnote_moveToReference_1535_1('footnote_plugin_reference_1535_1_4');\" onkeypress=\"footnote_moveToReference_1535_1('footnote_plugin_reference_1535_1_4');\" ><sup id=\"footnote_plugin_tooltip_1535_1_4\" class=\"footnote_plugin_tooltip_text\">[4]<\/sup><\/a><span id=\"footnote_plugin_tooltip_text_1535_1_4\" class=\"footnote_tooltip\">T\u00edtulo 17, C\u00f3digo de Reglamentos de California, secci\u00f3n 54302(a)(12)<\/span><\/span><script type=\"text\/javascript\"> jQuery('#footnote_plugin_tooltip_1535_1_4').tooltip({ tip: '#footnote_plugin_tooltip_text_1535_1_4', tipClass: 'footnote_tooltip', effect: 'fade', predelay: 0, fadeInSpeed: 200, delay: 400, fadeOutSpeed: 200, position: 'top center', relative: true, offset: [-7, 0], });<\/script><\/p>\n\n\n\n<p>Los <strong><u>Programas de Recreaci\u00f3n Social<\/u><\/strong> son programas diurnos que lo ayudan a integrarse en la comunidad y abogar por usted mismo para las actividades de recreaci\u00f3n y esparcimiento.<span class=\"footnote_referrer\"><a role=\"button\" tabindex=\"0\" onclick=\"footnote_moveToReference_1535_1('footnote_plugin_reference_1535_1_5');\" onkeypress=\"footnote_moveToReference_1535_1('footnote_plugin_reference_1535_1_5');\" ><sup id=\"footnote_plugin_tooltip_1535_1_5\" class=\"footnote_plugin_tooltip_text\">[5]<\/sup><\/a><span id=\"footnote_plugin_tooltip_text_1535_1_5\" class=\"footnote_tooltip\">T\u00edtulo 17, C\u00f3digo de Reglamentos de California, secci\u00f3n 54302(a)(64)<\/span><\/span><script type=\"text\/javascript\"> jQuery('#footnote_plugin_tooltip_1535_1_5').tooltip({ tip: '#footnote_plugin_tooltip_text_1535_1_5', tipClass: 'footnote_tooltip', effect: 'fade', predelay: 0, fadeInSpeed: 200, delay: 400, fadeOutSpeed: 200, position: 'top center', relative: true, offset: [-7, 0], });<\/script> Los centros regionales pueden volver a comprar servicios de recreaci\u00f3n social a partir de julio de 2021.<span class=\"footnote_referrer\"><a role=\"button\" tabindex=\"0\" onclick=\"footnote_moveToReference_1535_1('footnote_plugin_reference_1535_1_6');\" onkeypress=\"footnote_moveToReference_1535_1('footnote_plugin_reference_1535_1_6');\" ><sup id=\"footnote_plugin_tooltip_1535_1_6\" class=\"footnote_plugin_tooltip_text\">[6]<\/sup><\/a><span id=\"footnote_plugin_tooltip_text_1535_1_6\" class=\"footnote_tooltip\">Secci\u00f3n 4648.5(a) Los servicios de los centros regionales suspendidos en 2009 se restablecen a partir del 1 de julio de 2021. Los servicios incluyen campamentos y gastos de viaje relacionados,&nbsp;&#x2026; <span class=\"footnote_tooltip_continue\"  onclick=\"footnote_moveToReference_1535_1('footnote_plugin_reference_1535_1_6');\">Continue reading<\/span><\/span><\/span><script type=\"text\/javascript\"> jQuery('#footnote_plugin_tooltip_1535_1_6').tooltip({ tip: '#footnote_plugin_tooltip_text_1535_1_6', tipClass: 'footnote_tooltip', effect: 'fade', predelay: 0, fadeInSpeed: 200, delay: 400, fadeOutSpeed: 200, position: 'top center', relative: true, offset: [-7, 0], });<\/script><\/p>\n\n\n\n<p>Se puede hacer una excepci\u00f3n para que los centros regionales compren actividades de recreaci\u00f3n social si el centro regional decide que el servicio es: &#8220;un medio primario o cr\u00edtico para&#8221; mejorar los efectos f\u00edsicos, cognitivos o psicosociales de su discapacidad del desarrollo&#8221;, o que el servicio es necesario para ayudarlo a permanecer en su hogar y ning\u00fan otro servicio puede satisfacer sus necesidades.<span class=\"footnote_referrer\"><a role=\"button\" tabindex=\"0\" onclick=\"footnote_moveToReference_1535_1('footnote_plugin_reference_1535_1_7');\" onkeypress=\"footnote_moveToReference_1535_1('footnote_plugin_reference_1535_1_7');\" ><sup id=\"footnote_plugin_tooltip_1535_1_7\" class=\"footnote_plugin_tooltip_text\">[7]<\/sup><\/a><span id=\"footnote_plugin_tooltip_text_1535_1_7\" class=\"footnote_tooltip\">Secci\u00f3n 4648.5(c)<\/span><\/span><script type=\"text\/javascript\"> jQuery('#footnote_plugin_tooltip_1535_1_7').tooltip({ tip: '#footnote_plugin_tooltip_text_1535_1_7', tipClass: 'footnote_tooltip', effect: 'fade', predelay: 0, fadeInSpeed: 200, delay: 400, fadeOutSpeed: 200, position: 'top center', relative: true, offset: [-7, 0], });<\/script><\/p>\n<div class=\"speaker-mute footnotes_reference_container\"> <div class=\"footnote_container_prepare\"><p><span role=\"button\" tabindex=\"0\" class=\"footnote_reference_container_label pointer\" onclick=\"footnote_expand_collapse_reference_container_1535_1();\">&#x202F;<\/span><span role=\"button\" tabindex=\"0\" class=\"footnote_reference_container_collapse_button\" style=\"display: none;\" onclick=\"footnote_expand_collapse_reference_container_1535_1();\">[<a id=\"footnote_reference_container_collapse_button_1535_1\">+<\/a>]<\/span><\/p><\/div> <div id=\"footnote_references_container_1535_1\" style=\"\"><table class=\"footnotes_table footnote-reference-container\"><caption class=\"accessibility\">References<\/caption> <tbody> \r\n\r\n<tr class=\"footnotes_plugin_reference_row\"> <th scope=\"row\" class=\"footnote_plugin_index_combi pointer\"  onclick=\"footnote_moveToAnchor_1535_1('footnote_plugin_tooltip_1535_1_1');\"><a id=\"footnote_plugin_reference_1535_1_1\" class=\"footnote_backlink\"><span class=\"footnote_index_arrow\">&#8593;<\/span>1<\/a><\/th> <td class=\"footnote_plugin_text\">T\u00edtulo 17, C\u00f3digo de Reglamentos de California, secci\u00f3n 54302(a)(16)<\/td><\/tr>\r\n\r\n<tr class=\"footnotes_plugin_reference_row\"> <th scope=\"row\" class=\"footnote_plugin_index_combi pointer\"  onclick=\"footnote_moveToAnchor_1535_1('footnote_plugin_tooltip_1535_1_2');\"><a id=\"footnote_plugin_reference_1535_1_2\" class=\"footnote_backlink\"><span class=\"footnote_index_arrow\">&#8593;<\/span>2<\/a><\/th> <td class=\"footnote_plugin_text\">T\u00edtulo 17, C\u00f3digo de Reglamentos de California, secci\u00f3n 54302(a)(7)<\/td><\/tr>\r\n\r\n<tr class=\"footnotes_plugin_reference_row\"> <th scope=\"row\" class=\"footnote_plugin_index_combi pointer\"  onclick=\"footnote_moveToAnchor_1535_1('footnote_plugin_tooltip_1535_1_3');\"><a id=\"footnote_plugin_reference_1535_1_3\" class=\"footnote_backlink\"><span class=\"footnote_index_arrow\">&#8593;<\/span>3<\/a><\/th> <td class=\"footnote_plugin_text\">T\u00edtulo 17, C\u00f3digo de Reglamentos de California, secci\u00f3n 54302(a)(2)<\/td><\/tr>\r\n\r\n<tr class=\"footnotes_plugin_reference_row\"> <th scope=\"row\" class=\"footnote_plugin_index_combi pointer\"  onclick=\"footnote_moveToAnchor_1535_1('footnote_plugin_tooltip_1535_1_4');\"><a id=\"footnote_plugin_reference_1535_1_4\" class=\"footnote_backlink\"><span class=\"footnote_index_arrow\">&#8593;<\/span>4<\/a><\/th> <td class=\"footnote_plugin_text\">T\u00edtulo 17, C\u00f3digo de Reglamentos de California, secci\u00f3n 54302(a)(12)<\/td><\/tr>\r\n\r\n<tr class=\"footnotes_plugin_reference_row\"> <th scope=\"row\" class=\"footnote_plugin_index_combi pointer\"  onclick=\"footnote_moveToAnchor_1535_1('footnote_plugin_tooltip_1535_1_5');\"><a id=\"footnote_plugin_reference_1535_1_5\" class=\"footnote_backlink\"><span class=\"footnote_index_arrow\">&#8593;<\/span>5<\/a><\/th> <td class=\"footnote_plugin_text\">T\u00edtulo 17, C\u00f3digo de Reglamentos de California, secci\u00f3n 54302(a)(64)<\/td><\/tr>\r\n\r\n<tr class=\"footnotes_plugin_reference_row\"> <th scope=\"row\" class=\"footnote_plugin_index_combi pointer\"  onclick=\"footnote_moveToAnchor_1535_1('footnote_plugin_tooltip_1535_1_6');\"><a id=\"footnote_plugin_reference_1535_1_6\" class=\"footnote_backlink\"><span class=\"footnote_index_arrow\">&#8593;<\/span>6<\/a><\/th> <td class=\"footnote_plugin_text\">Secci\u00f3n 4648.5(a) Los servicios de los centros regionales suspendidos en 2009 se restablecen a partir del 1 de julio de 2021. Los servicios incluyen campamentos y gastos de viaje relacionados, recreaci\u00f3n social, servicios educativos y terapias no m\u00e9dicas, como la musicoterapia<\/td><\/tr>\r\n\r\n<tr class=\"footnotes_plugin_reference_row\"> <th scope=\"row\" class=\"footnote_plugin_index_combi pointer\"  onclick=\"footnote_moveToAnchor_1535_1('footnote_plugin_tooltip_1535_1_7');\"><a id=\"footnote_plugin_reference_1535_1_7\" class=\"footnote_backlink\"><span class=\"footnote_index_arrow\">&#8593;<\/span>7<\/a><\/th> <td class=\"footnote_plugin_text\">Secci\u00f3n 4648.5(c)<\/td><\/tr>\r\n\r\n <\/tbody> <\/table> <\/div><\/div><script type=\"text\/javascript\"> function footnote_expand_reference_container_1535_1() { jQuery('#footnote_references_container_1535_1').show(); jQuery('#footnote_reference_container_collapse_button_1535_1').text('\u2212'); } function footnote_collapse_reference_container_1535_1() { jQuery('#footnote_references_container_1535_1').hide(); jQuery('#footnote_reference_container_collapse_button_1535_1').text('+'); } function footnote_expand_collapse_reference_container_1535_1() { if (jQuery('#footnote_references_container_1535_1').is(':hidden')) { footnote_expand_reference_container_1535_1(); } else { footnote_collapse_reference_container_1535_1(); } } function footnote_moveToReference_1535_1(p_str_TargetID) { footnote_expand_reference_container_1535_1(); var l_obj_Target = jQuery('#' + p_str_TargetID); if (l_obj_Target.length) { jQuery( 'html, body' ).delay( 0 ); jQuery('html, body').animate({ scrollTop: l_obj_Target.offset().top - window.innerHeight * 0.2 }, 380); } } function footnote_moveToAnchor_1535_1(p_str_TargetID) { footnote_expand_reference_container_1535_1(); var l_obj_Target = jQuery('#' + p_str_TargetID); if (l_obj_Target.length) { jQuery( 'html, body' ).delay( 0 ); jQuery('html, body').animate({ scrollTop: l_obj_Target.offset().top - window.innerHeight * 0.2 }, 380); } }<\/script>","protected":false},"excerpt":{"rendered":"<p>Programas diurnos es el t\u00e9rmino general que se utiliza para describir una variedad de programas para adultos con discapacidades del desarrollo. Estos programas brindan servicios&hellip;<\/p>\n","protected":false},"author":1,"featured_media":0,"parent":1447,"menu_order":11,"comment_status":"closed","ping_status":"closed","template":"","meta":{"footnotes":""},"class_list":["post-1535","page","type-page","status-publish","hentry"],"_links":{"self":[{"href":"https:\/\/rula.disabilityrightsca.org\/es\/wp-json\/wp\/v2\/pages\/1535","targetHints":{"allow":["GET"]}}],"collection":[{"href":"https:\/\/rula.disabilityrightsca.org\/es\/wp-json\/wp\/v2\/pages"}],"about":[{"href":"https:\/\/rula.disabilityrightsca.org\/es\/wp-json\/wp\/v2\/types\/page"}],"author":[{"embeddable":true,"href":"https:\/\/rula.disabilityrightsca.org\/es\/wp-json\/wp\/v2\/users\/1"}],"replies":[{"embeddable":true,"href":"https:\/\/rula.disabilityrightsca.org\/es\/wp-json\/wp\/v2\/comments?post=1535"}],"version-history":[{"count":5,"href":"https:\/\/rula.disabilityrightsca.org\/es\/wp-json\/wp\/v2\/pages\/1535\/revisions"}],"predecessor-version":[{"id":3862,"href":"https:\/\/rula.disabilityrightsca.org\/es\/wp-json\/wp\/v2\/pages\/1535\/revisions\/3862"}],"up":[{"embeddable":true,"href":"https:\/\/rula.disabilityrightsca.org\/es\/wp-json\/wp\/v2\/pages\/1447"}],"wp:attachment":[{"href":"https:\/\/rula.disabilityrightsca.org\/es\/wp-json\/wp\/v2\/media?parent=1535"}],"curies":[{"name":"wp","href":"https:\/\/api.w.org\/{rel}","templated":true}]}}