{"id":1533,"date":"2021-07-01T21:18:35","date_gmt":"2021-07-01T21:18:35","guid":{"rendered":"http:\/\/www.rula.disabilityrightsca.org\/es\/?page_id=1533"},"modified":"2023-12-05T19:15:39","modified_gmt":"2023-12-05T19:15:39","slug":"9-10-que-son-los-programas-de-actividades-laborales","status":"publish","type":"page","link":"https:\/\/rula.disabilityrightsca.org\/es\/rula-book\/capitulo-9-participacion-comunitaria-trabajo-actividades-diurnas-y-de-ocio\/9-10-que-son-los-programas-de-actividades-laborales\/","title":{"rendered":"(9.10) \u00bfQu\u00e9 son los programas de actividades laborales?"},"content":{"rendered":"\n<p>Los programas de actividades laborales brindan servicios para que los adultos con discapacidades del desarrollo trabajen. \u00c9stos incluyen:<\/p>\n\n\n\n<ul class=\"wp-block-list\">\n<li>Programas de actividades laborales basados en la comunidad certificados por el DOR o acreditados por CARF (Comisi\u00f3n de Acreditaci\u00f3n de Instalaciones de Rehabilitaci\u00f3n).<span class=\"footnote_referrer\"><a role=\"button\" tabindex=\"0\" onclick=\"footnote_moveToReference_1533_1('footnote_plugin_reference_1533_1_1');\" onkeypress=\"footnote_moveToReference_1533_1('footnote_plugin_reference_1533_1_1');\" ><sup id=\"footnote_plugin_tooltip_1533_1_1\" class=\"footnote_plugin_tooltip_text\">[1]<\/sup><\/a><span id=\"footnote_plugin_tooltip_text_1533_1_1\" class=\"footnote_tooltip\">Secci\u00f3n 4851(e)(f) and (l)<\/span><\/span><script type=\"text\/javascript\"> jQuery('#footnote_plugin_tooltip_1533_1_1').tooltip({ tip: '#footnote_plugin_tooltip_text_1533_1_1', tipClass: 'footnote_tooltip', effect: 'fade', predelay: 0, fadeInSpeed: 200, delay: 400, fadeOutSpeed: 200, position: 'top center', relative: true, offset: [-7, 0], });<\/script><\/li>\n\n\n\n<li>Talleres protegidos (no ser\u00e1n una opci\u00f3n para el a\u00f1o 2025)<\/li>\n\n\n\n<li>Centros de actividad laboral<\/li>\n<\/ul>\n\n\n\n<p>Por lo general, los talleres protegidos y los centros de actividad laboral pagan menos que el salario m\u00ednimo. Es posible que no est\u00e9n disponibles a causa de las nuevas normas sobre el pago de menos dinero por el trabajo que realizan. No estar\u00e1n disponibles en absoluto a partir del a\u00f1o 2025. El centro regional o el DOR pagan los programas de actividades laborales. <span class=\"footnote_referrer\"><a role=\"button\" tabindex=\"0\" onclick=\"footnote_moveToReference_1533_1('footnote_plugin_reference_1533_1_2');\" onkeypress=\"footnote_moveToReference_1533_1('footnote_plugin_reference_1533_1_2');\" ><sup id=\"footnote_plugin_tooltip_1533_1_2\" class=\"footnote_plugin_tooltip_text\">[2]<\/sup><\/a><span id=\"footnote_plugin_tooltip_text_1533_1_2\" class=\"footnote_tooltip\">Secci\u00f3n 4867<\/span><\/span><script type=\"text\/javascript\"> jQuery('#footnote_plugin_tooltip_1533_1_2').tooltip({ tip: '#footnote_plugin_tooltip_text_1533_1_2', tipClass: 'footnote_tooltip', effect: 'fade', predelay: 0, fadeInSpeed: 200, delay: 400, fadeOutSpeed: 200, position: 'top center', relative: true, offset: [-7, 0], });<\/script>. No es necesario que trabaje en un centro de actividades o en un taller protegido antes de intentar algo como un empleo con apoyo, un empleo competitivo o un trabajo por cuenta propia. D\u00edgale al coordinador de servicios de su centro regional cu\u00e1l es su meta de empleo y escr\u00edbalo en su IPP. Su meta ayudar\u00e1 a decidir qu\u00e9 servicios de apoyo necesita. Tambi\u00e9n ayudar\u00e1 al centro regional a conectarlo con el proveedor adecuado que pueda ayudarlo.<\/p>\n<div class=\"speaker-mute footnotes_reference_container\"> <div class=\"footnote_container_prepare\"><p><span role=\"button\" tabindex=\"0\" class=\"footnote_reference_container_label pointer\" onclick=\"footnote_expand_collapse_reference_container_1533_1();\">&#x202F;<\/span><span role=\"button\" tabindex=\"0\" class=\"footnote_reference_container_collapse_button\" style=\"display: none;\" onclick=\"footnote_expand_collapse_reference_container_1533_1();\">[<a id=\"footnote_reference_container_collapse_button_1533_1\">+<\/a>]<\/span><\/p><\/div> <div id=\"footnote_references_container_1533_1\" style=\"\"><table class=\"footnotes_table footnote-reference-container\"><caption class=\"accessibility\">References<\/caption> <tbody> \r\n\r\n<tr class=\"footnotes_plugin_reference_row\"> <th scope=\"row\" class=\"footnote_plugin_index_combi pointer\"  onclick=\"footnote_moveToAnchor_1533_1('footnote_plugin_tooltip_1533_1_1');\"><a id=\"footnote_plugin_reference_1533_1_1\" class=\"footnote_backlink\"><span class=\"footnote_index_arrow\">&#8593;<\/span>1<\/a><\/th> <td class=\"footnote_plugin_text\">Secci\u00f3n 4851(e)(f) and (l)<\/td><\/tr>\r\n\r\n<tr class=\"footnotes_plugin_reference_row\"> <th scope=\"row\" class=\"footnote_plugin_index_combi pointer\"  onclick=\"footnote_moveToAnchor_1533_1('footnote_plugin_tooltip_1533_1_2');\"><a id=\"footnote_plugin_reference_1533_1_2\" class=\"footnote_backlink\"><span class=\"footnote_index_arrow\">&#8593;<\/span>2<\/a><\/th> <td class=\"footnote_plugin_text\">Secci\u00f3n 4867<\/td><\/tr>\r\n\r\n <\/tbody> <\/table> <\/div><\/div><script type=\"text\/javascript\"> function footnote_expand_reference_container_1533_1() { jQuery('#footnote_references_container_1533_1').show(); jQuery('#footnote_reference_container_collapse_button_1533_1').text('\u2212'); } function footnote_collapse_reference_container_1533_1() { jQuery('#footnote_references_container_1533_1').hide(); jQuery('#footnote_reference_container_collapse_button_1533_1').text('+'); } function footnote_expand_collapse_reference_container_1533_1() { if (jQuery('#footnote_references_container_1533_1').is(':hidden')) { footnote_expand_reference_container_1533_1(); } else { footnote_collapse_reference_container_1533_1(); } } function footnote_moveToReference_1533_1(p_str_TargetID) { footnote_expand_reference_container_1533_1(); var l_obj_Target = jQuery('#' + p_str_TargetID); if (l_obj_Target.length) { jQuery( 'html, body' ).delay( 0 ); jQuery('html, body').animate({ scrollTop: l_obj_Target.offset().top - window.innerHeight * 0.2 }, 380); } } function footnote_moveToAnchor_1533_1(p_str_TargetID) { footnote_expand_reference_container_1533_1(); var l_obj_Target = jQuery('#' + p_str_TargetID); if (l_obj_Target.length) { jQuery( 'html, body' ).delay( 0 ); jQuery('html, body').animate({ scrollTop: l_obj_Target.offset().top - window.innerHeight * 0.2 }, 380); } }<\/script>","protected":false},"excerpt":{"rendered":"<p>Los programas de actividades laborales brindan servicios para que los adultos con discapacidades del desarrollo trabajen. \u00c9stos incluyen: Por lo general, los talleres protegidos y&hellip;<\/p>\n","protected":false},"author":1,"featured_media":0,"parent":1447,"menu_order":10,"comment_status":"closed","ping_status":"closed","template":"","meta":{"footnotes":""},"class_list":["post-1533","page","type-page","status-publish","hentry"],"_links":{"self":[{"href":"https:\/\/rula.disabilityrightsca.org\/es\/wp-json\/wp\/v2\/pages\/1533","targetHints":{"allow":["GET"]}}],"collection":[{"href":"https:\/\/rula.disabilityrightsca.org\/es\/wp-json\/wp\/v2\/pages"}],"about":[{"href":"https:\/\/rula.disabilityrightsca.org\/es\/wp-json\/wp\/v2\/types\/page"}],"author":[{"embeddable":true,"href":"https:\/\/rula.disabilityrightsca.org\/es\/wp-json\/wp\/v2\/users\/1"}],"replies":[{"embeddable":true,"href":"https:\/\/rula.disabilityrightsca.org\/es\/wp-json\/wp\/v2\/comments?post=1533"}],"version-history":[{"count":4,"href":"https:\/\/rula.disabilityrightsca.org\/es\/wp-json\/wp\/v2\/pages\/1533\/revisions"}],"predecessor-version":[{"id":3860,"href":"https:\/\/rula.disabilityrightsca.org\/es\/wp-json\/wp\/v2\/pages\/1533\/revisions\/3860"}],"up":[{"embeddable":true,"href":"https:\/\/rula.disabilityrightsca.org\/es\/wp-json\/wp\/v2\/pages\/1447"}],"wp:attachment":[{"href":"https:\/\/rula.disabilityrightsca.org\/es\/wp-json\/wp\/v2\/media?parent=1533"}],"curies":[{"name":"wp","href":"https:\/\/api.w.org\/{rel}","templated":true}]}}