{"id":1531,"date":"2021-07-01T21:16:42","date_gmt":"2021-07-01T21:16:42","guid":{"rendered":"http:\/\/www.rula.disabilityrightsca.org\/es\/?page_id=1531"},"modified":"2022-04-22T22:57:18","modified_gmt":"2022-04-22T22:57:18","slug":"9-9-puedo-trabajar-por-cuenta-propia-en-mi-propio-negocio","status":"publish","type":"page","link":"https:\/\/rula.disabilityrightsca.org\/es\/rula-book\/capitulo-9-participacion-comunitaria-trabajo-actividades-diurnas-y-de-ocio\/9-9-puedo-trabajar-por-cuenta-propia-en-mi-propio-negocio\/","title":{"rendered":"(9.9) \u00bfPuedo trabajar por cuenta propia en mi propio negocio?"},"content":{"rendered":"\n<p><em>Autoempleo<\/em> (tambi\u00e9n llamado <em>microempresa<\/em>), son personas con discapacidades del desarrollo que inician sus propios negocios. M\u00e1s personas con discapacidades del desarrollo est\u00e1n comenzando sus propios negocios. El centro regional y sus defensores pueden ayudarlo a comenzar.<\/p>\n\n\n\n<p>Primero, necesita un equipo de personas que pueda ayudarlo y defenderlo. Su equipo determina qu\u00e9 recursos y dinero puede utilizar para iniciar su negocio. Piense en lo que se le da bien y en lo que le gusta hacer con su tiempo. Establezca metas para su negocio. Luego, escriba un plan de negocios y \u00a1h\u00e1galo realidad! Ejemplos de propietarios de peque\u00f1as empresas que trabajan por cuenta propia incluyen: ser asistente personal o consultor de otra persona, entretener a la gente, dise\u00f1ar joyas o artes y manualidades. Puede hacer procesamiento de textos, mantenimiento de jardines o envolver regalos. Puede ofrecer trituraci\u00f3n de papel o cuidado de mascotas. Puede tener un negocio de m\u00e1quinas expendedoras, un negocio de reciclaje o un negocio de tarjetas y art\u00edculos de papeler\u00eda.<\/p>\n\n\n\n<p>Para iniciar su propio negocio, primero necesitar\u00e1 un equipo de dise\u00f1o empresarial. Su equipo no tiene que ser el mismo que su c\u00edrculo de apoyo o el equipo de IPP. Debe tener a alguien en su equipo con experiencia empresarial. Siga estos pasos con su equipo de negocios:<\/p>\n\n\n\n<ol class=\"wp-block-list\" type=\"1\"><li>Averig\u00fce qu\u00e9 le encanta hacer y c\u00f3mo puede ganar dinero haci\u00e9ndolo. Esto se denomina plan de negocios &#8220;centrado en la persona&#8221;. Decida cu\u00e1nto dinero necesita para empezar.<\/li><li>Estudie qu\u00e9 producto o servicio desea proporcionar para asegurarse de que suficientes personas lo quieren, como para mantener el negocio.<\/li><li>P\u00eddale a un especialista en beneficios que analice sus beneficios para que usted contin\u00fae recibiendo los que necesita, cuando tenga ingresos del negocio.<\/li><li>Elabore un plan de negocios que muestre c\u00f3mo ser\u00e1 su negocio, c\u00f3mo ganar\u00e1 dinero y qu\u00e9 ayuda necesita para administrarlo.<\/li><li>Una vez que sienta que est\u00e1 listo, comience su negocio.<\/li><li>Supervise su negocio y las necesidades de ayuda, para asegurarse de que el negocio seguir\u00e1 funcionando sin problemas.<\/li><\/ol>\n\n\n\n<p>Preg\u00fantele a su coordinador de servicios del centro regional si los proveedores o recursos locales pueden ayudarlo a comenzar su negocio. Organice una reuni\u00f3n de IPP para hablar sobre las opciones. Puede obtener dinero para iniciar su negocio con fondos privados, servicios gen\u00e9ricos, subvenciones especiales o servicios pagados por el centro regional. Si el centro regional no puede ayudarlo a comenzar su propio negocio, comun\u00edquese con Disability Rights California u OCRA para obtener ayuda con la asistencia legal.<\/p>\n","protected":false},"excerpt":{"rendered":"<p>Autoempleo (tambi\u00e9n llamado microempresa), son personas con discapacidades del desarrollo que inician sus propios negocios. M\u00e1s personas con discapacidades del desarrollo est\u00e1n comenzando sus propios&hellip;<\/p>\n","protected":false},"author":1,"featured_media":0,"parent":1447,"menu_order":9,"comment_status":"closed","ping_status":"closed","template":"","meta":{"footnotes":""},"class_list":["post-1531","page","type-page","status-publish","hentry"],"_links":{"self":[{"href":"https:\/\/rula.disabilityrightsca.org\/es\/wp-json\/wp\/v2\/pages\/1531","targetHints":{"allow":["GET"]}}],"collection":[{"href":"https:\/\/rula.disabilityrightsca.org\/es\/wp-json\/wp\/v2\/pages"}],"about":[{"href":"https:\/\/rula.disabilityrightsca.org\/es\/wp-json\/wp\/v2\/types\/page"}],"author":[{"embeddable":true,"href":"https:\/\/rula.disabilityrightsca.org\/es\/wp-json\/wp\/v2\/users\/1"}],"replies":[{"embeddable":true,"href":"https:\/\/rula.disabilityrightsca.org\/es\/wp-json\/wp\/v2\/comments?post=1531"}],"version-history":[{"count":2,"href":"https:\/\/rula.disabilityrightsca.org\/es\/wp-json\/wp\/v2\/pages\/1531\/revisions"}],"predecessor-version":[{"id":2963,"href":"https:\/\/rula.disabilityrightsca.org\/es\/wp-json\/wp\/v2\/pages\/1531\/revisions\/2963"}],"up":[{"embeddable":true,"href":"https:\/\/rula.disabilityrightsca.org\/es\/wp-json\/wp\/v2\/pages\/1447"}],"wp:attachment":[{"href":"https:\/\/rula.disabilityrightsca.org\/es\/wp-json\/wp\/v2\/media?parent=1531"}],"curies":[{"name":"wp","href":"https:\/\/api.w.org\/{rel}","templated":true}]}}