{"id":1476,"date":"2021-06-23T23:27:25","date_gmt":"2021-06-23T23:27:25","guid":{"rendered":"http:\/\/www.rula.disabilityrightsca.org\/es\/?page_id=1476"},"modified":"2023-12-05T19:12:58","modified_gmt":"2023-12-05T19:12:58","slug":"9-5-debo-utilizar-recursos-genericos-para-obtener-ayuda-con-el-trabajo-o-las-actividades-de-ocio-antes-de-que-el-centro-regional-me-ayude-a-conseguirlos","status":"publish","type":"page","link":"https:\/\/rula.disabilityrightsca.org\/es\/rula-book\/capitulo-9-participacion-comunitaria-trabajo-actividades-diurnas-y-de-ocio\/9-5-debo-utilizar-recursos-genericos-para-obtener-ayuda-con-el-trabajo-o-las-actividades-de-ocio-antes-de-que-el-centro-regional-me-ayude-a-conseguirlos\/","title":{"rendered":"(9.5) \u00bfDebo utilizar recursos gen\u00e9ricos para obtener ayuda con el trabajo o las actividades de ocio antes de que el centro regional me ayude a conseguirlos?"},"content":{"rendered":"\n<p>Los servicios gen\u00e9ricos son servicios de otra agencia que atiende al p\u00fablico en general.<span class=\"footnote_referrer\"><a role=\"button\" tabindex=\"0\" onclick=\"footnote_moveToReference_1476_1('footnote_plugin_reference_1476_1_1');\" onkeypress=\"footnote_moveToReference_1476_1('footnote_plugin_reference_1476_1_1');\" ><sup id=\"footnote_plugin_tooltip_1476_1_1\" class=\"footnote_plugin_tooltip_text\">[1]<\/sup><\/a><span id=\"footnote_plugin_tooltip_text_1476_1_1\" class=\"footnote_tooltip\">Secci\u00f3n 4644(b)<\/span><\/span><script type=\"text\/javascript\"> jQuery('#footnote_plugin_tooltip_1476_1_1').tooltip({ tip: '#footnote_plugin_tooltip_text_1476_1_1', tipClass: 'footnote_tooltip', effect: 'fade', predelay: 0, fadeInSpeed: 200, delay: 400, fadeOutSpeed: 200, position: 'top center', relative: true, offset: [-7, 0], });<\/script> La ley dice que un cliente de un centro regional debe usar servicios gen\u00e9ricos antes de que el centro regional pueda pagar por servicios similares.<span class=\"footnote_referrer\"><a role=\"button\" tabindex=\"0\" onclick=\"footnote_moveToReference_1476_1('footnote_plugin_reference_1476_1_2');\" onkeypress=\"footnote_moveToReference_1476_1('footnote_plugin_reference_1476_1_2');\" ><sup id=\"footnote_plugin_tooltip_1476_1_2\" class=\"footnote_plugin_tooltip_text\">[2]<\/sup><\/a><span id=\"footnote_plugin_tooltip_text_1476_1_2\" class=\"footnote_tooltip\">Secciones 4648(a)(8) y 4659<\/span><\/span><script type=\"text\/javascript\"> jQuery('#footnote_plugin_tooltip_1476_1_2').tooltip({ tip: '#footnote_plugin_tooltip_text_1476_1_2', tipClass: 'footnote_tooltip', effect: 'fade', predelay: 0, fadeInSpeed: 200, delay: 400, fadeOutSpeed: 200, position: 'top center', relative: true, offset: [-7, 0], });<\/script> Los centros regionales son los pagadores de \u00faltimo recurso porque los consumidores deben utilizar primero los recursos gen\u00e9ricos. Primero debe usar los recursos gen\u00e9ricos si obtiene los servicios del centro regional de manera regular o si est\u00e1 en el Programa de autodeterminaci\u00f3n (SDP).<span class=\"footnote_referrer\"><a role=\"button\" tabindex=\"0\" onclick=\"footnote_moveToReference_1476_1('footnote_plugin_reference_1476_1_3');\" onkeypress=\"footnote_moveToReference_1476_1('footnote_plugin_reference_1476_1_3');\" ><sup id=\"footnote_plugin_tooltip_1476_1_3\" class=\"footnote_plugin_tooltip_text\">[3]<\/sup><\/a><span id=\"footnote_plugin_tooltip_text_1476_1_3\" class=\"footnote_tooltip\">Secci\u00f3n 4685.8(d)(3)(B)<\/span><\/span><script type=\"text\/javascript\"> jQuery('#footnote_plugin_tooltip_1476_1_3').tooltip({ tip: '#footnote_plugin_tooltip_text_1476_1_3', tipClass: 'footnote_tooltip', effect: 'fade', predelay: 0, fadeInSpeed: 200, delay: 400, fadeOutSpeed: 200, position: 'top center', relative: true, offset: [-7, 0], });<\/script><\/p>\n\n\n\n<p>Un ejemplo es el Departamento de Rehabilitaci\u00f3n (DOR). El DOR es una agencia gen\u00e9rica de servicios vocacionales y de transporte. El DOR ayuda a las personas con discapacidades a conseguir y mantener un trabajo y a vivir de forma independiente en sus comunidades. Esto incluye los servicios de rehabilitaci\u00f3n vocacional (que se analizan a continuaci\u00f3n). El DOR tambi\u00e9n puede brindar capacitaci\u00f3n educativa y universitaria. Si usted es elegible para recibir servicios del DOR, el centro regional no puede comprar servicios similares. La Ley Lanterman tambi\u00e9n dice que el centro regional debe garantizar que no haya brechas en la prestaci\u00f3n de servicios y apoyos contenidos en su IPP.<span class=\"footnote_referrer\"><a role=\"button\" tabindex=\"0\" onclick=\"footnote_moveToReference_1476_1('footnote_plugin_reference_1476_1_4');\" onkeypress=\"footnote_moveToReference_1476_1('footnote_plugin_reference_1476_1_4');\" ><sup id=\"footnote_plugin_tooltip_1476_1_4\" class=\"footnote_plugin_tooltip_text\">[4]<\/sup><\/a><span id=\"footnote_plugin_tooltip_text_1476_1_4\" class=\"footnote_tooltip\">Secciones 4501 y 4648(g)<\/span><\/span><script type=\"text\/javascript\"> jQuery('#footnote_plugin_tooltip_1476_1_4').tooltip({ tip: '#footnote_plugin_tooltip_text_1476_1_4', tipClass: 'footnote_tooltip', effect: 'fade', predelay: 0, fadeInSpeed: 200, delay: 400, fadeOutSpeed: 200, position: 'top center', relative: true, offset: [-7, 0], });<\/script> Por lo tanto, hasta que la agencia gen\u00e9rica responsable acepte cubrir el servicio, solicite al centro regional que pague. Consulte el <a href=\"https:\/\/rula.disabilityrightsca.org\/es\/rula-book\/capitulo-4-planes-de-programas-individuales\/\">Cap\u00edtulo 4<\/a> sobre el proceso de desarrollo del IPP.<\/p>\n<div class=\"speaker-mute footnotes_reference_container\"> <div class=\"footnote_container_prepare\"><p><span role=\"button\" tabindex=\"0\" class=\"footnote_reference_container_label pointer\" onclick=\"footnote_expand_collapse_reference_container_1476_1();\">&#x202F;<\/span><span role=\"button\" tabindex=\"0\" class=\"footnote_reference_container_collapse_button\" style=\"display: none;\" onclick=\"footnote_expand_collapse_reference_container_1476_1();\">[<a id=\"footnote_reference_container_collapse_button_1476_1\">+<\/a>]<\/span><\/p><\/div> <div id=\"footnote_references_container_1476_1\" style=\"\"><table class=\"footnotes_table footnote-reference-container\"><caption class=\"accessibility\">References<\/caption> <tbody> \r\n\r\n<tr class=\"footnotes_plugin_reference_row\"> <th scope=\"row\" class=\"footnote_plugin_index_combi pointer\"  onclick=\"footnote_moveToAnchor_1476_1('footnote_plugin_tooltip_1476_1_1');\"><a id=\"footnote_plugin_reference_1476_1_1\" class=\"footnote_backlink\"><span class=\"footnote_index_arrow\">&#8593;<\/span>1<\/a><\/th> <td class=\"footnote_plugin_text\">Secci\u00f3n 4644(b)<\/td><\/tr>\r\n\r\n<tr class=\"footnotes_plugin_reference_row\"> <th scope=\"row\" class=\"footnote_plugin_index_combi pointer\"  onclick=\"footnote_moveToAnchor_1476_1('footnote_plugin_tooltip_1476_1_2');\"><a id=\"footnote_plugin_reference_1476_1_2\" class=\"footnote_backlink\"><span class=\"footnote_index_arrow\">&#8593;<\/span>2<\/a><\/th> <td class=\"footnote_plugin_text\">Secciones 4648(a)(8) y 4659<\/td><\/tr>\r\n\r\n<tr class=\"footnotes_plugin_reference_row\"> <th scope=\"row\" class=\"footnote_plugin_index_combi pointer\"  onclick=\"footnote_moveToAnchor_1476_1('footnote_plugin_tooltip_1476_1_3');\"><a id=\"footnote_plugin_reference_1476_1_3\" class=\"footnote_backlink\"><span class=\"footnote_index_arrow\">&#8593;<\/span>3<\/a><\/th> <td class=\"footnote_plugin_text\">Secci\u00f3n 4685.8(d)(3)(B)<\/td><\/tr>\r\n\r\n<tr class=\"footnotes_plugin_reference_row\"> <th scope=\"row\" class=\"footnote_plugin_index_combi pointer\"  onclick=\"footnote_moveToAnchor_1476_1('footnote_plugin_tooltip_1476_1_4');\"><a id=\"footnote_plugin_reference_1476_1_4\" class=\"footnote_backlink\"><span class=\"footnote_index_arrow\">&#8593;<\/span>4<\/a><\/th> <td class=\"footnote_plugin_text\">Secciones 4501 y 4648(g)<\/td><\/tr>\r\n\r\n <\/tbody> <\/table> <\/div><\/div><script type=\"text\/javascript\"> function footnote_expand_reference_container_1476_1() { jQuery('#footnote_references_container_1476_1').show(); jQuery('#footnote_reference_container_collapse_button_1476_1').text('\u2212'); } function footnote_collapse_reference_container_1476_1() { jQuery('#footnote_references_container_1476_1').hide(); jQuery('#footnote_reference_container_collapse_button_1476_1').text('+'); } function footnote_expand_collapse_reference_container_1476_1() { if (jQuery('#footnote_references_container_1476_1').is(':hidden')) { footnote_expand_reference_container_1476_1(); } else { footnote_collapse_reference_container_1476_1(); } } function footnote_moveToReference_1476_1(p_str_TargetID) { footnote_expand_reference_container_1476_1(); var l_obj_Target = jQuery('#' + p_str_TargetID); if (l_obj_Target.length) { jQuery( 'html, body' ).delay( 0 ); jQuery('html, body').animate({ scrollTop: l_obj_Target.offset().top - window.innerHeight * 0.2 }, 380); } } function footnote_moveToAnchor_1476_1(p_str_TargetID) { footnote_expand_reference_container_1476_1(); var l_obj_Target = jQuery('#' + p_str_TargetID); if (l_obj_Target.length) { jQuery( 'html, body' ).delay( 0 ); jQuery('html, body').animate({ scrollTop: l_obj_Target.offset().top - window.innerHeight * 0.2 }, 380); } }<\/script>","protected":false},"excerpt":{"rendered":"<p>Los servicios gen\u00e9ricos son servicios de otra agencia que atiende al p\u00fablico en general.[1]Secci\u00f3n 4644(b) La ley dice que un cliente de un centro regional&hellip;<\/p>\n","protected":false},"author":1,"featured_media":0,"parent":1447,"menu_order":5,"comment_status":"closed","ping_status":"closed","template":"","meta":{"footnotes":""},"class_list":["post-1476","page","type-page","status-publish","hentry"],"_links":{"self":[{"href":"https:\/\/rula.disabilityrightsca.org\/es\/wp-json\/wp\/v2\/pages\/1476","targetHints":{"allow":["GET"]}}],"collection":[{"href":"https:\/\/rula.disabilityrightsca.org\/es\/wp-json\/wp\/v2\/pages"}],"about":[{"href":"https:\/\/rula.disabilityrightsca.org\/es\/wp-json\/wp\/v2\/types\/page"}],"author":[{"embeddable":true,"href":"https:\/\/rula.disabilityrightsca.org\/es\/wp-json\/wp\/v2\/users\/1"}],"replies":[{"embeddable":true,"href":"https:\/\/rula.disabilityrightsca.org\/es\/wp-json\/wp\/v2\/comments?post=1476"}],"version-history":[{"count":8,"href":"https:\/\/rula.disabilityrightsca.org\/es\/wp-json\/wp\/v2\/pages\/1476\/revisions"}],"predecessor-version":[{"id":3857,"href":"https:\/\/rula.disabilityrightsca.org\/es\/wp-json\/wp\/v2\/pages\/1476\/revisions\/3857"}],"up":[{"embeddable":true,"href":"https:\/\/rula.disabilityrightsca.org\/es\/wp-json\/wp\/v2\/pages\/1447"}],"wp:attachment":[{"href":"https:\/\/rula.disabilityrightsca.org\/es\/wp-json\/wp\/v2\/media?parent=1476"}],"curies":[{"name":"wp","href":"https:\/\/api.w.org\/{rel}","templated":true}]}}