{"id":1470,"date":"2021-06-23T23:06:23","date_gmt":"2021-06-23T23:06:23","guid":{"rendered":"http:\/\/www.rula.disabilityrightsca.org\/es\/?page_id=1470"},"modified":"2023-12-05T19:00:50","modified_gmt":"2023-12-05T19:00:50","slug":"9-4-si-se-que-tipo-de-trabajo-quiero-hacer-y-que-actividades-disfruto-como-puedo-lograr-que-el-centro-regional-me-ayude","status":"publish","type":"page","link":"https:\/\/rula.disabilityrightsca.org\/es\/rula-book\/capitulo-9-participacion-comunitaria-trabajo-actividades-diurnas-y-de-ocio\/9-4-si-se-que-tipo-de-trabajo-quiero-hacer-y-que-actividades-disfruto-como-puedo-lograr-que-el-centro-regional-me-ayude\/","title":{"rendered":"(9.4) Si s\u00e9 qu\u00e9 tipo de trabajo quiero hacer y qu\u00e9 actividades disfruto, \u00bfc\u00f3mo puedo lograr que el centro regional me ayude?"},"content":{"rendered":"\n<p>Una vez que decida qu\u00e9 tipo de cosas desea hacer en su comunidad, comun\u00edquese con su centro regional y solicite una reuni\u00f3n de Plan de Programa Individual (IPP). Debe utilizar el proceso de IPP para analizar e identificar los servicios y apoyos que satisfagan sus intereses laborales, comunitarios y de ocio. Puede esperar su pr\u00f3ximo IPP programado regularmente. O, puede solicitar una reuni\u00f3n de IPP y el centro regional debe realizar su reuni\u00f3n del IPP dentro de los 30 d\u00edas posteriores a su solicitud.<span class=\"footnote_referrer\"><a role=\"button\" tabindex=\"0\" onclick=\"footnote_moveToReference_1470_1('footnote_plugin_reference_1470_1_1');\" onkeypress=\"footnote_moveToReference_1470_1('footnote_plugin_reference_1470_1_1');\" ><sup id=\"footnote_plugin_tooltip_1470_1_1\" class=\"footnote_plugin_tooltip_text\">[1]<\/sup><\/a><span id=\"footnote_plugin_tooltip_text_1470_1_1\" class=\"footnote_tooltip\">Secci\u00f3n 4646.5(b)<\/span><\/span><script type=\"text\/javascript\"> jQuery('#footnote_plugin_tooltip_1470_1_1').tooltip({ tip: '#footnote_plugin_tooltip_text_1470_1_1', tipClass: 'footnote_tooltip', effect: 'fade', predelay: 0, fadeInSpeed: 200, delay: 400, fadeOutSpeed: 200, position: 'top center', relative: true, offset: [-7, 0], });<\/script><\/p>\n\n\n\n<p>Puede llevar a cualquier persona a la reuni\u00f3n del IPP para que le ayude. Si usted tiene un asesor laboral, puede invitarlo a la reuni\u00f3n del IPP o pedirle al centro regional que lo haga.&nbsp;<em>No es necesario explicar el motivo por el que desea que alguien est\u00e9 presente en su reuni\u00f3n del IPP<\/em>. Las personas que se preocupan por usted son de gran ayuda en su reuni\u00f3n de IPP. Entienden lo que le gusta y lo que no le gusta. Pueden brindarle informaci\u00f3n sobre las metas de su vida y las cosas que pueden obstaculizar que usted logre sus metas.<\/p>\n\n\n\n<p>En la reuni\u00f3n, discuta sus intereses, lo que quiere y los apoyos que necesita. Hable sobre todo lo que necesita y desea en su IPP. Si desea trabajar y participar en actividades con personas sin discapacidades, hable sobre esto en su reuni\u00f3n de IPP. Si desea servicios diurnos, trabajo u otras actividades que est\u00e9n integradas en la comunidad, hable sobre lo que le impide alcanzar estas metas y lo que necesita para alcanzarlas. Su proceso de evaluaci\u00f3n y planificaci\u00f3n debe centrarse en c\u00f3mo hacerlo.<\/p>\n\n\n\n<p>A veces, el problema es que no hay programas o actividades de apoyo en su \u00e1rea. Si su IPP incluye servicios y apoyos que le permiten participar en actividades o trabajos integrados, su equipo de IPP debe hacer un plan para encontrar o desarrollar esos servicios. Su IPP puede incluir los apoyos que usted necesita para participar en su comunidad y ayudarlo a desarrollar apoyos naturales, como amigos, clubes o programas comunitarios.<\/p>\n\n\n\n<p>El centro regional debe brindar servicios seg\u00fan sus deseos y necesidades.<span class=\"footnote_referrer\"><a role=\"button\" tabindex=\"0\" onclick=\"footnote_moveToReference_1470_1('footnote_plugin_reference_1470_1_2');\" onkeypress=\"footnote_moveToReference_1470_1('footnote_plugin_reference_1470_1_2');\" ><sup id=\"footnote_plugin_tooltip_1470_1_2\" class=\"footnote_plugin_tooltip_text\">[2]<\/sup><\/a><span id=\"footnote_plugin_tooltip_text_1470_1_2\" class=\"footnote_tooltip\">Secciones 4512(b), 4646 y 4646.5<\/span><\/span><script type=\"text\/javascript\"> jQuery('#footnote_plugin_tooltip_1470_1_2').tooltip({ tip: '#footnote_plugin_tooltip_text_1470_1_2', tipClass: 'footnote_tooltip', effect: 'fade', predelay: 0, fadeInSpeed: 200, delay: 400, fadeOutSpeed: 200, position: 'top center', relative: true, offset: [-7, 0], });<\/script> Sin embargo, sus servicios y apoyos deben ser rentables y el centro regional debe comprar los servicios del proveedor menos costoso que a\u00fan satisfaga sus necesidades seg\u00fan lo identificado en su IPP.<span class=\"footnote_referrer\"><a role=\"button\" tabindex=\"0\" onclick=\"footnote_moveToReference_1470_1('footnote_plugin_reference_1470_1_3');\" onkeypress=\"footnote_moveToReference_1470_1('footnote_plugin_reference_1470_1_3');\" ><sup id=\"footnote_plugin_tooltip_1470_1_3\" class=\"footnote_plugin_tooltip_text\">[3]<\/sup><\/a><span id=\"footnote_plugin_tooltip_text_1470_1_3\" class=\"footnote_tooltip\">Secci\u00f3n 4648(a)(6)(D)<\/span><\/span><script type=\"text\/javascript\"> jQuery('#footnote_plugin_tooltip_1470_1_3').tooltip({ tip: '#footnote_plugin_tooltip_text_1470_1_3', tipClass: 'footnote_tooltip', effect: 'fade', predelay: 0, fadeInSpeed: 200, delay: 400, fadeOutSpeed: 200, position: 'top center', relative: true, offset: [-7, 0], });<\/script> Si el centro regional le dice que los servicios, el trabajo u otras actividades diurnas que desea no est\u00e1n disponibles, p\u00eddales que desarrollen m\u00e1s opciones.<\/p>\n<div class=\"speaker-mute footnotes_reference_container\"> <div class=\"footnote_container_prepare\"><p><span role=\"button\" tabindex=\"0\" class=\"footnote_reference_container_label pointer\" onclick=\"footnote_expand_collapse_reference_container_1470_1();\">&#x202F;<\/span><span role=\"button\" tabindex=\"0\" class=\"footnote_reference_container_collapse_button\" style=\"display: none;\" onclick=\"footnote_expand_collapse_reference_container_1470_1();\">[<a id=\"footnote_reference_container_collapse_button_1470_1\">+<\/a>]<\/span><\/p><\/div> <div id=\"footnote_references_container_1470_1\" style=\"\"><table class=\"footnotes_table footnote-reference-container\"><caption class=\"accessibility\">References<\/caption> <tbody> \r\n\r\n<tr class=\"footnotes_plugin_reference_row\"> <th scope=\"row\" class=\"footnote_plugin_index_combi pointer\"  onclick=\"footnote_moveToAnchor_1470_1('footnote_plugin_tooltip_1470_1_1');\"><a id=\"footnote_plugin_reference_1470_1_1\" class=\"footnote_backlink\"><span class=\"footnote_index_arrow\">&#8593;<\/span>1<\/a><\/th> <td class=\"footnote_plugin_text\">Secci\u00f3n 4646.5(b)<\/td><\/tr>\r\n\r\n<tr class=\"footnotes_plugin_reference_row\"> <th scope=\"row\" class=\"footnote_plugin_index_combi pointer\"  onclick=\"footnote_moveToAnchor_1470_1('footnote_plugin_tooltip_1470_1_2');\"><a id=\"footnote_plugin_reference_1470_1_2\" class=\"footnote_backlink\"><span class=\"footnote_index_arrow\">&#8593;<\/span>2<\/a><\/th> <td class=\"footnote_plugin_text\">Secciones 4512(b), 4646 y 4646.5<\/td><\/tr>\r\n\r\n<tr class=\"footnotes_plugin_reference_row\"> <th scope=\"row\" class=\"footnote_plugin_index_combi pointer\"  onclick=\"footnote_moveToAnchor_1470_1('footnote_plugin_tooltip_1470_1_3');\"><a id=\"footnote_plugin_reference_1470_1_3\" class=\"footnote_backlink\"><span class=\"footnote_index_arrow\">&#8593;<\/span>3<\/a><\/th> <td class=\"footnote_plugin_text\">Secci\u00f3n 4648(a)(6)(D)<\/td><\/tr>\r\n\r\n <\/tbody> <\/table> <\/div><\/div><script type=\"text\/javascript\"> function footnote_expand_reference_container_1470_1() { jQuery('#footnote_references_container_1470_1').show(); jQuery('#footnote_reference_container_collapse_button_1470_1').text('\u2212'); } function footnote_collapse_reference_container_1470_1() { jQuery('#footnote_references_container_1470_1').hide(); jQuery('#footnote_reference_container_collapse_button_1470_1').text('+'); } function footnote_expand_collapse_reference_container_1470_1() { if (jQuery('#footnote_references_container_1470_1').is(':hidden')) { footnote_expand_reference_container_1470_1(); } else { footnote_collapse_reference_container_1470_1(); } } function footnote_moveToReference_1470_1(p_str_TargetID) { footnote_expand_reference_container_1470_1(); var l_obj_Target = jQuery('#' + p_str_TargetID); if (l_obj_Target.length) { jQuery( 'html, body' ).delay( 0 ); jQuery('html, body').animate({ scrollTop: l_obj_Target.offset().top - window.innerHeight * 0.2 }, 380); } } function footnote_moveToAnchor_1470_1(p_str_TargetID) { footnote_expand_reference_container_1470_1(); var l_obj_Target = jQuery('#' + p_str_TargetID); if (l_obj_Target.length) { jQuery( 'html, body' ).delay( 0 ); jQuery('html, body').animate({ scrollTop: l_obj_Target.offset().top - window.innerHeight * 0.2 }, 380); } }<\/script>","protected":false},"excerpt":{"rendered":"<p>Una vez que decida qu\u00e9 tipo de cosas desea hacer en su comunidad, comun\u00edquese con su centro regional y solicite una reuni\u00f3n de Plan de&hellip;<\/p>\n","protected":false},"author":1,"featured_media":0,"parent":1447,"menu_order":4,"comment_status":"closed","ping_status":"closed","template":"","meta":{"footnotes":""},"class_list":["post-1470","page","type-page","status-publish","hentry"],"_links":{"self":[{"href":"https:\/\/rula.disabilityrightsca.org\/es\/wp-json\/wp\/v2\/pages\/1470","targetHints":{"allow":["GET"]}}],"collection":[{"href":"https:\/\/rula.disabilityrightsca.org\/es\/wp-json\/wp\/v2\/pages"}],"about":[{"href":"https:\/\/rula.disabilityrightsca.org\/es\/wp-json\/wp\/v2\/types\/page"}],"author":[{"embeddable":true,"href":"https:\/\/rula.disabilityrightsca.org\/es\/wp-json\/wp\/v2\/users\/1"}],"replies":[{"embeddable":true,"href":"https:\/\/rula.disabilityrightsca.org\/es\/wp-json\/wp\/v2\/comments?post=1470"}],"version-history":[{"count":3,"href":"https:\/\/rula.disabilityrightsca.org\/es\/wp-json\/wp\/v2\/pages\/1470\/revisions"}],"predecessor-version":[{"id":3855,"href":"https:\/\/rula.disabilityrightsca.org\/es\/wp-json\/wp\/v2\/pages\/1470\/revisions\/3855"}],"up":[{"embeddable":true,"href":"https:\/\/rula.disabilityrightsca.org\/es\/wp-json\/wp\/v2\/pages\/1447"}],"wp:attachment":[{"href":"https:\/\/rula.disabilityrightsca.org\/es\/wp-json\/wp\/v2\/media?parent=1470"}],"curies":[{"name":"wp","href":"https:\/\/api.w.org\/{rel}","templated":true}]}}