{"id":1458,"date":"2021-06-23T22:54:46","date_gmt":"2021-06-23T22:54:46","guid":{"rendered":"http:\/\/www.rula.disabilityrightsca.org\/es\/?page_id=1458"},"modified":"2023-12-05T18:49:44","modified_gmt":"2023-12-05T18:49:44","slug":"9-3-cual-es-el-papel-del-centro-regional-para-ayudarme-a-integrarme-en-mi-comunidad","status":"publish","type":"page","link":"https:\/\/rula.disabilityrightsca.org\/es\/rula-book\/capitulo-9-participacion-comunitaria-trabajo-actividades-diurnas-y-de-ocio\/9-3-cual-es-el-papel-del-centro-regional-para-ayudarme-a-integrarme-en-mi-comunidad\/","title":{"rendered":"(9.3) \u00bfCu\u00e1l es el papel del centro regional para ayudarme a integrarme en mi comunidad?"},"content":{"rendered":"\n<p>El centro regional debe ayudarlo a participar en la vida comunitaria. Esto incluye programas, servicios, trabajos, negocios y actividades disponibles para personas sin discapacidades.<span class=\"footnote_referrer\"><a role=\"button\" tabindex=\"0\" onclick=\"footnote_moveToReference_1458_1('footnote_plugin_reference_1458_1_1');\" onkeypress=\"footnote_moveToReference_1458_1('footnote_plugin_reference_1458_1_1');\" ><sup id=\"footnote_plugin_tooltip_1458_1_1\" class=\"footnote_plugin_tooltip_text\">[1]<\/sup><\/a><span id=\"footnote_plugin_tooltip_text_1458_1_1\" class=\"footnote_tooltip\">Secci\u00f3n 4648(a)(13)<\/span><\/span><script type=\"text\/javascript\"> jQuery('#footnote_plugin_tooltip_1458_1_1').tooltip({ tip: '#footnote_plugin_tooltip_text_1458_1_1', tipClass: 'footnote_tooltip', effect: 'fade', predelay: 0, fadeInSpeed: 200, delay: 400, fadeOutSpeed: 200, position: 'top center', relative: true, offset: [-7, 0], });<\/script> La legislatura otorga alta prioridad a las personas con discapacidades del desarrollo que est\u00e1n &#8220;integradas en la vida corriente de sus comunidades&#8221;.<span class=\"footnote_referrer\"><a role=\"button\" tabindex=\"0\" onclick=\"footnote_moveToReference_1458_1('footnote_plugin_reference_1458_1_2');\" onkeypress=\"footnote_moveToReference_1458_1('footnote_plugin_reference_1458_1_2');\" ><sup id=\"footnote_plugin_tooltip_1458_1_2\" class=\"footnote_plugin_tooltip_text\">[2]<\/sup><\/a><span id=\"footnote_plugin_tooltip_text_1458_1_2\" class=\"footnote_tooltip\">Secci\u00f3n 4688(a)<\/span><\/span><script type=\"text\/javascript\"> jQuery('#footnote_plugin_tooltip_1458_1_2').tooltip({ tip: '#footnote_plugin_tooltip_text_1458_1_2', tipClass: 'footnote_tooltip', effect: 'fade', predelay: 0, fadeInSpeed: 200, delay: 400, fadeOutSpeed: 200, position: 'top center', relative: true, offset: [-7, 0], });<\/script> El centro regional debe mejorar la integraci\u00f3n en su comunidad:<\/p>\n\n\n\n<ul class=\"wp-block-list\">\n<li>Capacitando a agencias, empresas y programas locales para incluir a personas con discapacidades<\/li>\n\n\n\n<li>Brindarle apoyo directo para participar m\u00e1s plenamente en su comunidad<\/li>\n\n\n\n<li>Desarrollando una lista de recursos comunitarios<\/li>\n\n\n\n<li>Trabajando con facilitadores de apoyo comunitario<\/li>\n\n\n\n<li>Brindando informaci\u00f3n para tomar decisiones informadas sobre empleo<\/li>\n\n\n\n<li>Ayudando a los coordinadores de servicios y a los miembros de la familia a encontrar nuevas formas de integrarse a la comunidad.<\/li>\n\n\n\n<li>Desarrollando y apoyando sus sistemas de apoyo naturales.<span class=\"footnote_referrer\"><a role=\"button\" tabindex=\"0\" onclick=\"footnote_moveToReference_1458_1('footnote_plugin_reference_1458_1_3');\" onkeypress=\"footnote_moveToReference_1458_1('footnote_plugin_reference_1458_1_3');\" ><sup id=\"footnote_plugin_tooltip_1458_1_3\" class=\"footnote_plugin_tooltip_text\">[3]<\/sup><\/a><span id=\"footnote_plugin_tooltip_text_1458_1_3\" class=\"footnote_tooltip\">Secci\u00f3n 4688(b)<\/span><\/span><script type=\"text\/javascript\"> jQuery('#footnote_plugin_tooltip_1458_1_3').tooltip({ tip: '#footnote_plugin_tooltip_text_1458_1_3', tipClass: 'footnote_tooltip', effect: 'fade', predelay: 0, fadeInSpeed: 200, delay: 400, fadeOutSpeed: 200, position: 'top center', relative: true, offset: [-7, 0], });<\/script><\/li>\n<\/ul>\n\n\n\n<p>El Departamento de Servicios del Desarrollo (DDS) en su <a href=\"https:\/\/www.dds.ca.gov\/services\/work-services\/\" data-type=\"URL\" data-id=\"https:\/\/dds.ca.gov\/services\/work-services\/work-activity-program-services\/\">sitio web<\/a> tambi\u00e9n puede tener informaci\u00f3n \u00fatil sobre programas de incentivos laborales, c\u00f3mo ganar dinero afecta sus beneficios, recursos y protecciones laborales, oportunidades de capacitaci\u00f3n y requisitos para los contribuyentes. El DDS debe consultar con los centros regionales para averiguar qu\u00e9 capacitaci\u00f3n necesita el personal de los centros regionales sobre cuestiones de empleo y para desarrollar planes de capacitaci\u00f3n seg\u00fan lo permitan sus recursos.<span class=\"footnote_referrer\"><a role=\"button\" tabindex=\"0\" onclick=\"footnote_moveToReference_1458_1('footnote_plugin_reference_1458_1_4');\" onkeypress=\"footnote_moveToReference_1458_1('footnote_plugin_reference_1458_1_4');\" ><sup id=\"footnote_plugin_tooltip_1458_1_4\" class=\"footnote_plugin_tooltip_text\">[4]<\/sup><\/a><span id=\"footnote_plugin_tooltip_text_1458_1_4\" class=\"footnote_tooltip\">Secci\u00f3n 4639.75<\/span><\/span><script type=\"text\/javascript\"> jQuery('#footnote_plugin_tooltip_1458_1_4').tooltip({ tip: '#footnote_plugin_tooltip_text_1458_1_4', tipClass: 'footnote_tooltip', effect: 'fade', predelay: 0, fadeInSpeed: 200, delay: 400, fadeOutSpeed: 200, position: 'top center', relative: true, offset: [-7, 0], });<\/script><\/p>\n<div class=\"speaker-mute footnotes_reference_container\"> <div class=\"footnote_container_prepare\"><p><span role=\"button\" tabindex=\"0\" class=\"footnote_reference_container_label pointer\" onclick=\"footnote_expand_collapse_reference_container_1458_1();\">&#x202F;<\/span><span role=\"button\" tabindex=\"0\" class=\"footnote_reference_container_collapse_button\" style=\"display: none;\" onclick=\"footnote_expand_collapse_reference_container_1458_1();\">[<a id=\"footnote_reference_container_collapse_button_1458_1\">+<\/a>]<\/span><\/p><\/div> <div id=\"footnote_references_container_1458_1\" style=\"\"><table class=\"footnotes_table footnote-reference-container\"><caption class=\"accessibility\">References<\/caption> <tbody> \r\n\r\n<tr class=\"footnotes_plugin_reference_row\"> <th scope=\"row\" class=\"footnote_plugin_index_combi pointer\"  onclick=\"footnote_moveToAnchor_1458_1('footnote_plugin_tooltip_1458_1_1');\"><a id=\"footnote_plugin_reference_1458_1_1\" class=\"footnote_backlink\"><span class=\"footnote_index_arrow\">&#8593;<\/span>1<\/a><\/th> <td class=\"footnote_plugin_text\">Secci\u00f3n 4648(a)(13)<\/td><\/tr>\r\n\r\n<tr class=\"footnotes_plugin_reference_row\"> <th scope=\"row\" class=\"footnote_plugin_index_combi pointer\"  onclick=\"footnote_moveToAnchor_1458_1('footnote_plugin_tooltip_1458_1_2');\"><a id=\"footnote_plugin_reference_1458_1_2\" class=\"footnote_backlink\"><span class=\"footnote_index_arrow\">&#8593;<\/span>2<\/a><\/th> <td class=\"footnote_plugin_text\">Secci\u00f3n 4688(a)<\/td><\/tr>\r\n\r\n<tr class=\"footnotes_plugin_reference_row\"> <th scope=\"row\" class=\"footnote_plugin_index_combi pointer\"  onclick=\"footnote_moveToAnchor_1458_1('footnote_plugin_tooltip_1458_1_3');\"><a id=\"footnote_plugin_reference_1458_1_3\" class=\"footnote_backlink\"><span class=\"footnote_index_arrow\">&#8593;<\/span>3<\/a><\/th> <td class=\"footnote_plugin_text\">Secci\u00f3n 4688(b)<\/td><\/tr>\r\n\r\n<tr class=\"footnotes_plugin_reference_row\"> <th scope=\"row\" class=\"footnote_plugin_index_combi pointer\"  onclick=\"footnote_moveToAnchor_1458_1('footnote_plugin_tooltip_1458_1_4');\"><a id=\"footnote_plugin_reference_1458_1_4\" class=\"footnote_backlink\"><span class=\"footnote_index_arrow\">&#8593;<\/span>4<\/a><\/th> <td class=\"footnote_plugin_text\">Secci\u00f3n 4639.75<\/td><\/tr>\r\n\r\n <\/tbody> <\/table> <\/div><\/div><script type=\"text\/javascript\"> function footnote_expand_reference_container_1458_1() { jQuery('#footnote_references_container_1458_1').show(); jQuery('#footnote_reference_container_collapse_button_1458_1').text('\u2212'); } function footnote_collapse_reference_container_1458_1() { jQuery('#footnote_references_container_1458_1').hide(); jQuery('#footnote_reference_container_collapse_button_1458_1').text('+'); } function footnote_expand_collapse_reference_container_1458_1() { if (jQuery('#footnote_references_container_1458_1').is(':hidden')) { footnote_expand_reference_container_1458_1(); } else { footnote_collapse_reference_container_1458_1(); } } function footnote_moveToReference_1458_1(p_str_TargetID) { footnote_expand_reference_container_1458_1(); var l_obj_Target = jQuery('#' + p_str_TargetID); if (l_obj_Target.length) { jQuery( 'html, body' ).delay( 0 ); jQuery('html, body').animate({ scrollTop: l_obj_Target.offset().top - window.innerHeight * 0.2 }, 380); } } function footnote_moveToAnchor_1458_1(p_str_TargetID) { footnote_expand_reference_container_1458_1(); var l_obj_Target = jQuery('#' + p_str_TargetID); if (l_obj_Target.length) { jQuery( 'html, body' ).delay( 0 ); jQuery('html, body').animate({ scrollTop: l_obj_Target.offset().top - window.innerHeight * 0.2 }, 380); } }<\/script>","protected":false},"excerpt":{"rendered":"<p>El centro regional debe ayudarlo a participar en la vida comunitaria. Esto incluye programas, servicios, trabajos, negocios y actividades disponibles para personas sin discapacidades.[1]Secci\u00f3n 4648(a)(13)&hellip;<\/p>\n","protected":false},"author":1,"featured_media":0,"parent":1447,"menu_order":3,"comment_status":"closed","ping_status":"closed","template":"","meta":{"footnotes":""},"class_list":["post-1458","page","type-page","status-publish","hentry"],"_links":{"self":[{"href":"https:\/\/rula.disabilityrightsca.org\/es\/wp-json\/wp\/v2\/pages\/1458","targetHints":{"allow":["GET"]}}],"collection":[{"href":"https:\/\/rula.disabilityrightsca.org\/es\/wp-json\/wp\/v2\/pages"}],"about":[{"href":"https:\/\/rula.disabilityrightsca.org\/es\/wp-json\/wp\/v2\/types\/page"}],"author":[{"embeddable":true,"href":"https:\/\/rula.disabilityrightsca.org\/es\/wp-json\/wp\/v2\/users\/1"}],"replies":[{"embeddable":true,"href":"https:\/\/rula.disabilityrightsca.org\/es\/wp-json\/wp\/v2\/comments?post=1458"}],"version-history":[{"count":6,"href":"https:\/\/rula.disabilityrightsca.org\/es\/wp-json\/wp\/v2\/pages\/1458\/revisions"}],"predecessor-version":[{"id":3854,"href":"https:\/\/rula.disabilityrightsca.org\/es\/wp-json\/wp\/v2\/pages\/1458\/revisions\/3854"}],"up":[{"embeddable":true,"href":"https:\/\/rula.disabilityrightsca.org\/es\/wp-json\/wp\/v2\/pages\/1447"}],"wp:attachment":[{"href":"https:\/\/rula.disabilityrightsca.org\/es\/wp-json\/wp\/v2\/media?parent=1458"}],"curies":[{"name":"wp","href":"https:\/\/api.w.org\/{rel}","templated":true}]}}