{"id":1454,"date":"2021-06-22T21:39:30","date_gmt":"2021-06-22T21:39:30","guid":{"rendered":"http:\/\/www.rula.disabilityrightsca.org\/es\/?page_id=1454"},"modified":"2023-12-05T18:46:00","modified_gmt":"2023-12-05T18:46:00","slug":"9-1-que-dice-la-ley-lanterman-sobre-cosas-como-la-participacion-comunitaria-el-trabajo-las-actividades-diurnas-y-el-tiempo-libre","status":"publish","type":"page","link":"https:\/\/rula.disabilityrightsca.org\/es\/rula-book\/capitulo-9-participacion-comunitaria-trabajo-actividades-diurnas-y-de-ocio\/9-1-que-dice-la-ley-lanterman-sobre-cosas-como-la-participacion-comunitaria-el-trabajo-las-actividades-diurnas-y-el-tiempo-libre\/","title":{"rendered":"(9.1) \u00bfQu\u00e9 dice la Ley Lanterman sobre cosas como la participaci\u00f3n comunitaria, el trabajo, las actividades diurnas y el tiempo libre?"},"content":{"rendered":"\n<p>La Ley Lanterman:<\/p>\n\n\n\n<ul class=\"wp-block-list\">\n<li>apoya la integraci\u00f3n de personas con discapacidades del desarrollo,<\/li>\n\n\n\n<li>independientemente de la edad o el grado de discapacidad,<\/li>\n\n\n\n<li>en la vida corriente de su comunidad,<\/li>\n\n\n\n<li>para evitar su desarraigo de esas comunidades,<\/li>\n\n\n\n<li>y permitirles vivir una vida lo m\u00e1s independiente, productiva y normal posible. <span class=\"footnote_referrer\"><a role=\"button\" tabindex=\"0\" onclick=\"footnote_moveToReference_1454_1('footnote_plugin_reference_1454_1_1');\" onkeypress=\"footnote_moveToReference_1454_1('footnote_plugin_reference_1454_1_1');\" ><sup id=\"footnote_plugin_tooltip_1454_1_1\" class=\"footnote_plugin_tooltip_text\">[1]<\/sup><\/a><span id=\"footnote_plugin_tooltip_text_1454_1_1\" class=\"footnote_tooltip\">Secciones 4501 y 4502<\/span><\/span><script type=\"text\/javascript\"> jQuery('#footnote_plugin_tooltip_1454_1_1').tooltip({ tip: '#footnote_plugin_tooltip_text_1454_1_1', tipClass: 'footnote_tooltip', effect: 'fade', predelay: 0, fadeInSpeed: 200, delay: 400, fadeOutSpeed: 200, position: 'top center', relative: true, offset: [-7, 0], });<\/script><\/li>\n<\/ul>\n\n\n\n<p>Los servicios deben proteger la libertad personal de las personas con discapacidades del desarrollo.\u00a0Deben ser provistos en las condiciones necesarias menos restrictivas.<span class=\"footnote_referrer\"><a role=\"button\" tabindex=\"0\" onclick=\"footnote_moveToReference_1454_1('footnote_plugin_reference_1454_1_2');\" onkeypress=\"footnote_moveToReference_1454_1('footnote_plugin_reference_1454_1_2');\" ><sup id=\"footnote_plugin_tooltip_1454_1_2\" class=\"footnote_plugin_tooltip_text\">[2]<\/sup><\/a><span id=\"footnote_plugin_tooltip_text_1454_1_2\" class=\"footnote_tooltip\">Secci\u00f3n 4502(b)(1)<\/span><\/span><script type=\"text\/javascript\"> jQuery('#footnote_plugin_tooltip_1454_1_2').tooltip({ tip: '#footnote_plugin_tooltip_text_1454_1_2', tipClass: 'footnote_tooltip', effect: 'fade', predelay: 0, fadeInSpeed: 200, delay: 400, fadeOutSpeed: 200, position: 'top center', relative: true, offset: [-7, 0], });<\/script>\u00a0Menos restrictivo significa obtener servicios y apoyos cerca de su comunidad de origen, en entornos naturales donde las personas sin discapacidades obtienen servicios.<span class=\"footnote_referrer\"><a role=\"button\" tabindex=\"0\" onclick=\"footnote_moveToReference_1454_1('footnote_plugin_reference_1454_1_3');\" onkeypress=\"footnote_moveToReference_1454_1('footnote_plugin_reference_1454_1_3');\" ><sup id=\"footnote_plugin_tooltip_1454_1_3\" class=\"footnote_plugin_tooltip_text\">[3]<\/sup><\/a><span id=\"footnote_plugin_tooltip_text_1454_1_3\" class=\"footnote_tooltip\">Secci\u00f3n 4502(b)(2)<\/span><\/span><script type=\"text\/javascript\"> jQuery('#footnote_plugin_tooltip_1454_1_3').tooltip({ tip: '#footnote_plugin_tooltip_text_1454_1_3', tipClass: 'footnote_tooltip', effect: 'fade', predelay: 0, fadeInSpeed: 200, delay: 400, fadeOutSpeed: 200, position: 'top center', relative: true, offset: [-7, 0], });<\/script><\/p>\n\n\n\n<p>La Ley de Estadounidenses con Discapacidades (ADA) le otorga derechos similares, a veces denominados &#8220;mandato de integraci\u00f3n&#8221;. Las entidades p\u00fablicas deben brindar servicios, programas y actividades en el &#8220;entorno m\u00e1s integrado&#8221; para satisfacer las necesidades de las personas con discapacidades.<span class=\"footnote_referrer\"><a role=\"button\" tabindex=\"0\" onclick=\"footnote_moveToReference_1454_1('footnote_plugin_reference_1454_1_4');\" onkeypress=\"footnote_moveToReference_1454_1('footnote_plugin_reference_1454_1_4');\" ><sup id=\"footnote_plugin_tooltip_1454_1_4\" class=\"footnote_plugin_tooltip_text\">[4]<\/sup><\/a><span id=\"footnote_plugin_tooltip_text_1454_1_4\" class=\"footnote_tooltip\">T\u00edtulo 28, C\u00f3digo Federal de Reglamentos, secci\u00f3n 35.130(d)<\/span><\/span><script type=\"text\/javascript\"> jQuery('#footnote_plugin_tooltip_1454_1_4').tooltip({ tip: '#footnote_plugin_tooltip_text_1454_1_4', tipClass: 'footnote_tooltip', effect: 'fade', predelay: 0, fadeInSpeed: 200, delay: 400, fadeOutSpeed: 200, position: 'top center', relative: true, offset: [-7, 0], });<\/script>\u00a0El entorno m\u00e1s integrado permite que una persona con discapacidad interact\u00fae tanto como sea posible con personas sin discapacidad.<span class=\"footnote_referrer\"><a role=\"button\" tabindex=\"0\" onclick=\"footnote_moveToReference_1454_1('footnote_plugin_reference_1454_1_5');\" onkeypress=\"footnote_moveToReference_1454_1('footnote_plugin_reference_1454_1_5');\" ><sup id=\"footnote_plugin_tooltip_1454_1_5\" class=\"footnote_plugin_tooltip_text\">[5]<\/sup><\/a><span id=\"footnote_plugin_tooltip_text_1454_1_5\" class=\"footnote_tooltip\">T\u00edtulo 28, C\u00f3digo Federal de Reglamentos Parte 35, Ap\u00e9ndice B<\/span><\/span><script type=\"text\/javascript\"> jQuery('#footnote_plugin_tooltip_1454_1_5').tooltip({ tip: '#footnote_plugin_tooltip_text_1454_1_5', tipClass: 'footnote_tooltip', effect: 'fade', predelay: 0, fadeInSpeed: 200, delay: 400, fadeOutSpeed: 200, position: 'top center', relative: true, offset: [-7, 0], });<\/script>\u00a0Los servicios segregados y aislados, si\u00e9ndolo, violan la Ley Lanterman y la ADA.\u00a0<\/p>\n\n\n\n<p>La ley dice que los centros regionales deben brindar oportunidades para que las personas con discapacidades del desarrollo se integren en sus comunidades.<span class=\"footnote_referrer\"><a role=\"button\" tabindex=\"0\" onclick=\"footnote_moveToReference_1454_1('footnote_plugin_reference_1454_1_6');\" onkeypress=\"footnote_moveToReference_1454_1('footnote_plugin_reference_1454_1_6');\" ><sup id=\"footnote_plugin_tooltip_1454_1_6\" class=\"footnote_plugin_tooltip_text\">[6]<\/sup><\/a><span id=\"footnote_plugin_tooltip_text_1454_1_6\" class=\"footnote_tooltip\">Secci\u00f3n 4688<\/span><\/span><script type=\"text\/javascript\"> jQuery('#footnote_plugin_tooltip_1454_1_6').tooltip({ tip: '#footnote_plugin_tooltip_text_1454_1_6', tipClass: 'footnote_tooltip', effect: 'fade', predelay: 0, fadeInSpeed: 200, delay: 400, fadeOutSpeed: 200, position: 'top center', relative: true, offset: [-7, 0], });<\/script> Estar integrado en la comunidad significa que vive, trabaja y juega en los mismos lugares y de la misma manera que las personas sin discapacidades.\u00a0Significa que compra en tiendas locales, se une a clubes o grupos locales, se ofrece como voluntario y va a m\u00e9dicos y dentistas locales.\u00a0Significa que est\u00e1 f\u00edsicamente en la comunidad, tiene relaciones con amigos, vecinos y compa\u00f1eros de trabajo y pertenece a organizaciones comunitarias.\u00a0<\/p>\n\n\n\n<p>Es posible que necesite ayuda adicional para participar plenamente en su comunidad, vivir en una casa o apartamento, tener un trabajo y unirse a grupos, tomar decisiones sobre su vida y entablar relaciones con personas a las que no se les paga para ayudarlo o apoyarlo. Aqu\u00ed es donde los servicios del centro regional pueden ayudar.<\/p>\n<div class=\"speaker-mute footnotes_reference_container\"> <div class=\"footnote_container_prepare\"><p><span role=\"button\" tabindex=\"0\" class=\"footnote_reference_container_label pointer\" onclick=\"footnote_expand_collapse_reference_container_1454_1();\">&#x202F;<\/span><span role=\"button\" tabindex=\"0\" class=\"footnote_reference_container_collapse_button\" style=\"display: none;\" onclick=\"footnote_expand_collapse_reference_container_1454_1();\">[<a id=\"footnote_reference_container_collapse_button_1454_1\">+<\/a>]<\/span><\/p><\/div> <div id=\"footnote_references_container_1454_1\" style=\"\"><table class=\"footnotes_table footnote-reference-container\"><caption class=\"accessibility\">References<\/caption> <tbody> \r\n\r\n<tr class=\"footnotes_plugin_reference_row\"> <th scope=\"row\" class=\"footnote_plugin_index_combi pointer\"  onclick=\"footnote_moveToAnchor_1454_1('footnote_plugin_tooltip_1454_1_1');\"><a id=\"footnote_plugin_reference_1454_1_1\" class=\"footnote_backlink\"><span class=\"footnote_index_arrow\">&#8593;<\/span>1<\/a><\/th> <td class=\"footnote_plugin_text\">Secciones 4501 y 4502<\/td><\/tr>\r\n\r\n<tr class=\"footnotes_plugin_reference_row\"> <th scope=\"row\" class=\"footnote_plugin_index_combi pointer\"  onclick=\"footnote_moveToAnchor_1454_1('footnote_plugin_tooltip_1454_1_2');\"><a id=\"footnote_plugin_reference_1454_1_2\" class=\"footnote_backlink\"><span class=\"footnote_index_arrow\">&#8593;<\/span>2<\/a><\/th> <td class=\"footnote_plugin_text\">Secci\u00f3n 4502(b)(1)<\/td><\/tr>\r\n\r\n<tr class=\"footnotes_plugin_reference_row\"> <th scope=\"row\" class=\"footnote_plugin_index_combi pointer\"  onclick=\"footnote_moveToAnchor_1454_1('footnote_plugin_tooltip_1454_1_3');\"><a id=\"footnote_plugin_reference_1454_1_3\" class=\"footnote_backlink\"><span class=\"footnote_index_arrow\">&#8593;<\/span>3<\/a><\/th> <td class=\"footnote_plugin_text\">Secci\u00f3n 4502(b)(2)<\/td><\/tr>\r\n\r\n<tr class=\"footnotes_plugin_reference_row\"> <th scope=\"row\" class=\"footnote_plugin_index_combi pointer\"  onclick=\"footnote_moveToAnchor_1454_1('footnote_plugin_tooltip_1454_1_4');\"><a id=\"footnote_plugin_reference_1454_1_4\" class=\"footnote_backlink\"><span class=\"footnote_index_arrow\">&#8593;<\/span>4<\/a><\/th> <td class=\"footnote_plugin_text\">T\u00edtulo 28, C\u00f3digo Federal de Reglamentos, secci\u00f3n 35.130(d)<\/td><\/tr>\r\n\r\n<tr class=\"footnotes_plugin_reference_row\"> <th scope=\"row\" class=\"footnote_plugin_index_combi pointer\"  onclick=\"footnote_moveToAnchor_1454_1('footnote_plugin_tooltip_1454_1_5');\"><a id=\"footnote_plugin_reference_1454_1_5\" class=\"footnote_backlink\"><span class=\"footnote_index_arrow\">&#8593;<\/span>5<\/a><\/th> <td class=\"footnote_plugin_text\">T\u00edtulo 28, C\u00f3digo Federal de Reglamentos Parte 35, Ap\u00e9ndice B<\/td><\/tr>\r\n\r\n<tr class=\"footnotes_plugin_reference_row\"> <th scope=\"row\" class=\"footnote_plugin_index_combi pointer\"  onclick=\"footnote_moveToAnchor_1454_1('footnote_plugin_tooltip_1454_1_6');\"><a id=\"footnote_plugin_reference_1454_1_6\" class=\"footnote_backlink\"><span class=\"footnote_index_arrow\">&#8593;<\/span>6<\/a><\/th> <td class=\"footnote_plugin_text\">Secci\u00f3n 4688<\/td><\/tr>\r\n\r\n <\/tbody> <\/table> <\/div><\/div><script type=\"text\/javascript\"> function footnote_expand_reference_container_1454_1() { jQuery('#footnote_references_container_1454_1').show(); jQuery('#footnote_reference_container_collapse_button_1454_1').text('\u2212'); } function footnote_collapse_reference_container_1454_1() { jQuery('#footnote_references_container_1454_1').hide(); jQuery('#footnote_reference_container_collapse_button_1454_1').text('+'); } function footnote_expand_collapse_reference_container_1454_1() { if (jQuery('#footnote_references_container_1454_1').is(':hidden')) { footnote_expand_reference_container_1454_1(); } else { footnote_collapse_reference_container_1454_1(); } } function footnote_moveToReference_1454_1(p_str_TargetID) { footnote_expand_reference_container_1454_1(); var l_obj_Target = jQuery('#' + p_str_TargetID); if (l_obj_Target.length) { jQuery( 'html, body' ).delay( 0 ); jQuery('html, body').animate({ scrollTop: l_obj_Target.offset().top - window.innerHeight * 0.2 }, 380); } } function footnote_moveToAnchor_1454_1(p_str_TargetID) { footnote_expand_reference_container_1454_1(); var l_obj_Target = jQuery('#' + p_str_TargetID); if (l_obj_Target.length) { jQuery( 'html, body' ).delay( 0 ); jQuery('html, body').animate({ scrollTop: l_obj_Target.offset().top - window.innerHeight * 0.2 }, 380); } }<\/script>","protected":false},"excerpt":{"rendered":"<p>La Ley Lanterman: Los servicios deben proteger la libertad personal de las personas con discapacidades del desarrollo.\u00a0Deben ser provistos en las condiciones necesarias menos restrictivas.[1]Secci\u00f3n&hellip;<\/p>\n","protected":false},"author":1,"featured_media":0,"parent":1447,"menu_order":1,"comment_status":"closed","ping_status":"closed","template":"","meta":{"footnotes":""},"class_list":["post-1454","page","type-page","status-publish","hentry"],"_links":{"self":[{"href":"https:\/\/rula.disabilityrightsca.org\/es\/wp-json\/wp\/v2\/pages\/1454","targetHints":{"allow":["GET"]}}],"collection":[{"href":"https:\/\/rula.disabilityrightsca.org\/es\/wp-json\/wp\/v2\/pages"}],"about":[{"href":"https:\/\/rula.disabilityrightsca.org\/es\/wp-json\/wp\/v2\/types\/page"}],"author":[{"embeddable":true,"href":"https:\/\/rula.disabilityrightsca.org\/es\/wp-json\/wp\/v2\/users\/1"}],"replies":[{"embeddable":true,"href":"https:\/\/rula.disabilityrightsca.org\/es\/wp-json\/wp\/v2\/comments?post=1454"}],"version-history":[{"count":4,"href":"https:\/\/rula.disabilityrightsca.org\/es\/wp-json\/wp\/v2\/pages\/1454\/revisions"}],"predecessor-version":[{"id":3851,"href":"https:\/\/rula.disabilityrightsca.org\/es\/wp-json\/wp\/v2\/pages\/1454\/revisions\/3851"}],"up":[{"embeddable":true,"href":"https:\/\/rula.disabilityrightsca.org\/es\/wp-json\/wp\/v2\/pages\/1447"}],"wp:attachment":[{"href":"https:\/\/rula.disabilityrightsca.org\/es\/wp-json\/wp\/v2\/media?parent=1454"}],"curies":[{"name":"wp","href":"https:\/\/api.w.org\/{rel}","templated":true}]}}