{"id":1447,"date":"2021-06-22T21:26:31","date_gmt":"2021-06-22T21:26:31","guid":{"rendered":"http:\/\/www.rula.disabilityrightsca.org\/es\/?page_id=1447"},"modified":"2022-04-22T22:55:03","modified_gmt":"2022-04-22T22:55:03","slug":"capitulo-9-participacion-comunitaria-trabajo-actividades-diurnas-y-de-ocio","status":"publish","type":"page","link":"https:\/\/rula.disabilityrightsca.org\/es\/rula-book\/capitulo-9-participacion-comunitaria-trabajo-actividades-diurnas-y-de-ocio\/","title":{"rendered":"Cap\u00edtulo 9: Participaci\u00f3n comunitaria, trabajo, actividades diurnas y de ocio"},"content":{"rendered":"\n<p><div class=\"print-fullchapter-wrap\"><div class=\"print-fullchapter\"><a href=\"https:\/\/rula.disabilityrightsca.org\/es\/chapter-9-print\/\">Imprimir todo el cap\u00edtulo<\/a><\/div><\/div><\/p>\n\n\n\n<p>Este cap\u00edtulo le brinda informaci\u00f3n sobre:<\/p>\n\n\n\n<ul class=\"wp-block-list\"><li>Integraci\u00f3n y participaci\u00f3n comunitaria<\/li><li>Trabajo, habilitaci\u00f3n, rehabilitaci\u00f3n vocacional y actividades diurnas<\/li><li>Apoyos para el tiempo libre<\/li><li>Transporte<\/li><li>Transici\u00f3n de la escuela a los servicios para adultos, y<\/li><li>Los derechos del consumidor en los programas diurnos<\/li><\/ul>\n\n\n\n<p>Esta informaci\u00f3n proviene principalmente de una ley estatal llamada Ley Lanterman, que comienza en la secci\u00f3n 4500 del C\u00f3digo de Instituciones y Bienestar Social de California. Le proporcionamos la secci\u00f3n de esta ley estatal donde puede encontrar la informaci\u00f3n que escribimos. Es posible que deba consultar la ley para obtener los servicios que necesita. Cuando vea la palabra &#8220;Secci\u00f3n(es)&#8221;, seguida de un n\u00famero y ninguna otra informaci\u00f3n, significa secci\u00f3n(es) de la Ley Lanterman. Para leer la Ley Lanterman, <a href=\"https:\/\/www.dds.ca.gov\/transparency\/laws-regulations\/lanterman-act-and-related-laws\/\">haga clic aqu\u00ed<\/a>.<\/p>\n\n\n<div class=\"menu-chapter-9-container\"><ul id=\"menu-chapter-9\" class=\"menu\"><li id=\"menu-item-1463\" class=\"menu-item menu-item-type-post_type menu-item-object-page menu-item-1463\"><a href=\"https:\/\/rula.disabilityrightsca.org\/es\/rula-book\/capitulo-9-participacion-comunitaria-trabajo-actividades-diurnas-y-de-ocio\/9-1-que-dice-la-ley-lanterman-sobre-cosas-como-la-participacion-comunitaria-el-trabajo-las-actividades-diurnas-y-el-tiempo-libre\/\">(9.1) \u00bfQu\u00e9 dice la Ley Lanterman sobre cosas como la participaci\u00f3n comunitaria, el trabajo, las actividades diurnas y el tiempo libre?<\/a><\/li>\n<li id=\"menu-item-1464\" class=\"menu-item menu-item-type-post_type menu-item-object-page menu-item-1464\"><a href=\"https:\/\/rula.disabilityrightsca.org\/es\/rula-book\/capitulo-9-participacion-comunitaria-trabajo-actividades-diurnas-y-de-ocio\/9-2-sobre-que-tengo-derecho-a-elegir-y-tomar-decisiones\/\">(9.2) \u00bfSobre qu\u00e9 tengo derecho a elegir y tomar decisiones?<\/a><\/li>\n<li id=\"menu-item-1465\" class=\"menu-item menu-item-type-post_type menu-item-object-page menu-item-1465\"><a href=\"https:\/\/rula.disabilityrightsca.org\/es\/rula-book\/capitulo-9-participacion-comunitaria-trabajo-actividades-diurnas-y-de-ocio\/9-3-cual-es-el-papel-del-centro-regional-para-ayudarme-a-integrarme-en-mi-comunidad\/\">(9.3) \u00bfCu\u00e1l es el papel del centro regional para ayudarme a integrarme en mi comunidad?<\/a><\/li>\n<li id=\"menu-item-1475\" class=\"menu-item menu-item-type-post_type menu-item-object-page menu-item-1475\"><a href=\"https:\/\/rula.disabilityrightsca.org\/es\/rula-book\/capitulo-9-participacion-comunitaria-trabajo-actividades-diurnas-y-de-ocio\/9-4-si-se-que-tipo-de-trabajo-quiero-hacer-y-que-actividades-disfruto-como-puedo-lograr-que-el-centro-regional-me-ayude\/\">(9.4) Si s\u00e9 qu\u00e9 tipo de trabajo quiero hacer y qu\u00e9 actividades disfruto, \u00bfc\u00f3mo puedo lograr que el centro regional me ayude?<\/a><\/li>\n<li id=\"menu-item-1591\" class=\"menu-item menu-item-type-post_type menu-item-object-page menu-item-1591\"><a href=\"https:\/\/rula.disabilityrightsca.org\/es\/rula-book\/capitulo-9-participacion-comunitaria-trabajo-actividades-diurnas-y-de-ocio\/9-5-debo-utilizar-recursos-genericos-para-obtener-ayuda-con-el-trabajo-o-las-actividades-de-ocio-antes-de-que-el-centro-regional-me-ayude-a-conseguirlos\/\">(9.5) \u00bfDebo utilizar recursos gen\u00e9ricos para obtener ayuda con el trabajo o las actividades de ocio antes de que el centro regional me ayude a conseguirlos?<\/a><\/li>\n<li id=\"menu-item-1592\" class=\"menu-item menu-item-type-post_type menu-item-object-page menu-item-1592\"><a href=\"https:\/\/rula.disabilityrightsca.org\/es\/rula-book\/capitulo-9-participacion-comunitaria-trabajo-actividades-diurnas-y-de-ocio\/9-6-que-tipo-de-actividades-diurnas-hay-para-elegir\/\">(9.6) \u00bfQu\u00e9 tipo de actividades diurnas hay para elegir?<\/a><\/li>\n<li id=\"menu-item-1593\" class=\"menu-item menu-item-type-post_type menu-item-object-page menu-item-1593\"><a href=\"https:\/\/rula.disabilityrightsca.org\/es\/rula-book\/capitulo-9-participacion-comunitaria-trabajo-actividades-diurnas-y-de-ocio\/9-7-que-es-el-empleo-competitivo\/\">(9.7) \u00bfQu\u00e9 es el empleo competitivo?<\/a><\/li>\n<li id=\"menu-item-1594\" class=\"menu-item menu-item-type-post_type menu-item-object-page menu-item-1594\"><a href=\"https:\/\/rula.disabilityrightsca.org\/es\/rula-book\/capitulo-9-participacion-comunitaria-trabajo-actividades-diurnas-y-de-ocio\/9-8-que-es-el-empleo-con-apoyo\/\">(9.8) \u00bfQu\u00e9 es el empleo con apoyo?<\/a><\/li>\n<li id=\"menu-item-1595\" class=\"menu-item menu-item-type-post_type menu-item-object-page menu-item-1595\"><a href=\"https:\/\/rula.disabilityrightsca.org\/es\/rula-book\/capitulo-9-participacion-comunitaria-trabajo-actividades-diurnas-y-de-ocio\/9-9-puedo-trabajar-por-cuenta-propia-en-mi-propio-negocio\/\">(9.9) \u00bfPuedo trabajar por cuenta propia en mi propio negocio?<\/a><\/li>\n<li id=\"menu-item-1596\" class=\"menu-item menu-item-type-post_type menu-item-object-page menu-item-1596\"><a href=\"https:\/\/rula.disabilityrightsca.org\/es\/rula-book\/capitulo-9-participacion-comunitaria-trabajo-actividades-diurnas-y-de-ocio\/9-10-que-son-los-programas-de-actividades-laborales\/\">(9.10) \u00bfQu\u00e9 son los programas de actividades laborales?<\/a><\/li>\n<li id=\"menu-item-1597\" class=\"menu-item menu-item-type-post_type menu-item-object-page menu-item-1597\"><a href=\"https:\/\/rula.disabilityrightsca.org\/es\/rula-book\/capitulo-9-participacion-comunitaria-trabajo-actividades-diurnas-y-de-ocio\/9-11-que-son-los-programas-diurnos\/\">(9.11) \u00bfQu\u00e9 son los programas diurnos?<\/a><\/li>\n<li id=\"menu-item-1598\" class=\"menu-item menu-item-type-post_type menu-item-object-page menu-item-1598\"><a href=\"https:\/\/rula.disabilityrightsca.org\/es\/rula-book\/capitulo-9-participacion-comunitaria-trabajo-actividades-diurnas-y-de-ocio\/9-12-que-otros-tipos-de-actividades-diurnas-y-de-ocio-existen-para-las-personas-con-discapacidades-del-desarrollo\/\">(9.12) \u00bfQu\u00e9 otros tipos de actividades diurnas y de ocio existen para las personas con discapacidades del desarrollo?<\/a><\/li>\n<li id=\"menu-item-1599\" class=\"menu-item menu-item-type-post_type menu-item-object-page menu-item-1599\"><a href=\"https:\/\/rula.disabilityrightsca.org\/es\/rula-book\/capitulo-9-participacion-comunitaria-trabajo-actividades-diurnas-y-de-ocio\/9-13-que-pasa-si-el-centro-regional-ya-no-esta-de-acuerdo-con-el-programa-diurno-o-las-actividades-que-estoy-recibiendo-bajo-mi-ipp\/\">(9.13) \u00bfQu\u00e9 pasa si el centro regional ya no est\u00e1 de acuerdo con el programa diurno o las actividades que estoy recibiendo bajo mi IPP?<\/a><\/li>\n<li id=\"menu-item-1600\" class=\"menu-item menu-item-type-post_type menu-item-object-page menu-item-1600\"><a href=\"https:\/\/rula.disabilityrightsca.org\/es\/rula-book\/capitulo-9-participacion-comunitaria-trabajo-actividades-diurnas-y-de-ocio\/9-14-que-puedo-hacer-si-mi-programa-diurno-no-cumple-con-mis-objetivos-de-ipp\/\">(9.14) \u00bfQu\u00e9 puedo hacer si mi programa diurno no cumple con mis objetivos de IPP?<\/a><\/li>\n<li id=\"menu-item-1601\" class=\"menu-item menu-item-type-post_type menu-item-object-page menu-item-1601\"><a href=\"https:\/\/rula.disabilityrightsca.org\/es\/rula-book\/capitulo-9-participacion-comunitaria-trabajo-actividades-diurnas-y-de-ocio\/9-15-que-es-un-programa-de-autodeterminacion\/\">(9.15) \u00bfQu\u00e9 es un programa de autodeterminaci\u00f3n?<\/a><\/li>\n<li id=\"menu-item-1609\" class=\"menu-item menu-item-type-post_type menu-item-object-page menu-item-1609\"><a href=\"https:\/\/rula.disabilityrightsca.org\/es\/rula-book\/capitulo-9-participacion-comunitaria-trabajo-actividades-diurnas-y-de-ocio\/9-16-como-hablo-de-mis-metas-de-conseguir-un-trabajo-con-mi-centro-regional\/\">(9.16) \u00bfC\u00f3mo hablo de mis metas de conseguir un trabajo con mi centro regional?<\/a><\/li>\n<li id=\"menu-item-1610\" class=\"menu-item menu-item-type-post_type menu-item-object-page menu-item-1610\"><a href=\"https:\/\/rula.disabilityrightsca.org\/es\/rula-book\/capitulo-9-participacion-comunitaria-trabajo-actividades-diurnas-y-de-ocio\/9-17-puedo-conseguir-un-trabajo-en-un-lugar-de-trabajo-integrado\/\">(9.17) \u00bfPuedo conseguir un trabajo en un lugar de trabajo integrado?<\/a><\/li>\n<li id=\"menu-item-1611\" class=\"menu-item menu-item-type-post_type menu-item-object-page menu-item-1611\"><a href=\"https:\/\/rula.disabilityrightsca.org\/es\/rula-book\/capitulo-9-participacion-comunitaria-trabajo-actividades-diurnas-y-de-ocio\/9-18-que-son-los-servicios-genericos\/\">(9.18) \u00bfQu\u00e9 son los Servicios Gen\u00e9ricos?<\/a><\/li>\n<li id=\"menu-item-1612\" class=\"menu-item menu-item-type-post_type menu-item-object-page menu-item-1612\"><a href=\"https:\/\/rula.disabilityrightsca.org\/es\/rula-book\/capitulo-9-participacion-comunitaria-trabajo-actividades-diurnas-y-de-ocio\/9-19-quien-es-elegible-para-un-programa-de-servicios-de-habilitacion\/\">(9.19) \u00bfQui\u00e9n es elegible para un programa de servicios de habilitaci\u00f3n?<\/a><\/li>\n<li id=\"menu-item-1613\" class=\"menu-item menu-item-type-post_type menu-item-object-page menu-item-1613\"><a href=\"https:\/\/rula.disabilityrightsca.org\/es\/rula-book\/capitulo-9-participacion-comunitaria-trabajo-actividades-diurnas-y-de-ocio\/9-20-que-es-un-plan-de-servicios-de-habilitacion-individual-ihsp\/\">(9.20) \u00bfQu\u00e9 es un Plan de Servicios de Habilitaci\u00f3n Individual (IHSP)?<\/a><\/li>\n<li id=\"menu-item-1614\" class=\"menu-item menu-item-type-post_type menu-item-object-page menu-item-1614\"><a href=\"https:\/\/rula.disabilityrightsca.org\/es\/rula-book\/capitulo-9-participacion-comunitaria-trabajo-actividades-diurnas-y-de-ocio\/9-21-que-son-los-servicios-de-rehabilitacion-vocacional\/\">(9.21) \u00bfQu\u00e9 son los Servicios de Rehabilitaci\u00f3n Vocacional?<\/a><\/li>\n<li id=\"menu-item-1615\" class=\"menu-item menu-item-type-post_type menu-item-object-page menu-item-1615\"><a href=\"https:\/\/rula.disabilityrightsca.org\/es\/rula-book\/capitulo-9-participacion-comunitaria-trabajo-actividades-diurnas-y-de-ocio\/9-22-quien-es-elegible-para-los-servicios-de-rehabilitacion-vocacional\/\">(9.22) \u00bfQui\u00e9n es elegible para los Servicios de Rehabilitaci\u00f3n Vocacional?<\/a><\/li>\n<li id=\"menu-item-1616\" class=\"menu-item menu-item-type-post_type menu-item-object-page menu-item-1616\"><a href=\"https:\/\/rula.disabilityrightsca.org\/es\/rula-book\/capitulo-9-participacion-comunitaria-trabajo-actividades-diurnas-y-de-ocio\/9-23-cual-es-la-diferencia-entre-los-servicios-de-habilitacion-y-los-servicios-de-rehabilitacion-vocacional\/\">(9.23) \u00bfCu\u00e1l es la diferencia entre los servicios de habilitaci\u00f3n y los servicios de rehabilitaci\u00f3n vocacional?<\/a><\/li>\n<li id=\"menu-item-1617\" class=\"menu-item menu-item-type-post_type menu-item-object-page menu-item-1617\"><a href=\"https:\/\/rula.disabilityrightsca.org\/es\/rula-book\/capitulo-9-participacion-comunitaria-trabajo-actividades-diurnas-y-de-ocio\/9-24-el-dor-y-el-dds-centro-regional-colaboran-alguna-vez-para-ayudar-a-las-personas-con-discapacidades-del-desarrollo\/\">(9.24) \u00bfEl DOR y el DDS (Centro Regional) colaboran alguna vez para ayudar a las personas con discapacidades del desarrollo?<\/a><\/li>\n<li id=\"menu-item-1618\" class=\"menu-item menu-item-type-post_type menu-item-object-page menu-item-1618\"><a href=\"https:\/\/rula.disabilityrightsca.org\/es\/rula-book\/capitulo-9-participacion-comunitaria-trabajo-actividades-diurnas-y-de-ocio\/9-25-que-son-los-programas-de-integracion-inversa\/\">(9.25) \u00bfQu\u00e9 son los programas de integraci\u00f3n inversa?<\/a><\/li>\n<li id=\"menu-item-1619\" class=\"menu-item menu-item-type-post_type menu-item-object-page menu-item-1619\"><a href=\"https:\/\/rula.disabilityrightsca.org\/es\/rula-book\/capitulo-9-participacion-comunitaria-trabajo-actividades-diurnas-y-de-ocio\/9-26-puedo-conseguir-un-asesor-laboral-o-desarrollador-de-empleo\/\">(9.26) \u00bfPuedo conseguir un asesor laboral o desarrollador de empleo?<\/a><\/li>\n<li id=\"menu-item-1620\" class=\"menu-item menu-item-type-post_type menu-item-object-page menu-item-1620\"><a href=\"https:\/\/rula.disabilityrightsca.org\/es\/rula-book\/capitulo-9-participacion-comunitaria-trabajo-actividades-diurnas-y-de-ocio\/9-27-puedo-conseguir-adaptaciones-razonables-en-mi-trabajo\/\">(9.27) \u00bfPuedo conseguir adaptaciones razonables en mi trabajo?<\/a><\/li>\n<li id=\"menu-item-1621\" class=\"menu-item menu-item-type-post_type menu-item-object-page menu-item-1621\"><a href=\"https:\/\/rula.disabilityrightsca.org\/es\/rula-book\/capitulo-9-participacion-comunitaria-trabajo-actividades-diurnas-y-de-ocio\/9-28-los-ingresos-de-mi-trabajo-afectaran-mis-beneficios-por-discapacidad\/\">(9.28) \u00bfLos ingresos de mi trabajo afectar\u00e1n mis beneficios por discapacidad?<\/a><\/li>\n<li id=\"menu-item-1622\" class=\"menu-item menu-item-type-post_type menu-item-object-page menu-item-1622\"><a href=\"https:\/\/rula.disabilityrightsca.org\/es\/rula-book\/capitulo-9-participacion-comunitaria-trabajo-actividades-diurnas-y-de-ocio\/9-29-que-tipo-de-actividades-recreativas-ayuda-un-centro-regional-a-que-disfruten-las-personas-con-discapacidades-del-desarrollo\/\">(9.29) \u00bfQu\u00e9 tipo de actividades recreativas ayuda un centro regional a que disfruten las personas con discapacidades del desarrollo?<\/a><\/li>\n<li id=\"menu-item-1623\" class=\"menu-item menu-item-type-post_type menu-item-object-page menu-item-1623\"><a href=\"https:\/\/rula.disabilityrightsca.org\/es\/rula-book\/capitulo-9-participacion-comunitaria-trabajo-actividades-diurnas-y-de-ocio\/9-30-se-requieren-adaptaciones-razonables-para-ayudarme-a-disfrutar-de-actividades-recreativas-y-de-ocio\/\">(9.30) \u00bfSe requieren adaptaciones razonables para ayudarme a disfrutar de actividades recreativas y de ocio?<\/a><\/li>\n<li id=\"menu-item-1624\" class=\"menu-item menu-item-type-post_type menu-item-object-page menu-item-1624\"><a href=\"https:\/\/rula.disabilityrightsca.org\/es\/rula-book\/capitulo-9-participacion-comunitaria-trabajo-actividades-diurnas-y-de-ocio\/9-31-pueden-los-programas-o-actividades-negarse-a-incluirme-debido-a-como-me-afecta-mi-discapacidad\/\">(9.31) \u00bfPueden los programas o actividades negarse a incluirme debido a c\u00f3mo me afecta mi discapacidad?<\/a><\/li>\n<li id=\"menu-item-1625\" class=\"menu-item menu-item-type-post_type menu-item-object-page menu-item-1625\"><a href=\"https:\/\/rula.disabilityrightsca.org\/es\/rula-book\/capitulo-9-participacion-comunitaria-trabajo-actividades-diurnas-y-de-ocio\/9-32-puedo-obtener-ayuda-para-aprender-a-formar-y-mantener-relaciones-saludables-e-incluso-como-ser-un-mejor-padre\/\">(9.32) \u00bfPuedo obtener ayuda para aprender a formar y mantener relaciones saludables, e incluso c\u00f3mo ser un mejor padre?<\/a><\/li>\n<li id=\"menu-item-1626\" class=\"menu-item menu-item-type-post_type menu-item-object-page menu-item-1626\"><a href=\"https:\/\/rula.disabilityrightsca.org\/es\/rula-book\/capitulo-9-participacion-comunitaria-trabajo-actividades-diurnas-y-de-ocio\/9-33-puedo-obtener-ayuda-con-el-transporte\/\">(9.33) \u00bfPuedo obtener ayuda con el transporte?<\/a><\/li>\n<li id=\"menu-item-1627\" class=\"menu-item menu-item-type-post_type menu-item-object-page menu-item-1627\"><a href=\"https:\/\/rula.disabilityrightsca.org\/es\/rula-book\/capitulo-9-participacion-comunitaria-trabajo-actividades-diurnas-y-de-ocio\/9-34-que-restricciones-existen-sobre-los-servicios-de-transporte-desde-los-centros-regionales\/\">(9.34) \u00bfQu\u00e9 restricciones existen sobre los servicios de transporte desde los centros regionales?<\/a><\/li>\n<li id=\"menu-item-1628\" class=\"menu-item menu-item-type-post_type menu-item-object-page menu-item-1628\"><a href=\"https:\/\/rula.disabilityrightsca.org\/es\/rula-book\/capitulo-9-participacion-comunitaria-trabajo-actividades-diurnas-y-de-ocio\/9-35-como-funciona-la-transicion-de-la-escuela-a-los-servicios-para-adultos\/\">(9.35) \u00bfC\u00f3mo funciona la transici\u00f3n de la escuela a los servicios para adultos?<\/a><\/li>\n<li id=\"menu-item-1629\" class=\"menu-item menu-item-type-post_type menu-item-object-page menu-item-1629\"><a href=\"https:\/\/rula.disabilityrightsca.org\/es\/rula-book\/capitulo-9-participacion-comunitaria-trabajo-actividades-diurnas-y-de-ocio\/9-36-pueden-los-centros-regionales-brindar-servicios-para-adultos-antes-de-que-yo-haya-dejado-la-escuela\/\">(9.36) \u00bfPueden los centros regionales brindar servicios para adultos antes de que yo haya dejado la escuela?<\/a><\/li>\n<li id=\"menu-item-1630\" class=\"menu-item menu-item-type-post_type menu-item-object-page menu-item-1630\"><a href=\"https:\/\/rula.disabilityrightsca.org\/es\/rula-book\/capitulo-9-participacion-comunitaria-trabajo-actividades-diurnas-y-de-ocio\/9-37-que-pasa-si-tengo-entre-18-y-22-anos-pero-ya-no-voy-a-la-escuela\/\">(9.37) \u00bfQu\u00e9 pasa si tengo entre 18 y 22 a\u00f1os, pero ya no voy a la escuela?<\/a><\/li>\n<\/ul><\/div>\n","protected":false},"excerpt":{"rendered":"<p>Imprimir todo el cap\u00edtulo Este cap\u00edtulo le brinda informaci\u00f3n sobre: Integraci\u00f3n y participaci\u00f3n comunitaria Trabajo, habilitaci\u00f3n, rehabilitaci\u00f3n vocacional y actividades diurnas Apoyos para el tiempo&hellip;<\/p>\n","protected":false},"author":1,"featured_media":0,"parent":33,"menu_order":9,"comment_status":"closed","ping_status":"closed","template":"","meta":{"footnotes":""},"class_list":["post-1447","page","type-page","status-publish","hentry"],"_links":{"self":[{"href":"https:\/\/rula.disabilityrightsca.org\/es\/wp-json\/wp\/v2\/pages\/1447","targetHints":{"allow":["GET"]}}],"collection":[{"href":"https:\/\/rula.disabilityrightsca.org\/es\/wp-json\/wp\/v2\/pages"}],"about":[{"href":"https:\/\/rula.disabilityrightsca.org\/es\/wp-json\/wp\/v2\/types\/page"}],"author":[{"embeddable":true,"href":"https:\/\/rula.disabilityrightsca.org\/es\/wp-json\/wp\/v2\/users\/1"}],"replies":[{"embeddable":true,"href":"https:\/\/rula.disabilityrightsca.org\/es\/wp-json\/wp\/v2\/comments?post=1447"}],"version-history":[{"count":10,"href":"https:\/\/rula.disabilityrightsca.org\/es\/wp-json\/wp\/v2\/pages\/1447\/revisions"}],"predecessor-version":[{"id":3214,"href":"https:\/\/rula.disabilityrightsca.org\/es\/wp-json\/wp\/v2\/pages\/1447\/revisions\/3214"}],"up":[{"embeddable":true,"href":"https:\/\/rula.disabilityrightsca.org\/es\/wp-json\/wp\/v2\/pages\/33"}],"wp:attachment":[{"href":"https:\/\/rula.disabilityrightsca.org\/es\/wp-json\/wp\/v2\/media?parent=1447"}],"curies":[{"name":"wp","href":"https:\/\/api.w.org\/{rel}","templated":true}]}}