{"id":1305,"date":"2021-06-21T23:30:14","date_gmt":"2021-06-21T23:30:14","guid":{"rendered":"http:\/\/www.rula.disabilityrightsca.org\/es\/?page_id=1305"},"modified":"2024-10-08T18:45:20","modified_gmt":"2024-10-08T18:45:20","slug":"4-50-como-puede-abogar-el-centro-regional-para-que-obtenga-servicios-de-otras-agencias","status":"publish","type":"page","link":"https:\/\/rula.disabilityrightsca.org\/es\/rula-book\/capitulo-4-planes-de-programas-individuales\/4-50-como-puede-abogar-el-centro-regional-para-que-obtenga-servicios-de-otras-agencias\/","title":{"rendered":"(4.51) \u00bfC\u00f3mo sabe el centro regional cu\u00e1l es mi ingreso bruto anual?"},"content":{"rendered":"\n<p>Debe entregar al centro regional una copia de la Declaraci\u00f3n de Persona Asalariada W-2, talones de n\u00f3mina, declaraci\u00f3n de impuestos estatales u otra prueba de ingresos. <span class=\"footnote_referrer\"><a role=\"button\" tabindex=\"0\" onclick=\"footnote_moveToReference_1305_1('footnote_plugin_reference_1305_1_1');\" onkeypress=\"footnote_moveToReference_1305_1('footnote_plugin_reference_1305_1_1');\" ><sup id=\"footnote_plugin_tooltip_1305_1_1\" class=\"footnote_plugin_tooltip_text\">[1]<\/sup><\/a><span id=\"footnote_plugin_tooltip_text_1305_1_1\" class=\"footnote_tooltip\">Secci\u00f3n 4659.1(e)<\/span><\/span><script type=\"text\/javascript\"> jQuery('#footnote_plugin_tooltip_1305_1_1').tooltip({ tip: '#footnote_plugin_tooltip_text_1305_1_1', tipClass: 'footnote_tooltip', effect: 'fade', predelay: 0, fadeInSpeed: 200, delay: 400, fadeOutSpeed: 200, position: 'top center', relative: true, offset: [-7, 0], });<\/script> Debe notificar al centro regional si ocurre un cambio en sus ingresos que podr\u00eda resultar en un cambio en la elegibilidad. <span class=\"footnote_referrer\"><a role=\"button\" tabindex=\"0\" onclick=\"footnote_moveToReference_1305_1('footnote_plugin_reference_1305_1_2');\" onkeypress=\"footnote_moveToReference_1305_1('footnote_plugin_reference_1305_1_2');\" ><sup id=\"footnote_plugin_tooltip_1305_1_2\" class=\"footnote_plugin_tooltip_text\">[2]<\/sup><\/a><span id=\"footnote_plugin_tooltip_text_1305_1_2\" class=\"footnote_tooltip\">Secci\u00f3n 4659.1(f)<\/span><\/span><script type=\"text\/javascript\"> jQuery('#footnote_plugin_tooltip_1305_1_2').tooltip({ tip: '#footnote_plugin_tooltip_text_1305_1_2', tipClass: 'footnote_tooltip', effect: 'fade', predelay: 0, fadeInSpeed: 200, delay: 400, fadeOutSpeed: 200, position: 'top center', relative: true, offset: [-7, 0], });<\/script><\/p>\n\n\n\n<p>El Departamento de Servicios de Desarrollo y los centros regionales deben recopilar informaci\u00f3n sobre el pago de copagos, coseguros y deducibles por parte de cada centro regional. <span class=\"footnote_referrer\"><a role=\"button\" tabindex=\"0\" onclick=\"footnote_moveToReference_1305_1('footnote_plugin_reference_1305_1_3');\" onkeypress=\"footnote_moveToReference_1305_1('footnote_plugin_reference_1305_1_3');\" ><sup id=\"footnote_plugin_tooltip_1305_1_3\" class=\"footnote_plugin_tooltip_text\">[3]<\/sup><\/a><span id=\"footnote_plugin_tooltip_text_1305_1_3\" class=\"footnote_tooltip\">Secci\u00f3n 4519.6<\/span><\/span><script type=\"text\/javascript\"> jQuery('#footnote_plugin_tooltip_1305_1_3').tooltip({ tip: '#footnote_plugin_tooltip_text_1305_1_3', tipClass: 'footnote_tooltip', effect: 'fade', predelay: 0, fadeInSpeed: 200, delay: 400, fadeOutSpeed: 200, position: 'top center', relative: true, offset: [-7, 0], });<\/script><\/p>\n<div class=\"speaker-mute footnotes_reference_container\"> <div class=\"footnote_container_prepare\"><p><span role=\"button\" tabindex=\"0\" class=\"footnote_reference_container_label pointer\" onclick=\"footnote_expand_collapse_reference_container_1305_1();\">&#x202F;<\/span><span role=\"button\" tabindex=\"0\" class=\"footnote_reference_container_collapse_button\" style=\"display: none;\" onclick=\"footnote_expand_collapse_reference_container_1305_1();\">[<a id=\"footnote_reference_container_collapse_button_1305_1\">+<\/a>]<\/span><\/p><\/div> <div id=\"footnote_references_container_1305_1\" style=\"\"><table class=\"footnotes_table footnote-reference-container\"><caption class=\"accessibility\">References<\/caption> <tbody> \r\n\r\n<tr class=\"footnotes_plugin_reference_row\"> <th scope=\"row\" class=\"footnote_plugin_index_combi pointer\"  onclick=\"footnote_moveToAnchor_1305_1('footnote_plugin_tooltip_1305_1_1');\"><a id=\"footnote_plugin_reference_1305_1_1\" class=\"footnote_backlink\"><span class=\"footnote_index_arrow\">&#8593;<\/span>1<\/a><\/th> <td class=\"footnote_plugin_text\">Secci\u00f3n 4659.1(e)<\/td><\/tr>\r\n\r\n<tr class=\"footnotes_plugin_reference_row\"> <th scope=\"row\" class=\"footnote_plugin_index_combi pointer\"  onclick=\"footnote_moveToAnchor_1305_1('footnote_plugin_tooltip_1305_1_2');\"><a id=\"footnote_plugin_reference_1305_1_2\" class=\"footnote_backlink\"><span class=\"footnote_index_arrow\">&#8593;<\/span>2<\/a><\/th> <td class=\"footnote_plugin_text\">Secci\u00f3n 4659.1(f)<\/td><\/tr>\r\n\r\n<tr class=\"footnotes_plugin_reference_row\"> <th scope=\"row\" class=\"footnote_plugin_index_combi pointer\"  onclick=\"footnote_moveToAnchor_1305_1('footnote_plugin_tooltip_1305_1_3');\"><a id=\"footnote_plugin_reference_1305_1_3\" class=\"footnote_backlink\"><span class=\"footnote_index_arrow\">&#8593;<\/span>3<\/a><\/th> <td class=\"footnote_plugin_text\">Secci\u00f3n 4519.6<\/td><\/tr>\r\n\r\n <\/tbody> <\/table> <\/div><\/div><script type=\"text\/javascript\"> function footnote_expand_reference_container_1305_1() { jQuery('#footnote_references_container_1305_1').show(); jQuery('#footnote_reference_container_collapse_button_1305_1').text('\u2212'); } function footnote_collapse_reference_container_1305_1() { jQuery('#footnote_references_container_1305_1').hide(); jQuery('#footnote_reference_container_collapse_button_1305_1').text('+'); } function footnote_expand_collapse_reference_container_1305_1() { if (jQuery('#footnote_references_container_1305_1').is(':hidden')) { footnote_expand_reference_container_1305_1(); } else { footnote_collapse_reference_container_1305_1(); } } function footnote_moveToReference_1305_1(p_str_TargetID) { footnote_expand_reference_container_1305_1(); var l_obj_Target = jQuery('#' + p_str_TargetID); if (l_obj_Target.length) { jQuery( 'html, body' ).delay( 0 ); jQuery('html, body').animate({ scrollTop: l_obj_Target.offset().top - window.innerHeight * 0.2 }, 380); } } function footnote_moveToAnchor_1305_1(p_str_TargetID) { footnote_expand_reference_container_1305_1(); var l_obj_Target = jQuery('#' + p_str_TargetID); if (l_obj_Target.length) { jQuery( 'html, body' ).delay( 0 ); jQuery('html, body').animate({ scrollTop: l_obj_Target.offset().top - window.innerHeight * 0.2 }, 380); } }<\/script>","protected":false},"excerpt":{"rendered":"<p>Debe entregar al centro regional una copia de la Declaraci\u00f3n de Persona Asalariada W-2, talones de n\u00f3mina, declaraci\u00f3n de impuestos estatales u otra prueba de&hellip;<\/p>\n","protected":false},"author":1,"featured_media":0,"parent":1193,"menu_order":50,"comment_status":"closed","ping_status":"closed","template":"","meta":{"footnotes":""},"class_list":["post-1305","page","type-page","status-publish","hentry"],"_links":{"self":[{"href":"https:\/\/rula.disabilityrightsca.org\/es\/wp-json\/wp\/v2\/pages\/1305","targetHints":{"allow":["GET"]}}],"collection":[{"href":"https:\/\/rula.disabilityrightsca.org\/es\/wp-json\/wp\/v2\/pages"}],"about":[{"href":"https:\/\/rula.disabilityrightsca.org\/es\/wp-json\/wp\/v2\/types\/page"}],"author":[{"embeddable":true,"href":"https:\/\/rula.disabilityrightsca.org\/es\/wp-json\/wp\/v2\/users\/1"}],"replies":[{"embeddable":true,"href":"https:\/\/rula.disabilityrightsca.org\/es\/wp-json\/wp\/v2\/comments?post=1305"}],"version-history":[{"count":8,"href":"https:\/\/rula.disabilityrightsca.org\/es\/wp-json\/wp\/v2\/pages\/1305\/revisions"}],"predecessor-version":[{"id":4023,"href":"https:\/\/rula.disabilityrightsca.org\/es\/wp-json\/wp\/v2\/pages\/1305\/revisions\/4023"}],"up":[{"embeddable":true,"href":"https:\/\/rula.disabilityrightsca.org\/es\/wp-json\/wp\/v2\/pages\/1193"}],"wp:attachment":[{"href":"https:\/\/rula.disabilityrightsca.org\/es\/wp-json\/wp\/v2\/media?parent=1305"}],"curies":[{"name":"wp","href":"https:\/\/api.w.org\/{rel}","templated":true}]}}