{"id":1293,"date":"2021-06-21T21:38:36","date_gmt":"2021-06-21T21:38:36","guid":{"rendered":"http:\/\/www.rula.disabilityrightsca.org\/es\/?page_id=1293"},"modified":"2024-10-08T18:53:05","modified_gmt":"2024-10-08T18:53:05","slug":"4-45-si-apelo-la-decision-de-un-centro-regional-de-reducir-cambiar-o-detener-un-servicio-de-ipp-que-sucede-con-ese-servicio-durante-mi-apelacion","status":"publish","type":"page","link":"https:\/\/rula.disabilityrightsca.org\/es\/rula-book\/capitulo-4-planes-de-programas-individuales\/4-45-si-apelo-la-decision-de-un-centro-regional-de-reducir-cambiar-o-detener-un-servicio-de-ipp-que-sucede-con-ese-servicio-durante-mi-apelacion\/","title":{"rendered":"(4.46) \u00bfPuede el centro regional pagar los servicios m\u00e9dicos o dentales bajo cualquier circunstancia?"},"content":{"rendered":"\n<p>Hay algunas situaciones en las que el centro regional puede pagar estos servicios:<\/p>\n\n\n\n<ul class=\"wp-block-list\">\n<li>Cuando se deniega Medi-Cal y la cobertura de seguro y el centro regional cree que una apelaci\u00f3n de la denegaci\u00f3n no tendr\u00e1 \u00e9xito;<\/li>\n\n\n\n<li>Mientras se intenta obtener la cobertura de seguro o Medi-Cal, y a\u00fan no ha sido negada;<\/li>\n\n\n\n<li>Mientras est\u00e1 pendiente una apelaci\u00f3n a Medi-Cal o al seguro por una denegaci\u00f3n de cobertura y a\u00fan no hay una decisi\u00f3n final;<img loading=\"lazy\" decoding=\"async\" width=\"6\" height=\"7\" src=\"\"><\/li>\n\n\n\n<li>Cuando se ha conseguido, pero a\u00fan no ha comenzado la cobertura de Medi-Cal o del seguro. <span class=\"footnote_referrer\"><a role=\"button\" tabindex=\"0\" onclick=\"footnote_moveToReference_1293_1('footnote_plugin_reference_1293_1_1');\" onkeypress=\"footnote_moveToReference_1293_1('footnote_plugin_reference_1293_1_1');\" ><sup id=\"footnote_plugin_tooltip_1293_1_1\" class=\"footnote_plugin_tooltip_text\">[1]<\/sup><\/a><span id=\"footnote_plugin_tooltip_text_1293_1_1\" class=\"footnote_tooltip\">Secci\u00f3n 4659(d)<\/span><\/span><script type=\"text\/javascript\"> jQuery('#footnote_plugin_tooltip_1293_1_1').tooltip({ tip: '#footnote_plugin_tooltip_text_1293_1_1', tipClass: 'footnote_tooltip', effect: 'fade', predelay: 0, fadeInSpeed: 200, delay: 400, fadeOutSpeed: 200, position: 'top center', relative: true, offset: [-7, 0], });<\/script><\/li>\n<\/ul>\n<div class=\"speaker-mute footnotes_reference_container\"> <div class=\"footnote_container_prepare\"><p><span role=\"button\" tabindex=\"0\" class=\"footnote_reference_container_label pointer\" onclick=\"footnote_expand_collapse_reference_container_1293_1();\">&#x202F;<\/span><span role=\"button\" tabindex=\"0\" class=\"footnote_reference_container_collapse_button\" style=\"display: none;\" onclick=\"footnote_expand_collapse_reference_container_1293_1();\">[<a id=\"footnote_reference_container_collapse_button_1293_1\">+<\/a>]<\/span><\/p><\/div> <div id=\"footnote_references_container_1293_1\" style=\"\"><table class=\"footnotes_table footnote-reference-container\"><caption class=\"accessibility\">References<\/caption> <tbody> \r\n\r\n<tr class=\"footnotes_plugin_reference_row\"> <th scope=\"row\" class=\"footnote_plugin_index_combi pointer\"  onclick=\"footnote_moveToAnchor_1293_1('footnote_plugin_tooltip_1293_1_1');\"><a id=\"footnote_plugin_reference_1293_1_1\" class=\"footnote_backlink\"><span class=\"footnote_index_arrow\">&#8593;<\/span>1<\/a><\/th> <td class=\"footnote_plugin_text\">Secci\u00f3n 4659(d)<\/td><\/tr>\r\n\r\n <\/tbody> <\/table> <\/div><\/div><script type=\"text\/javascript\"> function footnote_expand_reference_container_1293_1() { jQuery('#footnote_references_container_1293_1').show(); jQuery('#footnote_reference_container_collapse_button_1293_1').text('\u2212'); } function footnote_collapse_reference_container_1293_1() { jQuery('#footnote_references_container_1293_1').hide(); jQuery('#footnote_reference_container_collapse_button_1293_1').text('+'); } function footnote_expand_collapse_reference_container_1293_1() { if (jQuery('#footnote_references_container_1293_1').is(':hidden')) { footnote_expand_reference_container_1293_1(); } else { footnote_collapse_reference_container_1293_1(); } } function footnote_moveToReference_1293_1(p_str_TargetID) { footnote_expand_reference_container_1293_1(); var l_obj_Target = jQuery('#' + p_str_TargetID); if (l_obj_Target.length) { jQuery( 'html, body' ).delay( 0 ); jQuery('html, body').animate({ scrollTop: l_obj_Target.offset().top - window.innerHeight * 0.2 }, 380); } } function footnote_moveToAnchor_1293_1(p_str_TargetID) { footnote_expand_reference_container_1293_1(); var l_obj_Target = jQuery('#' + p_str_TargetID); if (l_obj_Target.length) { jQuery( 'html, body' ).delay( 0 ); jQuery('html, body').animate({ scrollTop: l_obj_Target.offset().top - window.innerHeight * 0.2 }, 380); } }<\/script>","protected":false},"excerpt":{"rendered":"<p>Hay algunas situaciones en las que el centro regional puede pagar estos servicios:<\/p>\n","protected":false},"author":1,"featured_media":0,"parent":1193,"menu_order":45,"comment_status":"closed","ping_status":"closed","template":"","meta":{"footnotes":""},"class_list":["post-1293","page","type-page","status-publish","hentry"],"_links":{"self":[{"href":"https:\/\/rula.disabilityrightsca.org\/es\/wp-json\/wp\/v2\/pages\/1293","targetHints":{"allow":["GET"]}}],"collection":[{"href":"https:\/\/rula.disabilityrightsca.org\/es\/wp-json\/wp\/v2\/pages"}],"about":[{"href":"https:\/\/rula.disabilityrightsca.org\/es\/wp-json\/wp\/v2\/types\/page"}],"author":[{"embeddable":true,"href":"https:\/\/rula.disabilityrightsca.org\/es\/wp-json\/wp\/v2\/users\/1"}],"replies":[{"embeddable":true,"href":"https:\/\/rula.disabilityrightsca.org\/es\/wp-json\/wp\/v2\/comments?post=1293"}],"version-history":[{"count":7,"href":"https:\/\/rula.disabilityrightsca.org\/es\/wp-json\/wp\/v2\/pages\/1293\/revisions"}],"predecessor-version":[{"id":4028,"href":"https:\/\/rula.disabilityrightsca.org\/es\/wp-json\/wp\/v2\/pages\/1293\/revisions\/4028"}],"up":[{"embeddable":true,"href":"https:\/\/rula.disabilityrightsca.org\/es\/wp-json\/wp\/v2\/pages\/1193"}],"wp:attachment":[{"href":"https:\/\/rula.disabilityrightsca.org\/es\/wp-json\/wp\/v2\/media?parent=1293"}],"curies":[{"name":"wp","href":"https:\/\/api.w.org\/{rel}","templated":true}]}}