{"id":1291,"date":"2021-06-21T21:36:26","date_gmt":"2021-06-21T21:36:26","guid":{"rendered":"http:\/\/www.rula.disabilityrightsca.org\/es\/?page_id=1291"},"modified":"2024-10-08T18:53:19","modified_gmt":"2024-10-08T18:53:19","slug":"4-44-puede-el-centro-regional-cambiar-mi-ipp-sin-mi-permiso-y-sin-previo-aviso","status":"publish","type":"page","link":"https:\/\/rula.disabilityrightsca.org\/es\/rula-book\/capitulo-4-planes-de-programas-individuales\/4-44-puede-el-centro-regional-cambiar-mi-ipp-sin-mi-permiso-y-sin-previo-aviso\/","title":{"rendered":"(4.45) \u00bfQu\u00e9 tipos de equipos especiales o tecnolog\u00eda de asistencia puedo obtener?"},"content":{"rendered":"\n<p>El equipo especial y la tecnolog\u00eda de asistencia incluyen:<\/p>\n\n\n\n<ul class=\"wp-block-list\">\n<li>dispositivos de comunicaci\u00f3n, camas de hospital, sillas de ruedas,<\/li>\n\n\n\n<li>rampas para entrar y salir de casa,<\/li>\n\n\n\n<li>bisagras especiales para ensanchar las puertas para que pase una silla de ruedas, computadoras, y<\/li>\n\n\n\n<li>otros aparatos y tecnolog\u00eda para ayudarle a llevar una vida m\u00e1s normal y productiva. <\/li>\n<\/ul>\n\n\n\n<p>Para obtener m\u00e1s informaci\u00f3n sobre equipos especiales y tecnolog\u00eda de asistencia, visite\u00a0<a href=\"https:\/\/www.disabilityrightsca.org\/es\/publicaciones\/tecnologia-de-asistencia\">Tecnolog\u00eda de asistencia y equipos m\u00e9dicos<\/a>\u00a0en la secci\u00f3n de Recursos del sitio web de Disability Rights California.<\/p>\n","protected":false},"excerpt":{"rendered":"<p>El equipo especial y la tecnolog\u00eda de asistencia incluyen: Para obtener m\u00e1s informaci\u00f3n sobre equipos especiales y tecnolog\u00eda de asistencia, visite\u00a0Tecnolog\u00eda de asistencia y equipos&hellip;<\/p>\n","protected":false},"author":1,"featured_media":0,"parent":1193,"menu_order":44,"comment_status":"closed","ping_status":"closed","template":"","meta":{"footnotes":""},"class_list":["post-1291","page","type-page","status-publish","hentry"],"_links":{"self":[{"href":"https:\/\/rula.disabilityrightsca.org\/es\/wp-json\/wp\/v2\/pages\/1291","targetHints":{"allow":["GET"]}}],"collection":[{"href":"https:\/\/rula.disabilityrightsca.org\/es\/wp-json\/wp\/v2\/pages"}],"about":[{"href":"https:\/\/rula.disabilityrightsca.org\/es\/wp-json\/wp\/v2\/types\/page"}],"author":[{"embeddable":true,"href":"https:\/\/rula.disabilityrightsca.org\/es\/wp-json\/wp\/v2\/users\/1"}],"replies":[{"embeddable":true,"href":"https:\/\/rula.disabilityrightsca.org\/es\/wp-json\/wp\/v2\/comments?post=1291"}],"version-history":[{"count":6,"href":"https:\/\/rula.disabilityrightsca.org\/es\/wp-json\/wp\/v2\/pages\/1291\/revisions"}],"predecessor-version":[{"id":4029,"href":"https:\/\/rula.disabilityrightsca.org\/es\/wp-json\/wp\/v2\/pages\/1291\/revisions\/4029"}],"up":[{"embeddable":true,"href":"https:\/\/rula.disabilityrightsca.org\/es\/wp-json\/wp\/v2\/pages\/1193"}],"wp:attachment":[{"href":"https:\/\/rula.disabilityrightsca.org\/es\/wp-json\/wp\/v2\/media?parent=1291"}],"curies":[{"name":"wp","href":"https:\/\/api.w.org\/{rel}","templated":true}]}}