{"id":1286,"date":"2021-06-21T21:32:25","date_gmt":"2021-06-21T21:32:25","guid":{"rendered":"http:\/\/www.rula.disabilityrightsca.org\/es\/?page_id=1286"},"modified":"2024-10-08T18:53:59","modified_gmt":"2024-10-08T18:53:59","slug":"4-42-por-que-deberia-firmar-mi-ipp","status":"publish","type":"page","link":"https:\/\/rula.disabilityrightsca.org\/es\/rula-book\/capitulo-4-planes-de-programas-individuales\/4-42-por-que-deberia-firmar-mi-ipp\/","title":{"rendered":"(4.43) \u00bfPuedo obtener equipo especial o tecnolog\u00eda de asistencia a trav\u00e9s del IPP?"},"content":{"rendered":"\n<p>Quiz\u00e1s. Hable sobre el equipo especial o la tecnolog\u00eda de asistencia que necesita en su reuni\u00f3n de IPP. El centro regional podr\u00eda ayudarlo primero a obtener el equipo que necesita de una agencia gen\u00e9rica, como:<\/p>\n\n\n\n<ul class=\"wp-block-list\">\n<li>Servicios para Ni\u00f1os de <\/li>\n\n\n\n<li>California, Medi-Cal,<\/li>\n\n\n\n<li>Seguro privado, o<\/li>\n\n\n\n<li>Departamento de Rehabilitaci\u00f3n de California. <span class=\"footnote_referrer\"><a role=\"button\" tabindex=\"0\" onclick=\"footnote_moveToReference_1286_1('footnote_plugin_reference_1286_1_1');\" onkeypress=\"footnote_moveToReference_1286_1('footnote_plugin_reference_1286_1_1');\" ><sup id=\"footnote_plugin_tooltip_1286_1_1\" class=\"footnote_plugin_tooltip_text\">[1]<\/sup><\/a><span id=\"footnote_plugin_tooltip_text_1286_1_1\" class=\"footnote_tooltip\">Secciones 4659(a) y 4648(a)(8)<\/span><\/span><script type=\"text\/javascript\"> jQuery('#footnote_plugin_tooltip_1286_1_1').tooltip({ tip: '#footnote_plugin_tooltip_text_1286_1_1', tipClass: 'footnote_tooltip', effect: 'fade', predelay: 0, fadeInSpeed: 200, delay: 400, fadeOutSpeed: 200, position: 'top center', relative: true, offset: [-7, 0], });<\/script><\/li>\n<\/ul>\n\n\n\n<p>Si est\u00e1 inscrito en un programa de educaci\u00f3n especial, el centro regional puede derivarlo a su distrito escolar para obtener el equipo especializado o la tecnolog\u00eda de asistencia. El distrito escolar puede proporcionarlo si necesita el mismo equipo para su educaci\u00f3n y si el distrito escolar le permite llevar los art\u00edculos a casa. Pero, si lo que necesita para su educaci\u00f3n es diferente de lo que necesita en casa o en la comunidad, o si el distrito escolar no le permite llevarlo a casa, la derivaci\u00f3n a su distrito escolar no satisfar\u00e1 esta necesidad.<\/p>\n\n\n\n<p>Si hubiera una demora, el centro regional puede pagar el equipo especial o la tecnolog\u00eda de asistencia mientras tanto. <span class=\"footnote_referrer\"><a role=\"button\" tabindex=\"0\" onclick=\"footnote_moveToReference_1286_1('footnote_plugin_reference_1286_1_2');\" onkeypress=\"footnote_moveToReference_1286_1('footnote_plugin_reference_1286_1_2');\" ><sup id=\"footnote_plugin_tooltip_1286_1_2\" class=\"footnote_plugin_tooltip_text\">[2]<\/sup><\/a><span id=\"footnote_plugin_tooltip_text_1286_1_2\" class=\"footnote_tooltip\">En un caso, un Tribunal Superior de California confirm\u00f3 una decisi\u00f3n de audiencia administrativa que ordenaba al centro regional a proporcionar servicios educativos durante una disputa con el&nbsp;&#x2026; <span class=\"footnote_tooltip_continue\"  onclick=\"footnote_moveToReference_1286_1('footnote_plugin_reference_1286_1_2');\">Continue reading<\/span><\/span><\/span><script type=\"text\/javascript\"> jQuery('#footnote_plugin_tooltip_1286_1_2').tooltip({ tip: '#footnote_plugin_tooltip_text_1286_1_2', tipClass: 'footnote_tooltip', effect: 'fade', predelay: 0, fadeInSpeed: 200, delay: 400, fadeOutSpeed: 200, position: 'top center', relative: true, offset: [-7, 0], });<\/script>. Si no hay ninguna otra agencia gen\u00e9rica que pueda pagarlo, y necesita un servicio, equipo o tecnolog\u00eda para llevar a cabo su IPP, el centro regional debe usar sus recursos para brind\u00e1rselo.<\/p>\n\n\n\n<p>Aseg\u00farese de que su IPP incluya plazos e identifique qui\u00e9n lo ayudar\u00e1 a obtener la tecnolog\u00eda o el equipo de asistencia de otra agencia o programa responsable.<\/p>\n<div class=\"speaker-mute footnotes_reference_container\"> <div class=\"footnote_container_prepare\"><p><span role=\"button\" tabindex=\"0\" class=\"footnote_reference_container_label pointer\" onclick=\"footnote_expand_collapse_reference_container_1286_1();\">&#x202F;<\/span><span role=\"button\" tabindex=\"0\" class=\"footnote_reference_container_collapse_button\" style=\"display: none;\" onclick=\"footnote_expand_collapse_reference_container_1286_1();\">[<a id=\"footnote_reference_container_collapse_button_1286_1\">+<\/a>]<\/span><\/p><\/div> <div id=\"footnote_references_container_1286_1\" style=\"\"><table class=\"footnotes_table footnote-reference-container\"><caption class=\"accessibility\">References<\/caption> <tbody> \r\n\r\n<tr class=\"footnotes_plugin_reference_row\"> <th scope=\"row\" class=\"footnote_plugin_index_combi pointer\"  onclick=\"footnote_moveToAnchor_1286_1('footnote_plugin_tooltip_1286_1_1');\"><a id=\"footnote_plugin_reference_1286_1_1\" class=\"footnote_backlink\"><span class=\"footnote_index_arrow\">&#8593;<\/span>1<\/a><\/th> <td class=\"footnote_plugin_text\">Secciones 4659(a) y 4648(a)(8)<\/td><\/tr>\r\n\r\n<tr class=\"footnotes_plugin_reference_row\"> <th scope=\"row\" class=\"footnote_plugin_index_combi pointer\"  onclick=\"footnote_moveToAnchor_1286_1('footnote_plugin_tooltip_1286_1_2');\"><a id=\"footnote_plugin_reference_1286_1_2\" class=\"footnote_backlink\"><span class=\"footnote_index_arrow\">&#8593;<\/span>2<\/a><\/th> <td class=\"footnote_plugin_text\">En un caso, un Tribunal Superior de California confirm\u00f3 una decisi\u00f3n de audiencia administrativa que ordenaba al centro regional a proporcionar servicios educativos durante una disputa con el distrito escolar. <em>T.S. v. North Los Angeles County Regional Center<\/em>, Caso OAH No. L-2002070084, confirmado en <em>T.S. v. Clifford Allenby et al.<\/em>, Tribunal Superior de Los \u00c1ngeles. Caso N.\u00ba BS 079835<\/td><\/tr>\r\n\r\n <\/tbody> <\/table> <\/div><\/div><script type=\"text\/javascript\"> function footnote_expand_reference_container_1286_1() { jQuery('#footnote_references_container_1286_1').show(); jQuery('#footnote_reference_container_collapse_button_1286_1').text('\u2212'); } function footnote_collapse_reference_container_1286_1() { jQuery('#footnote_references_container_1286_1').hide(); jQuery('#footnote_reference_container_collapse_button_1286_1').text('+'); } function footnote_expand_collapse_reference_container_1286_1() { if (jQuery('#footnote_references_container_1286_1').is(':hidden')) { footnote_expand_reference_container_1286_1(); } else { footnote_collapse_reference_container_1286_1(); } } function footnote_moveToReference_1286_1(p_str_TargetID) { footnote_expand_reference_container_1286_1(); var l_obj_Target = jQuery('#' + p_str_TargetID); if (l_obj_Target.length) { jQuery( 'html, body' ).delay( 0 ); jQuery('html, body').animate({ scrollTop: l_obj_Target.offset().top - window.innerHeight * 0.2 }, 380); } } function footnote_moveToAnchor_1286_1(p_str_TargetID) { footnote_expand_reference_container_1286_1(); var l_obj_Target = jQuery('#' + p_str_TargetID); if (l_obj_Target.length) { jQuery( 'html, body' ).delay( 0 ); jQuery('html, body').animate({ scrollTop: l_obj_Target.offset().top - window.innerHeight * 0.2 }, 380); } }<\/script>","protected":false},"excerpt":{"rendered":"<p>Quiz\u00e1s. Hable sobre el equipo especial o la tecnolog\u00eda de asistencia que necesita en su reuni\u00f3n de IPP. El centro regional podr\u00eda ayudarlo primero a&hellip;<\/p>\n","protected":false},"author":1,"featured_media":0,"parent":1193,"menu_order":42,"comment_status":"closed","ping_status":"closed","template":"","meta":{"footnotes":""},"class_list":["post-1286","page","type-page","status-publish","hentry"],"_links":{"self":[{"href":"https:\/\/rula.disabilityrightsca.org\/es\/wp-json\/wp\/v2\/pages\/1286","targetHints":{"allow":["GET"]}}],"collection":[{"href":"https:\/\/rula.disabilityrightsca.org\/es\/wp-json\/wp\/v2\/pages"}],"about":[{"href":"https:\/\/rula.disabilityrightsca.org\/es\/wp-json\/wp\/v2\/types\/page"}],"author":[{"embeddable":true,"href":"https:\/\/rula.disabilityrightsca.org\/es\/wp-json\/wp\/v2\/users\/1"}],"replies":[{"embeddable":true,"href":"https:\/\/rula.disabilityrightsca.org\/es\/wp-json\/wp\/v2\/comments?post=1286"}],"version-history":[{"count":7,"href":"https:\/\/rula.disabilityrightsca.org\/es\/wp-json\/wp\/v2\/pages\/1286\/revisions"}],"predecessor-version":[{"id":4031,"href":"https:\/\/rula.disabilityrightsca.org\/es\/wp-json\/wp\/v2\/pages\/1286\/revisions\/4031"}],"up":[{"embeddable":true,"href":"https:\/\/rula.disabilityrightsca.org\/es\/wp-json\/wp\/v2\/pages\/1193"}],"wp:attachment":[{"href":"https:\/\/rula.disabilityrightsca.org\/es\/wp-json\/wp\/v2\/media?parent=1286"}],"curies":[{"name":"wp","href":"https:\/\/api.w.org\/{rel}","templated":true}]}}