{"id":1284,"date":"2021-06-21T21:30:55","date_gmt":"2021-06-21T21:30:55","guid":{"rendered":"http:\/\/www.rula.disabilityrightsca.org\/es\/?page_id=1284"},"modified":"2024-10-08T18:54:17","modified_gmt":"2024-10-08T18:54:17","slug":"4-41-que-pasa-si-el-equipo-de-planificacion-no-puede-ponerse-de-acuerdo-sobre-mi-ipp","status":"publish","type":"page","link":"https:\/\/rula.disabilityrightsca.org\/es\/rula-book\/capitulo-4-planes-de-programas-individuales\/4-41-que-pasa-si-el-equipo-de-planificacion-no-puede-ponerse-de-acuerdo-sobre-mi-ipp\/","title":{"rendered":"(4.42) \u00bfC\u00f3mo decido qu\u00e9 servicios o apoyos solicitar en mi IPP para cumplir con mis objetivos y lograr mis metas?"},"content":{"rendered":"\n<p>Seg\u00fan la Ley Lanterman, los &#8220;servicios y apoyos para personas con discapacidades del desarrollo&#8221; son amplios. Incluye servicios y apoyos para disminuir los efectos de su discapacidad del desarrollo y ayudarlo a lograr y mantener una vida independiente, productiva y normal. <span class=\"footnote_referrer\"><a role=\"button\" tabindex=\"0\" onclick=\"footnote_moveToReference_1284_1('footnote_plugin_reference_1284_1_1');\" onkeypress=\"footnote_moveToReference_1284_1('footnote_plugin_reference_1284_1_1');\" ><sup id=\"footnote_plugin_tooltip_1284_1_1\" class=\"footnote_plugin_tooltip_text\">[1]<\/sup><\/a><span id=\"footnote_plugin_tooltip_text_1284_1_1\" class=\"footnote_tooltip\">Secciones 4501 y 4512(b)<\/span><\/span><script type=\"text\/javascript\"> jQuery('#footnote_plugin_tooltip_1284_1_1').tooltip({ tip: '#footnote_plugin_tooltip_text_1284_1_1', tipClass: 'footnote_tooltip', effect: 'fade', predelay: 0, fadeInSpeed: 200, delay: 400, fadeOutSpeed: 200, position: 'top center', relative: true, offset: [-7, 0], });<\/script><\/p>\n\n\n\n<p>Piense en lo que usted (y su familia, si corresponde) quiere y necesita. El IPP puede ayudarlo a elegir los servicios y apoyos que necesita y prefiere.<\/p>\n\n\n\n<p>Los servicios deben ser rentables, lo que significa que deben satisfacer sus necesidades. Pero, si dos proveedores de servicios pueden satisfacer sus necesidades, el centro regional puede utilizar el que cueste menos. <span class=\"footnote_referrer\"><a role=\"button\" tabindex=\"0\" onclick=\"footnote_moveToReference_1284_1('footnote_plugin_reference_1284_1_2');\" onkeypress=\"footnote_moveToReference_1284_1('footnote_plugin_reference_1284_1_2');\" ><sup id=\"footnote_plugin_tooltip_1284_1_2\" class=\"footnote_plugin_tooltip_text\">[2]<\/sup><\/a><span id=\"footnote_plugin_tooltip_text_1284_1_2\" class=\"footnote_tooltip\">Secci\u00f3n 4648(a)(6)<\/span><\/span><script type=\"text\/javascript\"> jQuery('#footnote_plugin_tooltip_1284_1_2').tooltip({ tip: '#footnote_plugin_tooltip_text_1284_1_2', tipClass: 'footnote_tooltip', effect: 'fade', predelay: 0, fadeInSpeed: 200, delay: 400, fadeOutSpeed: 200, position: 'top center', relative: true, offset: [-7, 0], });<\/script> <em>Todos los servicios y apoyos que recibir\u00e1 deben estar incluidos en su IPP.<\/em><\/p>\n\n\n\n<p>A continuaci\u00f3n, se enumeran ejemplos de servicios:<\/p>\n\n\n\n<ul class=\"wp-block-list\">\n<li>Servicios de evaluaci\u00f3n<\/li>\n\n\n\n<li>Habilitaci\u00f3n y capacitaci\u00f3n<\/li>\n\n\n\n<li>Tratamiento y terapia de intervenci\u00f3n<\/li>\n\n\n\n<li>Servicios preventivos<\/li>\n\n\n\n<li>Una variedad de arreglos de vivienda diferentes<\/li>\n\n\n\n<li>Integraci\u00f3n comunitaria<\/li>\n\n\n\n<li>Empleo\/programas diurnos<\/li>\n\n\n\n<li>Servicios de asesoramiento<\/li>\n\n\n\n<li>Defensa<\/li>\n\n\n\n<li>Servicios de apoyo familiar<\/li>\n\n\n\n<li>Servicios y apoyos para las relaciones<\/li>\n\n\n\n<li>Servicios de emergencia y crisis<\/li>\n\n\n\n<li>Equipo especializado<\/li>\n\n\n\n<li>Servicios de transporte<\/li>\n\n\n\n<li>Facilitaci\u00f3n\/autodefensa<\/li>\n\n\n\n<li>Servicios de interpretaci\u00f3n\/traducci\u00f3n<\/li>\n<\/ul>\n\n\n\n<p>La lista incluye ideas sobre qu\u00e9 tipo de cosas est\u00e1n disponibles. No incluye todos los servicios, pero es un buen punto de partida. La lista mucho m\u00e1s larga de servicios en la ley no es una lista exhaustiva. Por lo tanto, si hay un servicio que no figura en la ley, pero cree que lo necesita para lograr sus metas de IPP, el centro regional debe considerarlo.<\/p>\n\n\n\n<p>Enumere las cosas que desea y necesita, y comp\u00e1relas con la lista del <a href=\"https:\/\/rula.disabilityrightsca.org\/es\/suplementos\/suplemento-c-servicios-y-apoyos-prestados-por-los-centros-regionales\/\">Suplemento C<\/a> que es de la Ley Lanterman. <a href=\"https:\/\/rula.disabilityrightsca.org\/es\/suplementos\/suplemento-i-planificador-de-reuniones-de-ipp\/\">Suplemento I<\/a>, <a href=\"https:\/\/rula.disabilityrightsca.org\/es\/suplementos\/suplemento-j-utilice-su-ipp-para-planificar-las-actividades-comunitarias\/\">Suplemento J<\/a> y <a href=\"https:\/\/rula.disabilityrightsca.org\/es\/suplementos\/suplemento-k-preparese-para-la-reunion-de-ipp-o-ifsp-de-su-hijo\/\">Suplemento K<\/a>.<\/p>\n\n\n\n<p>Puede haber diferentes servicios que pueden lograr el mismo resultado, as\u00ed que no se preocupe por las etiquetas. Piense en los resultados que desea obtener de un servicio o apoyo. Para prepararse para una reuni\u00f3n de IPP, haga una lista de lo que le gusto y lo que no, sus deseos y necesidades. Luego, enumere los servicios que cree que lo ayudar\u00e1n a satisfacer sus necesidades. Si los informes de evaluaci\u00f3n le resultan \u00fatiles para identificar sus necesidades o sugerir metas o servicios del IPP, menci\u00f3nelos durante la reuni\u00f3n. Si ha pensado en lo que necesita y desea, y en algunas metas para el IPP, escriba una carta a su coordinador de servicios antes de la reuni\u00f3n del IPP y d\u00edgale qu\u00e9 metas y servicios cree que deber\u00edan estar en su IPP. De esa manera, el centro regional estar\u00e1 m\u00e1s preparado para discutir estos detalles durante su reuni\u00f3n. <\/p>\n\n\n\n<p>Para obtener informaci\u00f3n sobre los servicios si desea vivir con la familia, consulte el <a href=\"https:\/\/rula.disabilityrightsca.org\/es\/rula-book\/capitulo-6-mantener-unida-a-la-familia-servicios-y-apoyos-para-ninos\/\">Cap\u00edtulo 6<\/a>. Para obtener informaci\u00f3n sobre los servicios que lo ayudar\u00e1n con diferentes formas de vivienda, consulte el <a href=\"https:\/\/rula.disabilityrightsca.org\/es\/rula-book\/capitulo-7-modos-de-vida-comunitaria-para-adultos\/\">Cap\u00edtulo 7<\/a>. Para obtener informaci\u00f3n sobre apoyos y servicios para el trabajo, el d\u00eda y el tiempo libre, consulte el <a href=\"https:\/\/rula.disabilityrightsca.org\/es\/rula-book\/capitulo-9-participacion-comunitaria-trabajo-actividades-diurnas-y-de-ocio\/\">Cap\u00edtulo 9<\/a>.<\/p>\n<div class=\"speaker-mute footnotes_reference_container\"> <div class=\"footnote_container_prepare\"><p><span role=\"button\" tabindex=\"0\" class=\"footnote_reference_container_label pointer\" onclick=\"footnote_expand_collapse_reference_container_1284_1();\">&#x202F;<\/span><span role=\"button\" tabindex=\"0\" class=\"footnote_reference_container_collapse_button\" style=\"display: none;\" onclick=\"footnote_expand_collapse_reference_container_1284_1();\">[<a id=\"footnote_reference_container_collapse_button_1284_1\">+<\/a>]<\/span><\/p><\/div> <div id=\"footnote_references_container_1284_1\" style=\"\"><table class=\"footnotes_table footnote-reference-container\"><caption class=\"accessibility\">References<\/caption> <tbody> \r\n\r\n<tr class=\"footnotes_plugin_reference_row\"> <th scope=\"row\" class=\"footnote_plugin_index_combi pointer\"  onclick=\"footnote_moveToAnchor_1284_1('footnote_plugin_tooltip_1284_1_1');\"><a id=\"footnote_plugin_reference_1284_1_1\" class=\"footnote_backlink\"><span class=\"footnote_index_arrow\">&#8593;<\/span>1<\/a><\/th> <td class=\"footnote_plugin_text\">Secciones 4501 y 4512(b)<\/td><\/tr>\r\n\r\n<tr class=\"footnotes_plugin_reference_row\"> <th scope=\"row\" class=\"footnote_plugin_index_combi pointer\"  onclick=\"footnote_moveToAnchor_1284_1('footnote_plugin_tooltip_1284_1_2');\"><a id=\"footnote_plugin_reference_1284_1_2\" class=\"footnote_backlink\"><span class=\"footnote_index_arrow\">&#8593;<\/span>2<\/a><\/th> <td class=\"footnote_plugin_text\">Secci\u00f3n 4648(a)(6)<\/td><\/tr>\r\n\r\n <\/tbody> <\/table> <\/div><\/div><script type=\"text\/javascript\"> function footnote_expand_reference_container_1284_1() { jQuery('#footnote_references_container_1284_1').show(); jQuery('#footnote_reference_container_collapse_button_1284_1').text('\u2212'); } function footnote_collapse_reference_container_1284_1() { jQuery('#footnote_references_container_1284_1').hide(); jQuery('#footnote_reference_container_collapse_button_1284_1').text('+'); } function footnote_expand_collapse_reference_container_1284_1() { if (jQuery('#footnote_references_container_1284_1').is(':hidden')) { footnote_expand_reference_container_1284_1(); } else { footnote_collapse_reference_container_1284_1(); } } function footnote_moveToReference_1284_1(p_str_TargetID) { footnote_expand_reference_container_1284_1(); var l_obj_Target = jQuery('#' + p_str_TargetID); if (l_obj_Target.length) { jQuery( 'html, body' ).delay( 0 ); jQuery('html, body').animate({ scrollTop: l_obj_Target.offset().top - window.innerHeight * 0.2 }, 380); } } function footnote_moveToAnchor_1284_1(p_str_TargetID) { footnote_expand_reference_container_1284_1(); var l_obj_Target = jQuery('#' + p_str_TargetID); if (l_obj_Target.length) { jQuery( 'html, body' ).delay( 0 ); jQuery('html, body').animate({ scrollTop: l_obj_Target.offset().top - window.innerHeight * 0.2 }, 380); } }<\/script>","protected":false},"excerpt":{"rendered":"<p>Seg\u00fan la Ley Lanterman, los &#8220;servicios y apoyos para personas con discapacidades del desarrollo&#8221; son amplios. Incluye servicios y apoyos para disminuir los efectos de&hellip;<\/p>\n","protected":false},"author":1,"featured_media":0,"parent":1193,"menu_order":41,"comment_status":"closed","ping_status":"closed","template":"","meta":{"footnotes":""},"class_list":["post-1284","page","type-page","status-publish","hentry"],"_links":{"self":[{"href":"https:\/\/rula.disabilityrightsca.org\/es\/wp-json\/wp\/v2\/pages\/1284","targetHints":{"allow":["GET"]}}],"collection":[{"href":"https:\/\/rula.disabilityrightsca.org\/es\/wp-json\/wp\/v2\/pages"}],"about":[{"href":"https:\/\/rula.disabilityrightsca.org\/es\/wp-json\/wp\/v2\/types\/page"}],"author":[{"embeddable":true,"href":"https:\/\/rula.disabilityrightsca.org\/es\/wp-json\/wp\/v2\/users\/1"}],"replies":[{"embeddable":true,"href":"https:\/\/rula.disabilityrightsca.org\/es\/wp-json\/wp\/v2\/comments?post=1284"}],"version-history":[{"count":8,"href":"https:\/\/rula.disabilityrightsca.org\/es\/wp-json\/wp\/v2\/pages\/1284\/revisions"}],"predecessor-version":[{"id":4032,"href":"https:\/\/rula.disabilityrightsca.org\/es\/wp-json\/wp\/v2\/pages\/1284\/revisions\/4032"}],"up":[{"embeddable":true,"href":"https:\/\/rula.disabilityrightsca.org\/es\/wp-json\/wp\/v2\/pages\/1193"}],"wp:attachment":[{"href":"https:\/\/rula.disabilityrightsca.org\/es\/wp-json\/wp\/v2\/media?parent=1284"}],"curies":[{"name":"wp","href":"https:\/\/api.w.org\/{rel}","templated":true}]}}