{"id":1282,"date":"2021-06-21T21:26:45","date_gmt":"2021-06-21T21:26:45","guid":{"rendered":"http:\/\/www.rula.disabilityrightsca.org\/es\/?page_id=1282"},"modified":"2024-10-08T18:54:33","modified_gmt":"2024-10-08T18:54:33","slug":"4-40-el-proceso-de-ipp-es-diferente-si-vivo-en-un-centro-para-el-desarrollo","status":"publish","type":"page","link":"https:\/\/rula.disabilityrightsca.org\/es\/rula-book\/capitulo-4-planes-de-programas-individuales\/4-40-el-proceso-de-ipp-es-diferente-si-vivo-en-un-centro-para-el-desarrollo\/","title":{"rendered":"(4.41) \u00bfCu\u00e1l es la diferencia entre una &#8220;meta&#8221; y un &#8220;objetivo&#8221;?"},"content":{"rendered":"\n<p>Su IPP debe tener una declaraci\u00f3n de sus metas y de los objetivos espec\u00edficos para abordar sus metas.<span class=\"footnote_referrer\"><a role=\"button\" tabindex=\"0\" onclick=\"footnote_moveToReference_1282_1('footnote_plugin_reference_1282_1_1');\" onkeypress=\"footnote_moveToReference_1282_1('footnote_plugin_reference_1282_1_1');\" ><sup id=\"footnote_plugin_tooltip_1282_1_1\" class=\"footnote_plugin_tooltip_text\">[1]<\/sup><\/a><span id=\"footnote_plugin_tooltip_text_1282_1_1\" class=\"footnote_tooltip\">Secci\u00f3n 4646.5(a)(2)<\/span><\/span><script type=\"text\/javascript\"> jQuery('#footnote_plugin_tooltip_1282_1_1').tooltip({ tip: '#footnote_plugin_tooltip_text_1282_1_1', tipClass: 'footnote_tooltip', effect: 'fade', predelay: 0, fadeInSpeed: 200, delay: 400, fadeOutSpeed: 200, position: 'top center', relative: true, offset: [-7, 0], });<\/script><\/p>\n\n\n\n<p><strong>Una meta<\/strong> es una declaraci\u00f3n amplia acerca de d\u00f3nde le gustar\u00eda llegar en su vida. No necesita metas del IPP para las cosas que ya tiene o que ya puede hacer. Las metas del IPP se basan en sus necesidades. El enfoque de los objetivos del IPP debe estar puesto en las \u00e1reas de la vida en las que tiene problemas. Las metas del IPP tambi\u00e9n deben basarse en sus preferencias y elecciones de vida. Es posible que tenga metas sobre d\u00f3nde quiere vivir, qu\u00e9 actividades quiere hacer o qu\u00e9 tipo de trabajo le gustar\u00eda hacer. <span class=\"footnote_referrer\"><a role=\"button\" tabindex=\"0\" onclick=\"footnote_moveToReference_1282_1('footnote_plugin_reference_1282_1_2');\" onkeypress=\"footnote_moveToReference_1282_1('footnote_plugin_reference_1282_1_2');\" ><sup id=\"footnote_plugin_tooltip_1282_1_2\" class=\"footnote_plugin_tooltip_text\">[2]<\/sup><\/a><span id=\"footnote_plugin_tooltip_text_1282_1_2\" class=\"footnote_tooltip\">Secci\u00f3n 4502(b)(10) <\/span><\/span><script type=\"text\/javascript\"> jQuery('#footnote_plugin_tooltip_1282_1_2').tooltip({ tip: '#footnote_plugin_tooltip_text_1282_1_2', tipClass: 'footnote_tooltip', effect: 'fade', predelay: 0, fadeInSpeed: 200, delay: 400, fadeOutSpeed: 200, position: 'top center', relative: true, offset: [-7, 0], });<\/script> Una meta puede ser algo que quiera cambiar en su vida. Si no tiene un trabajo, pero quiere tener uno, su meta puede ser: &#8220;Conseguir\u00e9 un trabajo&#8221;. Una meta puede ser que le gustar\u00eda que contin\u00fae en su vida. Si es estudiante y quiere seguir aprendiendo, su meta puede ser &#8220;Seguir\u00e9 tomando clases&#8221;.<\/p>\n\n\n\n<p><strong>Los objetivos<\/strong> son actividades espec\u00edficas y limitadas en el tiempo que lo ayudan a alcanzar sus metas. <span class=\"footnote_referrer\"><a role=\"button\" tabindex=\"0\" onclick=\"footnote_moveToReference_1282_1('footnote_plugin_reference_1282_1_3');\" onkeypress=\"footnote_moveToReference_1282_1('footnote_plugin_reference_1282_1_3');\" ><sup id=\"footnote_plugin_tooltip_1282_1_3\" class=\"footnote_plugin_tooltip_text\">[3]<\/sup><\/a><span id=\"footnote_plugin_tooltip_text_1282_1_3\" class=\"footnote_tooltip\">Secci\u00f3n 4646.5(a)(2) <\/span><\/span><script type=\"text\/javascript\"> jQuery('#footnote_plugin_tooltip_1282_1_3').tooltip({ tip: '#footnote_plugin_tooltip_text_1282_1_3', tipClass: 'footnote_tooltip', effect: 'fade', predelay: 0, fadeInSpeed: 200, delay: 400, fadeOutSpeed: 200, position: 'top center', relative: true, offset: [-7, 0], });<\/script> Los objetivos deben estar escritos en su IPP para medir su progreso o monitorear sus servicios. Los objetivos lo mantienen a usted y al centro regional responsables de sus metas. Si su meta es conseguir trabajo en su barrio, uno de sus objetivos podr\u00eda ser: &#8220;Cada semana, completar\u00e9 y enviar\u00e9 tres solicitudes de empleo en empresas cercanas&#8221;. Su segundo objetivo hacia su meta de conseguir un trabajo podr\u00eda ser hacer llamadas de seguimiento a cada empleador. Debido a que son espec\u00edficos y mensurables, los objetivos lo hacen responsable a usted y a su persona de apoyo. Si usted y su persona de apoyo no completaron las solicitudes de empleo o no hicieron las llamadas de seguimiento, sus objetivos en el \u00e1rea de empleo no se cumplieron. Es posible que tampoco se logre su meta de conseguir un trabajo. Sus metas y objetivos deben maximizar las oportunidades de desarrollar relaciones y ser parte de la vida comunitaria en \u00e1reas como la vivienda, el trabajo, la escuela y el ocio. <span class=\"footnote_referrer\"><a role=\"button\" tabindex=\"0\" onclick=\"footnote_moveToReference_1282_1('footnote_plugin_reference_1282_1_4');\" onkeypress=\"footnote_moveToReference_1282_1('footnote_plugin_reference_1282_1_4');\" ><sup id=\"footnote_plugin_tooltip_1282_1_4\" class=\"footnote_plugin_tooltip_text\">[4]<\/sup><\/a><span id=\"footnote_plugin_tooltip_text_1282_1_4\" class=\"footnote_tooltip\">Secci\u00f3n 4646.5(a)(2)<\/span><\/span><script type=\"text\/javascript\"> jQuery('#footnote_plugin_tooltip_1282_1_4').tooltip({ tip: '#footnote_plugin_tooltip_text_1282_1_4', tipClass: 'footnote_tooltip', effect: 'fade', predelay: 0, fadeInSpeed: 200, delay: 400, fadeOutSpeed: 200, position: 'top center', relative: true, offset: [-7, 0], });<\/script><\/p>\n<div class=\"speaker-mute footnotes_reference_container\"> <div class=\"footnote_container_prepare\"><p><span role=\"button\" tabindex=\"0\" class=\"footnote_reference_container_label pointer\" onclick=\"footnote_expand_collapse_reference_container_1282_1();\">&#x202F;<\/span><span role=\"button\" tabindex=\"0\" class=\"footnote_reference_container_collapse_button\" style=\"display: none;\" onclick=\"footnote_expand_collapse_reference_container_1282_1();\">[<a id=\"footnote_reference_container_collapse_button_1282_1\">+<\/a>]<\/span><\/p><\/div> <div id=\"footnote_references_container_1282_1\" style=\"\"><table class=\"footnotes_table footnote-reference-container\"><caption class=\"accessibility\">References<\/caption> <tbody> \r\n\r\n<tr class=\"footnotes_plugin_reference_row\"> <th scope=\"row\" class=\"footnote_plugin_index_combi\" ><a id=\"footnote_plugin_reference_1282_1_1\" class=\"footnote_backlink\" onclick=\"footnote_moveToAnchor_1282_1('footnote_plugin_tooltip_1282_1_1');\"><span class=\"footnote_index_arrow\">&#8593;<\/span>1,<\/a> <a id=\"footnote_plugin_reference_1282_1_4\" class=\"footnote_backlink\" onclick=\"footnote_moveToAnchor_1282_1('footnote_plugin_tooltip_1282_1_4');\"><span class=\"footnote_index_arrow\">&#8593;<\/span>4<\/a><\/th> <td class=\"footnote_plugin_text\">Secci\u00f3n 4646.5(a)(2)<\/td><\/tr>\r\n\r\n<tr class=\"footnotes_plugin_reference_row\"> <th scope=\"row\" class=\"footnote_plugin_index_combi pointer\"  onclick=\"footnote_moveToAnchor_1282_1('footnote_plugin_tooltip_1282_1_2');\"><a id=\"footnote_plugin_reference_1282_1_2\" class=\"footnote_backlink\"><span class=\"footnote_index_arrow\">&#8593;<\/span>2<\/a><\/th> <td class=\"footnote_plugin_text\">Secci\u00f3n 4502(b)(10) <\/td><\/tr>\r\n\r\n<tr class=\"footnotes_plugin_reference_row\"> <th scope=\"row\" class=\"footnote_plugin_index_combi pointer\"  onclick=\"footnote_moveToAnchor_1282_1('footnote_plugin_tooltip_1282_1_3');\"><a id=\"footnote_plugin_reference_1282_1_3\" class=\"footnote_backlink\"><span class=\"footnote_index_arrow\">&#8593;<\/span>3<\/a><\/th> <td class=\"footnote_plugin_text\">Secci\u00f3n 4646.5(a)(2) <\/td><\/tr>\r\n\r\n <\/tbody> <\/table> <\/div><\/div><script type=\"text\/javascript\"> function footnote_expand_reference_container_1282_1() { jQuery('#footnote_references_container_1282_1').show(); jQuery('#footnote_reference_container_collapse_button_1282_1').text('\u2212'); } function footnote_collapse_reference_container_1282_1() { jQuery('#footnote_references_container_1282_1').hide(); jQuery('#footnote_reference_container_collapse_button_1282_1').text('+'); } function footnote_expand_collapse_reference_container_1282_1() { if (jQuery('#footnote_references_container_1282_1').is(':hidden')) { footnote_expand_reference_container_1282_1(); } else { footnote_collapse_reference_container_1282_1(); } } function footnote_moveToReference_1282_1(p_str_TargetID) { footnote_expand_reference_container_1282_1(); var l_obj_Target = jQuery('#' + p_str_TargetID); if (l_obj_Target.length) { jQuery( 'html, body' ).delay( 0 ); jQuery('html, body').animate({ scrollTop: l_obj_Target.offset().top - window.innerHeight * 0.2 }, 380); } } function footnote_moveToAnchor_1282_1(p_str_TargetID) { footnote_expand_reference_container_1282_1(); var l_obj_Target = jQuery('#' + p_str_TargetID); if (l_obj_Target.length) { jQuery( 'html, body' ).delay( 0 ); jQuery('html, body').animate({ scrollTop: l_obj_Target.offset().top - window.innerHeight * 0.2 }, 380); } }<\/script>","protected":false},"excerpt":{"rendered":"<p>Su IPP debe tener una declaraci\u00f3n de sus metas y de los objetivos espec\u00edficos para abordar sus metas.[1]Secci\u00f3n 4646.5(a)(2) Una meta es una declaraci\u00f3n amplia&hellip;<\/p>\n","protected":false},"author":1,"featured_media":0,"parent":1193,"menu_order":40,"comment_status":"closed","ping_status":"closed","template":"","meta":{"footnotes":""},"class_list":["post-1282","page","type-page","status-publish","hentry"],"_links":{"self":[{"href":"https:\/\/rula.disabilityrightsca.org\/es\/wp-json\/wp\/v2\/pages\/1282","targetHints":{"allow":["GET"]}}],"collection":[{"href":"https:\/\/rula.disabilityrightsca.org\/es\/wp-json\/wp\/v2\/pages"}],"about":[{"href":"https:\/\/rula.disabilityrightsca.org\/es\/wp-json\/wp\/v2\/types\/page"}],"author":[{"embeddable":true,"href":"https:\/\/rula.disabilityrightsca.org\/es\/wp-json\/wp\/v2\/users\/1"}],"replies":[{"embeddable":true,"href":"https:\/\/rula.disabilityrightsca.org\/es\/wp-json\/wp\/v2\/comments?post=1282"}],"version-history":[{"count":6,"href":"https:\/\/rula.disabilityrightsca.org\/es\/wp-json\/wp\/v2\/pages\/1282\/revisions"}],"predecessor-version":[{"id":4033,"href":"https:\/\/rula.disabilityrightsca.org\/es\/wp-json\/wp\/v2\/pages\/1282\/revisions\/4033"}],"up":[{"embeddable":true,"href":"https:\/\/rula.disabilityrightsca.org\/es\/wp-json\/wp\/v2\/pages\/1193"}],"wp:attachment":[{"href":"https:\/\/rula.disabilityrightsca.org\/es\/wp-json\/wp\/v2\/media?parent=1282"}],"curies":[{"name":"wp","href":"https:\/\/api.w.org\/{rel}","templated":true}]}}