{"id":1280,"date":"2021-06-21T21:24:26","date_gmt":"2021-06-21T21:24:26","guid":{"rendered":"http:\/\/www.rula.disabilityrightsca.org\/es\/?page_id=1280"},"modified":"2024-10-08T18:54:49","modified_gmt":"2024-10-08T18:54:49","slug":"4-39-tengo-los-mismos-derechos-en-todas-las-reuniones-con-el-centro-regional-que-tengo-en-una-reunion-de-ipp","status":"publish","type":"page","link":"https:\/\/rula.disabilityrightsca.org\/es\/rula-book\/capitulo-4-planes-de-programas-individuales\/4-39-tengo-los-mismos-derechos-en-todas-las-reuniones-con-el-centro-regional-que-tengo-en-una-reunion-de-ipp\/","title":{"rendered":"(4.40) \u00bfC\u00f3mo se debe redactar el IPP para asegurar que siga recibiendo los servicios y apoyos que necesito?"},"content":{"rendered":"\n<p>El IPP debe indicar la informaci\u00f3n de las evaluaciones y de usted, su familia y amigos sobre c\u00f3mo le afecta su discapacidad. Esto significa hablar de c\u00f3mo funciona usted de manera independiente, productivamente, viviendo como lo hacen las personas de su edad que no tienen discapacidades. <span class=\"footnote_referrer\"><a role=\"button\" tabindex=\"0\" onclick=\"footnote_moveToReference_1280_1('footnote_plugin_reference_1280_1_1');\" onkeypress=\"footnote_moveToReference_1280_1('footnote_plugin_reference_1280_1_1');\" ><sup id=\"footnote_plugin_tooltip_1280_1_1\" class=\"footnote_plugin_tooltip_text\">[1]<\/sup><\/a><span id=\"footnote_plugin_tooltip_text_1280_1_1\" class=\"footnote_tooltip\">Secci\u00f3n 4501, p\u00e1rrafo cuatro<\/span><\/span><script type=\"text\/javascript\"> jQuery('#footnote_plugin_tooltip_1280_1_1').tooltip({ tip: '#footnote_plugin_tooltip_text_1280_1_1', tipClass: 'footnote_tooltip', effect: 'fade', predelay: 0, fadeInSpeed: 200, delay: 400, fadeOutSpeed: 200, position: 'top center', relative: true, offset: [-7, 0], });<\/script> Una buena descripci\u00f3n y una lista de objetivos y metas claros y mensurables decidir\u00e1n los tipos y cantidades de servicios y apoyos que necesita. Tambi\u00e9n es \u00fatil si el centro regional desea reducir o cancelar sus servicios. Si contin\u00faa teniendo los mismos problemas de funcionamiento en las \u00e1reas cubiertas por sus objetivos de IPP, ser\u00e1 m\u00e1s dif\u00edcil que digan que los servicios deben finalizar. Sin embargo, puede ser bueno hablar sobre el cambio de servicios. La ley requiere que su IPP indique con qu\u00e9 frecuencia su equipo revisar\u00e1 el IPP. Esto es para ver si puede alcanzar sus objetivos y metas, para que pueda cambiar o aumentar los servicios si es necesario. <\/p>\n\n\n\n<p>Un IPP completo y detallado garantiza que todos comprendan qu\u00e9 servicios y apoyos tiene derecho a recibir y deber\u00eda recibir.<\/p>\n<div class=\"speaker-mute footnotes_reference_container\"> <div class=\"footnote_container_prepare\"><p><span role=\"button\" tabindex=\"0\" class=\"footnote_reference_container_label pointer\" onclick=\"footnote_expand_collapse_reference_container_1280_1();\">&#x202F;<\/span><span role=\"button\" tabindex=\"0\" class=\"footnote_reference_container_collapse_button\" style=\"display: none;\" onclick=\"footnote_expand_collapse_reference_container_1280_1();\">[<a id=\"footnote_reference_container_collapse_button_1280_1\">+<\/a>]<\/span><\/p><\/div> <div id=\"footnote_references_container_1280_1\" style=\"\"><table class=\"footnotes_table footnote-reference-container\"><caption class=\"accessibility\">References<\/caption> <tbody> \r\n\r\n<tr class=\"footnotes_plugin_reference_row\"> <th scope=\"row\" class=\"footnote_plugin_index_combi pointer\"  onclick=\"footnote_moveToAnchor_1280_1('footnote_plugin_tooltip_1280_1_1');\"><a id=\"footnote_plugin_reference_1280_1_1\" class=\"footnote_backlink\"><span class=\"footnote_index_arrow\">&#8593;<\/span>1<\/a><\/th> <td class=\"footnote_plugin_text\">Secci\u00f3n 4501, p\u00e1rrafo cuatro<\/td><\/tr>\r\n\r\n <\/tbody> <\/table> <\/div><\/div><script type=\"text\/javascript\"> function footnote_expand_reference_container_1280_1() { jQuery('#footnote_references_container_1280_1').show(); jQuery('#footnote_reference_container_collapse_button_1280_1').text('\u2212'); } function footnote_collapse_reference_container_1280_1() { jQuery('#footnote_references_container_1280_1').hide(); jQuery('#footnote_reference_container_collapse_button_1280_1').text('+'); } function footnote_expand_collapse_reference_container_1280_1() { if (jQuery('#footnote_references_container_1280_1').is(':hidden')) { footnote_expand_reference_container_1280_1(); } else { footnote_collapse_reference_container_1280_1(); } } function footnote_moveToReference_1280_1(p_str_TargetID) { footnote_expand_reference_container_1280_1(); var l_obj_Target = jQuery('#' + p_str_TargetID); if (l_obj_Target.length) { jQuery( 'html, body' ).delay( 0 ); jQuery('html, body').animate({ scrollTop: l_obj_Target.offset().top - window.innerHeight * 0.2 }, 380); } } function footnote_moveToAnchor_1280_1(p_str_TargetID) { footnote_expand_reference_container_1280_1(); var l_obj_Target = jQuery('#' + p_str_TargetID); if (l_obj_Target.length) { jQuery( 'html, body' ).delay( 0 ); jQuery('html, body').animate({ scrollTop: l_obj_Target.offset().top - window.innerHeight * 0.2 }, 380); } }<\/script>","protected":false},"excerpt":{"rendered":"<p>El IPP debe indicar la informaci\u00f3n de las evaluaciones y de usted, su familia y amigos sobre c\u00f3mo le afecta su discapacidad. Esto significa hablar&hellip;<\/p>\n","protected":false},"author":1,"featured_media":0,"parent":1193,"menu_order":39,"comment_status":"closed","ping_status":"closed","template":"","meta":{"footnotes":""},"class_list":["post-1280","page","type-page","status-publish","hentry"],"_links":{"self":[{"href":"https:\/\/rula.disabilityrightsca.org\/es\/wp-json\/wp\/v2\/pages\/1280","targetHints":{"allow":["GET"]}}],"collection":[{"href":"https:\/\/rula.disabilityrightsca.org\/es\/wp-json\/wp\/v2\/pages"}],"about":[{"href":"https:\/\/rula.disabilityrightsca.org\/es\/wp-json\/wp\/v2\/types\/page"}],"author":[{"embeddable":true,"href":"https:\/\/rula.disabilityrightsca.org\/es\/wp-json\/wp\/v2\/users\/1"}],"replies":[{"embeddable":true,"href":"https:\/\/rula.disabilityrightsca.org\/es\/wp-json\/wp\/v2\/comments?post=1280"}],"version-history":[{"count":8,"href":"https:\/\/rula.disabilityrightsca.org\/es\/wp-json\/wp\/v2\/pages\/1280\/revisions"}],"predecessor-version":[{"id":4034,"href":"https:\/\/rula.disabilityrightsca.org\/es\/wp-json\/wp\/v2\/pages\/1280\/revisions\/4034"}],"up":[{"embeddable":true,"href":"https:\/\/rula.disabilityrightsca.org\/es\/wp-json\/wp\/v2\/pages\/1193"}],"wp:attachment":[{"href":"https:\/\/rula.disabilityrightsca.org\/es\/wp-json\/wp\/v2\/media?parent=1280"}],"curies":[{"name":"wp","href":"https:\/\/api.w.org\/{rel}","templated":true}]}}