{"id":1278,"date":"2021-06-21T21:19:36","date_gmt":"2021-06-21T21:19:36","guid":{"rendered":"http:\/\/www.rula.disabilityrightsca.org\/es\/?page_id=1278"},"modified":"2024-10-08T18:55:05","modified_gmt":"2024-10-08T18:55:05","slug":"4-38-que-sucede-con-mi-ipp-si-me-mudo-a-un-area-con-un-centro-regional-diferente","status":"publish","type":"page","link":"https:\/\/rula.disabilityrightsca.org\/es\/rula-book\/capitulo-4-planes-de-programas-individuales\/4-38-que-sucede-con-mi-ipp-si-me-mudo-a-un-area-con-un-centro-regional-diferente\/","title":{"rendered":"(4.39) \u00bfQu\u00e9 tipo de metas y objetivos debe incluir un IPP?"},"content":{"rendered":"\n<p>Las metas y los objetivos deben establecer muchas formas posibles para que usted:<\/p>\n\n\n\n<ul class=\"wp-block-list\"><li>Haga amigos y se relacione con sus pares;<\/li><li>Tenga un trabajo, viva en la comunidad, vaya a la escuela y haga las cosas que disfruta;<\/li><li>Tome decisiones sobre d\u00f3nde, con qui\u00e9n y c\u00f3mo quiere vivir; sea parte de su comunidad, como unirse a un grupo de recreaci\u00f3n, un cap\u00edtulo de People First o un comit\u00e9 local;<\/li><li>Aprenda habilidades como manejar su dinero, cocinar y usar el autob\u00fas; u<\/li><li>Obtener la ayuda que usted y su familia necesitan, como servicios de relevo, cuidado de d\u00eda y servicios de comportamiento.<\/li><\/ul>\n","protected":false},"excerpt":{"rendered":"<p>Las metas y los objetivos deben establecer muchas formas posibles para que usted: Haga amigos y se relacione con sus pares; Tenga un trabajo, viva&hellip;<\/p>\n","protected":false},"author":1,"featured_media":0,"parent":1193,"menu_order":38,"comment_status":"closed","ping_status":"closed","template":"","meta":{"footnotes":""},"class_list":["post-1278","page","type-page","status-publish","hentry"],"_links":{"self":[{"href":"https:\/\/rula.disabilityrightsca.org\/es\/wp-json\/wp\/v2\/pages\/1278","targetHints":{"allow":["GET"]}}],"collection":[{"href":"https:\/\/rula.disabilityrightsca.org\/es\/wp-json\/wp\/v2\/pages"}],"about":[{"href":"https:\/\/rula.disabilityrightsca.org\/es\/wp-json\/wp\/v2\/types\/page"}],"author":[{"embeddable":true,"href":"https:\/\/rula.disabilityrightsca.org\/es\/wp-json\/wp\/v2\/users\/1"}],"replies":[{"embeddable":true,"href":"https:\/\/rula.disabilityrightsca.org\/es\/wp-json\/wp\/v2\/comments?post=1278"}],"version-history":[{"count":9,"href":"https:\/\/rula.disabilityrightsca.org\/es\/wp-json\/wp\/v2\/pages\/1278\/revisions"}],"predecessor-version":[{"id":4035,"href":"https:\/\/rula.disabilityrightsca.org\/es\/wp-json\/wp\/v2\/pages\/1278\/revisions\/4035"}],"up":[{"embeddable":true,"href":"https:\/\/rula.disabilityrightsca.org\/es\/wp-json\/wp\/v2\/pages\/1193"}],"wp:attachment":[{"href":"https:\/\/rula.disabilityrightsca.org\/es\/wp-json\/wp\/v2\/media?parent=1278"}],"curies":[{"name":"wp","href":"https:\/\/api.w.org\/{rel}","templated":true}]}}