{"id":1276,"date":"2021-06-21T21:17:18","date_gmt":"2021-06-21T21:17:18","guid":{"rendered":"http:\/\/www.rula.disabilityrightsca.org\/es\/?page_id=1276"},"modified":"2024-10-08T18:55:43","modified_gmt":"2024-10-08T18:55:43","slug":"4-37-el-ipp-debe-decir-si-el-centro-regional-me-ayudara-a-obtener-servicios-de-otra-agencia","status":"publish","type":"page","link":"https:\/\/rula.disabilityrightsca.org\/es\/rula-book\/capitulo-4-planes-de-programas-individuales\/4-37-el-ipp-debe-decir-si-el-centro-regional-me-ayudara-a-obtener-servicios-de-otra-agencia\/","title":{"rendered":"(4.38) \u00bfQu\u00e9 debo incluir por escrito en el IPP?"},"content":{"rendered":"\n<p>El IPP debe incluir:<\/p>\n\n\n\n<ul class=\"wp-block-list\">\n<li>Sus metas y objetivos. Sus metas deben basarse en sus necesidades, preferencias y elecciones de vida. Sus objetivos son pasos de tiempo limitado para alcanzar sus metas y satisfacer sus necesidades. Sus objetivos deben estar escritos para que se pueda medir su progreso en los objetivos de cada meta. Los objetivos tambi\u00e9n pueden monitorear si est\u00e1 recibiendo los servicios en su IPP.<\/li>\n\n\n\n<li>Una lista de los tipos y cantidades de todos los servicios y apoyos que necesita para alcanzar sus objetivos y metas. Esto incluye los servicios que el centro regional proporcionar\u00e1 o pagar\u00e1 y los que provendr\u00e1n de otras agencias o recursos. La descripci\u00f3n de los servicios y apoyos debe incluir la fecha en que comenzar\u00e1n y un cronograma para todo lo necesario antes de que comiencen.<\/li>\n\n\n\n<li>Un cronograma para la revisi\u00f3n y evaluaci\u00f3n de su IPP. Esto ayuda a hacer un seguimiento de que est\u00e1 recibiendo los servicios del IPP, cumpliendo sus objetivos a tiempo, y que tanto usted como su familia est\u00e1n satisfechos con su IPP y c\u00f3mo se est\u00e1 llevando a cabo. <span class=\"footnote_referrer\"><a role=\"button\" tabindex=\"0\" onclick=\"footnote_moveToReference_1276_1('footnote_plugin_reference_1276_1_1');\" onkeypress=\"footnote_moveToReference_1276_1('footnote_plugin_reference_1276_1_1');\" ><sup id=\"footnote_plugin_tooltip_1276_1_1\" class=\"footnote_plugin_tooltip_text\">[1]<\/sup><\/a><span id=\"footnote_plugin_tooltip_text_1276_1_1\" class=\"footnote_tooltip\">Secci\u00f3n 4646.5(a)(2)(5) y (8)<\/span><\/span><script type=\"text\/javascript\"> jQuery('#footnote_plugin_tooltip_1276_1_1').tooltip({ tip: '#footnote_plugin_tooltip_text_1276_1_1', tipClass: 'footnote_tooltip', effect: 'fade', predelay: 0, fadeInSpeed: 200, delay: 400, fadeOutSpeed: 200, position: 'top center', relative: true, offset: [-7, 0], });<\/script><\/li>\n<\/ul>\n<div class=\"speaker-mute footnotes_reference_container\"> <div class=\"footnote_container_prepare\"><p><span role=\"button\" tabindex=\"0\" class=\"footnote_reference_container_label pointer\" onclick=\"footnote_expand_collapse_reference_container_1276_1();\">&#x202F;<\/span><span role=\"button\" tabindex=\"0\" class=\"footnote_reference_container_collapse_button\" style=\"display: none;\" onclick=\"footnote_expand_collapse_reference_container_1276_1();\">[<a id=\"footnote_reference_container_collapse_button_1276_1\">+<\/a>]<\/span><\/p><\/div> <div id=\"footnote_references_container_1276_1\" style=\"\"><table class=\"footnotes_table footnote-reference-container\"><caption class=\"accessibility\">References<\/caption> <tbody> \r\n\r\n<tr class=\"footnotes_plugin_reference_row\"> <th scope=\"row\" class=\"footnote_plugin_index_combi pointer\"  onclick=\"footnote_moveToAnchor_1276_1('footnote_plugin_tooltip_1276_1_1');\"><a id=\"footnote_plugin_reference_1276_1_1\" class=\"footnote_backlink\"><span class=\"footnote_index_arrow\">&#8593;<\/span>1<\/a><\/th> <td class=\"footnote_plugin_text\">Secci\u00f3n 4646.5(a)(2)(5) y (8)<\/td><\/tr>\r\n\r\n <\/tbody> <\/table> <\/div><\/div><script type=\"text\/javascript\"> function footnote_expand_reference_container_1276_1() { jQuery('#footnote_references_container_1276_1').show(); jQuery('#footnote_reference_container_collapse_button_1276_1').text('\u2212'); } function footnote_collapse_reference_container_1276_1() { jQuery('#footnote_references_container_1276_1').hide(); jQuery('#footnote_reference_container_collapse_button_1276_1').text('+'); } function footnote_expand_collapse_reference_container_1276_1() { if (jQuery('#footnote_references_container_1276_1').is(':hidden')) { footnote_expand_reference_container_1276_1(); } else { footnote_collapse_reference_container_1276_1(); } } function footnote_moveToReference_1276_1(p_str_TargetID) { footnote_expand_reference_container_1276_1(); var l_obj_Target = jQuery('#' + p_str_TargetID); if (l_obj_Target.length) { jQuery( 'html, body' ).delay( 0 ); jQuery('html, body').animate({ scrollTop: l_obj_Target.offset().top - window.innerHeight * 0.2 }, 380); } } function footnote_moveToAnchor_1276_1(p_str_TargetID) { footnote_expand_reference_container_1276_1(); var l_obj_Target = jQuery('#' + p_str_TargetID); if (l_obj_Target.length) { jQuery( 'html, body' ).delay( 0 ); jQuery('html, body').animate({ scrollTop: l_obj_Target.offset().top - window.innerHeight * 0.2 }, 380); } }<\/script>","protected":false},"excerpt":{"rendered":"<p>El IPP debe incluir:<\/p>\n","protected":false},"author":1,"featured_media":0,"parent":1193,"menu_order":37,"comment_status":"closed","ping_status":"closed","template":"","meta":{"footnotes":""},"class_list":["post-1276","page","type-page","status-publish","hentry"],"_links":{"self":[{"href":"https:\/\/rula.disabilityrightsca.org\/es\/wp-json\/wp\/v2\/pages\/1276","targetHints":{"allow":["GET"]}}],"collection":[{"href":"https:\/\/rula.disabilityrightsca.org\/es\/wp-json\/wp\/v2\/pages"}],"about":[{"href":"https:\/\/rula.disabilityrightsca.org\/es\/wp-json\/wp\/v2\/types\/page"}],"author":[{"embeddable":true,"href":"https:\/\/rula.disabilityrightsca.org\/es\/wp-json\/wp\/v2\/users\/1"}],"replies":[{"embeddable":true,"href":"https:\/\/rula.disabilityrightsca.org\/es\/wp-json\/wp\/v2\/comments?post=1276"}],"version-history":[{"count":8,"href":"https:\/\/rula.disabilityrightsca.org\/es\/wp-json\/wp\/v2\/pages\/1276\/revisions"}],"predecessor-version":[{"id":4036,"href":"https:\/\/rula.disabilityrightsca.org\/es\/wp-json\/wp\/v2\/pages\/1276\/revisions\/4036"}],"up":[{"embeddable":true,"href":"https:\/\/rula.disabilityrightsca.org\/es\/wp-json\/wp\/v2\/pages\/1193"}],"wp:attachment":[{"href":"https:\/\/rula.disabilityrightsca.org\/es\/wp-json\/wp\/v2\/media?parent=1276"}],"curies":[{"name":"wp","href":"https:\/\/api.w.org\/{rel}","templated":true}]}}