{"id":1274,"date":"2021-06-21T21:13:55","date_gmt":"2021-06-21T21:13:55","guid":{"rendered":"http:\/\/www.rula.disabilityrightsca.org\/es\/?page_id=1274"},"modified":"2024-10-08T18:56:04","modified_gmt":"2024-10-08T18:56:04","slug":"4-36-que-es-la-rentabilidad-y-como-afecta-al-proceso-del-ipp","status":"publish","type":"page","link":"https:\/\/rula.disabilityrightsca.org\/es\/rula-book\/capitulo-4-planes-de-programas-individuales\/4-36-que-es-la-rentabilidad-y-como-afecta-al-proceso-del-ipp\/","title":{"rendered":"(4.37) \u00bfQu\u00e9 sucede si necesito m\u00e1s de una reuni\u00f3n para desarrollar mi IPP?"},"content":{"rendered":"\n<p>Si tiene necesidades complejas o necesita una evaluaci\u00f3n sobre sus servicios y apoyos, es posible que necesite m\u00e1s de una reuni\u00f3n de IPP. Usted y el centro regional pueden reunirse con la frecuencia que necesite para escribir su IPP.<\/p>\n","protected":false},"excerpt":{"rendered":"<p>Si tiene necesidades complejas o necesita una evaluaci\u00f3n sobre sus servicios y apoyos, es posible que necesite m\u00e1s de una reuni\u00f3n de IPP. Usted y&hellip;<\/p>\n","protected":false},"author":1,"featured_media":0,"parent":1193,"menu_order":36,"comment_status":"closed","ping_status":"closed","template":"","meta":{"footnotes":""},"class_list":["post-1274","page","type-page","status-publish","hentry"],"_links":{"self":[{"href":"https:\/\/rula.disabilityrightsca.org\/es\/wp-json\/wp\/v2\/pages\/1274","targetHints":{"allow":["GET"]}}],"collection":[{"href":"https:\/\/rula.disabilityrightsca.org\/es\/wp-json\/wp\/v2\/pages"}],"about":[{"href":"https:\/\/rula.disabilityrightsca.org\/es\/wp-json\/wp\/v2\/types\/page"}],"author":[{"embeddable":true,"href":"https:\/\/rula.disabilityrightsca.org\/es\/wp-json\/wp\/v2\/users\/1"}],"replies":[{"embeddable":true,"href":"https:\/\/rula.disabilityrightsca.org\/es\/wp-json\/wp\/v2\/comments?post=1274"}],"version-history":[{"count":5,"href":"https:\/\/rula.disabilityrightsca.org\/es\/wp-json\/wp\/v2\/pages\/1274\/revisions"}],"predecessor-version":[{"id":4037,"href":"https:\/\/rula.disabilityrightsca.org\/es\/wp-json\/wp\/v2\/pages\/1274\/revisions\/4037"}],"up":[{"embeddable":true,"href":"https:\/\/rula.disabilityrightsca.org\/es\/wp-json\/wp\/v2\/pages\/1193"}],"wp:attachment":[{"href":"https:\/\/rula.disabilityrightsca.org\/es\/wp-json\/wp\/v2\/media?parent=1274"}],"curies":[{"name":"wp","href":"https:\/\/api.w.org\/{rel}","templated":true}]}}