{"id":1272,"date":"2021-06-21T21:07:58","date_gmt":"2021-06-21T21:07:58","guid":{"rendered":"http:\/\/www.rula.disabilityrightsca.org\/es\/?page_id=1272"},"modified":"2024-10-08T18:56:23","modified_gmt":"2024-10-08T18:56:23","slug":"4-35-puede-un-centro-regional-negarse-a-brindar-un-servicio-o-apoyo-porque-no-tiene-suficiente-dinero","status":"publish","type":"page","link":"https:\/\/rula.disabilityrightsca.org\/es\/rula-book\/capitulo-4-planes-de-programas-individuales\/4-35-puede-un-centro-regional-negarse-a-brindar-un-servicio-o-apoyo-porque-no-tiene-suficiente-dinero\/","title":{"rendered":"(4.36) \u00bfQu\u00e9 pasa si la persona del centro regional dice que no tiene la autoridad para decidir?"},"content":{"rendered":"\n<p>La ley dice que debe haber alguien en su reuni\u00f3n de IPP que pueda tomar decisiones en nombre del centro regional. Las decisiones sobre sus servicios y apoyos deben ser tomadas por alguien <strong>en<\/strong> la reuni\u00f3n. <span class=\"footnote_referrer\"><a role=\"button\" tabindex=\"0\" onclick=\"footnote_moveToReference_1272_1('footnote_plugin_reference_1272_1_1');\" onkeypress=\"footnote_moveToReference_1272_1('footnote_plugin_reference_1272_1_1');\" ><sup id=\"footnote_plugin_tooltip_1272_1_1\" class=\"footnote_plugin_tooltip_text\">[1]<\/sup><\/a><span id=\"footnote_plugin_tooltip_text_1272_1_1\" class=\"footnote_tooltip\">Secci\u00f3n 4646(d) y (g)<\/span><\/span><script type=\"text\/javascript\"> jQuery('#footnote_plugin_tooltip_1272_1_1').tooltip({ tip: '#footnote_plugin_tooltip_text_1272_1_1', tipClass: 'footnote_tooltip', effect: 'fade', predelay: 0, fadeInSpeed: 200, delay: 400, fadeOutSpeed: 200, position: 'top center', relative: true, offset: [-7, 0], });<\/script> Esa persona puede ser el coordinador de servicios, un supervisor u otro administrador. Usted puede hablar directamente con las personas del centro regional que deciden sobre sus servicios.<\/p>\n\n\n\n<p>Si quien &#8220;toma las decisiones&#8221;<strong> no <\/strong>est\u00e1 presente en su reuni\u00f3n inicial de IPP, la ley permite que la persona que toma las decisiones del centro regional asista a una segunda reuni\u00f3n dentro de los 15 d\u00edas (a menos que usted o su representante acuerden un per\u00edodo m\u00e1s largo). <span class=\"footnote_referrer\"><a role=\"button\" tabindex=\"0\" onclick=\"footnote_moveToReference_1272_1('footnote_plugin_reference_1272_1_2');\" onkeypress=\"footnote_moveToReference_1272_1('footnote_plugin_reference_1272_1_2');\" ><sup id=\"footnote_plugin_tooltip_1272_1_2\" class=\"footnote_plugin_tooltip_text\">[2]<\/sup><\/a><span id=\"footnote_plugin_tooltip_text_1272_1_2\" class=\"footnote_tooltip\">Secci\u00f3n 4646(h)<\/span><\/span><script type=\"text\/javascript\"> jQuery('#footnote_plugin_tooltip_1272_1_2').tooltip({ tip: '#footnote_plugin_tooltip_text_1272_1_2', tipClass: 'footnote_tooltip', effect: 'fade', predelay: 0, fadeInSpeed: 200, delay: 400, fadeOutSpeed: 200, position: 'top center', relative: true, offset: [-7, 0], });<\/script><\/p>\n\n\n\n<p>Si un centro regional dice que un comit\u00e9 de contrataci\u00f3n de servicios (POS) u otro comit\u00e9 deben tomar las decisiones finales sobre los servicios y apoyos antes de que acepten incluirlos en su IPP, usted puede objetar. No acepte un IPP que solo &#8220;recomienda financiamiento&#8221;, diciendo que un comit\u00e9 del centro regional debe tomar la decisi\u00f3n final. Las decisiones finales del centro regional sobre su IPP deben tomarse en la primera reuni\u00f3n o al final de la segunda reuni\u00f3n, si hubiera una. D\u00edgale a su coordinador de servicios antes de la reuni\u00f3n de IPP lo que desea discutir en la reuni\u00f3n del equipo de planificaci\u00f3n. De esa manera, las personas del centro regional sabr\u00e1n qu\u00e9 decisiones deben tomarse en la reuni\u00f3n y la persona que puede tomar decisiones sobre esos servicios puede estar presente.<\/p>\n<div class=\"speaker-mute footnotes_reference_container\"> <div class=\"footnote_container_prepare\"><p><span role=\"button\" tabindex=\"0\" class=\"footnote_reference_container_label pointer\" onclick=\"footnote_expand_collapse_reference_container_1272_1();\">&#x202F;<\/span><span role=\"button\" tabindex=\"0\" class=\"footnote_reference_container_collapse_button\" style=\"display: none;\" onclick=\"footnote_expand_collapse_reference_container_1272_1();\">[<a id=\"footnote_reference_container_collapse_button_1272_1\">+<\/a>]<\/span><\/p><\/div> <div id=\"footnote_references_container_1272_1\" style=\"\"><table class=\"footnotes_table footnote-reference-container\"><caption class=\"accessibility\">References<\/caption> <tbody> \r\n\r\n<tr class=\"footnotes_plugin_reference_row\"> <th scope=\"row\" class=\"footnote_plugin_index_combi pointer\"  onclick=\"footnote_moveToAnchor_1272_1('footnote_plugin_tooltip_1272_1_1');\"><a id=\"footnote_plugin_reference_1272_1_1\" class=\"footnote_backlink\"><span class=\"footnote_index_arrow\">&#8593;<\/span>1<\/a><\/th> <td class=\"footnote_plugin_text\">Secci\u00f3n 4646(d) y (g)<\/td><\/tr>\r\n\r\n<tr class=\"footnotes_plugin_reference_row\"> <th scope=\"row\" class=\"footnote_plugin_index_combi pointer\"  onclick=\"footnote_moveToAnchor_1272_1('footnote_plugin_tooltip_1272_1_2');\"><a id=\"footnote_plugin_reference_1272_1_2\" class=\"footnote_backlink\"><span class=\"footnote_index_arrow\">&#8593;<\/span>2<\/a><\/th> <td class=\"footnote_plugin_text\">Secci\u00f3n 4646(h)<\/td><\/tr>\r\n\r\n <\/tbody> <\/table> <\/div><\/div><script type=\"text\/javascript\"> function footnote_expand_reference_container_1272_1() { jQuery('#footnote_references_container_1272_1').show(); jQuery('#footnote_reference_container_collapse_button_1272_1').text('\u2212'); } function footnote_collapse_reference_container_1272_1() { jQuery('#footnote_references_container_1272_1').hide(); jQuery('#footnote_reference_container_collapse_button_1272_1').text('+'); } function footnote_expand_collapse_reference_container_1272_1() { if (jQuery('#footnote_references_container_1272_1').is(':hidden')) { footnote_expand_reference_container_1272_1(); } else { footnote_collapse_reference_container_1272_1(); } } function footnote_moveToReference_1272_1(p_str_TargetID) { footnote_expand_reference_container_1272_1(); var l_obj_Target = jQuery('#' + p_str_TargetID); if (l_obj_Target.length) { jQuery( 'html, body' ).delay( 0 ); jQuery('html, body').animate({ scrollTop: l_obj_Target.offset().top - window.innerHeight * 0.2 }, 380); } } function footnote_moveToAnchor_1272_1(p_str_TargetID) { footnote_expand_reference_container_1272_1(); var l_obj_Target = jQuery('#' + p_str_TargetID); if (l_obj_Target.length) { jQuery( 'html, body' ).delay( 0 ); jQuery('html, body').animate({ scrollTop: l_obj_Target.offset().top - window.innerHeight * 0.2 }, 380); } }<\/script>","protected":false},"excerpt":{"rendered":"<p>La ley dice que debe haber alguien en su reuni\u00f3n de IPP que pueda tomar decisiones en nombre del centro regional. Las decisiones sobre sus&hellip;<\/p>\n","protected":false},"author":1,"featured_media":0,"parent":1193,"menu_order":35,"comment_status":"closed","ping_status":"closed","template":"","meta":{"footnotes":""},"class_list":["post-1272","page","type-page","status-publish","hentry"],"_links":{"self":[{"href":"https:\/\/rula.disabilityrightsca.org\/es\/wp-json\/wp\/v2\/pages\/1272","targetHints":{"allow":["GET"]}}],"collection":[{"href":"https:\/\/rula.disabilityrightsca.org\/es\/wp-json\/wp\/v2\/pages"}],"about":[{"href":"https:\/\/rula.disabilityrightsca.org\/es\/wp-json\/wp\/v2\/types\/page"}],"author":[{"embeddable":true,"href":"https:\/\/rula.disabilityrightsca.org\/es\/wp-json\/wp\/v2\/users\/1"}],"replies":[{"embeddable":true,"href":"https:\/\/rula.disabilityrightsca.org\/es\/wp-json\/wp\/v2\/comments?post=1272"}],"version-history":[{"count":6,"href":"https:\/\/rula.disabilityrightsca.org\/es\/wp-json\/wp\/v2\/pages\/1272\/revisions"}],"predecessor-version":[{"id":4038,"href":"https:\/\/rula.disabilityrightsca.org\/es\/wp-json\/wp\/v2\/pages\/1272\/revisions\/4038"}],"up":[{"embeddable":true,"href":"https:\/\/rula.disabilityrightsca.org\/es\/wp-json\/wp\/v2\/pages\/1193"}],"wp:attachment":[{"href":"https:\/\/rula.disabilityrightsca.org\/es\/wp-json\/wp\/v2\/media?parent=1272"}],"curies":[{"name":"wp","href":"https:\/\/api.w.org\/{rel}","templated":true}]}}