{"id":1266,"date":"2021-06-17T00:02:33","date_gmt":"2021-06-17T00:02:33","guid":{"rendered":"http:\/\/www.rula.disabilityrightsca.org\/es\/?page_id=1266"},"modified":"2024-10-08T18:57:58","modified_gmt":"2024-10-08T18:57:58","slug":"4-32-que-tipos-de-equipos-especiales-o-tecnologia-de-asistencia-puedo-obtener","status":"publish","type":"page","link":"https:\/\/rula.disabilityrightsca.org\/es\/rula-book\/capitulo-4-planes-de-programas-individuales\/4-32-que-tipos-de-equipos-especiales-o-tecnologia-de-asistencia-puedo-obtener\/","title":{"rendered":"(4.33) \u00bfDebe el centro regional tomar en consideraci\u00f3n mis antecedentes culturales y ling\u00fc\u00edsticos?"},"content":{"rendered":"\n<p>S\u00ed. El centro regional debe proporcionar informaci\u00f3n de una manera que sea \u201ccultural y ling\u00fc\u00edsticamente adecuada para el consumidor\u201d. <span class=\"footnote_referrer\"><a role=\"button\" tabindex=\"0\" onclick=\"footnote_moveToReference_1266_1('footnote_plugin_reference_1266_1_1');\" onkeypress=\"footnote_moveToReference_1266_1('footnote_plugin_reference_1266_1_1');\" ><sup id=\"footnote_plugin_tooltip_1266_1_1\" class=\"footnote_plugin_tooltip_text\">[1]<\/sup><\/a><span id=\"footnote_plugin_tooltip_text_1266_1_1\" class=\"footnote_tooltip\">Secciones 4502.1(b)<\/span><\/span><script type=\"text\/javascript\"> jQuery('#footnote_plugin_tooltip_1266_1_1').tooltip({ tip: '#footnote_plugin_tooltip_text_1266_1_1', tipClass: 'footnote_tooltip', effect: 'fade', predelay: 0, fadeInSpeed: 200, delay: 400, fadeOutSpeed: 200, position: 'top center', relative: true, offset: [-7, 0], });<\/script> Esto incluye proporcionar &#8220;servicios de comunicaci\u00f3n alternativos&#8221; que necesita para comunicarse en su lengua materna.<span class=\"footnote_referrer\"><a role=\"button\" tabindex=\"0\" onclick=\"footnote_moveToReference_1266_1('footnote_plugin_reference_1266_1_2');\" onkeypress=\"footnote_moveToReference_1266_1('footnote_plugin_reference_1266_1_2');\" ><sup id=\"footnote_plugin_tooltip_1266_1_2\" class=\"footnote_plugin_tooltip_text\">[2]<\/sup><\/a><span id=\"footnote_plugin_tooltip_text_1266_1_2\" class=\"footnote_tooltip\">Secciones 4646(j)(1)-(2), 4643(d); <em>consulte tambi\u00e9n <\/em>el C\u00f3digo de Gobierno de California, secciones 11135 a 11139.8<\/span><\/span><script type=\"text\/javascript\"> jQuery('#footnote_plugin_tooltip_1266_1_2').tooltip({ tip: '#footnote_plugin_tooltip_text_1266_1_2', tipClass: 'footnote_tooltip', effect: 'fade', predelay: 0, fadeInSpeed: 200, delay: 400, fadeOutSpeed: 200, position: 'top center', relative: true, offset: [-7, 0], });<\/script><\/p>\n\n\n\n<p>El desarrollo del IPP para ni\u00f1os implica el respeto por la autoridad de la familia para tomar decisiones, satisfacer las necesidades cambiantes de toda la familia, aprovechar las fortalezas de la familia y respetar sus preferencias culturales, valores y estilo de vida.<span class=\"footnote_referrer\"><a role=\"button\" tabindex=\"0\" onclick=\"footnote_moveToReference_1266_1('footnote_plugin_reference_1266_1_3');\" onkeypress=\"footnote_moveToReference_1266_1('footnote_plugin_reference_1266_1_3');\" ><sup id=\"footnote_plugin_tooltip_1266_1_3\" class=\"footnote_plugin_tooltip_text\">[3]<\/sup><\/a><span id=\"footnote_plugin_tooltip_text_1266_1_3\" class=\"footnote_tooltip\">Secciones 4646.5(a)(1) y (3) y 4685(b)<\/span><\/span><script type=\"text\/javascript\"> jQuery('#footnote_plugin_tooltip_1266_1_3').tooltip({ tip: '#footnote_plugin_tooltip_text_1266_1_3', tipClass: 'footnote_tooltip', effect: 'fade', predelay: 0, fadeInSpeed: 200, delay: 400, fadeOutSpeed: 200, position: 'top center', relative: true, offset: [-7, 0], });<\/script><\/p>\n<div class=\"speaker-mute footnotes_reference_container\"> <div class=\"footnote_container_prepare\"><p><span role=\"button\" tabindex=\"0\" class=\"footnote_reference_container_label pointer\" onclick=\"footnote_expand_collapse_reference_container_1266_1();\">&#x202F;<\/span><span role=\"button\" tabindex=\"0\" class=\"footnote_reference_container_collapse_button\" style=\"display: none;\" onclick=\"footnote_expand_collapse_reference_container_1266_1();\">[<a id=\"footnote_reference_container_collapse_button_1266_1\">+<\/a>]<\/span><\/p><\/div> <div id=\"footnote_references_container_1266_1\" style=\"\"><table class=\"footnotes_table footnote-reference-container\"><caption class=\"accessibility\">References<\/caption> <tbody> \r\n\r\n<tr class=\"footnotes_plugin_reference_row\"> <th scope=\"row\" class=\"footnote_plugin_index_combi pointer\"  onclick=\"footnote_moveToAnchor_1266_1('footnote_plugin_tooltip_1266_1_1');\"><a id=\"footnote_plugin_reference_1266_1_1\" class=\"footnote_backlink\"><span class=\"footnote_index_arrow\">&#8593;<\/span>1<\/a><\/th> <td class=\"footnote_plugin_text\">Secciones 4502.1(b)<\/td><\/tr>\r\n\r\n<tr class=\"footnotes_plugin_reference_row\"> <th scope=\"row\" class=\"footnote_plugin_index_combi pointer\"  onclick=\"footnote_moveToAnchor_1266_1('footnote_plugin_tooltip_1266_1_2');\"><a id=\"footnote_plugin_reference_1266_1_2\" class=\"footnote_backlink\"><span class=\"footnote_index_arrow\">&#8593;<\/span>2<\/a><\/th> <td class=\"footnote_plugin_text\">Secciones 4646(j)(1)-(2), 4643(d); <em>consulte tambi\u00e9n <\/em>el C\u00f3digo de Gobierno de California, secciones 11135 a 11139.8<\/td><\/tr>\r\n\r\n<tr class=\"footnotes_plugin_reference_row\"> <th scope=\"row\" class=\"footnote_plugin_index_combi pointer\"  onclick=\"footnote_moveToAnchor_1266_1('footnote_plugin_tooltip_1266_1_3');\"><a id=\"footnote_plugin_reference_1266_1_3\" class=\"footnote_backlink\"><span class=\"footnote_index_arrow\">&#8593;<\/span>3<\/a><\/th> <td class=\"footnote_plugin_text\">Secciones 4646.5(a)(1) y (3) y 4685(b)<\/td><\/tr>\r\n\r\n <\/tbody> <\/table> <\/div><\/div><script type=\"text\/javascript\"> function footnote_expand_reference_container_1266_1() { jQuery('#footnote_references_container_1266_1').show(); jQuery('#footnote_reference_container_collapse_button_1266_1').text('\u2212'); } function footnote_collapse_reference_container_1266_1() { jQuery('#footnote_references_container_1266_1').hide(); jQuery('#footnote_reference_container_collapse_button_1266_1').text('+'); } function footnote_expand_collapse_reference_container_1266_1() { if (jQuery('#footnote_references_container_1266_1').is(':hidden')) { footnote_expand_reference_container_1266_1(); } else { footnote_collapse_reference_container_1266_1(); } } function footnote_moveToReference_1266_1(p_str_TargetID) { footnote_expand_reference_container_1266_1(); var l_obj_Target = jQuery('#' + p_str_TargetID); if (l_obj_Target.length) { jQuery( 'html, body' ).delay( 0 ); jQuery('html, body').animate({ scrollTop: l_obj_Target.offset().top - window.innerHeight * 0.2 }, 380); } } function footnote_moveToAnchor_1266_1(p_str_TargetID) { footnote_expand_reference_container_1266_1(); var l_obj_Target = jQuery('#' + p_str_TargetID); if (l_obj_Target.length) { jQuery( 'html, body' ).delay( 0 ); jQuery('html, body').animate({ scrollTop: l_obj_Target.offset().top - window.innerHeight * 0.2 }, 380); } }<\/script>","protected":false},"excerpt":{"rendered":"<p>S\u00ed. El centro regional debe proporcionar informaci\u00f3n de una manera que sea \u201ccultural y ling\u00fc\u00edsticamente adecuada para el consumidor\u201d. [1]Secciones 4502.1(b) Esto incluye proporcionar &#8220;servicios&hellip;<\/p>\n","protected":false},"author":1,"featured_media":0,"parent":1193,"menu_order":32,"comment_status":"closed","ping_status":"closed","template":"","meta":{"footnotes":""},"class_list":["post-1266","page","type-page","status-publish","hentry"],"_links":{"self":[{"href":"https:\/\/rula.disabilityrightsca.org\/es\/wp-json\/wp\/v2\/pages\/1266","targetHints":{"allow":["GET"]}}],"collection":[{"href":"https:\/\/rula.disabilityrightsca.org\/es\/wp-json\/wp\/v2\/pages"}],"about":[{"href":"https:\/\/rula.disabilityrightsca.org\/es\/wp-json\/wp\/v2\/types\/page"}],"author":[{"embeddable":true,"href":"https:\/\/rula.disabilityrightsca.org\/es\/wp-json\/wp\/v2\/users\/1"}],"replies":[{"embeddable":true,"href":"https:\/\/rula.disabilityrightsca.org\/es\/wp-json\/wp\/v2\/comments?post=1266"}],"version-history":[{"count":7,"href":"https:\/\/rula.disabilityrightsca.org\/es\/wp-json\/wp\/v2\/pages\/1266\/revisions"}],"predecessor-version":[{"id":4041,"href":"https:\/\/rula.disabilityrightsca.org\/es\/wp-json\/wp\/v2\/pages\/1266\/revisions\/4041"}],"up":[{"embeddable":true,"href":"https:\/\/rula.disabilityrightsca.org\/es\/wp-json\/wp\/v2\/pages\/1193"}],"wp:attachment":[{"href":"https:\/\/rula.disabilityrightsca.org\/es\/wp-json\/wp\/v2\/media?parent=1266"}],"curies":[{"name":"wp","href":"https:\/\/api.w.org\/{rel}","templated":true}]}}