{"id":1264,"date":"2021-06-17T00:00:51","date_gmt":"2021-06-17T00:00:51","guid":{"rendered":"http:\/\/www.rula.disabilityrightsca.org\/es\/?page_id=1264"},"modified":"2024-10-08T18:58:27","modified_gmt":"2024-10-08T18:58:27","slug":"4-30-puedo-obtener-equipo-especial-o-tecnologia-de-asistencia-a-traves-del-ipp","status":"publish","type":"page","link":"https:\/\/rula.disabilityrightsca.org\/es\/rula-book\/capitulo-4-planes-de-programas-individuales\/4-30-puedo-obtener-equipo-especial-o-tecnologia-de-asistencia-a-traves-del-ipp\/","title":{"rendered":"(4.31) \u00bfPuede el centro regional grabar mi reuni\u00f3n de IPP?"},"content":{"rendered":"\n<p>Quiz\u00e1s. Si decide grabar la reuni\u00f3n, el centro regional tambi\u00e9n puede hacer su propia grabaci\u00f3n de la reuni\u00f3n. Si el centro regional desea grabar su reuni\u00f3n de IPP, pero usted no est\u00e1 de acuerdo, tiene derecho a decir que no ir\u00e1 a la reuni\u00f3n si est\u00e1n grabando. Si usted les dice que se opone, ellos <em>no<\/em> podr\u00e1n grabar la reuni\u00f3n. <span class=\"footnote_referrer\"><a role=\"button\" tabindex=\"0\" onclick=\"footnote_moveToReference_1264_1('footnote_plugin_reference_1264_1_1');\" onkeypress=\"footnote_moveToReference_1264_1('footnote_plugin_reference_1264_1_1');\" ><sup id=\"footnote_plugin_tooltip_1264_1_1\" class=\"footnote_plugin_tooltip_text\">[1]<\/sup><\/a><span id=\"footnote_plugin_tooltip_text_1264_1_1\" class=\"footnote_tooltip\">Secci\u00f3n 4646.6<\/span><\/span><script type=\"text\/javascript\"> jQuery('#footnote_plugin_tooltip_1264_1_1').tooltip({ tip: '#footnote_plugin_tooltip_text_1264_1_1', tipClass: 'footnote_tooltip', effect: 'fade', predelay: 0, fadeInSpeed: 200, delay: 400, fadeOutSpeed: 200, position: 'top center', relative: true, offset: [-7, 0], });<\/script><\/p>\n<div class=\"speaker-mute footnotes_reference_container\"> <div class=\"footnote_container_prepare\"><p><span role=\"button\" tabindex=\"0\" class=\"footnote_reference_container_label pointer\" onclick=\"footnote_expand_collapse_reference_container_1264_1();\">&#x202F;<\/span><span role=\"button\" tabindex=\"0\" class=\"footnote_reference_container_collapse_button\" style=\"display: none;\" onclick=\"footnote_expand_collapse_reference_container_1264_1();\">[<a id=\"footnote_reference_container_collapse_button_1264_1\">+<\/a>]<\/span><\/p><\/div> <div id=\"footnote_references_container_1264_1\" style=\"\"><table class=\"footnotes_table footnote-reference-container\"><caption class=\"accessibility\">References<\/caption> <tbody> \r\n\r\n<tr class=\"footnotes_plugin_reference_row\"> <th scope=\"row\" class=\"footnote_plugin_index_combi pointer\"  onclick=\"footnote_moveToAnchor_1264_1('footnote_plugin_tooltip_1264_1_1');\"><a id=\"footnote_plugin_reference_1264_1_1\" class=\"footnote_backlink\"><span class=\"footnote_index_arrow\">&#8593;<\/span>1<\/a><\/th> <td class=\"footnote_plugin_text\">Secci\u00f3n 4646.6<\/td><\/tr>\r\n\r\n <\/tbody> <\/table> <\/div><\/div><script type=\"text\/javascript\"> function footnote_expand_reference_container_1264_1() { jQuery('#footnote_references_container_1264_1').show(); jQuery('#footnote_reference_container_collapse_button_1264_1').text('\u2212'); } function footnote_collapse_reference_container_1264_1() { jQuery('#footnote_references_container_1264_1').hide(); jQuery('#footnote_reference_container_collapse_button_1264_1').text('+'); } function footnote_expand_collapse_reference_container_1264_1() { if (jQuery('#footnote_references_container_1264_1').is(':hidden')) { footnote_expand_reference_container_1264_1(); } else { footnote_collapse_reference_container_1264_1(); } } function footnote_moveToReference_1264_1(p_str_TargetID) { footnote_expand_reference_container_1264_1(); var l_obj_Target = jQuery('#' + p_str_TargetID); if (l_obj_Target.length) { jQuery( 'html, body' ).delay( 0 ); jQuery('html, body').animate({ scrollTop: l_obj_Target.offset().top - window.innerHeight * 0.2 }, 380); } } function footnote_moveToAnchor_1264_1(p_str_TargetID) { footnote_expand_reference_container_1264_1(); var l_obj_Target = jQuery('#' + p_str_TargetID); if (l_obj_Target.length) { jQuery( 'html, body' ).delay( 0 ); jQuery('html, body').animate({ scrollTop: l_obj_Target.offset().top - window.innerHeight * 0.2 }, 380); } }<\/script>","protected":false},"excerpt":{"rendered":"<p>Quiz\u00e1s. Si decide grabar la reuni\u00f3n, el centro regional tambi\u00e9n puede hacer su propia grabaci\u00f3n de la reuni\u00f3n. Si el centro regional desea grabar su&hellip;<\/p>\n","protected":false},"author":1,"featured_media":0,"parent":1193,"menu_order":30,"comment_status":"closed","ping_status":"closed","template":"","meta":{"footnotes":""},"class_list":["post-1264","page","type-page","status-publish","hentry"],"_links":{"self":[{"href":"https:\/\/rula.disabilityrightsca.org\/es\/wp-json\/wp\/v2\/pages\/1264","targetHints":{"allow":["GET"]}}],"collection":[{"href":"https:\/\/rula.disabilityrightsca.org\/es\/wp-json\/wp\/v2\/pages"}],"about":[{"href":"https:\/\/rula.disabilityrightsca.org\/es\/wp-json\/wp\/v2\/types\/page"}],"author":[{"embeddable":true,"href":"https:\/\/rula.disabilityrightsca.org\/es\/wp-json\/wp\/v2\/users\/1"}],"replies":[{"embeddable":true,"href":"https:\/\/rula.disabilityrightsca.org\/es\/wp-json\/wp\/v2\/comments?post=1264"}],"version-history":[{"count":5,"href":"https:\/\/rula.disabilityrightsca.org\/es\/wp-json\/wp\/v2\/pages\/1264\/revisions"}],"predecessor-version":[{"id":4043,"href":"https:\/\/rula.disabilityrightsca.org\/es\/wp-json\/wp\/v2\/pages\/1264\/revisions\/4043"}],"up":[{"embeddable":true,"href":"https:\/\/rula.disabilityrightsca.org\/es\/wp-json\/wp\/v2\/pages\/1193"}],"wp:attachment":[{"href":"https:\/\/rula.disabilityrightsca.org\/es\/wp-json\/wp\/v2\/media?parent=1264"}],"curies":[{"name":"wp","href":"https:\/\/api.w.org\/{rel}","templated":true}]}}