{"id":1250,"date":"2021-06-10T18:35:30","date_gmt":"2021-06-10T18:35:30","guid":{"rendered":"http:\/\/www.rula.disabilityrightsca.org\/es\/?page_id=1250"},"modified":"2024-10-08T18:59:37","modified_gmt":"2024-10-08T18:59:37","slug":"4-26-que-tipo-de-metas-y-objetivos-debe-contener-un-ipp","status":"publish","type":"page","link":"https:\/\/rula.disabilityrightsca.org\/es\/rula-book\/capitulo-4-planes-de-programas-individuales\/4-26-que-tipo-de-metas-y-objetivos-debe-contener-un-ipp\/","title":{"rendered":"(4.27) \u00bfQu\u00e9 hago en caso de que el centro regional no documente mi lengua materna o no realice la admisi\u00f3n, evaluaciones, ex\u00e1menes o proceso de planificaci\u00f3n de mi IPP en mi lengua materna?"},"content":{"rendered":"\n<p>Si su centro regional no registra su lengua materna o no realiza las evaluaciones, ex\u00e1menes o el proceso de planificaci\u00f3n del IPP en su lengua materna, usted puede presentar un reclamo. Seg\u00fan la secci\u00f3n 4731 de la Ley Lanterman, puede presentar una queja administrativa contra el centro regional si cree que sus derechos han sido violados o denegados. <span class=\"footnote_referrer\"><a role=\"button\" tabindex=\"0\" onclick=\"footnote_moveToReference_1250_1('footnote_plugin_reference_1250_1_1');\" onkeypress=\"footnote_moveToReference_1250_1('footnote_plugin_reference_1250_1_1');\" ><sup id=\"footnote_plugin_tooltip_1250_1_1\" class=\"footnote_plugin_tooltip_text\">[1]<\/sup><\/a><span id=\"footnote_plugin_tooltip_text_1250_1_1\" class=\"footnote_tooltip\">Secci\u00f3n 4731<\/span><\/span><script type=\"text\/javascript\"> jQuery('#footnote_plugin_tooltip_1250_1_1').tooltip({ tip: '#footnote_plugin_tooltip_text_1250_1_1', tipClass: 'footnote_tooltip', effect: 'fade', predelay: 0, fadeInSpeed: 200, delay: 400, fadeOutSpeed: 200, position: 'top center', relative: true, offset: [-7, 0], });<\/script> Para presentar la queja, escr\u00edbale una breve carta al director de su centro regional. Para obtener una lista de directores de centros regionales e informaci\u00f3n de contacto, consulte <a href=\"https:\/\/www.dds.ca.gov\/rc\/listings\/\">https:\/\/www.dds.ca.gov\/rc\/listings\/<\/a>. \u00a0 <\/p>\n\n\n\n<p>Consulte el <a href=\"https:\/\/rula.disabilityrightsca.org\/es\/rula-book\/capitulo-10-apelaciones-y-reclamos-desacuerdos-con-centros-regionales-centros-de-desarrollo-o-proveedores-de-servicios\/\">Cap\u00edtulo 10<\/a> para obtener m\u00e1s informaci\u00f3n sobre su derecho a presentar una queja.<\/p>\n<div class=\"speaker-mute footnotes_reference_container\"> <div class=\"footnote_container_prepare\"><p><span role=\"button\" tabindex=\"0\" class=\"footnote_reference_container_label pointer\" onclick=\"footnote_expand_collapse_reference_container_1250_1();\">&#x202F;<\/span><span role=\"button\" tabindex=\"0\" class=\"footnote_reference_container_collapse_button\" style=\"display: none;\" onclick=\"footnote_expand_collapse_reference_container_1250_1();\">[<a id=\"footnote_reference_container_collapse_button_1250_1\">+<\/a>]<\/span><\/p><\/div> <div id=\"footnote_references_container_1250_1\" style=\"\"><table class=\"footnotes_table footnote-reference-container\"><caption class=\"accessibility\">References<\/caption> <tbody> \r\n\r\n<tr class=\"footnotes_plugin_reference_row\"> <th scope=\"row\" class=\"footnote_plugin_index_combi pointer\"  onclick=\"footnote_moveToAnchor_1250_1('footnote_plugin_tooltip_1250_1_1');\"><a id=\"footnote_plugin_reference_1250_1_1\" class=\"footnote_backlink\"><span class=\"footnote_index_arrow\">&#8593;<\/span>1<\/a><\/th> <td class=\"footnote_plugin_text\">Secci\u00f3n 4731<\/td><\/tr>\r\n\r\n <\/tbody> <\/table> <\/div><\/div><script type=\"text\/javascript\"> function footnote_expand_reference_container_1250_1() { jQuery('#footnote_references_container_1250_1').show(); jQuery('#footnote_reference_container_collapse_button_1250_1').text('\u2212'); } function footnote_collapse_reference_container_1250_1() { jQuery('#footnote_references_container_1250_1').hide(); jQuery('#footnote_reference_container_collapse_button_1250_1').text('+'); } function footnote_expand_collapse_reference_container_1250_1() { if (jQuery('#footnote_references_container_1250_1').is(':hidden')) { footnote_expand_reference_container_1250_1(); } else { footnote_collapse_reference_container_1250_1(); } } function footnote_moveToReference_1250_1(p_str_TargetID) { footnote_expand_reference_container_1250_1(); var l_obj_Target = jQuery('#' + p_str_TargetID); if (l_obj_Target.length) { jQuery( 'html, body' ).delay( 0 ); jQuery('html, body').animate({ scrollTop: l_obj_Target.offset().top - window.innerHeight * 0.2 }, 380); } } function footnote_moveToAnchor_1250_1(p_str_TargetID) { footnote_expand_reference_container_1250_1(); var l_obj_Target = jQuery('#' + p_str_TargetID); if (l_obj_Target.length) { jQuery( 'html, body' ).delay( 0 ); jQuery('html, body').animate({ scrollTop: l_obj_Target.offset().top - window.innerHeight * 0.2 }, 380); } }<\/script>","protected":false},"excerpt":{"rendered":"<p>Si su centro regional no registra su lengua materna o no realiza las evaluaciones, ex\u00e1menes o el proceso de planificaci\u00f3n del IPP en su lengua&hellip;<\/p>\n","protected":false},"author":1,"featured_media":0,"parent":1193,"menu_order":26,"comment_status":"closed","ping_status":"closed","template":"","meta":{"footnotes":""},"class_list":["post-1250","page","type-page","status-publish","hentry"],"_links":{"self":[{"href":"https:\/\/rula.disabilityrightsca.org\/es\/wp-json\/wp\/v2\/pages\/1250","targetHints":{"allow":["GET"]}}],"collection":[{"href":"https:\/\/rula.disabilityrightsca.org\/es\/wp-json\/wp\/v2\/pages"}],"about":[{"href":"https:\/\/rula.disabilityrightsca.org\/es\/wp-json\/wp\/v2\/types\/page"}],"author":[{"embeddable":true,"href":"https:\/\/rula.disabilityrightsca.org\/es\/wp-json\/wp\/v2\/users\/1"}],"replies":[{"embeddable":true,"href":"https:\/\/rula.disabilityrightsca.org\/es\/wp-json\/wp\/v2\/comments?post=1250"}],"version-history":[{"count":6,"href":"https:\/\/rula.disabilityrightsca.org\/es\/wp-json\/wp\/v2\/pages\/1250\/revisions"}],"predecessor-version":[{"id":4047,"href":"https:\/\/rula.disabilityrightsca.org\/es\/wp-json\/wp\/v2\/pages\/1250\/revisions\/4047"}],"up":[{"embeddable":true,"href":"https:\/\/rula.disabilityrightsca.org\/es\/wp-json\/wp\/v2\/pages\/1193"}],"wp:attachment":[{"href":"https:\/\/rula.disabilityrightsca.org\/es\/wp-json\/wp\/v2\/media?parent=1250"}],"curies":[{"name":"wp","href":"https:\/\/api.w.org\/{rel}","templated":true}]}}