{"id":1248,"date":"2021-06-10T18:34:12","date_gmt":"2021-06-10T18:34:12","guid":{"rendered":"http:\/\/www.rula.disabilityrightsca.org\/es\/?page_id=1248"},"modified":"2024-10-08T19:00:10","modified_gmt":"2024-10-08T19:00:10","slug":"4-25-que-debo-incluir-por-escrito-en-el-ipp","status":"publish","type":"page","link":"https:\/\/rula.disabilityrightsca.org\/es\/rula-book\/capitulo-4-planes-de-programas-individuales\/4-25-que-debo-incluir-por-escrito-en-el-ipp\/","title":{"rendered":"(4.26) \u00bfDebe el centro regional documentar cu\u00e1l es mi lengua materna en el IPP?"},"content":{"rendered":"\n<p>S\u00ed. El centro regional debe registrar cu\u00e1l es su lengua materna en el IPP. Por ejemplo, si habla o prefiere coreano, el centro regional debe indicar que el coreano es su lengua materna en el IPP. <span class=\"footnote_referrer\"><a role=\"button\" tabindex=\"0\" onclick=\"footnote_moveToReference_1248_1('footnote_plugin_reference_1248_1_1');\" onkeypress=\"footnote_moveToReference_1248_1('footnote_plugin_reference_1248_1_1');\" ><sup id=\"footnote_plugin_tooltip_1248_1_1\" class=\"footnote_plugin_tooltip_text\">[1]<\/sup><\/a><span id=\"footnote_plugin_tooltip_text_1248_1_1\" class=\"footnote_tooltip\">Secci\u00f3n 4646(j)(3)<\/span><\/span><script type=\"text\/javascript\"> jQuery('#footnote_plugin_tooltip_1248_1_1').tooltip({ tip: '#footnote_plugin_tooltip_text_1248_1_1', tipClass: 'footnote_tooltip', effect: 'fade', predelay: 0, fadeInSpeed: 200, delay: 400, fadeOutSpeed: 200, position: 'top center', relative: true, offset: [-7, 0], });<\/script><\/p>\n\n\n\n<p>Si usted es el padre de un ni\u00f1o menor de edad que es cliente del centro regional, o el tutor de un cliente adulto del centro regional, entonces el centro regional tambi\u00e9n debe reconocer su lengua materna en el IPP.<\/p>\n\n\n\n<p>D\u00edgale a su coordinador de servicios que el centro regional debe traducir la informaci\u00f3n y los registros en su lengua materna. Puede hacerlo envi\u00e1ndoles una carta que explique a qu\u00e9 idioma necesita la traducci\u00f3n. A continuaci\u00f3n, se incluye un ejemplo de carta:<\/p>\n\n\n\n<p>_______________________________________<br>Nombre<\/p>\n\n\n\n<p>____________________________________<br>Direcci\u00f3n<\/p>\n\n\n\n<p>__________________________________<br>N\u00famero de tel\u00e9fono<\/p>\n\n\n\n<p>_____________________________<br>Correo electr\u00f3nico<\/p>\n\n\n\n<p>Fecha: _______________<\/p>\n\n\n\n<p>Para: ______________________________________ (Coordinador de Servicios del Centro Regional por direcci\u00f3n; correo electr\u00f3nico; o fax)<\/p>\n\n\n\n<p>En referencia a:<\/p>\n\n\n\n<p>Solicitud de informaci\u00f3n en mi lengua materna para: _______________ (Nombre del Cliente del Centro regional)<\/p>\n\n\n\n<p>Solicito que se modifique el IPP para incluir una declaraci\u00f3n de que nuestra lengua materna es _________________.<\/p>\n\n\n\n<p>Solicito que la planificaci\u00f3n y el desarrollo de mi IPP se realicen en mi lengua materna. C\u00f3digo de Bienestar e Instituciones, Secci\u00f3n 4646 (h)(1).<\/p>\n\n\n\n<p>Adem\u00e1s, proporcione una copia traducida de mi IPP en mi lengua materna en los plazos requeridos por la ley. C\u00f3digo de Bienestar e Instituciones, Secciones 4646(h)(2) y 4646.5(a)(5).<\/p>\n\n\n\n<p>Atentamente,<\/p>\n\n\n\n<p>_________________________________________<br>Nombre<\/p>\n<div class=\"speaker-mute footnotes_reference_container\"> <div class=\"footnote_container_prepare\"><p><span role=\"button\" tabindex=\"0\" class=\"footnote_reference_container_label pointer\" onclick=\"footnote_expand_collapse_reference_container_1248_1();\">&#x202F;<\/span><span role=\"button\" tabindex=\"0\" class=\"footnote_reference_container_collapse_button\" style=\"display: none;\" onclick=\"footnote_expand_collapse_reference_container_1248_1();\">[<a id=\"footnote_reference_container_collapse_button_1248_1\">+<\/a>]<\/span><\/p><\/div> <div id=\"footnote_references_container_1248_1\" style=\"\"><table class=\"footnotes_table footnote-reference-container\"><caption class=\"accessibility\">References<\/caption> <tbody> \r\n\r\n<tr class=\"footnotes_plugin_reference_row\"> <th scope=\"row\" class=\"footnote_plugin_index_combi pointer\"  onclick=\"footnote_moveToAnchor_1248_1('footnote_plugin_tooltip_1248_1_1');\"><a id=\"footnote_plugin_reference_1248_1_1\" class=\"footnote_backlink\"><span class=\"footnote_index_arrow\">&#8593;<\/span>1<\/a><\/th> <td class=\"footnote_plugin_text\">Secci\u00f3n 4646(j)(3)<\/td><\/tr>\r\n\r\n <\/tbody> <\/table> <\/div><\/div><script type=\"text\/javascript\"> function footnote_expand_reference_container_1248_1() { jQuery('#footnote_references_container_1248_1').show(); jQuery('#footnote_reference_container_collapse_button_1248_1').text('\u2212'); } function footnote_collapse_reference_container_1248_1() { jQuery('#footnote_references_container_1248_1').hide(); jQuery('#footnote_reference_container_collapse_button_1248_1').text('+'); } function footnote_expand_collapse_reference_container_1248_1() { if (jQuery('#footnote_references_container_1248_1').is(':hidden')) { footnote_expand_reference_container_1248_1(); } else { footnote_collapse_reference_container_1248_1(); } } function footnote_moveToReference_1248_1(p_str_TargetID) { footnote_expand_reference_container_1248_1(); var l_obj_Target = jQuery('#' + p_str_TargetID); if (l_obj_Target.length) { jQuery( 'html, body' ).delay( 0 ); jQuery('html, body').animate({ scrollTop: l_obj_Target.offset().top - window.innerHeight * 0.2 }, 380); } } function footnote_moveToAnchor_1248_1(p_str_TargetID) { footnote_expand_reference_container_1248_1(); var l_obj_Target = jQuery('#' + p_str_TargetID); if (l_obj_Target.length) { jQuery( 'html, body' ).delay( 0 ); jQuery('html, body').animate({ scrollTop: l_obj_Target.offset().top - window.innerHeight * 0.2 }, 380); } }<\/script>","protected":false},"excerpt":{"rendered":"<p>S\u00ed. El centro regional debe registrar cu\u00e1l es su lengua materna en el IPP. Por ejemplo, si habla o prefiere coreano, el centro regional debe&hellip;<\/p>\n","protected":false},"author":1,"featured_media":0,"parent":1193,"menu_order":25,"comment_status":"closed","ping_status":"closed","template":"","meta":{"footnotes":""},"class_list":["post-1248","page","type-page","status-publish","hentry"],"_links":{"self":[{"href":"https:\/\/rula.disabilityrightsca.org\/es\/wp-json\/wp\/v2\/pages\/1248","targetHints":{"allow":["GET"]}}],"collection":[{"href":"https:\/\/rula.disabilityrightsca.org\/es\/wp-json\/wp\/v2\/pages"}],"about":[{"href":"https:\/\/rula.disabilityrightsca.org\/es\/wp-json\/wp\/v2\/types\/page"}],"author":[{"embeddable":true,"href":"https:\/\/rula.disabilityrightsca.org\/es\/wp-json\/wp\/v2\/users\/1"}],"replies":[{"embeddable":true,"href":"https:\/\/rula.disabilityrightsca.org\/es\/wp-json\/wp\/v2\/comments?post=1248"}],"version-history":[{"count":6,"href":"https:\/\/rula.disabilityrightsca.org\/es\/wp-json\/wp\/v2\/pages\/1248\/revisions"}],"predecessor-version":[{"id":4048,"href":"https:\/\/rula.disabilityrightsca.org\/es\/wp-json\/wp\/v2\/pages\/1248\/revisions\/4048"}],"up":[{"embeddable":true,"href":"https:\/\/rula.disabilityrightsca.org\/es\/wp-json\/wp\/v2\/pages\/1193"}],"wp:attachment":[{"href":"https:\/\/rula.disabilityrightsca.org\/es\/wp-json\/wp\/v2\/media?parent=1248"}],"curies":[{"name":"wp","href":"https:\/\/api.w.org\/{rel}","templated":true}]}}