{"id":1246,"date":"2021-06-10T18:32:41","date_gmt":"2021-06-10T18:32:41","guid":{"rendered":"http:\/\/www.rula.disabilityrightsca.org\/es\/?page_id=1246"},"modified":"2024-10-08T19:00:29","modified_gmt":"2024-10-08T19:00:29","slug":"4-24-que-sucede-si-necesito-mas-de-una-reunion-para-desarrollar-mi-ipp","status":"publish","type":"page","link":"https:\/\/rula.disabilityrightsca.org\/es\/rula-book\/capitulo-4-planes-de-programas-individuales\/4-24-que-sucede-si-necesito-mas-de-una-reunion-para-desarrollar-mi-ipp\/","title":{"rendered":"(4.25) \u00bfQu\u00e9 pasa si me preocupa llevar un registro de todo lo que sucede en mi reuni\u00f3n de IPP?"},"content":{"rendered":"\n<p>Estas son las cosas que puede hacer para realizar un seguimiento de lo que sucede:<\/p>\n\n\n\n<ul class=\"wp-block-list\">\n<li>Lleve a alguien con usted para que le ayude a tomar notas y seguir lo que est\u00e1 sucediendo.<\/li>\n\n\n\n<li>Prep\u00e1rese antes de la reuni\u00f3n (consulte el Planificador de reuniones de IPP en el <a href=\"https:\/\/rula.disabilityrightsca.org\/es\/suplementos\/suplemento-i-planificador-de-reuniones-de-ipp\/\"><em>Suplemento I<\/em><\/a><em>).<\/em><\/li>\n\n\n\n<li>P\u00eddale al centro regional que proporcione un caballete o atril con hojas grandes de papel, marcadores y cinta adhesiva. P\u00eddale a alguien que escriba notas en las hojas de papel y p\u00e9guelas con cinta adhesiva a la pared para que todos puedan ver las notas de la reuni\u00f3n.<\/li>\n\n\n\n<li>Si tiene evaluaciones o informes que lo ayudar\u00e1n a obtener los servicios que solicita, lleve copias a su reuni\u00f3n.<\/li>\n<\/ul>\n\n\n\n<p>Adem\u00e1s, al final de la reuni\u00f3n, el centro regional debe entregarle una lista de los servicios y apoyos que se acordaron en la reuni\u00f3n. <span class=\"footnote_referrer\"><a role=\"button\" tabindex=\"0\" onclick=\"footnote_moveToReference_1246_1('footnote_plugin_reference_1246_1_1');\" onkeypress=\"footnote_moveToReference_1246_1('footnote_plugin_reference_1246_1_1');\" ><sup id=\"footnote_plugin_tooltip_1246_1_1\" class=\"footnote_plugin_tooltip_text\">[1]<\/sup><\/a><span id=\"footnote_plugin_tooltip_text_1246_1_1\" class=\"footnote_tooltip\">Secci\u00f3n 4646(g)<\/span><\/span><script type=\"text\/javascript\"> jQuery('#footnote_plugin_tooltip_1246_1_1').tooltip({ tip: '#footnote_plugin_tooltip_text_1246_1_1', tipClass: 'footnote_tooltip', effect: 'fade', predelay: 0, fadeInSpeed: 200, delay: 400, fadeOutSpeed: 200, position: 'top center', relative: true, offset: [-7, 0], });<\/script> La lista debe decir:<\/p>\n\n\n\n<ul class=\"wp-block-list\">\n<li>cuando comenzar\u00e1n los servicios,<\/li>\n\n\n\n<li>con qu\u00e9 frecuencia recibir\u00e1 los servicios y cu\u00e1nto durar\u00e1n, y<\/li>\n\n\n\n<li>el proveedor de servicios (si se conoce). <\/li>\n<\/ul>\n\n\n\n<p>Usted o su representante deber\u00e1n firmar la lista de servicios y apoyos acordados antes de que comiencen. El centro regional tiene que d\u00e1rsela por escrito o por v\u00eda electr\u00f3nica. La lista tambi\u00e9n debe estar en su lengua materna. Si no est\u00e1 de acuerdo con los servicios en la reuni\u00f3n del IPP, puede retrasar la obtenci\u00f3n de la lista de apoyos y servicios hasta que est\u00e9 de acuerdo. El centro regional debe celebrar otra reuni\u00f3n del IPP en un plazo de 15 d\u00edas (o m\u00e1s tarde, si lo desea) para llegar a un acuerdo final. En ese momento, el centro regional tiene que darle una lista de apoyos y servicios en su lengua materna. <span class=\"footnote_referrer\"><a role=\"button\" tabindex=\"0\" onclick=\"footnote_moveToReference_1246_1('footnote_plugin_reference_1246_1_2');\" onkeypress=\"footnote_moveToReference_1246_1('footnote_plugin_reference_1246_1_2');\" ><sup id=\"footnote_plugin_tooltip_1246_1_2\" class=\"footnote_plugin_tooltip_text\">[2]<\/sup><\/a><span id=\"footnote_plugin_tooltip_text_1246_1_2\" class=\"footnote_tooltip\">Secci\u00f3n 4646(h)<\/span><\/span><script type=\"text\/javascript\"> jQuery('#footnote_plugin_tooltip_1246_1_2').tooltip({ tip: '#footnote_plugin_tooltip_text_1246_1_2', tipClass: 'footnote_tooltip', effect: 'fade', predelay: 0, fadeInSpeed: 200, delay: 400, fadeOutSpeed: 200, position: 'top center', relative: true, offset: [-7, 0], });<\/script><\/p>\n<div class=\"speaker-mute footnotes_reference_container\"> <div class=\"footnote_container_prepare\"><p><span role=\"button\" tabindex=\"0\" class=\"footnote_reference_container_label pointer\" onclick=\"footnote_expand_collapse_reference_container_1246_1();\">&#x202F;<\/span><span role=\"button\" tabindex=\"0\" class=\"footnote_reference_container_collapse_button\" style=\"display: none;\" onclick=\"footnote_expand_collapse_reference_container_1246_1();\">[<a id=\"footnote_reference_container_collapse_button_1246_1\">+<\/a>]<\/span><\/p><\/div> <div id=\"footnote_references_container_1246_1\" style=\"\"><table class=\"footnotes_table footnote-reference-container\"><caption class=\"accessibility\">References<\/caption> <tbody> \r\n\r\n<tr class=\"footnotes_plugin_reference_row\"> <th scope=\"row\" class=\"footnote_plugin_index_combi pointer\"  onclick=\"footnote_moveToAnchor_1246_1('footnote_plugin_tooltip_1246_1_1');\"><a id=\"footnote_plugin_reference_1246_1_1\" class=\"footnote_backlink\"><span class=\"footnote_index_arrow\">&#8593;<\/span>1<\/a><\/th> <td class=\"footnote_plugin_text\">Secci\u00f3n 4646(g)<\/td><\/tr>\r\n\r\n<tr class=\"footnotes_plugin_reference_row\"> <th scope=\"row\" class=\"footnote_plugin_index_combi pointer\"  onclick=\"footnote_moveToAnchor_1246_1('footnote_plugin_tooltip_1246_1_2');\"><a id=\"footnote_plugin_reference_1246_1_2\" class=\"footnote_backlink\"><span class=\"footnote_index_arrow\">&#8593;<\/span>2<\/a><\/th> <td class=\"footnote_plugin_text\">Secci\u00f3n 4646(h)<\/td><\/tr>\r\n\r\n <\/tbody> <\/table> <\/div><\/div><script type=\"text\/javascript\"> function footnote_expand_reference_container_1246_1() { jQuery('#footnote_references_container_1246_1').show(); jQuery('#footnote_reference_container_collapse_button_1246_1').text('\u2212'); } function footnote_collapse_reference_container_1246_1() { jQuery('#footnote_references_container_1246_1').hide(); jQuery('#footnote_reference_container_collapse_button_1246_1').text('+'); } function footnote_expand_collapse_reference_container_1246_1() { if (jQuery('#footnote_references_container_1246_1').is(':hidden')) { footnote_expand_reference_container_1246_1(); } else { footnote_collapse_reference_container_1246_1(); } } function footnote_moveToReference_1246_1(p_str_TargetID) { footnote_expand_reference_container_1246_1(); var l_obj_Target = jQuery('#' + p_str_TargetID); if (l_obj_Target.length) { jQuery( 'html, body' ).delay( 0 ); jQuery('html, body').animate({ scrollTop: l_obj_Target.offset().top - window.innerHeight * 0.2 }, 380); } } function footnote_moveToAnchor_1246_1(p_str_TargetID) { footnote_expand_reference_container_1246_1(); var l_obj_Target = jQuery('#' + p_str_TargetID); if (l_obj_Target.length) { jQuery( 'html, body' ).delay( 0 ); jQuery('html, body').animate({ scrollTop: l_obj_Target.offset().top - window.innerHeight * 0.2 }, 380); } }<\/script>","protected":false},"excerpt":{"rendered":"<p>Estas son las cosas que puede hacer para realizar un seguimiento de lo que sucede: Adem\u00e1s, al final de la reuni\u00f3n, el centro regional debe&hellip;<\/p>\n","protected":false},"author":1,"featured_media":0,"parent":1193,"menu_order":24,"comment_status":"closed","ping_status":"closed","template":"","meta":{"footnotes":""},"class_list":["post-1246","page","type-page","status-publish","hentry"],"_links":{"self":[{"href":"https:\/\/rula.disabilityrightsca.org\/es\/wp-json\/wp\/v2\/pages\/1246","targetHints":{"allow":["GET"]}}],"collection":[{"href":"https:\/\/rula.disabilityrightsca.org\/es\/wp-json\/wp\/v2\/pages"}],"about":[{"href":"https:\/\/rula.disabilityrightsca.org\/es\/wp-json\/wp\/v2\/types\/page"}],"author":[{"embeddable":true,"href":"https:\/\/rula.disabilityrightsca.org\/es\/wp-json\/wp\/v2\/users\/1"}],"replies":[{"embeddable":true,"href":"https:\/\/rula.disabilityrightsca.org\/es\/wp-json\/wp\/v2\/comments?post=1246"}],"version-history":[{"count":6,"href":"https:\/\/rula.disabilityrightsca.org\/es\/wp-json\/wp\/v2\/pages\/1246\/revisions"}],"predecessor-version":[{"id":4049,"href":"https:\/\/rula.disabilityrightsca.org\/es\/wp-json\/wp\/v2\/pages\/1246\/revisions\/4049"}],"up":[{"embeddable":true,"href":"https:\/\/rula.disabilityrightsca.org\/es\/wp-json\/wp\/v2\/pages\/1193"}],"wp:attachment":[{"href":"https:\/\/rula.disabilityrightsca.org\/es\/wp-json\/wp\/v2\/media?parent=1246"}],"curies":[{"name":"wp","href":"https:\/\/api.w.org\/{rel}","templated":true}]}}