{"id":1238,"date":"2021-06-10T18:26:25","date_gmt":"2021-06-10T18:26:25","guid":{"rendered":"http:\/\/www.rula.disabilityrightsca.org\/es\/?page_id=1238"},"modified":"2024-10-08T19:01:49","modified_gmt":"2024-10-08T19:01:49","slug":"4-20-puede-el-centro-regional-grabar-mi-reunion-de-ipp","status":"publish","type":"page","link":"https:\/\/rula.disabilityrightsca.org\/es\/rula-book\/capitulo-4-planes-de-programas-individuales\/4-20-puede-el-centro-regional-grabar-mi-reunion-de-ipp\/","title":{"rendered":"(4.21) \u00bfC\u00f3mo puedo participar en mi IPP si no hablo?"},"content":{"rendered":"\n<p>Hay muchas formas de comunicarse. Las personas pueden dar y recibir informaci\u00f3n sin hablar. Las personas pueden usar se\u00f1ales o dispositivos de comunicaci\u00f3n, otros pueden se\u00f1alar, algunos pueden asentir o parpadear &#8220;s\u00ed&#8221; o &#8220;no&#8221;. Las personas que no pueden decir &#8220;s\u00ed-no&#8221;, igualmente pueden comunicarse sobre lo que les gusta y lo que no les gusta. Pueden mostrar lo que les gusta estando relajados, sonriendo, haciendo sonidos felices o contentos. Pueden mostrar lo que no les gusta al estar tensos, agitados, llorando u otros signos de angustia, como un aumento de las convulsiones.<\/p>\n\n\n\n<p>Debido a que el IPP se centra en la persona, es posible que las otras personas necesiten prepararse m\u00e1s antes de la reuni\u00f3n para asegurarse de que usted pueda participar y que el IPP refleja sus elecciones. Tiene derecho a la facilitaci\u00f3n si esos servicios lo ayudar\u00e1n a participar en su reuni\u00f3n de IPP. <span class=\"footnote_referrer\"><a role=\"button\" tabindex=\"0\" onclick=\"footnote_moveToReference_1238_1('footnote_plugin_reference_1238_1_1');\" onkeypress=\"footnote_moveToReference_1238_1('footnote_plugin_reference_1238_1_1');\" ><sup id=\"footnote_plugin_tooltip_1238_1_1\" class=\"footnote_plugin_tooltip_text\">[1]<\/sup><\/a><span id=\"footnote_plugin_tooltip_text_1238_1_1\" class=\"footnote_tooltip\">Secci\u00f3n 4646(b) y (j)(1)<\/span><\/span><script type=\"text\/javascript\"> jQuery('#footnote_plugin_tooltip_1238_1_1').tooltip({ tip: '#footnote_plugin_tooltip_text_1238_1_1', tipClass: 'footnote_tooltip', effect: 'fade', predelay: 0, fadeInSpeed: 200, delay: 400, fadeOutSpeed: 200, position: 'top center', relative: true, offset: [-7, 0], });<\/script> Facilitaci\u00f3n significa que se le proporcione la informaci\u00f3n de una manera que comprenda. Puede tener un equipo especial o un asistente para que pueda comprender la informaci\u00f3n y tomar decisiones y elecciones que afectan su vida. <span class=\"footnote_referrer\"><a role=\"button\" tabindex=\"0\" onclick=\"footnote_moveToReference_1238_1('footnote_plugin_reference_1238_1_2');\" onkeypress=\"footnote_moveToReference_1238_1('footnote_plugin_reference_1238_1_2');\" ><sup id=\"footnote_plugin_tooltip_1238_1_2\" class=\"footnote_plugin_tooltip_text\">[2]<\/sup><\/a><span id=\"footnote_plugin_tooltip_text_1238_1_2\" class=\"footnote_tooltip\">Secci\u00f3n 4512(g)<\/span><\/span><script type=\"text\/javascript\"> jQuery('#footnote_plugin_tooltip_1238_1_2').tooltip({ tip: '#footnote_plugin_tooltip_text_1238_1_2', tipClass: 'footnote_tooltip', effect: 'fade', predelay: 0, fadeInSpeed: 200, delay: 400, fadeOutSpeed: 200, position: 'top center', relative: true, offset: [-7, 0], });<\/script> Si tiene problemas para comunicarse, es importante contar con personas que lo conozcan bien y que conozcan lo que le gusta y lo que no le gusta. Ellos pueden ayudar a asegurarse de que lo que est\u00e1 escrito en el IPP sea lo que usted desea.<\/p>\n<div class=\"speaker-mute footnotes_reference_container\"> <div class=\"footnote_container_prepare\"><p><span role=\"button\" tabindex=\"0\" class=\"footnote_reference_container_label pointer\" onclick=\"footnote_expand_collapse_reference_container_1238_1();\">&#x202F;<\/span><span role=\"button\" tabindex=\"0\" class=\"footnote_reference_container_collapse_button\" style=\"display: none;\" onclick=\"footnote_expand_collapse_reference_container_1238_1();\">[<a id=\"footnote_reference_container_collapse_button_1238_1\">+<\/a>]<\/span><\/p><\/div> <div id=\"footnote_references_container_1238_1\" style=\"\"><table class=\"footnotes_table footnote-reference-container\"><caption class=\"accessibility\">References<\/caption> <tbody> \r\n\r\n<tr class=\"footnotes_plugin_reference_row\"> <th scope=\"row\" class=\"footnote_plugin_index_combi pointer\"  onclick=\"footnote_moveToAnchor_1238_1('footnote_plugin_tooltip_1238_1_1');\"><a id=\"footnote_plugin_reference_1238_1_1\" class=\"footnote_backlink\"><span class=\"footnote_index_arrow\">&#8593;<\/span>1<\/a><\/th> <td class=\"footnote_plugin_text\">Secci\u00f3n 4646(b) y (j)(1)<\/td><\/tr>\r\n\r\n<tr class=\"footnotes_plugin_reference_row\"> <th scope=\"row\" class=\"footnote_plugin_index_combi pointer\"  onclick=\"footnote_moveToAnchor_1238_1('footnote_plugin_tooltip_1238_1_2');\"><a id=\"footnote_plugin_reference_1238_1_2\" class=\"footnote_backlink\"><span class=\"footnote_index_arrow\">&#8593;<\/span>2<\/a><\/th> <td class=\"footnote_plugin_text\">Secci\u00f3n 4512(g)<\/td><\/tr>\r\n\r\n <\/tbody> <\/table> <\/div><\/div><script type=\"text\/javascript\"> function footnote_expand_reference_container_1238_1() { jQuery('#footnote_references_container_1238_1').show(); jQuery('#footnote_reference_container_collapse_button_1238_1').text('\u2212'); } function footnote_collapse_reference_container_1238_1() { jQuery('#footnote_references_container_1238_1').hide(); jQuery('#footnote_reference_container_collapse_button_1238_1').text('+'); } function footnote_expand_collapse_reference_container_1238_1() { if (jQuery('#footnote_references_container_1238_1').is(':hidden')) { footnote_expand_reference_container_1238_1(); } else { footnote_collapse_reference_container_1238_1(); } } function footnote_moveToReference_1238_1(p_str_TargetID) { footnote_expand_reference_container_1238_1(); var l_obj_Target = jQuery('#' + p_str_TargetID); if (l_obj_Target.length) { jQuery( 'html, body' ).delay( 0 ); jQuery('html, body').animate({ scrollTop: l_obj_Target.offset().top - window.innerHeight * 0.2 }, 380); } } function footnote_moveToAnchor_1238_1(p_str_TargetID) { footnote_expand_reference_container_1238_1(); var l_obj_Target = jQuery('#' + p_str_TargetID); if (l_obj_Target.length) { jQuery( 'html, body' ).delay( 0 ); jQuery('html, body').animate({ scrollTop: l_obj_Target.offset().top - window.innerHeight * 0.2 }, 380); } }<\/script>","protected":false},"excerpt":{"rendered":"<p>Hay muchas formas de comunicarse. Las personas pueden dar y recibir informaci\u00f3n sin hablar. Las personas pueden usar se\u00f1ales o dispositivos de comunicaci\u00f3n, otros pueden&hellip;<\/p>\n","protected":false},"author":1,"featured_media":0,"parent":1193,"menu_order":20,"comment_status":"closed","ping_status":"closed","template":"","meta":{"footnotes":""},"class_list":["post-1238","page","type-page","status-publish","hentry"],"_links":{"self":[{"href":"https:\/\/rula.disabilityrightsca.org\/es\/wp-json\/wp\/v2\/pages\/1238","targetHints":{"allow":["GET"]}}],"collection":[{"href":"https:\/\/rula.disabilityrightsca.org\/es\/wp-json\/wp\/v2\/pages"}],"about":[{"href":"https:\/\/rula.disabilityrightsca.org\/es\/wp-json\/wp\/v2\/types\/page"}],"author":[{"embeddable":true,"href":"https:\/\/rula.disabilityrightsca.org\/es\/wp-json\/wp\/v2\/users\/1"}],"replies":[{"embeddable":true,"href":"https:\/\/rula.disabilityrightsca.org\/es\/wp-json\/wp\/v2\/comments?post=1238"}],"version-history":[{"count":6,"href":"https:\/\/rula.disabilityrightsca.org\/es\/wp-json\/wp\/v2\/pages\/1238\/revisions"}],"predecessor-version":[{"id":4053,"href":"https:\/\/rula.disabilityrightsca.org\/es\/wp-json\/wp\/v2\/pages\/1238\/revisions\/4053"}],"up":[{"embeddable":true,"href":"https:\/\/rula.disabilityrightsca.org\/es\/wp-json\/wp\/v2\/pages\/1193"}],"wp:attachment":[{"href":"https:\/\/rula.disabilityrightsca.org\/es\/wp-json\/wp\/v2\/media?parent=1238"}],"curies":[{"name":"wp","href":"https:\/\/api.w.org\/{rel}","templated":true}]}}