{"id":1234,"date":"2021-06-10T18:23:26","date_gmt":"2021-06-10T18:23:26","guid":{"rendered":"http:\/\/www.rula.disabilityrightsca.org\/es\/?page_id=1234"},"modified":"2024-10-08T19:02:51","modified_gmt":"2024-10-08T19:02:51","slug":"4-17-que-pasa-si-me-preocupa-llevar-un-registro-de-todo-lo-que-sucede-en-mi-reunion-de-ipp","status":"publish","type":"page","link":"https:\/\/rula.disabilityrightsca.org\/es\/rula-book\/capitulo-4-planes-de-programas-individuales\/4-17-que-pasa-si-me-preocupa-llevar-un-registro-de-todo-lo-que-sucede-en-mi-reunion-de-ipp\/","title":{"rendered":"(4.18) \u00bfCon qu\u00e9 frecuencia se requieren las reuniones de IPP?"},"content":{"rendered":"\n<p>Su IPP <em>debe<\/em> revisarse y modificarse al menos una vez <strong>cada 3 a\u00f1os<\/strong>. Es posible que se revise o modifique con m\u00e1s frecuencia. Puede cambiar su IPP a medida que cambien sus metas y necesidades. <span class=\"footnote_referrer\"><a role=\"button\" tabindex=\"0\" onclick=\"footnote_moveToReference_1234_1('footnote_plugin_reference_1234_1_1');\" onkeypress=\"footnote_moveToReference_1234_1('footnote_plugin_reference_1234_1_1');\" ><sup id=\"footnote_plugin_tooltip_1234_1_1\" class=\"footnote_plugin_tooltip_text\">[1]<\/sup><\/a><span id=\"footnote_plugin_tooltip_text_1234_1_1\" class=\"footnote_tooltip\">Secci\u00f3n 4646.5(b)<\/span><\/span><script type=\"text\/javascript\"> jQuery('#footnote_plugin_tooltip_1234_1_1').tooltip({ tip: '#footnote_plugin_tooltip_text_1234_1_1', tipClass: 'footnote_tooltip', effect: 'fade', predelay: 0, fadeInSpeed: 200, delay: 400, fadeOutSpeed: 200, position: 'top center', relative: true, offset: [-7, 0], });<\/script> Si recibe servicios a trav\u00e9s de la Exenci\u00f3n basada en el hogar y la comunidad de Medi-Cal, <span class=\"footnote_referrer\"><a role=\"button\" tabindex=\"0\" onclick=\"footnote_moveToReference_1234_1('footnote_plugin_reference_1234_1_2');\" onkeypress=\"footnote_moveToReference_1234_1('footnote_plugin_reference_1234_1_2');\" ><sup id=\"footnote_plugin_tooltip_1234_1_2\" class=\"footnote_plugin_tooltip_text\">[2]<\/sup><\/a><span id=\"footnote_plugin_tooltip_text_1234_1_2\" class=\"footnote_tooltip\">Para obtener m\u00e1s informaci\u00f3n sobre la Exenci\u00f3n basada en la comunidad y el hogar de Medi-Cal, consulte el Cap\u00edtulo 11<\/span><\/span><script type=\"text\/javascript\"> jQuery('#footnote_plugin_tooltip_1234_1_2').tooltip({ tip: '#footnote_plugin_tooltip_text_1234_1_2', tipClass: 'footnote_tooltip', effect: 'fade', predelay: 0, fadeInSpeed: 200, delay: 400, fadeOutSpeed: 200, position: 'top center', relative: true, offset: [-7, 0], });<\/script> o si vive en un hogar grupal, Instituci\u00f3n de atenci\u00f3n intermedia (ICF\/DD), o Centro de desarrollo, <span class=\"footnote_referrer\"><a role=\"button\" tabindex=\"0\" onclick=\"footnote_moveToReference_1234_1('footnote_plugin_reference_1234_1_3');\" onkeypress=\"footnote_moveToReference_1234_1('footnote_plugin_reference_1234_1_3');\" ><sup id=\"footnote_plugin_tooltip_1234_1_3\" class=\"footnote_plugin_tooltip_text\">[3]<\/sup><\/a><span id=\"footnote_plugin_tooltip_text_1234_1_3\" class=\"footnote_tooltip\">Para obtener m\u00e1s informaci\u00f3n sobre las instituciones de atenci\u00f3n intermedia, consulte el Cap\u00edtulo 7<\/span><\/span><script type=\"text\/javascript\"> jQuery('#footnote_plugin_tooltip_1234_1_3').tooltip({ tip: '#footnote_plugin_tooltip_text_1234_1_3', tipClass: 'footnote_tooltip', effect: 'fade', predelay: 0, fadeInSpeed: 200, delay: 400, fadeOutSpeed: 200, position: 'top center', relative: true, offset: [-7, 0], });<\/script> debe tener una reuni\u00f3n del IPP <strong>cada a\u00f1o<\/strong> para revisar su IPP. Usted y alguien que usted elija tienen derecho a recibir un aviso por escrito de todas las reuniones de IPP y de cualquier cambio en los servicios o apelaciones. <span class=\"footnote_referrer\"><a role=\"button\" tabindex=\"0\" onclick=\"footnote_moveToReference_1234_1('footnote_plugin_reference_1234_1_4');\" onkeypress=\"footnote_moveToReference_1234_1('footnote_plugin_reference_1234_1_4');\" ><sup id=\"footnote_plugin_tooltip_1234_1_4\" class=\"footnote_plugin_tooltip_text\">[4]<\/sup><\/a><span id=\"footnote_plugin_tooltip_text_1234_1_4\" class=\"footnote_tooltip\">Secci\u00f3n 4646(e)<\/span><\/span><script type=\"text\/javascript\"> jQuery('#footnote_plugin_tooltip_1234_1_4').tooltip({ tip: '#footnote_plugin_tooltip_text_1234_1_4', tipClass: 'footnote_tooltip', effect: 'fade', predelay: 0, fadeInSpeed: 200, delay: 400, fadeOutSpeed: 200, position: 'top center', relative: true, offset: [-7, 0], });<\/script><\/p>\n<div class=\"speaker-mute footnotes_reference_container\"> <div class=\"footnote_container_prepare\"><p><span role=\"button\" tabindex=\"0\" class=\"footnote_reference_container_label pointer\" onclick=\"footnote_expand_collapse_reference_container_1234_1();\">&#x202F;<\/span><span role=\"button\" tabindex=\"0\" class=\"footnote_reference_container_collapse_button\" style=\"display: none;\" onclick=\"footnote_expand_collapse_reference_container_1234_1();\">[<a id=\"footnote_reference_container_collapse_button_1234_1\">+<\/a>]<\/span><\/p><\/div> <div id=\"footnote_references_container_1234_1\" style=\"\"><table class=\"footnotes_table footnote-reference-container\"><caption class=\"accessibility\">References<\/caption> <tbody> \r\n\r\n<tr class=\"footnotes_plugin_reference_row\"> <th scope=\"row\" class=\"footnote_plugin_index_combi pointer\"  onclick=\"footnote_moveToAnchor_1234_1('footnote_plugin_tooltip_1234_1_1');\"><a id=\"footnote_plugin_reference_1234_1_1\" class=\"footnote_backlink\"><span class=\"footnote_index_arrow\">&#8593;<\/span>1<\/a><\/th> <td class=\"footnote_plugin_text\">Secci\u00f3n 4646.5(b)<\/td><\/tr>\r\n\r\n<tr class=\"footnotes_plugin_reference_row\"> <th scope=\"row\" class=\"footnote_plugin_index_combi pointer\"  onclick=\"footnote_moveToAnchor_1234_1('footnote_plugin_tooltip_1234_1_2');\"><a id=\"footnote_plugin_reference_1234_1_2\" class=\"footnote_backlink\"><span class=\"footnote_index_arrow\">&#8593;<\/span>2<\/a><\/th> <td class=\"footnote_plugin_text\">Para obtener m\u00e1s informaci\u00f3n sobre la Exenci\u00f3n basada en la comunidad y el hogar de Medi-Cal, consulte el Cap\u00edtulo 11<\/td><\/tr>\r\n\r\n<tr class=\"footnotes_plugin_reference_row\"> <th scope=\"row\" class=\"footnote_plugin_index_combi pointer\"  onclick=\"footnote_moveToAnchor_1234_1('footnote_plugin_tooltip_1234_1_3');\"><a id=\"footnote_plugin_reference_1234_1_3\" class=\"footnote_backlink\"><span class=\"footnote_index_arrow\">&#8593;<\/span>3<\/a><\/th> <td class=\"footnote_plugin_text\">Para obtener m\u00e1s informaci\u00f3n sobre las instituciones de atenci\u00f3n intermedia, consulte el Cap\u00edtulo 7<\/td><\/tr>\r\n\r\n<tr class=\"footnotes_plugin_reference_row\"> <th scope=\"row\" class=\"footnote_plugin_index_combi pointer\"  onclick=\"footnote_moveToAnchor_1234_1('footnote_plugin_tooltip_1234_1_4');\"><a id=\"footnote_plugin_reference_1234_1_4\" class=\"footnote_backlink\"><span class=\"footnote_index_arrow\">&#8593;<\/span>4<\/a><\/th> <td class=\"footnote_plugin_text\">Secci\u00f3n 4646(e)<\/td><\/tr>\r\n\r\n <\/tbody> <\/table> <\/div><\/div><script type=\"text\/javascript\"> function footnote_expand_reference_container_1234_1() { jQuery('#footnote_references_container_1234_1').show(); jQuery('#footnote_reference_container_collapse_button_1234_1').text('\u2212'); } function footnote_collapse_reference_container_1234_1() { jQuery('#footnote_references_container_1234_1').hide(); jQuery('#footnote_reference_container_collapse_button_1234_1').text('+'); } function footnote_expand_collapse_reference_container_1234_1() { if (jQuery('#footnote_references_container_1234_1').is(':hidden')) { footnote_expand_reference_container_1234_1(); } else { footnote_collapse_reference_container_1234_1(); } } function footnote_moveToReference_1234_1(p_str_TargetID) { footnote_expand_reference_container_1234_1(); var l_obj_Target = jQuery('#' + p_str_TargetID); if (l_obj_Target.length) { jQuery( 'html, body' ).delay( 0 ); jQuery('html, body').animate({ scrollTop: l_obj_Target.offset().top - window.innerHeight * 0.2 }, 380); } } function footnote_moveToAnchor_1234_1(p_str_TargetID) { footnote_expand_reference_container_1234_1(); var l_obj_Target = jQuery('#' + p_str_TargetID); if (l_obj_Target.length) { jQuery( 'html, body' ).delay( 0 ); jQuery('html, body').animate({ scrollTop: l_obj_Target.offset().top - window.innerHeight * 0.2 }, 380); } }<\/script>","protected":false},"excerpt":{"rendered":"<p>Su IPP debe revisarse y modificarse al menos una vez cada 3 a\u00f1os. Es posible que se revise o modifique con m\u00e1s frecuencia. Puede cambiar&hellip;<\/p>\n","protected":false},"author":1,"featured_media":0,"parent":1193,"menu_order":17,"comment_status":"closed","ping_status":"closed","template":"","meta":{"footnotes":""},"class_list":["post-1234","page","type-page","status-publish","hentry"],"_links":{"self":[{"href":"https:\/\/rula.disabilityrightsca.org\/es\/wp-json\/wp\/v2\/pages\/1234","targetHints":{"allow":["GET"]}}],"collection":[{"href":"https:\/\/rula.disabilityrightsca.org\/es\/wp-json\/wp\/v2\/pages"}],"about":[{"href":"https:\/\/rula.disabilityrightsca.org\/es\/wp-json\/wp\/v2\/types\/page"}],"author":[{"embeddable":true,"href":"https:\/\/rula.disabilityrightsca.org\/es\/wp-json\/wp\/v2\/users\/1"}],"replies":[{"embeddable":true,"href":"https:\/\/rula.disabilityrightsca.org\/es\/wp-json\/wp\/v2\/comments?post=1234"}],"version-history":[{"count":13,"href":"https:\/\/rula.disabilityrightsca.org\/es\/wp-json\/wp\/v2\/pages\/1234\/revisions"}],"predecessor-version":[{"id":4056,"href":"https:\/\/rula.disabilityrightsca.org\/es\/wp-json\/wp\/v2\/pages\/1234\/revisions\/4056"}],"up":[{"embeddable":true,"href":"https:\/\/rula.disabilityrightsca.org\/es\/wp-json\/wp\/v2\/pages\/1193"}],"wp:attachment":[{"href":"https:\/\/rula.disabilityrightsca.org\/es\/wp-json\/wp\/v2\/media?parent=1234"}],"curies":[{"name":"wp","href":"https:\/\/api.w.org\/{rel}","templated":true}]}}