{"id":1226,"date":"2021-06-10T18:14:58","date_gmt":"2021-06-10T18:14:58","guid":{"rendered":"http:\/\/www.rula.disabilityrightsca.org\/es\/?page_id=1226"},"modified":"2023-12-04T22:44:36","modified_gmt":"2023-12-04T22:44:36","slug":"4-14-puedo-solicitar-una-reunion-de-ipp-en-cualquier-momento-para-cambiar-mis-apoyos","status":"publish","type":"page","link":"https:\/\/rula.disabilityrightsca.org\/es\/rula-book\/capitulo-4-planes-de-programas-individuales\/4-14-puedo-solicitar-una-reunion-de-ipp-en-cualquier-momento-para-cambiar-mis-apoyos\/","title":{"rendered":"(4.14) A veces pierdo las cosas que me env\u00edan. \u00bfEl centro regional tambi\u00e9n enviar\u00e1 avisos a otra persona?"},"content":{"rendered":"\n<p>Puede pedirle al coordinador de servicios de su centro regional que:<\/p>\n\n\n\n<ul class=\"wp-block-list\">\n<li>Env\u00ede avisos sobre las reuniones del IPP, y cualquier otro aviso sobre sus servicios, a usted y a alguien que desee que le ayude, incluido un familiar, un defensor o un amigo. <span class=\"footnote_referrer\"><a role=\"button\" tabindex=\"0\" onclick=\"footnote_moveToReference_1226_1('footnote_plugin_reference_1226_1_1');\" onkeypress=\"footnote_moveToReference_1226_1('footnote_plugin_reference_1226_1_1');\" ><sup id=\"footnote_plugin_tooltip_1226_1_1\" class=\"footnote_plugin_tooltip_text\">[1]<\/sup><\/a><span id=\"footnote_plugin_tooltip_text_1226_1_1\" class=\"footnote_tooltip\">Secci\u00f3n 4646(e)<\/span><\/span><script type=\"text\/javascript\"> jQuery('#footnote_plugin_tooltip_1226_1_1').tooltip({ tip: '#footnote_plugin_tooltip_text_1226_1_1', tipClass: 'footnote_tooltip', effect: 'fade', predelay: 0, fadeInSpeed: 200, delay: 400, fadeOutSpeed: 200, position: 'top center', relative: true, offset: [-7, 0], });<\/script><\/li>\n\n\n\n<li>Le llame sobre las reuniones de IPP. Si tambi\u00e9n desea un aviso por escrito, p\u00eddale que le env\u00ede todos los avisos de reuniones de IPP a usted y a otra persona.<\/li>\n<\/ul>\n<div class=\"speaker-mute footnotes_reference_container\"> <div class=\"footnote_container_prepare\"><p><span role=\"button\" tabindex=\"0\" class=\"footnote_reference_container_label pointer\" onclick=\"footnote_expand_collapse_reference_container_1226_1();\">&#x202F;<\/span><span role=\"button\" tabindex=\"0\" class=\"footnote_reference_container_collapse_button\" style=\"display: none;\" onclick=\"footnote_expand_collapse_reference_container_1226_1();\">[<a id=\"footnote_reference_container_collapse_button_1226_1\">+<\/a>]<\/span><\/p><\/div> <div id=\"footnote_references_container_1226_1\" style=\"\"><table class=\"footnotes_table footnote-reference-container\"><caption class=\"accessibility\">References<\/caption> <tbody> \r\n\r\n<tr class=\"footnotes_plugin_reference_row\"> <th scope=\"row\" class=\"footnote_plugin_index_combi pointer\"  onclick=\"footnote_moveToAnchor_1226_1('footnote_plugin_tooltip_1226_1_1');\"><a id=\"footnote_plugin_reference_1226_1_1\" class=\"footnote_backlink\"><span class=\"footnote_index_arrow\">&#8593;<\/span>1<\/a><\/th> <td class=\"footnote_plugin_text\">Secci\u00f3n 4646(e)<\/td><\/tr>\r\n\r\n <\/tbody> <\/table> <\/div><\/div><script type=\"text\/javascript\"> function footnote_expand_reference_container_1226_1() { jQuery('#footnote_references_container_1226_1').show(); jQuery('#footnote_reference_container_collapse_button_1226_1').text('\u2212'); } function footnote_collapse_reference_container_1226_1() { jQuery('#footnote_references_container_1226_1').hide(); jQuery('#footnote_reference_container_collapse_button_1226_1').text('+'); } function footnote_expand_collapse_reference_container_1226_1() { if (jQuery('#footnote_references_container_1226_1').is(':hidden')) { footnote_expand_reference_container_1226_1(); } else { footnote_collapse_reference_container_1226_1(); } } function footnote_moveToReference_1226_1(p_str_TargetID) { footnote_expand_reference_container_1226_1(); var l_obj_Target = jQuery('#' + p_str_TargetID); if (l_obj_Target.length) { jQuery( 'html, body' ).delay( 0 ); jQuery('html, body').animate({ scrollTop: l_obj_Target.offset().top - window.innerHeight * 0.2 }, 380); } } function footnote_moveToAnchor_1226_1(p_str_TargetID) { footnote_expand_reference_container_1226_1(); var l_obj_Target = jQuery('#' + p_str_TargetID); if (l_obj_Target.length) { jQuery( 'html, body' ).delay( 0 ); jQuery('html, body').animate({ scrollTop: l_obj_Target.offset().top - window.innerHeight * 0.2 }, 380); } }<\/script>","protected":false},"excerpt":{"rendered":"<p>Puede pedirle al coordinador de servicios de su centro regional que:<\/p>\n","protected":false},"author":1,"featured_media":0,"parent":1193,"menu_order":14,"comment_status":"closed","ping_status":"closed","template":"","meta":{"footnotes":""},"class_list":["post-1226","page","type-page","status-publish","hentry"],"_links":{"self":[{"href":"https:\/\/rula.disabilityrightsca.org\/es\/wp-json\/wp\/v2\/pages\/1226","targetHints":{"allow":["GET"]}}],"collection":[{"href":"https:\/\/rula.disabilityrightsca.org\/es\/wp-json\/wp\/v2\/pages"}],"about":[{"href":"https:\/\/rula.disabilityrightsca.org\/es\/wp-json\/wp\/v2\/types\/page"}],"author":[{"embeddable":true,"href":"https:\/\/rula.disabilityrightsca.org\/es\/wp-json\/wp\/v2\/users\/1"}],"replies":[{"embeddable":true,"href":"https:\/\/rula.disabilityrightsca.org\/es\/wp-json\/wp\/v2\/comments?post=1226"}],"version-history":[{"count":6,"href":"https:\/\/rula.disabilityrightsca.org\/es\/wp-json\/wp\/v2\/pages\/1226\/revisions"}],"predecessor-version":[{"id":3691,"href":"https:\/\/rula.disabilityrightsca.org\/es\/wp-json\/wp\/v2\/pages\/1226\/revisions\/3691"}],"up":[{"embeddable":true,"href":"https:\/\/rula.disabilityrightsca.org\/es\/wp-json\/wp\/v2\/pages\/1193"}],"wp:attachment":[{"href":"https:\/\/rula.disabilityrightsca.org\/es\/wp-json\/wp\/v2\/media?parent=1226"}],"curies":[{"name":"wp","href":"https:\/\/api.w.org\/{rel}","templated":true}]}}