{"id":1222,"date":"2021-06-10T17:58:00","date_gmt":"2021-06-10T17:58:00","guid":{"rendered":"http:\/\/www.rula.disabilityrightsca.org\/es\/?page_id=1222"},"modified":"2024-10-08T19:08:37","modified_gmt":"2024-10-08T19:08:37","slug":"4-12-el-centro-regional-me-acaba-de-decir-que-soy-elegible-para-que-me-provean-servicios-cuando-tendre-mi-primer-ipp","status":"publish","type":"page","link":"https:\/\/rula.disabilityrightsca.org\/es\/rula-book\/capitulo-4-planes-de-programas-individuales\/4-12-el-centro-regional-me-acaba-de-decir-que-soy-elegible-para-que-me-provean-servicios-cuando-tendre-mi-primer-ipp\/","title":{"rendered":"(4.12) Quiero que alguien est\u00e9 en mi reuni\u00f3n del IPP, pero no puede asistir en persona. \u00bfPuede participar mediante comunicaci\u00f3n electr\u00f3nica remota, como por tel\u00e9fono o Zoom?"},"content":{"rendered":"\n<p>S\u00ed, su vecino, o cualquier otra persona que elija, puede participar por tel\u00e9fono. P\u00eddale al centro regional que se asegure de que haya un tel\u00e9fono con \u201caltavoz\u201d para que todos puedan escucharse entre s\u00ed. P\u00eddale a su coordinador de servicios que le env\u00ede a su vecino su \u00faltimo IPP y cualquier cambio reciente junto con cualquier otro documento, como informes de evaluaci\u00f3n, necesarios para la reuni\u00f3n del IPP.<\/p>\n\n\n\n<p>Cuando llame a su coordinador de servicios, puede decir: \u201cQuiero que mi vecina, la se\u00f1ora Hill, est\u00e9 en la reuni\u00f3n. Ella trabaja y no puede estar all\u00ed en persona. Por favor, env\u00edele mi \u00faltimo IPP y una copia de los informes que traer\u00e1 a la reuni\u00f3n para que pueda participar por tel\u00e9fono\u201d.De hecho, toda la reuni\u00f3n del IPP se puede realizar por comunicaci\u00f3n electr\u00f3nica remota (como por tel\u00e9fono o Zoom), si usted lo solicita.\u00a0<span class=\"footnote_referrer\"><a role=\"button\" tabindex=\"0\" onclick=\"footnote_moveToReference_1222_1('footnote_plugin_reference_1222_1_1');\" onkeypress=\"footnote_moveToReference_1222_1('footnote_plugin_reference_1222_1_1');\" ><sup id=\"footnote_plugin_tooltip_1222_1_1\" class=\"footnote_plugin_tooltip_text\">[1]<\/sup><\/a><span id=\"footnote_plugin_tooltip_text_1222_1_1\" class=\"footnote_tooltip\">Art\u00edculo 4646(f).<\/span><\/span><script type=\"text\/javascript\"> jQuery('#footnote_plugin_tooltip_1222_1_1').tooltip({ tip: '#footnote_plugin_tooltip_text_1222_1_1', tipClass: 'footnote_tooltip', effect: 'fade', predelay: 0, fadeInSpeed: 200, delay: 400, fadeOutSpeed: 200, position: 'top center', relative: true, offset: [-7, 0], });<\/script><\/p>\n<div class=\"speaker-mute footnotes_reference_container\"> <div class=\"footnote_container_prepare\"><p><span role=\"button\" tabindex=\"0\" class=\"footnote_reference_container_label pointer\" onclick=\"footnote_expand_collapse_reference_container_1222_1();\">&#x202F;<\/span><span role=\"button\" tabindex=\"0\" class=\"footnote_reference_container_collapse_button\" style=\"display: none;\" onclick=\"footnote_expand_collapse_reference_container_1222_1();\">[<a id=\"footnote_reference_container_collapse_button_1222_1\">+<\/a>]<\/span><\/p><\/div> <div id=\"footnote_references_container_1222_1\" style=\"\"><table class=\"footnotes_table footnote-reference-container\"><caption class=\"accessibility\">References<\/caption> <tbody> \r\n\r\n<tr class=\"footnotes_plugin_reference_row\"> <th scope=\"row\" class=\"footnote_plugin_index_combi pointer\"  onclick=\"footnote_moveToAnchor_1222_1('footnote_plugin_tooltip_1222_1_1');\"><a id=\"footnote_plugin_reference_1222_1_1\" class=\"footnote_backlink\"><span class=\"footnote_index_arrow\">&#8593;<\/span>1<\/a><\/th> <td class=\"footnote_plugin_text\">Art\u00edculo 4646(f).<\/td><\/tr>\r\n\r\n <\/tbody> <\/table> <\/div><\/div><script type=\"text\/javascript\"> function footnote_expand_reference_container_1222_1() { jQuery('#footnote_references_container_1222_1').show(); jQuery('#footnote_reference_container_collapse_button_1222_1').text('\u2212'); } function footnote_collapse_reference_container_1222_1() { jQuery('#footnote_references_container_1222_1').hide(); jQuery('#footnote_reference_container_collapse_button_1222_1').text('+'); } function footnote_expand_collapse_reference_container_1222_1() { if (jQuery('#footnote_references_container_1222_1').is(':hidden')) { footnote_expand_reference_container_1222_1(); } else { footnote_collapse_reference_container_1222_1(); } } function footnote_moveToReference_1222_1(p_str_TargetID) { footnote_expand_reference_container_1222_1(); var l_obj_Target = jQuery('#' + p_str_TargetID); if (l_obj_Target.length) { jQuery( 'html, body' ).delay( 0 ); jQuery('html, body').animate({ scrollTop: l_obj_Target.offset().top - window.innerHeight * 0.2 }, 380); } } function footnote_moveToAnchor_1222_1(p_str_TargetID) { footnote_expand_reference_container_1222_1(); var l_obj_Target = jQuery('#' + p_str_TargetID); if (l_obj_Target.length) { jQuery( 'html, body' ).delay( 0 ); jQuery('html, body').animate({ scrollTop: l_obj_Target.offset().top - window.innerHeight * 0.2 }, 380); } }<\/script>","protected":false},"excerpt":{"rendered":"<p>S\u00ed, su vecino, o cualquier otra persona que elija, puede participar por tel\u00e9fono. P\u00eddale al centro regional que se asegure de que haya un tel\u00e9fono&hellip;<\/p>\n","protected":false},"author":1,"featured_media":0,"parent":1193,"menu_order":12,"comment_status":"closed","ping_status":"closed","template":"","meta":{"footnotes":""},"class_list":["post-1222","page","type-page","status-publish","hentry"],"_links":{"self":[{"href":"https:\/\/rula.disabilityrightsca.org\/es\/wp-json\/wp\/v2\/pages\/1222","targetHints":{"allow":["GET"]}}],"collection":[{"href":"https:\/\/rula.disabilityrightsca.org\/es\/wp-json\/wp\/v2\/pages"}],"about":[{"href":"https:\/\/rula.disabilityrightsca.org\/es\/wp-json\/wp\/v2\/types\/page"}],"author":[{"embeddable":true,"href":"https:\/\/rula.disabilityrightsca.org\/es\/wp-json\/wp\/v2\/users\/1"}],"replies":[{"embeddable":true,"href":"https:\/\/rula.disabilityrightsca.org\/es\/wp-json\/wp\/v2\/comments?post=1222"}],"version-history":[{"count":8,"href":"https:\/\/rula.disabilityrightsca.org\/es\/wp-json\/wp\/v2\/pages\/1222\/revisions"}],"predecessor-version":[{"id":4058,"href":"https:\/\/rula.disabilityrightsca.org\/es\/wp-json\/wp\/v2\/pages\/1222\/revisions\/4058"}],"up":[{"embeddable":true,"href":"https:\/\/rula.disabilityrightsca.org\/es\/wp-json\/wp\/v2\/pages\/1193"}],"wp:attachment":[{"href":"https:\/\/rula.disabilityrightsca.org\/es\/wp-json\/wp\/v2\/media?parent=1222"}],"curies":[{"name":"wp","href":"https:\/\/api.w.org\/{rel}","templated":true}]}}