{"id":1218,"date":"2021-06-10T17:51:58","date_gmt":"2021-06-10T17:51:58","guid":{"rendered":"http:\/\/www.rula.disabilityrightsca.org\/es\/?page_id=1218"},"modified":"2023-12-04T22:37:21","modified_gmt":"2023-12-04T22:37:21","slug":"4-11-donde-sera-la-reunion-de-ipp","status":"publish","type":"page","link":"https:\/\/rula.disabilityrightsca.org\/es\/rula-book\/capitulo-4-planes-de-programas-individuales\/4-11-donde-sera-la-reunion-de-ipp\/","title":{"rendered":"(4.11) \u00bfPuedo pedirle a alguien que me ayude en mi reuni\u00f3n de IPP o que se designe a alguien para ayudarme?"},"content":{"rendered":"\n<p>S\u00ed. Si es adulto y a\u00fan no tiene un curador designado por un tribunal, puede decirle al equipo de planificaci\u00f3n que desea nombrar a alguien para que lo ayude en la reuni\u00f3n de IPP y para desarrollar su IPP.<\/p>\n\n\n\n<p>A veces, la oficina regional del Consejo Estatal de Discapacidades del Desarrollo (antes llamada Junta de \u00c1rea) puede nombrar a un representante autorizado para que hable por usted. El representante autorizado le ayudar\u00e1 a expresar sus necesidades y elecciones y a tomar decisiones. <span class=\"footnote_referrer\"><a role=\"button\" tabindex=\"0\" onclick=\"footnote_moveToReference_1218_1('footnote_plugin_reference_1218_1_1');\" onkeypress=\"footnote_moveToReference_1218_1('footnote_plugin_reference_1218_1_1');\" ><sup id=\"footnote_plugin_tooltip_1218_1_1\" class=\"footnote_plugin_tooltip_text\">[1]<\/sup><\/a><span id=\"footnote_plugin_tooltip_text_1218_1_1\" class=\"footnote_tooltip\">Secci\u00f3n 4541(a)(1)<\/span><\/span><script type=\"text\/javascript\"> jQuery('#footnote_plugin_tooltip_1218_1_1').tooltip({ tip: '#footnote_plugin_tooltip_text_1218_1_1', tipClass: 'footnote_tooltip', effect: 'fade', predelay: 0, fadeInSpeed: 200, delay: 400, fadeOutSpeed: 200, position: 'top center', relative: true, offset: [-7, 0], });<\/script><\/p>\n\n\n\n<p>Si no puede solicitarlo usted mismo, alguien puede solicitarlo por usted. Puede solicitar que se nombre a una persona en particular, como un familiar o un amigo. Su decisi\u00f3n sobre qui\u00e9n debe ser su representante y si necesita un representante, debe ser respetada. <span class=\"footnote_referrer\"><a role=\"button\" tabindex=\"0\" onclick=\"footnote_moveToReference_1218_1('footnote_plugin_reference_1218_1_2');\" onkeypress=\"footnote_moveToReference_1218_1('footnote_plugin_reference_1218_1_2');\" ><sup id=\"footnote_plugin_tooltip_1218_1_2\" class=\"footnote_plugin_tooltip_text\">[2]<\/sup><\/a><span id=\"footnote_plugin_tooltip_text_1218_1_2\" class=\"footnote_tooltip\">Secci\u00f3n 4541(a)(2)<\/span><\/span><script type=\"text\/javascript\"> jQuery('#footnote_plugin_tooltip_1218_1_2').tooltip({ tip: '#footnote_plugin_tooltip_text_1218_1_2', tipClass: 'footnote_tooltip', effect: 'fade', predelay: 0, fadeInSpeed: 200, delay: 400, fadeOutSpeed: 200, position: 'top center', relative: true, offset: [-7, 0], });<\/script> Si no pregunta por una persona en particular, el Consejo del Estado puede nombrar a un miembro de la familia o un voluntario si tienen uno disponible. El Consejo del Estado debe tener representantes disponibles para usted si vive en un centro de desarrollo. <span class=\"footnote_referrer\"><a role=\"button\" tabindex=\"0\" onclick=\"footnote_moveToReference_1218_1('footnote_plugin_reference_1218_1_3');\" onkeypress=\"footnote_moveToReference_1218_1('footnote_plugin_reference_1218_1_3');\" ><sup id=\"footnote_plugin_tooltip_1218_1_3\" class=\"footnote_plugin_tooltip_text\">[3]<\/sup><\/a><span id=\"footnote_plugin_tooltip_text_1218_1_3\" class=\"footnote_tooltip\">Secci\u00f3n 4541(a)(3)<\/span><\/span><script type=\"text\/javascript\"> jQuery('#footnote_plugin_tooltip_1218_1_3').tooltip({ tip: '#footnote_plugin_tooltip_text_1218_1_3', tipClass: 'footnote_tooltip', effect: 'fade', predelay: 0, fadeInSpeed: 200, delay: 400, fadeOutSpeed: 200, position: 'top center', relative: true, offset: [-7, 0], });<\/script> Consulte el\u00a0<a href=\"https:\/\/rula.disabilityrightsca.org\/es\/rula-book\/capitulo-5-defenderse-a-si-mismo\/\">Cap\u00edtulo 5<\/a>\u00a0para obtener m\u00e1s informaci\u00f3n sobre el Consejo Estatal de Discapacidades del Desarrollo<\/p>\n<div class=\"speaker-mute footnotes_reference_container\"> <div class=\"footnote_container_prepare\"><p><span role=\"button\" tabindex=\"0\" class=\"footnote_reference_container_label pointer\" onclick=\"footnote_expand_collapse_reference_container_1218_1();\">&#x202F;<\/span><span role=\"button\" tabindex=\"0\" class=\"footnote_reference_container_collapse_button\" style=\"display: none;\" onclick=\"footnote_expand_collapse_reference_container_1218_1();\">[<a id=\"footnote_reference_container_collapse_button_1218_1\">+<\/a>]<\/span><\/p><\/div> <div id=\"footnote_references_container_1218_1\" style=\"\"><table class=\"footnotes_table footnote-reference-container\"><caption class=\"accessibility\">References<\/caption> <tbody> \r\n\r\n<tr class=\"footnotes_plugin_reference_row\"> <th scope=\"row\" class=\"footnote_plugin_index_combi pointer\"  onclick=\"footnote_moveToAnchor_1218_1('footnote_plugin_tooltip_1218_1_1');\"><a id=\"footnote_plugin_reference_1218_1_1\" class=\"footnote_backlink\"><span class=\"footnote_index_arrow\">&#8593;<\/span>1<\/a><\/th> <td class=\"footnote_plugin_text\">Secci\u00f3n 4541(a)(1)<\/td><\/tr>\r\n\r\n<tr class=\"footnotes_plugin_reference_row\"> <th scope=\"row\" class=\"footnote_plugin_index_combi pointer\"  onclick=\"footnote_moveToAnchor_1218_1('footnote_plugin_tooltip_1218_1_2');\"><a id=\"footnote_plugin_reference_1218_1_2\" class=\"footnote_backlink\"><span class=\"footnote_index_arrow\">&#8593;<\/span>2<\/a><\/th> <td class=\"footnote_plugin_text\">Secci\u00f3n 4541(a)(2)<\/td><\/tr>\r\n\r\n<tr class=\"footnotes_plugin_reference_row\"> <th scope=\"row\" class=\"footnote_plugin_index_combi pointer\"  onclick=\"footnote_moveToAnchor_1218_1('footnote_plugin_tooltip_1218_1_3');\"><a id=\"footnote_plugin_reference_1218_1_3\" class=\"footnote_backlink\"><span class=\"footnote_index_arrow\">&#8593;<\/span>3<\/a><\/th> <td class=\"footnote_plugin_text\">Secci\u00f3n 4541(a)(3)<\/td><\/tr>\r\n\r\n <\/tbody> <\/table> <\/div><\/div><script type=\"text\/javascript\"> function footnote_expand_reference_container_1218_1() { jQuery('#footnote_references_container_1218_1').show(); jQuery('#footnote_reference_container_collapse_button_1218_1').text('\u2212'); } function footnote_collapse_reference_container_1218_1() { jQuery('#footnote_references_container_1218_1').hide(); jQuery('#footnote_reference_container_collapse_button_1218_1').text('+'); } function footnote_expand_collapse_reference_container_1218_1() { if (jQuery('#footnote_references_container_1218_1').is(':hidden')) { footnote_expand_reference_container_1218_1(); } else { footnote_collapse_reference_container_1218_1(); } } function footnote_moveToReference_1218_1(p_str_TargetID) { footnote_expand_reference_container_1218_1(); var l_obj_Target = jQuery('#' + p_str_TargetID); if (l_obj_Target.length) { jQuery( 'html, body' ).delay( 0 ); jQuery('html, body').animate({ scrollTop: l_obj_Target.offset().top - window.innerHeight * 0.2 }, 380); } } function footnote_moveToAnchor_1218_1(p_str_TargetID) { footnote_expand_reference_container_1218_1(); var l_obj_Target = jQuery('#' + p_str_TargetID); if (l_obj_Target.length) { jQuery( 'html, body' ).delay( 0 ); jQuery('html, body').animate({ scrollTop: l_obj_Target.offset().top - window.innerHeight * 0.2 }, 380); } }<\/script>","protected":false},"excerpt":{"rendered":"<p>S\u00ed. Si es adulto y a\u00fan no tiene un curador designado por un tribunal, puede decirle al equipo de planificaci\u00f3n que desea nombrar a alguien&hellip;<\/p>\n","protected":false},"author":1,"featured_media":0,"parent":1193,"menu_order":11,"comment_status":"closed","ping_status":"closed","template":"","meta":{"footnotes":""},"class_list":["post-1218","page","type-page","status-publish","hentry"],"_links":{"self":[{"href":"https:\/\/rula.disabilityrightsca.org\/es\/wp-json\/wp\/v2\/pages\/1218","targetHints":{"allow":["GET"]}}],"collection":[{"href":"https:\/\/rula.disabilityrightsca.org\/es\/wp-json\/wp\/v2\/pages"}],"about":[{"href":"https:\/\/rula.disabilityrightsca.org\/es\/wp-json\/wp\/v2\/types\/page"}],"author":[{"embeddable":true,"href":"https:\/\/rula.disabilityrightsca.org\/es\/wp-json\/wp\/v2\/users\/1"}],"replies":[{"embeddable":true,"href":"https:\/\/rula.disabilityrightsca.org\/es\/wp-json\/wp\/v2\/comments?post=1218"}],"version-history":[{"count":6,"href":"https:\/\/rula.disabilityrightsca.org\/es\/wp-json\/wp\/v2\/pages\/1218\/revisions"}],"predecessor-version":[{"id":3689,"href":"https:\/\/rula.disabilityrightsca.org\/es\/wp-json\/wp\/v2\/pages\/1218\/revisions\/3689"}],"up":[{"embeddable":true,"href":"https:\/\/rula.disabilityrightsca.org\/es\/wp-json\/wp\/v2\/pages\/1193"}],"wp:attachment":[{"href":"https:\/\/rula.disabilityrightsca.org\/es\/wp-json\/wp\/v2\/media?parent=1218"}],"curies":[{"name":"wp","href":"https:\/\/api.w.org\/{rel}","templated":true}]}}