{"id":1214,"date":"2021-06-10T17:47:35","date_gmt":"2021-06-10T17:47:35","guid":{"rendered":"http:\/\/www.rula.disabilityrightsca.org\/es\/?page_id=1214"},"modified":"2023-12-04T22:34:33","modified_gmt":"2023-12-04T22:34:33","slug":"4-8-quiero-que-alguien-este-en-mi-reunion-de-ipp-pero-no-puede-estar-en-persona-puede-participar-por-telefono","status":"publish","type":"page","link":"https:\/\/rula.disabilityrightsca.org\/es\/rula-book\/capitulo-4-planes-de-programas-individuales\/4-8-quiero-que-alguien-este-en-mi-reunion-de-ipp-pero-no-puede-estar-en-persona-puede-participar-por-telefono\/","title":{"rendered":"(4.8) \u00bfD\u00f3nde puedo obtener m\u00e1s informaci\u00f3n sobre c\u00f3mo prepararme para mi reuni\u00f3n de IPP?"},"content":{"rendered":"\n<p>Haga clic en <a href=\"https:\/\/www.disabilityrightsca.org\/es\/publications\/guia-de-planificacion-del-plan-de-programa-individual-ipp\">Gu\u00eda de planificaci\u00f3n del IPP<\/a>. El DDS tambi\u00e9n tiene videos y publicaciones en su sitio web. <a href=\"https:\/\/www.dds.ca.gov\/consumers\/\">Haga clic aqu\u00ed<\/a> o llame al DDS al (916) 654-1956.<\/p>\n","protected":false},"excerpt":{"rendered":"<p>Haga clic en Gu\u00eda de planificaci\u00f3n del IPP. El DDS tambi\u00e9n tiene videos y publicaciones en su sitio web. Haga clic aqu\u00ed o llame al&hellip;<\/p>\n","protected":false},"author":1,"featured_media":0,"parent":1193,"menu_order":8,"comment_status":"closed","ping_status":"closed","template":"","meta":{"footnotes":""},"class_list":["post-1214","page","type-page","status-publish","hentry"],"_links":{"self":[{"href":"https:\/\/rula.disabilityrightsca.org\/es\/wp-json\/wp\/v2\/pages\/1214","targetHints":{"allow":["GET"]}}],"collection":[{"href":"https:\/\/rula.disabilityrightsca.org\/es\/wp-json\/wp\/v2\/pages"}],"about":[{"href":"https:\/\/rula.disabilityrightsca.org\/es\/wp-json\/wp\/v2\/types\/page"}],"author":[{"embeddable":true,"href":"https:\/\/rula.disabilityrightsca.org\/es\/wp-json\/wp\/v2\/users\/1"}],"replies":[{"embeddable":true,"href":"https:\/\/rula.disabilityrightsca.org\/es\/wp-json\/wp\/v2\/comments?post=1214"}],"version-history":[{"count":6,"href":"https:\/\/rula.disabilityrightsca.org\/es\/wp-json\/wp\/v2\/pages\/1214\/revisions"}],"predecessor-version":[{"id":3686,"href":"https:\/\/rula.disabilityrightsca.org\/es\/wp-json\/wp\/v2\/pages\/1214\/revisions\/3686"}],"up":[{"embeddable":true,"href":"https:\/\/rula.disabilityrightsca.org\/es\/wp-json\/wp\/v2\/pages\/1193"}],"wp:attachment":[{"href":"https:\/\/rula.disabilityrightsca.org\/es\/wp-json\/wp\/v2\/media?parent=1214"}],"curies":[{"name":"wp","href":"https:\/\/api.w.org\/{rel}","templated":true}]}}