{"id":1210,"date":"2021-06-10T17:43:46","date_gmt":"2021-06-10T17:43:46","guid":{"rendered":"http:\/\/www.rula.disabilityrightsca.org\/es\/?page_id=1210"},"modified":"2023-12-04T22:31:32","modified_gmt":"2023-12-04T22:31:32","slug":"4-5-por-que-es-tan-importante-el-ipp","status":"publish","type":"page","link":"https:\/\/rula.disabilityrightsca.org\/es\/rula-book\/capitulo-4-planes-de-programas-individuales\/4-5-por-que-es-tan-importante-el-ipp\/","title":{"rendered":"(4.5) \u00bfQu\u00e9 significa recibir informaci\u00f3n en mi \u201clengua materna\u201d?"},"content":{"rendered":"\n<p>La Ley Lanterman define \u201clengua materna\u201d como el idioma que normalmente usa o prefiere. La \u201clengua materna\u201d tambi\u00e9n incluye el idioma que usan o prefieren sus padres, tutor legal, curador o representante autorizado. Por ejemplo, si tiene limitaciones para hablar en ingl\u00e9s y normalmente habla en espa\u00f1ol, su lengua materna es el espa\u00f1ol. <span class=\"footnote_referrer\"><a role=\"button\" tabindex=\"0\" onclick=\"footnote_moveToReference_1210_1('footnote_plugin_reference_1210_1_1');\" onkeypress=\"footnote_moveToReference_1210_1('footnote_plugin_reference_1210_1_1');\" ><sup id=\"footnote_plugin_tooltip_1210_1_1\" class=\"footnote_plugin_tooltip_text\">[1]<\/sup><\/a><span id=\"footnote_plugin_tooltip_text_1210_1_1\" class=\"footnote_tooltip\">C\u00f3digo de Bienestar e Instituciones Secci\u00f3n 4512 (m)<\/span><\/span><script type=\"text\/javascript\"> jQuery('#footnote_plugin_tooltip_1210_1_1').tooltip({ tip: '#footnote_plugin_tooltip_text_1210_1_1', tipClass: 'footnote_tooltip', effect: 'fade', predelay: 0, fadeInSpeed: 200, delay: 400, fadeOutSpeed: 200, position: 'top center', relative: true, offset: [-7, 0], });<\/script> Otro ejemplo: Su hijo es cliente del centro regional, pero es un menor o un adulto bajo su tutela y necesita informaci\u00f3n en espa\u00f1ol. El centro regional debe registrar cu\u00e1l es su lengua materna (Espa\u00f1ol) en el IPP. <span class=\"footnote_referrer\"><a role=\"button\" tabindex=\"0\" onclick=\"footnote_moveToReference_1210_1('footnote_plugin_reference_1210_1_2');\" onkeypress=\"footnote_moveToReference_1210_1('footnote_plugin_reference_1210_1_2');\" ><sup id=\"footnote_plugin_tooltip_1210_1_2\" class=\"footnote_plugin_tooltip_text\">[2]<\/sup><\/a><span id=\"footnote_plugin_tooltip_text_1210_1_2\" class=\"footnote_tooltip\">C\u00f3digo de Bienestar e Instituciones, Secciones 4646(j)(3)<\/span><\/span><script type=\"text\/javascript\"> jQuery('#footnote_plugin_tooltip_1210_1_2').tooltip({ tip: '#footnote_plugin_tooltip_text_1210_1_2', tipClass: 'footnote_tooltip', effect: 'fade', predelay: 0, fadeInSpeed: 200, delay: 400, fadeOutSpeed: 200, position: 'top center', relative: true, offset: [-7, 0], });<\/script><\/p>\n<div class=\"speaker-mute footnotes_reference_container\"> <div class=\"footnote_container_prepare\"><p><span role=\"button\" tabindex=\"0\" class=\"footnote_reference_container_label pointer\" onclick=\"footnote_expand_collapse_reference_container_1210_1();\">&#x202F;<\/span><span role=\"button\" tabindex=\"0\" class=\"footnote_reference_container_collapse_button\" style=\"display: none;\" onclick=\"footnote_expand_collapse_reference_container_1210_1();\">[<a id=\"footnote_reference_container_collapse_button_1210_1\">+<\/a>]<\/span><\/p><\/div> <div id=\"footnote_references_container_1210_1\" style=\"\"><table class=\"footnotes_table footnote-reference-container\"><caption class=\"accessibility\">References<\/caption> <tbody> \r\n\r\n<tr class=\"footnotes_plugin_reference_row\"> <th scope=\"row\" class=\"footnote_plugin_index_combi pointer\"  onclick=\"footnote_moveToAnchor_1210_1('footnote_plugin_tooltip_1210_1_1');\"><a id=\"footnote_plugin_reference_1210_1_1\" class=\"footnote_backlink\"><span class=\"footnote_index_arrow\">&#8593;<\/span>1<\/a><\/th> <td class=\"footnote_plugin_text\">C\u00f3digo de Bienestar e Instituciones Secci\u00f3n 4512 (m)<\/td><\/tr>\r\n\r\n<tr class=\"footnotes_plugin_reference_row\"> <th scope=\"row\" class=\"footnote_plugin_index_combi pointer\"  onclick=\"footnote_moveToAnchor_1210_1('footnote_plugin_tooltip_1210_1_2');\"><a id=\"footnote_plugin_reference_1210_1_2\" class=\"footnote_backlink\"><span class=\"footnote_index_arrow\">&#8593;<\/span>2<\/a><\/th> <td class=\"footnote_plugin_text\">C\u00f3digo de Bienestar e Instituciones, Secciones 4646(j)(3)<\/td><\/tr>\r\n\r\n <\/tbody> <\/table> <\/div><\/div><script type=\"text\/javascript\"> function footnote_expand_reference_container_1210_1() { jQuery('#footnote_references_container_1210_1').show(); jQuery('#footnote_reference_container_collapse_button_1210_1').text('\u2212'); } function footnote_collapse_reference_container_1210_1() { jQuery('#footnote_references_container_1210_1').hide(); jQuery('#footnote_reference_container_collapse_button_1210_1').text('+'); } function footnote_expand_collapse_reference_container_1210_1() { if (jQuery('#footnote_references_container_1210_1').is(':hidden')) { footnote_expand_reference_container_1210_1(); } else { footnote_collapse_reference_container_1210_1(); } } function footnote_moveToReference_1210_1(p_str_TargetID) { footnote_expand_reference_container_1210_1(); var l_obj_Target = jQuery('#' + p_str_TargetID); if (l_obj_Target.length) { jQuery( 'html, body' ).delay( 0 ); jQuery('html, body').animate({ scrollTop: l_obj_Target.offset().top - window.innerHeight * 0.2 }, 380); } } function footnote_moveToAnchor_1210_1(p_str_TargetID) { footnote_expand_reference_container_1210_1(); var l_obj_Target = jQuery('#' + p_str_TargetID); if (l_obj_Target.length) { jQuery( 'html, body' ).delay( 0 ); jQuery('html, body').animate({ scrollTop: l_obj_Target.offset().top - window.innerHeight * 0.2 }, 380); } }<\/script>","protected":false},"excerpt":{"rendered":"<p>La Ley Lanterman define \u201clengua materna\u201d como el idioma que normalmente usa o prefiere. La \u201clengua materna\u201d tambi\u00e9n incluye el idioma que usan o prefieren&hellip;<\/p>\n","protected":false},"author":1,"featured_media":0,"parent":1193,"menu_order":5,"comment_status":"closed","ping_status":"closed","template":"","meta":{"footnotes":""},"class_list":["post-1210","page","type-page","status-publish","hentry"],"_links":{"self":[{"href":"https:\/\/rula.disabilityrightsca.org\/es\/wp-json\/wp\/v2\/pages\/1210","targetHints":{"allow":["GET"]}}],"collection":[{"href":"https:\/\/rula.disabilityrightsca.org\/es\/wp-json\/wp\/v2\/pages"}],"about":[{"href":"https:\/\/rula.disabilityrightsca.org\/es\/wp-json\/wp\/v2\/types\/page"}],"author":[{"embeddable":true,"href":"https:\/\/rula.disabilityrightsca.org\/es\/wp-json\/wp\/v2\/users\/1"}],"replies":[{"embeddable":true,"href":"https:\/\/rula.disabilityrightsca.org\/es\/wp-json\/wp\/v2\/comments?post=1210"}],"version-history":[{"count":5,"href":"https:\/\/rula.disabilityrightsca.org\/es\/wp-json\/wp\/v2\/pages\/1210\/revisions"}],"predecessor-version":[{"id":3684,"href":"https:\/\/rula.disabilityrightsca.org\/es\/wp-json\/wp\/v2\/pages\/1210\/revisions\/3684"}],"up":[{"embeddable":true,"href":"https:\/\/rula.disabilityrightsca.org\/es\/wp-json\/wp\/v2\/pages\/1193"}],"wp:attachment":[{"href":"https:\/\/rula.disabilityrightsca.org\/es\/wp-json\/wp\/v2\/media?parent=1210"}],"curies":[{"name":"wp","href":"https:\/\/api.w.org\/{rel}","templated":true}]}}