{"id":1208,"date":"2021-06-10T17:40:06","date_gmt":"2021-06-10T17:40:06","guid":{"rendered":"http:\/\/www.rula.disabilityrightsca.org\/es\/?page_id=1208"},"modified":"2023-12-04T22:29:22","modified_gmt":"2023-12-04T22:29:22","slug":"4-4-donde-puedo-obtener-mas-informacion-sobre-como-prepararme-para-mi-reunion-de-ipp","status":"publish","type":"page","link":"https:\/\/rula.disabilityrightsca.org\/es\/rula-book\/capitulo-4-planes-de-programas-individuales\/4-4-donde-puedo-obtener-mas-informacion-sobre-como-prepararme-para-mi-reunion-de-ipp\/","title":{"rendered":"(4.4) \u00bfQu\u00e9 pasa si no hablo ingl\u00e9s?(anteriormente 4.24)"},"content":{"rendered":"\n<p>La buena comunicaci\u00f3n es fundamental. Si no habla ingl\u00e9s, tiene problemas para entender el ingl\u00e9s o se siente m\u00e1s c\u00f3modo hablando en un idioma diferente, informe al centro regional lo antes posible. Deben proporcionarle un int\u00e9rprete. Usted puede tener un int\u00e9rprete en cada reuni\u00f3n, si lo necesita. Tambi\u00e9n puede traer a un amigo o familiar que hable ingl\u00e9s para que lo ayude. Sin embargo, el centro regional no puede obligarlo a traer a un amigo para que sea su int\u00e9rprete.<\/p>\n\n\n\n<ul class=\"wp-block-list\">\n<li>La ley le da derecho a:<\/li>\n\n\n\n<li>Obtener traducciones de su IPP y otros documentos, y<\/li>\n<\/ul>\n\n\n\n<p>Disponer de un int\u00e9rprete para las reuniones o conversaciones telef\u00f3nicas.<span class=\"footnote_referrer\"><a role=\"button\" tabindex=\"0\" onclick=\"footnote_moveToReference_1208_1('footnote_plugin_reference_1208_1_1');\" onkeypress=\"footnote_moveToReference_1208_1('footnote_plugin_reference_1208_1_1');\" ><sup id=\"footnote_plugin_tooltip_1208_1_1\" class=\"footnote_plugin_tooltip_text\">[1]<\/sup><\/a><span id=\"footnote_plugin_tooltip_text_1208_1_1\" class=\"footnote_tooltip\">Secciones 4502.1 y 4646(h) y (j)<\/span><\/span><script type=\"text\/javascript\"> jQuery('#footnote_plugin_tooltip_1208_1_1').tooltip({ tip: '#footnote_plugin_tooltip_text_1208_1_1', tipClass: 'footnote_tooltip', effect: 'fade', predelay: 0, fadeInSpeed: 200, delay: 400, fadeOutSpeed: 200, position: 'top center', relative: true, offset: [-7, 0], });<\/script> Si su centro regional no traduce los documentos ni le proporciona un int\u00e9rprete, llame a Disability Rights California u OCRA para obtener ayuda.<\/p>\n<div class=\"speaker-mute footnotes_reference_container\"> <div class=\"footnote_container_prepare\"><p><span role=\"button\" tabindex=\"0\" class=\"footnote_reference_container_label pointer\" onclick=\"footnote_expand_collapse_reference_container_1208_1();\">&#x202F;<\/span><span role=\"button\" tabindex=\"0\" class=\"footnote_reference_container_collapse_button\" style=\"display: none;\" onclick=\"footnote_expand_collapse_reference_container_1208_1();\">[<a id=\"footnote_reference_container_collapse_button_1208_1\">+<\/a>]<\/span><\/p><\/div> <div id=\"footnote_references_container_1208_1\" style=\"\"><table class=\"footnotes_table footnote-reference-container\"><caption class=\"accessibility\">References<\/caption> <tbody> \r\n\r\n<tr class=\"footnotes_plugin_reference_row\"> <th scope=\"row\" class=\"footnote_plugin_index_combi pointer\"  onclick=\"footnote_moveToAnchor_1208_1('footnote_plugin_tooltip_1208_1_1');\"><a id=\"footnote_plugin_reference_1208_1_1\" class=\"footnote_backlink\"><span class=\"footnote_index_arrow\">&#8593;<\/span>1<\/a><\/th> <td class=\"footnote_plugin_text\">Secciones 4502.1 y 4646(h) y (j)<\/td><\/tr>\r\n\r\n <\/tbody> <\/table> <\/div><\/div><script type=\"text\/javascript\"> function footnote_expand_reference_container_1208_1() { jQuery('#footnote_references_container_1208_1').show(); jQuery('#footnote_reference_container_collapse_button_1208_1').text('\u2212'); } function footnote_collapse_reference_container_1208_1() { jQuery('#footnote_references_container_1208_1').hide(); jQuery('#footnote_reference_container_collapse_button_1208_1').text('+'); } function footnote_expand_collapse_reference_container_1208_1() { if (jQuery('#footnote_references_container_1208_1').is(':hidden')) { footnote_expand_reference_container_1208_1(); } else { footnote_collapse_reference_container_1208_1(); } } function footnote_moveToReference_1208_1(p_str_TargetID) { footnote_expand_reference_container_1208_1(); var l_obj_Target = jQuery('#' + p_str_TargetID); if (l_obj_Target.length) { jQuery( 'html, body' ).delay( 0 ); jQuery('html, body').animate({ scrollTop: l_obj_Target.offset().top - window.innerHeight * 0.2 }, 380); } } function footnote_moveToAnchor_1208_1(p_str_TargetID) { footnote_expand_reference_container_1208_1(); var l_obj_Target = jQuery('#' + p_str_TargetID); if (l_obj_Target.length) { jQuery( 'html, body' ).delay( 0 ); jQuery('html, body').animate({ scrollTop: l_obj_Target.offset().top - window.innerHeight * 0.2 }, 380); } }<\/script>","protected":false},"excerpt":{"rendered":"<p>La buena comunicaci\u00f3n es fundamental. Si no habla ingl\u00e9s, tiene problemas para entender el ingl\u00e9s o se siente m\u00e1s c\u00f3modo hablando en un idioma diferente,&hellip;<\/p>\n","protected":false},"author":1,"featured_media":0,"parent":1193,"menu_order":4,"comment_status":"closed","ping_status":"closed","template":"","meta":{"footnotes":""},"class_list":["post-1208","page","type-page","status-publish","hentry"],"_links":{"self":[{"href":"https:\/\/rula.disabilityrightsca.org\/es\/wp-json\/wp\/v2\/pages\/1208","targetHints":{"allow":["GET"]}}],"collection":[{"href":"https:\/\/rula.disabilityrightsca.org\/es\/wp-json\/wp\/v2\/pages"}],"about":[{"href":"https:\/\/rula.disabilityrightsca.org\/es\/wp-json\/wp\/v2\/types\/page"}],"author":[{"embeddable":true,"href":"https:\/\/rula.disabilityrightsca.org\/es\/wp-json\/wp\/v2\/users\/1"}],"replies":[{"embeddable":true,"href":"https:\/\/rula.disabilityrightsca.org\/es\/wp-json\/wp\/v2\/comments?post=1208"}],"version-history":[{"count":5,"href":"https:\/\/rula.disabilityrightsca.org\/es\/wp-json\/wp\/v2\/pages\/1208\/revisions"}],"predecessor-version":[{"id":3683,"href":"https:\/\/rula.disabilityrightsca.org\/es\/wp-json\/wp\/v2\/pages\/1208\/revisions\/3683"}],"up":[{"embeddable":true,"href":"https:\/\/rula.disabilityrightsca.org\/es\/wp-json\/wp\/v2\/pages\/1193"}],"wp:attachment":[{"href":"https:\/\/rula.disabilityrightsca.org\/es\/wp-json\/wp\/v2\/media?parent=1208"}],"curies":[{"name":"wp","href":"https:\/\/api.w.org\/{rel}","templated":true}]}}