{"id":1204,"date":"2021-06-09T23:43:10","date_gmt":"2021-06-09T23:43:10","guid":{"rendered":"http:\/\/www.rula.disabilityrightsca.org\/es\/?page_id=1204"},"modified":"2023-12-04T22:28:30","modified_gmt":"2023-12-04T22:28:30","slug":"4-2-que-es-una-reunion-de-ipp-centrada-en-la-persona","status":"publish","type":"page","link":"https:\/\/rula.disabilityrightsca.org\/es\/rula-book\/capitulo-4-planes-de-programas-individuales\/4-2-que-es-una-reunion-de-ipp-centrada-en-la-persona\/","title":{"rendered":"(4.2) \u00bfQu\u00e9 es una reuni\u00f3n de IPP &#8220;centrada en la persona&#8221;?"},"content":{"rendered":"\n<p>Significa que la reuni\u00f3n de IPP debe centrarse en usted. Su IPP debe satisfacer sus necesidades y mostrar sus opciones y preferencias. Esto se denomina &#8220;centrado en la persona&#8221;.<span class=\"footnote_referrer\"><a role=\"button\" tabindex=\"0\" onclick=\"footnote_moveToReference_1204_1('footnote_plugin_reference_1204_1_1');\" onkeypress=\"footnote_moveToReference_1204_1('footnote_plugin_reference_1204_1_1');\" ><sup id=\"footnote_plugin_tooltip_1204_1_1\" class=\"footnote_plugin_tooltip_text\">[1]<\/sup><\/a><span id=\"footnote_plugin_tooltip_text_1204_1_1\" class=\"footnote_tooltip\">T\u00edtulo 17, C\u00f3digo de Reglamentos de California, secci\u00f3n 56076(e)(9)<\/span><\/span><script type=\"text\/javascript\"> jQuery('#footnote_plugin_tooltip_1204_1_1').tooltip({ tip: '#footnote_plugin_tooltip_text_1204_1_1', tipClass: 'footnote_tooltip', effect: 'fade', predelay: 0, fadeInSpeed: 200, delay: 400, fadeOutSpeed: 200, position: 'top center', relative: true, offset: [-7, 0], });<\/script><\/p>\n\n\n\n<p>La planificaci\u00f3n centrada en la persona es un enfoque para trabajar hacia el futuro que desea para usted.<span class=\"footnote_referrer\"><a role=\"button\" tabindex=\"0\" onclick=\"footnote_moveToReference_1204_1('footnote_plugin_reference_1204_1_2');\" onkeypress=\"footnote_moveToReference_1204_1('footnote_plugin_reference_1204_1_2');\" ><sup id=\"footnote_plugin_tooltip_1204_1_2\" class=\"footnote_plugin_tooltip_text\">[2]<\/sup><\/a><span id=\"footnote_plugin_tooltip_text_1204_1_2\" class=\"footnote_tooltip\">Secci\u00f3n 4646(a)<\/span><\/span><script type=\"text\/javascript\"> jQuery('#footnote_plugin_tooltip_1204_1_2').tooltip({ tip: '#footnote_plugin_tooltip_text_1204_1_2', tipClass: 'footnote_tooltip', effect: 'fade', predelay: 0, fadeInSpeed: 200, delay: 400, fadeOutSpeed: 200, position: 'top center', relative: true, offset: [-7, 0], });<\/script> Le da la oportunidad de decir:<\/p>\n\n\n\n<ul class=\"wp-block-list\">\n<li>D\u00f3nde quiere vivir y trabajar<\/li>\n\n\n\n<li>Con qui\u00e9n quiere vivir<\/li>\n\n\n\n<li>C\u00f3mo y con qui\u00e9n quiere pasar su tiempo<\/li>\n\n\n\n<li>C\u00f3mo quiere organizar otras partes importantes de su vida <span class=\"footnote_referrer\"><a role=\"button\" tabindex=\"0\" onclick=\"footnote_moveToReference_1204_1('footnote_plugin_reference_1204_1_3');\" onkeypress=\"footnote_moveToReference_1204_1('footnote_plugin_reference_1204_1_3');\" ><sup id=\"footnote_plugin_tooltip_1204_1_3\" class=\"footnote_plugin_tooltip_text\">[3]<\/sup><\/a><span id=\"footnote_plugin_tooltip_text_1204_1_3\" class=\"footnote_tooltip\">Secciones 4501 y 4502(b)(10)<\/span><\/span><script type=\"text\/javascript\"> jQuery('#footnote_plugin_tooltip_1204_1_3').tooltip({ tip: '#footnote_plugin_tooltip_text_1204_1_3', tipClass: 'footnote_tooltip', effect: 'fade', predelay: 0, fadeInSpeed: 200, delay: 400, fadeOutSpeed: 200, position: 'top center', relative: true, offset: [-7, 0], });<\/script><\/li>\n<\/ul>\n\n\n\n<p>Usted debe participar en la elaboraci\u00f3n de su IPP con su equipo de planificaci\u00f3n para obtener los servicios y apoyos que necesita para lograr sus metas y sue\u00f1os.<span class=\"footnote_referrer\"><a role=\"button\" tabindex=\"0\" onclick=\"footnote_moveToReference_1204_1('footnote_plugin_reference_1204_1_4');\" onkeypress=\"footnote_moveToReference_1204_1('footnote_plugin_reference_1204_1_4');\" ><sup id=\"footnote_plugin_tooltip_1204_1_4\" class=\"footnote_plugin_tooltip_text\">[4]<\/sup><\/a><span id=\"footnote_plugin_tooltip_text_1204_1_4\" class=\"footnote_tooltip\">Secciones 4646(a)(b) y (d) and 4512(j)<\/span><\/span><script type=\"text\/javascript\"> jQuery('#footnote_plugin_tooltip_1204_1_4').tooltip({ tip: '#footnote_plugin_tooltip_text_1204_1_4', tipClass: 'footnote_tooltip', effect: 'fade', predelay: 0, fadeInSpeed: 200, delay: 400, fadeOutSpeed: 200, position: 'top center', relative: true, offset: [-7, 0], });<\/script> Es un proceso continuo, no solo una reuni\u00f3n. Y se trata de USTED y de sus objetivos.<\/p>\n<div class=\"speaker-mute footnotes_reference_container\"> <div class=\"footnote_container_prepare\"><p><span role=\"button\" tabindex=\"0\" class=\"footnote_reference_container_label pointer\" onclick=\"footnote_expand_collapse_reference_container_1204_1();\">&#x202F;<\/span><span role=\"button\" tabindex=\"0\" class=\"footnote_reference_container_collapse_button\" style=\"display: none;\" onclick=\"footnote_expand_collapse_reference_container_1204_1();\">[<a id=\"footnote_reference_container_collapse_button_1204_1\">+<\/a>]<\/span><\/p><\/div> <div id=\"footnote_references_container_1204_1\" style=\"\"><table class=\"footnotes_table footnote-reference-container\"><caption class=\"accessibility\">References<\/caption> <tbody> \r\n\r\n<tr class=\"footnotes_plugin_reference_row\"> <th scope=\"row\" class=\"footnote_plugin_index_combi pointer\"  onclick=\"footnote_moveToAnchor_1204_1('footnote_plugin_tooltip_1204_1_1');\"><a id=\"footnote_plugin_reference_1204_1_1\" class=\"footnote_backlink\"><span class=\"footnote_index_arrow\">&#8593;<\/span>1<\/a><\/th> <td class=\"footnote_plugin_text\">T\u00edtulo 17, C\u00f3digo de Reglamentos de California, secci\u00f3n 56076(e)(9)<\/td><\/tr>\r\n\r\n<tr class=\"footnotes_plugin_reference_row\"> <th scope=\"row\" class=\"footnote_plugin_index_combi pointer\"  onclick=\"footnote_moveToAnchor_1204_1('footnote_plugin_tooltip_1204_1_2');\"><a id=\"footnote_plugin_reference_1204_1_2\" class=\"footnote_backlink\"><span class=\"footnote_index_arrow\">&#8593;<\/span>2<\/a><\/th> <td class=\"footnote_plugin_text\">Secci\u00f3n 4646(a)<\/td><\/tr>\r\n\r\n<tr class=\"footnotes_plugin_reference_row\"> <th scope=\"row\" class=\"footnote_plugin_index_combi pointer\"  onclick=\"footnote_moveToAnchor_1204_1('footnote_plugin_tooltip_1204_1_3');\"><a id=\"footnote_plugin_reference_1204_1_3\" class=\"footnote_backlink\"><span class=\"footnote_index_arrow\">&#8593;<\/span>3<\/a><\/th> <td class=\"footnote_plugin_text\">Secciones 4501 y 4502(b)(10)<\/td><\/tr>\r\n\r\n<tr class=\"footnotes_plugin_reference_row\"> <th scope=\"row\" class=\"footnote_plugin_index_combi pointer\"  onclick=\"footnote_moveToAnchor_1204_1('footnote_plugin_tooltip_1204_1_4');\"><a id=\"footnote_plugin_reference_1204_1_4\" class=\"footnote_backlink\"><span class=\"footnote_index_arrow\">&#8593;<\/span>4<\/a><\/th> <td class=\"footnote_plugin_text\">Secciones 4646(a)(b) y (d) and 4512(j)<\/td><\/tr>\r\n\r\n <\/tbody> <\/table> <\/div><\/div><script type=\"text\/javascript\"> function footnote_expand_reference_container_1204_1() { jQuery('#footnote_references_container_1204_1').show(); jQuery('#footnote_reference_container_collapse_button_1204_1').text('\u2212'); } function footnote_collapse_reference_container_1204_1() { jQuery('#footnote_references_container_1204_1').hide(); jQuery('#footnote_reference_container_collapse_button_1204_1').text('+'); } function footnote_expand_collapse_reference_container_1204_1() { if (jQuery('#footnote_references_container_1204_1').is(':hidden')) { footnote_expand_reference_container_1204_1(); } else { footnote_collapse_reference_container_1204_1(); } } function footnote_moveToReference_1204_1(p_str_TargetID) { footnote_expand_reference_container_1204_1(); var l_obj_Target = jQuery('#' + p_str_TargetID); if (l_obj_Target.length) { jQuery( 'html, body' ).delay( 0 ); jQuery('html, body').animate({ scrollTop: l_obj_Target.offset().top - window.innerHeight * 0.2 }, 380); } } function footnote_moveToAnchor_1204_1(p_str_TargetID) { footnote_expand_reference_container_1204_1(); var l_obj_Target = jQuery('#' + p_str_TargetID); if (l_obj_Target.length) { jQuery( 'html, body' ).delay( 0 ); jQuery('html, body').animate({ scrollTop: l_obj_Target.offset().top - window.innerHeight * 0.2 }, 380); } }<\/script>","protected":false},"excerpt":{"rendered":"<p>Significa que la reuni\u00f3n de IPP debe centrarse en usted. Su IPP debe satisfacer sus necesidades y mostrar sus opciones y preferencias. Esto se denomina&hellip;<\/p>\n","protected":false},"author":1,"featured_media":0,"parent":1193,"menu_order":2,"comment_status":"closed","ping_status":"closed","template":"","meta":{"footnotes":""},"class_list":["post-1204","page","type-page","status-publish","hentry"],"_links":{"self":[{"href":"https:\/\/rula.disabilityrightsca.org\/es\/wp-json\/wp\/v2\/pages\/1204","targetHints":{"allow":["GET"]}}],"collection":[{"href":"https:\/\/rula.disabilityrightsca.org\/es\/wp-json\/wp\/v2\/pages"}],"about":[{"href":"https:\/\/rula.disabilityrightsca.org\/es\/wp-json\/wp\/v2\/types\/page"}],"author":[{"embeddable":true,"href":"https:\/\/rula.disabilityrightsca.org\/es\/wp-json\/wp\/v2\/users\/1"}],"replies":[{"embeddable":true,"href":"https:\/\/rula.disabilityrightsca.org\/es\/wp-json\/wp\/v2\/comments?post=1204"}],"version-history":[{"count":5,"href":"https:\/\/rula.disabilityrightsca.org\/es\/wp-json\/wp\/v2\/pages\/1204\/revisions"}],"predecessor-version":[{"id":3681,"href":"https:\/\/rula.disabilityrightsca.org\/es\/wp-json\/wp\/v2\/pages\/1204\/revisions\/3681"}],"up":[{"embeddable":true,"href":"https:\/\/rula.disabilityrightsca.org\/es\/wp-json\/wp\/v2\/pages\/1193"}],"wp:attachment":[{"href":"https:\/\/rula.disabilityrightsca.org\/es\/wp-json\/wp\/v2\/media?parent=1204"}],"curies":[{"name":"wp","href":"https:\/\/api.w.org\/{rel}","templated":true}]}}