{"id":1197,"date":"2021-06-09T23:27:57","date_gmt":"2021-06-09T23:27:57","guid":{"rendered":"http:\/\/www.rula.disabilityrightsca.org\/es\/?page_id=1197"},"modified":"2023-12-04T22:27:27","modified_gmt":"2023-12-04T22:27:27","slug":"4-1-que-es-un-plan-de-programa-individual-ipp","status":"publish","type":"page","link":"https:\/\/rula.disabilityrightsca.org\/es\/rula-book\/capitulo-4-planes-de-programas-individuales\/4-1-que-es-un-plan-de-programa-individual-ipp\/","title":{"rendered":"(4.1) \u00bfQu\u00e9 es un Plan de Programa Individual (IPP)?"},"content":{"rendered":"\n<p>El IPP es un documento con los servicios y apoyos que usted necesita y desea para alcanzar las metas de su vida. Enuncia qui\u00e9n proporcionar\u00e1 los servicios y apoyos. El IPP es un contrato: una vez que usted y el centro regional acuerdan lo que est\u00e1 en el IPP, el centro regional debe hacer lo que dice.<span class=\"footnote_referrer\"><a role=\"button\" tabindex=\"0\" onclick=\"footnote_moveToReference_1197_1('footnote_plugin_reference_1197_1_1');\" onkeypress=\"footnote_moveToReference_1197_1('footnote_plugin_reference_1197_1_1');\" ><sup id=\"footnote_plugin_tooltip_1197_1_1\" class=\"footnote_plugin_tooltip_text\">[1]<\/sup><\/a><span id=\"footnote_plugin_tooltip_text_1197_1_1\" class=\"footnote_tooltip\">&#8220;Si bien es cierto que los centros regionales tienen &#8220;amplia discreci\u00f3n&#8221; para determinar c\u00f3mo implementar el IPP, no tienen ninguna discreci\u00f3n para determinar si implementarlo;&nbsp;&#x2026; <span class=\"footnote_tooltip_continue\"  onclick=\"footnote_moveToReference_1197_1('footnote_plugin_reference_1197_1_1');\">Continue reading<\/span><\/span><\/span><script type=\"text\/javascript\"> jQuery('#footnote_plugin_tooltip_1197_1_1').tooltip({ tip: '#footnote_plugin_tooltip_text_1197_1_1', tipClass: 'footnote_tooltip', effect: 'fade', predelay: 0, fadeInSpeed: 200, delay: 400, fadeOutSpeed: 200, position: 'top center', relative: true, offset: [-7, 0], });<\/script> Tanto usted (o su padre o representante) como el centro regional deben firmar el IPP antes de que comiencen los servicios que han acordado.<span class=\"footnote_referrer\"><a role=\"button\" tabindex=\"0\" onclick=\"footnote_moveToReference_1197_1('footnote_plugin_reference_1197_1_2');\" onkeypress=\"footnote_moveToReference_1197_1('footnote_plugin_reference_1197_1_2');\" ><sup id=\"footnote_plugin_tooltip_1197_1_2\" class=\"footnote_plugin_tooltip_text\">[2]<\/sup><\/a><span id=\"footnote_plugin_tooltip_text_1197_1_2\" class=\"footnote_tooltip\">Secci\u00f3n 4646(i)<\/span><\/span><script type=\"text\/javascript\"> jQuery('#footnote_plugin_tooltip_1197_1_2').tooltip({ tip: '#footnote_plugin_tooltip_text_1197_1_2', tipClass: 'footnote_tooltip', effect: 'fade', predelay: 0, fadeInSpeed: 200, delay: 400, fadeOutSpeed: 200, position: 'top center', relative: true, offset: [-7, 0], });<\/script> Usted solo puede obtener los servicios incluidos en su IPP. Para obtener un servicio nuevo o diferente, debe cambiar su IPP, generalmente con otra reuni\u00f3n de IPP. El IPP indica sus necesidades, preferencias, opciones, metas y objetivos, y los servicios y apoyos que necesita para alcanzar esas metas. El IPP se centra en usted y, cuando corresponda, en su familia. Su IPP debe ayudarlo a permanecer en su comunidad y disfrutar de una vida lo m\u00e1s independiente, productiva y normal posible.<span class=\"footnote_referrer\"><a role=\"button\" tabindex=\"0\" onclick=\"footnote_moveToReference_1197_1('footnote_plugin_reference_1197_1_3');\" onkeypress=\"footnote_moveToReference_1197_1('footnote_plugin_reference_1197_1_3');\" ><sup id=\"footnote_plugin_tooltip_1197_1_3\" class=\"footnote_plugin_tooltip_text\">[3]<\/sup><\/a><span id=\"footnote_plugin_tooltip_text_1197_1_3\" class=\"footnote_tooltip\">Secci\u00f3n 4646<\/span><\/span><script type=\"text\/javascript\"> jQuery('#footnote_plugin_tooltip_1197_1_3').tooltip({ tip: '#footnote_plugin_tooltip_text_1197_1_3', tipClass: 'footnote_tooltip', effect: 'fade', predelay: 0, fadeInSpeed: 200, delay: 400, fadeOutSpeed: 200, position: 'top center', relative: true, offset: [-7, 0], });<\/script><\/p>\n\n\n\n<p>Su IPP debe incluir:<\/p>\n\n\n\n<p><img loading=\"lazy\" decoding=\"async\" width=\"6\" height=\"6\" src=\"\">Informaci\u00f3n sobre sus fortalezas, opciones y necesidades.<span class=\"footnote_referrer\"><a role=\"button\" tabindex=\"0\" onclick=\"footnote_moveToReference_1197_1('footnote_plugin_reference_1197_1_4');\" onkeypress=\"footnote_moveToReference_1197_1('footnote_plugin_reference_1197_1_4');\" ><sup id=\"footnote_plugin_tooltip_1197_1_4\" class=\"footnote_plugin_tooltip_text\">[4]<\/sup><\/a><span id=\"footnote_plugin_tooltip_text_1197_1_4\" class=\"footnote_tooltip\">Secci\u00f3n 4646.5(a)(1)<\/span><\/span><script type=\"text\/javascript\"> jQuery('#footnote_plugin_tooltip_1197_1_4').tooltip({ tip: '#footnote_plugin_tooltip_text_1197_1_4', tipClass: 'footnote_tooltip', effect: 'fade', predelay: 0, fadeInSpeed: 200, delay: 400, fadeOutSpeed: 200, position: 'top center', relative: true, offset: [-7, 0], });<\/script><\/p>\n\n\n\n<p><img loading=\"lazy\" decoding=\"async\" width=\"6\" height=\"6\" src=\"\">Los servicios y apoyos espec\u00edficos que necesita y elige para llevar una vida m\u00e1s independiente y productiva.<span class=\"footnote_referrer\"><a role=\"button\" tabindex=\"0\" onclick=\"footnote_moveToReference_1197_1('footnote_plugin_reference_1197_1_5');\" onkeypress=\"footnote_moveToReference_1197_1('footnote_plugin_reference_1197_1_5');\" ><sup id=\"footnote_plugin_tooltip_1197_1_5\" class=\"footnote_plugin_tooltip_text\">[5]<\/sup><\/a><span id=\"footnote_plugin_tooltip_text_1197_1_5\" class=\"footnote_tooltip\">Secciones 4501 y 4502(a)<\/span><\/span><script type=\"text\/javascript\"> jQuery('#footnote_plugin_tooltip_1197_1_5').tooltip({ tip: '#footnote_plugin_tooltip_text_1197_1_5', tipClass: 'footnote_tooltip', effect: 'fade', predelay: 0, fadeInSpeed: 200, delay: 400, fadeOutSpeed: 200, position: 'top center', relative: true, offset: [-7, 0], });<\/script><\/p>\n\n\n\n<p><img loading=\"lazy\" decoding=\"async\" width=\"6\" height=\"7\" src=\"\">Los servicios espec\u00edficos que necesita para satisfacer sus necesidades individuales.<span class=\"footnote_referrer\"><a role=\"button\" tabindex=\"0\" onclick=\"footnote_moveToReference_1197_1('footnote_plugin_reference_1197_1_6');\" onkeypress=\"footnote_moveToReference_1197_1('footnote_plugin_reference_1197_1_6');\" ><sup id=\"footnote_plugin_tooltip_1197_1_6\" class=\"footnote_plugin_tooltip_text\">[6]<\/sup><\/a><span id=\"footnote_plugin_tooltip_text_1197_1_6\" class=\"footnote_tooltip\">&#8220;La Ley (Lanterman) contempla claramente que los servicios que se proporcionar\u00e1n a cada cliente se seleccionar\u00e1n &#8220;de forma individual&#8221;&#8221;. Williams contra Macomber\u00a0(1991) 226&nbsp;&#x2026; <span class=\"footnote_tooltip_continue\"  onclick=\"footnote_moveToReference_1197_1('footnote_plugin_reference_1197_1_6');\">Continue reading<\/span><\/span><\/span><script type=\"text\/javascript\"> jQuery('#footnote_plugin_tooltip_1197_1_6').tooltip({ tip: '#footnote_plugin_tooltip_text_1197_1_6', tipClass: 'footnote_tooltip', effect: 'fade', predelay: 0, fadeInSpeed: 200, delay: 400, fadeOutSpeed: 200, position: 'top center', relative: true, offset: [-7, 0], });<\/script><\/p>\n\n\n\n<p><img loading=\"lazy\" decoding=\"async\" width=\"6\" height=\"7\" src=\"\">Una lista de los servicios y apoyos que usted necesita, qui\u00e9n los proporcionar\u00e1 y cu\u00e1ndo comenzar\u00e1n.<span class=\"footnote_referrer\"><a role=\"button\" tabindex=\"0\" onclick=\"footnote_moveToReference_1197_1('footnote_plugin_reference_1197_1_7');\" onkeypress=\"footnote_moveToReference_1197_1('footnote_plugin_reference_1197_1_7');\" ><sup id=\"footnote_plugin_tooltip_1197_1_7\" class=\"footnote_plugin_tooltip_text\">[7]<\/sup><\/a><span id=\"footnote_plugin_tooltip_text_1197_1_7\" class=\"footnote_tooltip\">Secci\u00f3n 4646.5(a)(5)<\/span><\/span><script type=\"text\/javascript\"> jQuery('#footnote_plugin_tooltip_1197_1_7').tooltip({ tip: '#footnote_plugin_tooltip_text_1197_1_7', tipClass: 'footnote_tooltip', effect: 'fade', predelay: 0, fadeInSpeed: 200, delay: 400, fadeOutSpeed: 200, position: 'top center', relative: true, offset: [-7, 0], });<\/script><\/p>\n\n\n\n<p>Su IPP debe indicar si el centro regional proporcionar\u00e1, supervisar\u00e1 o pagar\u00e1 sus servicios, o si ser\u00e1 otra agencia. Debe quedar claro en su IPP qui\u00e9n es responsable de brindar o pagar por cada servicio.<span class=\"footnote_referrer\"><a role=\"button\" tabindex=\"0\" onclick=\"footnote_moveToReference_1197_1('footnote_plugin_reference_1197_1_8');\" onkeypress=\"footnote_moveToReference_1197_1('footnote_plugin_reference_1197_1_8');\" ><sup id=\"footnote_plugin_tooltip_1197_1_8\" class=\"footnote_plugin_tooltip_text\">[8]<\/sup><\/a><span id=\"footnote_plugin_tooltip_text_1197_1_8\" class=\"footnote_tooltip\">&#8220;Los servicios y apoyos que el centro regional acuerda brindar a sus clientes deben establecerse en un lenguaje inequ\u00edvoco.[Solo decir] que el centro regional &#8220;solicitar\u00e1&#8221; fondos&nbsp;&#x2026; <span class=\"footnote_tooltip_continue\"  onclick=\"footnote_moveToReference_1197_1('footnote_plugin_reference_1197_1_8');\">Continue reading<\/span><\/span><\/span><script type=\"text\/javascript\"> jQuery('#footnote_plugin_tooltip_1197_1_8').tooltip({ tip: '#footnote_plugin_tooltip_text_1197_1_8', tipClass: 'footnote_tooltip', effect: 'fade', predelay: 0, fadeInSpeed: 200, delay: 400, fadeOutSpeed: 200, position: 'top center', relative: true, offset: [-7, 0], });<\/script><\/p>\n\n\n\n<p>Nuestros suplementos pueden ayudarlo a planificar su IPP: <a href=\"https:\/\/rula.disabilityrightsca.org\/es\/suplementos\/suplemento-i-planificador-de-reuniones-de-ipp\/\">Suplemento I<\/a> (Planificador de reuniones de IPP) <a href=\"https:\/\/rula.disabilityrightsca.org\/es\/suplementos\/suplemento-j-utilice-su-ipp-para-planificar-las-actividades-comunitarias\/\">Suplemento<\/a><a href=\"https:\/\/rula.disabilityrightsca.org\/supplements\/supplement-j-use-your-ipp-to-plan-for-community-activities\/\"> J<\/a> (Utilice su IPP para planificar actividades comunitarias); y <a href=\"https:\/\/rula.disabilityrightsca.org\/es\/suplementos\/suplemento-k-preparese-para-la-reunion-de-ipp-o-ifsp-de-su-hijo\/\">Suplemento K<\/a> (Prep\u00e1rese para la reuni\u00f3n del IPP o IFSP de su hijo).<\/p>\n<div class=\"speaker-mute footnotes_reference_container\"> <div class=\"footnote_container_prepare\"><p><span role=\"button\" tabindex=\"0\" class=\"footnote_reference_container_label pointer\" onclick=\"footnote_expand_collapse_reference_container_1197_1();\">&#x202F;<\/span><span role=\"button\" tabindex=\"0\" class=\"footnote_reference_container_collapse_button\" style=\"display: none;\" onclick=\"footnote_expand_collapse_reference_container_1197_1();\">[<a id=\"footnote_reference_container_collapse_button_1197_1\">+<\/a>]<\/span><\/p><\/div> <div id=\"footnote_references_container_1197_1\" style=\"\"><table class=\"footnotes_table footnote-reference-container\"><caption class=\"accessibility\">References<\/caption> <tbody> \r\n\r\n<tr class=\"footnotes_plugin_reference_row\"> <th scope=\"row\" class=\"footnote_plugin_index_combi pointer\"  onclick=\"footnote_moveToAnchor_1197_1('footnote_plugin_tooltip_1197_1_1');\"><a id=\"footnote_plugin_reference_1197_1_1\" class=\"footnote_backlink\"><span class=\"footnote_index_arrow\">&#8593;<\/span>1<\/a><\/th> <td class=\"footnote_plugin_text\">&#8220;Si bien es cierto que los centros regionales tienen &#8220;amplia discreci\u00f3n&#8221; para determinar c\u00f3mo implementar el IPP, no tienen ninguna discreci\u00f3n para determinar <em>si<\/em><em> <\/em>implementarlo; deben hacerlo [refiri\u00e9ndose a la Secci\u00f3n 4648]\u201d. Association for Retarded Citizens-California v. Department of Developmental Services (Asociaci\u00f3n para ciudadanos con retraso de California contra el Departamento de Servicios del Desarrollo) (1985) 38 Cal.3d 384, 390.<\/td><\/tr>\r\n\r\n<tr class=\"footnotes_plugin_reference_row\"> <th scope=\"row\" class=\"footnote_plugin_index_combi pointer\"  onclick=\"footnote_moveToAnchor_1197_1('footnote_plugin_tooltip_1197_1_2');\"><a id=\"footnote_plugin_reference_1197_1_2\" class=\"footnote_backlink\"><span class=\"footnote_index_arrow\">&#8593;<\/span>2<\/a><\/th> <td class=\"footnote_plugin_text\">Secci\u00f3n 4646(i)<\/td><\/tr>\r\n\r\n<tr class=\"footnotes_plugin_reference_row\"> <th scope=\"row\" class=\"footnote_plugin_index_combi pointer\"  onclick=\"footnote_moveToAnchor_1197_1('footnote_plugin_tooltip_1197_1_3');\"><a id=\"footnote_plugin_reference_1197_1_3\" class=\"footnote_backlink\"><span class=\"footnote_index_arrow\">&#8593;<\/span>3<\/a><\/th> <td class=\"footnote_plugin_text\">Secci\u00f3n 4646<\/td><\/tr>\r\n\r\n<tr class=\"footnotes_plugin_reference_row\"> <th scope=\"row\" class=\"footnote_plugin_index_combi pointer\"  onclick=\"footnote_moveToAnchor_1197_1('footnote_plugin_tooltip_1197_1_4');\"><a id=\"footnote_plugin_reference_1197_1_4\" class=\"footnote_backlink\"><span class=\"footnote_index_arrow\">&#8593;<\/span>4<\/a><\/th> <td class=\"footnote_plugin_text\">Secci\u00f3n 4646.5(a)(1)<\/td><\/tr>\r\n\r\n<tr class=\"footnotes_plugin_reference_row\"> <th scope=\"row\" class=\"footnote_plugin_index_combi pointer\"  onclick=\"footnote_moveToAnchor_1197_1('footnote_plugin_tooltip_1197_1_5');\"><a id=\"footnote_plugin_reference_1197_1_5\" class=\"footnote_backlink\"><span class=\"footnote_index_arrow\">&#8593;<\/span>5<\/a><\/th> <td class=\"footnote_plugin_text\">Secciones 4501 y 4502(a)<\/td><\/tr>\r\n\r\n<tr class=\"footnotes_plugin_reference_row\"> <th scope=\"row\" class=\"footnote_plugin_index_combi pointer\"  onclick=\"footnote_moveToAnchor_1197_1('footnote_plugin_tooltip_1197_1_6');\"><a id=\"footnote_plugin_reference_1197_1_6\" class=\"footnote_backlink\"><span class=\"footnote_index_arrow\">&#8593;<\/span>6<\/a><\/th> <td class=\"footnote_plugin_text\">&#8220;La Ley (Lanterman) contempla claramente que los servicios que se proporcionar\u00e1n a cada cliente se seleccionar\u00e1n &#8220;de forma individual&#8221;&#8221;. <em>Williams contra Macomber<\/em>\u00a0(1991) 226 Cal.App.3d 225, 232<\/td><\/tr>\r\n\r\n<tr class=\"footnotes_plugin_reference_row\"> <th scope=\"row\" class=\"footnote_plugin_index_combi pointer\"  onclick=\"footnote_moveToAnchor_1197_1('footnote_plugin_tooltip_1197_1_7');\"><a id=\"footnote_plugin_reference_1197_1_7\" class=\"footnote_backlink\"><span class=\"footnote_index_arrow\">&#8593;<\/span>7<\/a><\/th> <td class=\"footnote_plugin_text\">Secci\u00f3n 4646.5(a)(5)<\/td><\/tr>\r\n\r\n<tr class=\"footnotes_plugin_reference_row\"> <th scope=\"row\" class=\"footnote_plugin_index_combi pointer\"  onclick=\"footnote_moveToAnchor_1197_1('footnote_plugin_tooltip_1197_1_8');\"><a id=\"footnote_plugin_reference_1197_1_8\" class=\"footnote_backlink\"><span class=\"footnote_index_arrow\">&#8593;<\/span>8<\/a><\/th> <td class=\"footnote_plugin_text\">&#8220;Los servicios y apoyos que el centro regional acuerda brindar a sus clientes deben establecerse en un lenguaje inequ\u00edvoco.[Solo decir] que el centro regional &#8220;solicitar\u00e1&#8221; fondos es ambiguo porque no est\u00e1 claro si la agencia est\u00e1 de acuerdo en proporcionar los servicios&#8230; o solo est\u00e1 de acuerdo en solicitarlos&#8221;. <em>En el Asunto de TS contra el Centro Regional Golden Gate<\/em>, N\u00fameros de casos de la Oficina de Audiencias Administrativas (OAH) 2003020153 y N2003010267<\/td><\/tr>\r\n\r\n <\/tbody> <\/table> <\/div><\/div><script type=\"text\/javascript\"> function footnote_expand_reference_container_1197_1() { jQuery('#footnote_references_container_1197_1').show(); jQuery('#footnote_reference_container_collapse_button_1197_1').text('\u2212'); } function footnote_collapse_reference_container_1197_1() { jQuery('#footnote_references_container_1197_1').hide(); jQuery('#footnote_reference_container_collapse_button_1197_1').text('+'); } function footnote_expand_collapse_reference_container_1197_1() { if (jQuery('#footnote_references_container_1197_1').is(':hidden')) { footnote_expand_reference_container_1197_1(); } else { footnote_collapse_reference_container_1197_1(); } } function footnote_moveToReference_1197_1(p_str_TargetID) { footnote_expand_reference_container_1197_1(); var l_obj_Target = jQuery('#' + p_str_TargetID); if (l_obj_Target.length) { jQuery( 'html, body' ).delay( 0 ); jQuery('html, body').animate({ scrollTop: l_obj_Target.offset().top - window.innerHeight * 0.2 }, 380); } } function footnote_moveToAnchor_1197_1(p_str_TargetID) { footnote_expand_reference_container_1197_1(); var l_obj_Target = jQuery('#' + p_str_TargetID); if (l_obj_Target.length) { jQuery( 'html, body' ).delay( 0 ); jQuery('html, body').animate({ scrollTop: l_obj_Target.offset().top - window.innerHeight * 0.2 }, 380); } }<\/script>","protected":false},"excerpt":{"rendered":"<p>El IPP es un documento con los servicios y apoyos que usted necesita y desea para alcanzar las metas de su vida. Enuncia qui\u00e9n proporcionar\u00e1&hellip;<\/p>\n","protected":false},"author":1,"featured_media":0,"parent":1193,"menu_order":1,"comment_status":"closed","ping_status":"closed","template":"","meta":{"footnotes":""},"class_list":["post-1197","page","type-page","status-publish","hentry"],"_links":{"self":[{"href":"https:\/\/rula.disabilityrightsca.org\/es\/wp-json\/wp\/v2\/pages\/1197","targetHints":{"allow":["GET"]}}],"collection":[{"href":"https:\/\/rula.disabilityrightsca.org\/es\/wp-json\/wp\/v2\/pages"}],"about":[{"href":"https:\/\/rula.disabilityrightsca.org\/es\/wp-json\/wp\/v2\/types\/page"}],"author":[{"embeddable":true,"href":"https:\/\/rula.disabilityrightsca.org\/es\/wp-json\/wp\/v2\/users\/1"}],"replies":[{"embeddable":true,"href":"https:\/\/rula.disabilityrightsca.org\/es\/wp-json\/wp\/v2\/comments?post=1197"}],"version-history":[{"count":11,"href":"https:\/\/rula.disabilityrightsca.org\/es\/wp-json\/wp\/v2\/pages\/1197\/revisions"}],"predecessor-version":[{"id":3680,"href":"https:\/\/rula.disabilityrightsca.org\/es\/wp-json\/wp\/v2\/pages\/1197\/revisions\/3680"}],"up":[{"embeddable":true,"href":"https:\/\/rula.disabilityrightsca.org\/es\/wp-json\/wp\/v2\/pages\/1193"}],"wp:attachment":[{"href":"https:\/\/rula.disabilityrightsca.org\/es\/wp-json\/wp\/v2\/media?parent=1197"}],"curies":[{"name":"wp","href":"https:\/\/api.w.org\/{rel}","templated":true}]}}