{"id":1146,"date":"2021-05-13T20:57:40","date_gmt":"2021-05-13T20:57:40","guid":{"rendered":"http:\/\/www.rula.disabilityrightsca.org\/es\/?page_id=1146"},"modified":"2023-12-05T16:36:18","modified_gmt":"2023-12-05T16:36:18","slug":"6-35-como-sirven-el-programa-de-asistencia-para-la-adopcion-aap-y-el-centro-regional-a-los-ninos-con-discapacidades-del-desarrollo","status":"publish","type":"page","link":"https:\/\/rula.disabilityrightsca.org\/es\/rula-book\/capitulo-6-mantener-unida-a-la-familia-servicios-y-apoyos-para-ninos\/6-35-como-sirven-el-programa-de-asistencia-para-la-adopcion-aap-y-el-centro-regional-a-los-ninos-con-discapacidades-del-desarrollo\/","title":{"rendered":"(6.35) \u00bfLos proveedores de guarder\u00eda deben hacer modificaciones razonables para brindar cuidado a los ni\u00f1os con discapacidades del desarrollo?"},"content":{"rendered":"\n<p>Los ni\u00f1os deben ser incluidos en los programas de guarder\u00eda comunitaria siempre que sea posible. La Ley de Estadounidenses con Discapacidades (ADA) establece que los proveedores de guarder\u00eda no pueden discriminar a los ni\u00f1os con discapacidades. Deben hacer \u201cmodificaciones razonables\u201d (cambios) al programa, como ayudas y servicios adicionales, para que los ni\u00f1os con discapacidades puedan participar. Sin embargo, si los cambios o servicios adicionales que necesita crean una \u201cdificultad excesiva\u201d o causan un \u201ccambio fundamental en el programa\u201d, el programa no tiene que proporcionar los servicios adicionales.<span class=\"footnote_referrer\"><a role=\"button\" tabindex=\"0\" onclick=\"footnote_moveToReference_1146_1('footnote_plugin_reference_1146_1_1');\" onkeypress=\"footnote_moveToReference_1146_1('footnote_plugin_reference_1146_1_1');\" ><sup id=\"footnote_plugin_tooltip_1146_1_1\" class=\"footnote_plugin_tooltip_text\">[1]<\/sup><\/a><span id=\"footnote_plugin_tooltip_text_1146_1_1\" class=\"footnote_tooltip\">T\u00edtulo 42, C\u00f3digo de EE. UU., secci\u00f3n 12182(b)(2)(A)(ii) y (iii)<\/span><\/span><script type=\"text\/javascript\"> jQuery('#footnote_plugin_tooltip_1146_1_1').tooltip({ tip: '#footnote_plugin_tooltip_text_1146_1_1', tipClass: 'footnote_tooltip', effect: 'fade', predelay: 0, fadeInSpeed: 200, delay: 400, fadeOutSpeed: 200, position: 'top center', relative: true, offset: [-7, 0], });<\/script><\/p>\n\n\n\n<p>En ese caso, puede obtener la ayuda adicional que necesita del centro regional. Por ejemplo, si el programa de cuidado diurno dice que su hijo debe tener un asistente individual, y eso cambiar\u00eda fundamentalmente el programa, el centro regional debe pagar por el asistente. El centro regional tambi\u00e9n puede asesorar y capacitar al personal de la guarder\u00eda.<\/p>\n\n\n\n<p>Obtenga una carta del programa que explique el apoyo que su hijo necesita en la guarder\u00eda. O p\u00eddale a un miembro del personal de la guarder\u00eda que lo acompa\u00f1e a la reuni\u00f3n del IPP. De esta manera, el IPP puede redactarse para incluir la necesidad de apoyo adicional de su hijo mientras est\u00e1 en la guarder\u00eda y la funci\u00f3n del centro regional. <\/p>\n\n\n\n<p>Si tiene problemas para obtener la ayuda que necesita, llame a Disability Rights California. Tambi\u00e9n puede llamar al Child Care Law Center (Centro Legal de Cuidado Infantil) al (415) 558-8005.<\/p>\n<div class=\"speaker-mute footnotes_reference_container\"> <div class=\"footnote_container_prepare\"><p><span role=\"button\" tabindex=\"0\" class=\"footnote_reference_container_label pointer\" onclick=\"footnote_expand_collapse_reference_container_1146_1();\">&#x202F;<\/span><span role=\"button\" tabindex=\"0\" class=\"footnote_reference_container_collapse_button\" style=\"display: none;\" onclick=\"footnote_expand_collapse_reference_container_1146_1();\">[<a id=\"footnote_reference_container_collapse_button_1146_1\">+<\/a>]<\/span><\/p><\/div> <div id=\"footnote_references_container_1146_1\" style=\"\"><table class=\"footnotes_table footnote-reference-container\"><caption class=\"accessibility\">References<\/caption> <tbody> \r\n\r\n<tr class=\"footnotes_plugin_reference_row\"> <th scope=\"row\" class=\"footnote_plugin_index_combi pointer\"  onclick=\"footnote_moveToAnchor_1146_1('footnote_plugin_tooltip_1146_1_1');\"><a id=\"footnote_plugin_reference_1146_1_1\" class=\"footnote_backlink\"><span class=\"footnote_index_arrow\">&#8593;<\/span>1<\/a><\/th> <td class=\"footnote_plugin_text\">T\u00edtulo 42, C\u00f3digo de EE. UU., secci\u00f3n 12182(b)(2)(A)(ii) y (iii)<\/td><\/tr>\r\n\r\n <\/tbody> <\/table> <\/div><\/div><script type=\"text\/javascript\"> function footnote_expand_reference_container_1146_1() { jQuery('#footnote_references_container_1146_1').show(); jQuery('#footnote_reference_container_collapse_button_1146_1').text('\u2212'); } function footnote_collapse_reference_container_1146_1() { jQuery('#footnote_references_container_1146_1').hide(); jQuery('#footnote_reference_container_collapse_button_1146_1').text('+'); } function footnote_expand_collapse_reference_container_1146_1() { if (jQuery('#footnote_references_container_1146_1').is(':hidden')) { footnote_expand_reference_container_1146_1(); } else { footnote_collapse_reference_container_1146_1(); } } function footnote_moveToReference_1146_1(p_str_TargetID) { footnote_expand_reference_container_1146_1(); var l_obj_Target = jQuery('#' + p_str_TargetID); if (l_obj_Target.length) { jQuery( 'html, body' ).delay( 0 ); jQuery('html, body').animate({ scrollTop: l_obj_Target.offset().top - window.innerHeight * 0.2 }, 380); } } function footnote_moveToAnchor_1146_1(p_str_TargetID) { footnote_expand_reference_container_1146_1(); var l_obj_Target = jQuery('#' + p_str_TargetID); if (l_obj_Target.length) { jQuery( 'html, body' ).delay( 0 ); jQuery('html, body').animate({ scrollTop: l_obj_Target.offset().top - window.innerHeight * 0.2 }, 380); } }<\/script>","protected":false},"excerpt":{"rendered":"<p>Los ni\u00f1os deben ser incluidos en los programas de guarder\u00eda comunitaria siempre que sea posible. La Ley de Estadounidenses con Discapacidades (ADA) establece que los&hellip;<\/p>\n","protected":false},"author":1,"featured_media":0,"parent":219,"menu_order":35,"comment_status":"closed","ping_status":"closed","template":"","meta":{"footnotes":""},"class_list":["post-1146","page","type-page","status-publish","hentry"],"_links":{"self":[{"href":"https:\/\/rula.disabilityrightsca.org\/es\/wp-json\/wp\/v2\/pages\/1146","targetHints":{"allow":["GET"]}}],"collection":[{"href":"https:\/\/rula.disabilityrightsca.org\/es\/wp-json\/wp\/v2\/pages"}],"about":[{"href":"https:\/\/rula.disabilityrightsca.org\/es\/wp-json\/wp\/v2\/types\/page"}],"author":[{"embeddable":true,"href":"https:\/\/rula.disabilityrightsca.org\/es\/wp-json\/wp\/v2\/users\/1"}],"replies":[{"embeddable":true,"href":"https:\/\/rula.disabilityrightsca.org\/es\/wp-json\/wp\/v2\/comments?post=1146"}],"version-history":[{"count":4,"href":"https:\/\/rula.disabilityrightsca.org\/es\/wp-json\/wp\/v2\/pages\/1146\/revisions"}],"predecessor-version":[{"id":3801,"href":"https:\/\/rula.disabilityrightsca.org\/es\/wp-json\/wp\/v2\/pages\/1146\/revisions\/3801"}],"up":[{"embeddable":true,"href":"https:\/\/rula.disabilityrightsca.org\/es\/wp-json\/wp\/v2\/pages\/219"}],"wp:attachment":[{"href":"https:\/\/rula.disabilityrightsca.org\/es\/wp-json\/wp\/v2\/media?parent=1146"}],"curies":[{"name":"wp","href":"https:\/\/api.w.org\/{rel}","templated":true}]}}