{"id":1144,"date":"2021-05-13T20:54:20","date_gmt":"2021-05-13T20:54:20","guid":{"rendered":"http:\/\/www.rula.disabilityrightsca.org\/es\/?page_id=1144"},"modified":"2023-12-05T16:35:48","modified_gmt":"2023-12-05T16:35:48","slug":"6-34-pueden-los-centros-regionales-brindar-atencion-de-enfermeria","status":"publish","type":"page","link":"https:\/\/rula.disabilityrightsca.org\/es\/rula-book\/capitulo-6-mantener-unida-a-la-familia-servicios-y-apoyos-para-ninos\/6-34-pueden-los-centros-regionales-brindar-atencion-de-enfermeria\/","title":{"rendered":"(6.34) \u00bfUn centro regional u otra agencia puede ayudar a pagar los costos de la guarder\u00eda de un ni\u00f1o con una discapacidad del desarrollo?"},"content":{"rendered":"\n<p>Si la guarder\u00eda para su hijo con discapacidad cuesta m\u00e1s que la guarder\u00eda para ni\u00f1os sin discapacidades, el centro regional puede pagar la diferencia.<span class=\"footnote_referrer\"><a role=\"button\" tabindex=\"0\" onclick=\"footnote_moveToReference_1144_1('footnote_plugin_reference_1144_1_1');\" onkeypress=\"footnote_moveToReference_1144_1('footnote_plugin_reference_1144_1_1');\" ><sup id=\"footnote_plugin_tooltip_1144_1_1\" class=\"footnote_plugin_tooltip_text\">[1]<\/sup><\/a><span id=\"footnote_plugin_tooltip_text_1144_1_1\" class=\"footnote_tooltip\">Secci\u00f3n 4685(c)(6).<\/span><\/span><script type=\"text\/javascript\"> jQuery('#footnote_plugin_tooltip_1144_1_1').tooltip({ tip: '#footnote_plugin_tooltip_text_1144_1_1', tipClass: 'footnote_tooltip', effect: 'fade', predelay: 0, fadeInSpeed: 200, delay: 400, fadeOutSpeed: 200, position: 'top center', relative: true, offset: [-7, 0], });<\/script><\/p>\n\n\n\n<p>Incluso si no califica para la guarder\u00eda de su centro regional, existen subsidios para guarder\u00edas que pueden ayudar. Solicite ayuda a su agencia local de recursos y referencias para el cuidado de ni\u00f1os. Para encontrar la agencia que ayuda a las personas en su condado, comun\u00edquese con la Red de Recursos de Cuidado Infantil de California en <a href=\"http:\/\/www.rrnetwork.org\">www.rrnetwork.org<\/a> o llame al (800) 543-7793. <\/p>\n\n\n\n<p>Si su hijo es menor de 18 a\u00f1os y no recibe Medi-Cal completo, es posible que deba pagar parte del costo de la guarder\u00eda como parte del Programa de Participaci\u00f3n Familiar en los Costos. Para obtener m\u00e1s informaci\u00f3n sobre esto, consulte la<a href=\"https:\/\/rula.disabilityrightsca.org\/es\/rula-book\/capitulo-6-mantener-unida-a-la-familia-servicios-y-apoyos-para-ninos\/6-41-los-padres-tienen-que-pagar-tarifas-por-algunos-servicios-del-centro-regional\/\"> Pregunta 41<\/a>.<\/p>\n<div class=\"speaker-mute footnotes_reference_container\"> <div class=\"footnote_container_prepare\"><p><span role=\"button\" tabindex=\"0\" class=\"footnote_reference_container_label pointer\" onclick=\"footnote_expand_collapse_reference_container_1144_1();\">&#x202F;<\/span><span role=\"button\" tabindex=\"0\" class=\"footnote_reference_container_collapse_button\" style=\"display: none;\" onclick=\"footnote_expand_collapse_reference_container_1144_1();\">[<a id=\"footnote_reference_container_collapse_button_1144_1\">+<\/a>]<\/span><\/p><\/div> <div id=\"footnote_references_container_1144_1\" style=\"\"><table class=\"footnotes_table footnote-reference-container\"><caption class=\"accessibility\">References<\/caption> <tbody> \r\n\r\n<tr class=\"footnotes_plugin_reference_row\"> <th scope=\"row\" class=\"footnote_plugin_index_combi pointer\"  onclick=\"footnote_moveToAnchor_1144_1('footnote_plugin_tooltip_1144_1_1');\"><a id=\"footnote_plugin_reference_1144_1_1\" class=\"footnote_backlink\"><span class=\"footnote_index_arrow\">&#8593;<\/span>1<\/a><\/th> <td class=\"footnote_plugin_text\">Secci\u00f3n 4685(c)(6).<\/td><\/tr>\r\n\r\n <\/tbody> <\/table> <\/div><\/div><script type=\"text\/javascript\"> function footnote_expand_reference_container_1144_1() { jQuery('#footnote_references_container_1144_1').show(); jQuery('#footnote_reference_container_collapse_button_1144_1').text('\u2212'); } function footnote_collapse_reference_container_1144_1() { jQuery('#footnote_references_container_1144_1').hide(); jQuery('#footnote_reference_container_collapse_button_1144_1').text('+'); } function footnote_expand_collapse_reference_container_1144_1() { if (jQuery('#footnote_references_container_1144_1').is(':hidden')) { footnote_expand_reference_container_1144_1(); } else { footnote_collapse_reference_container_1144_1(); } } function footnote_moveToReference_1144_1(p_str_TargetID) { footnote_expand_reference_container_1144_1(); var l_obj_Target = jQuery('#' + p_str_TargetID); if (l_obj_Target.length) { jQuery( 'html, body' ).delay( 0 ); jQuery('html, body').animate({ scrollTop: l_obj_Target.offset().top - window.innerHeight * 0.2 }, 380); } } function footnote_moveToAnchor_1144_1(p_str_TargetID) { footnote_expand_reference_container_1144_1(); var l_obj_Target = jQuery('#' + p_str_TargetID); if (l_obj_Target.length) { jQuery( 'html, body' ).delay( 0 ); jQuery('html, body').animate({ scrollTop: l_obj_Target.offset().top - window.innerHeight * 0.2 }, 380); } }<\/script>","protected":false},"excerpt":{"rendered":"<p>Si la guarder\u00eda para su hijo con discapacidad cuesta m\u00e1s que la guarder\u00eda para ni\u00f1os sin discapacidades, el centro regional puede pagar la diferencia.[1]Secci\u00f3n 4685(c)(6).&hellip;<\/p>\n","protected":false},"author":1,"featured_media":0,"parent":219,"menu_order":34,"comment_status":"closed","ping_status":"closed","template":"","meta":{"footnotes":""},"class_list":["post-1144","page","type-page","status-publish","hentry"],"_links":{"self":[{"href":"https:\/\/rula.disabilityrightsca.org\/es\/wp-json\/wp\/v2\/pages\/1144","targetHints":{"allow":["GET"]}}],"collection":[{"href":"https:\/\/rula.disabilityrightsca.org\/es\/wp-json\/wp\/v2\/pages"}],"about":[{"href":"https:\/\/rula.disabilityrightsca.org\/es\/wp-json\/wp\/v2\/types\/page"}],"author":[{"embeddable":true,"href":"https:\/\/rula.disabilityrightsca.org\/es\/wp-json\/wp\/v2\/users\/1"}],"replies":[{"embeddable":true,"href":"https:\/\/rula.disabilityrightsca.org\/es\/wp-json\/wp\/v2\/comments?post=1144"}],"version-history":[{"count":4,"href":"https:\/\/rula.disabilityrightsca.org\/es\/wp-json\/wp\/v2\/pages\/1144\/revisions"}],"predecessor-version":[{"id":3800,"href":"https:\/\/rula.disabilityrightsca.org\/es\/wp-json\/wp\/v2\/pages\/1144\/revisions\/3800"}],"up":[{"embeddable":true,"href":"https:\/\/rula.disabilityrightsca.org\/es\/wp-json\/wp\/v2\/pages\/219"}],"wp:attachment":[{"href":"https:\/\/rula.disabilityrightsca.org\/es\/wp-json\/wp\/v2\/media?parent=1144"}],"curies":[{"name":"wp","href":"https:\/\/api.w.org\/{rel}","templated":true}]}}