{"id":1136,"date":"2021-05-13T20:48:26","date_gmt":"2021-05-13T20:48:26","guid":{"rendered":"http:\/\/www.rula.disabilityrightsca.org\/es\/?page_id=1136"},"modified":"2023-12-05T00:59:44","modified_gmt":"2023-12-05T00:59:44","slug":"6-30-deben-los-proveedores-de-guarderia-hacer-modificaciones-razonables-para-brindar-cuidado-a-los-ninos-con-discapacidades-del-desarrollo","status":"publish","type":"page","link":"https:\/\/rula.disabilityrightsca.org\/es\/rula-book\/capitulo-6-mantener-unida-a-la-familia-servicios-y-apoyos-para-ninos\/6-30-deben-los-proveedores-de-guarderia-hacer-modificaciones-razonables-para-brindar-cuidado-a-los-ninos-con-discapacidades-del-desarrollo\/","title":{"rendered":"(6.30) \u00bfSe puede capacitar a los proveedores de servicios de relevo para abordar las necesidades m\u00e9dicas especiales de una persona con una discapacidad, durante las horas de servicio de relevo?"},"content":{"rendered":"\n<p>Si est\u00e1n capacitados por profesionales de la salud, los trabajadores de relevo en el hogar pueden realizar servicios m\u00e9dicos adicionales, que incluyen:<\/p>\n\n\n\n<ul class=\"wp-block-list\">\n<li>Servicios de colostom\u00eda e ileostom\u00eda: cambio de bolsas y limpieza del sitio del estoma<\/li>\n\n\n\n<li>Servicios de cat\u00e9ter urinario: vaciado y cambio de bolsas y cuidado del sitio del cat\u00e9ter<\/li>\n\n\n\n<li>Servicios de gastrostom\u00eda: alimentaci\u00f3n, hidrataci\u00f3n, limpieza del est\u00f3mago y adici\u00f3n de medicamentos de rutina ordenados por un profesional de la salud.<\/li>\n<\/ul>\n\n\n\n<p>Estos proveedores de servicios de relevo tambi\u00e9n deben estar capacitados en primeros auxilios y resucitaci\u00f3n cardiopulmonar y deben recibir educaci\u00f3n continua en estas habilidades. Los proveedores de servicios de relevo que prestan servicios m\u00e9dicos adicionales, pueden recibir un pago ligeramente superior. Adem\u00e1s, los centros regionales pueden reembolsar a las agencias de servicios de relevo la capacitaci\u00f3n adicional requerida para estos proveedores.<span class=\"footnote_referrer\"><a role=\"button\" tabindex=\"0\" onclick=\"footnote_moveToReference_1136_1('footnote_plugin_reference_1136_1_1');\" onkeypress=\"footnote_moveToReference_1136_1('footnote_plugin_reference_1136_1_1');\" ><sup id=\"footnote_plugin_tooltip_1136_1_1\" class=\"footnote_plugin_tooltip_text\">[1]<\/sup><\/a><span id=\"footnote_plugin_tooltip_text_1136_1_1\" class=\"footnote_tooltip\">Secci\u00f3n 4686<\/span><\/span><script type=\"text\/javascript\"> jQuery('#footnote_plugin_tooltip_1136_1_1').tooltip({ tip: '#footnote_plugin_tooltip_text_1136_1_1', tipClass: 'footnote_tooltip', effect: 'fade', predelay: 0, fadeInSpeed: 200, delay: 400, fadeOutSpeed: 200, position: 'top center', relative: true, offset: [-7, 0], });<\/script><\/p>\n<div class=\"speaker-mute footnotes_reference_container\"> <div class=\"footnote_container_prepare\"><p><span role=\"button\" tabindex=\"0\" class=\"footnote_reference_container_label pointer\" onclick=\"footnote_expand_collapse_reference_container_1136_1();\">&#x202F;<\/span><span role=\"button\" tabindex=\"0\" class=\"footnote_reference_container_collapse_button\" style=\"display: none;\" onclick=\"footnote_expand_collapse_reference_container_1136_1();\">[<a id=\"footnote_reference_container_collapse_button_1136_1\">+<\/a>]<\/span><\/p><\/div> <div id=\"footnote_references_container_1136_1\" style=\"\"><table class=\"footnotes_table footnote-reference-container\"><caption class=\"accessibility\">References<\/caption> <tbody> \r\n\r\n<tr class=\"footnotes_plugin_reference_row\"> <th scope=\"row\" class=\"footnote_plugin_index_combi pointer\"  onclick=\"footnote_moveToAnchor_1136_1('footnote_plugin_tooltip_1136_1_1');\"><a id=\"footnote_plugin_reference_1136_1_1\" class=\"footnote_backlink\"><span class=\"footnote_index_arrow\">&#8593;<\/span>1<\/a><\/th> <td class=\"footnote_plugin_text\">Secci\u00f3n 4686<\/td><\/tr>\r\n\r\n <\/tbody> <\/table> <\/div><\/div><script type=\"text\/javascript\"> function footnote_expand_reference_container_1136_1() { jQuery('#footnote_references_container_1136_1').show(); jQuery('#footnote_reference_container_collapse_button_1136_1').text('\u2212'); } function footnote_collapse_reference_container_1136_1() { jQuery('#footnote_references_container_1136_1').hide(); jQuery('#footnote_reference_container_collapse_button_1136_1').text('+'); } function footnote_expand_collapse_reference_container_1136_1() { if (jQuery('#footnote_references_container_1136_1').is(':hidden')) { footnote_expand_reference_container_1136_1(); } else { footnote_collapse_reference_container_1136_1(); } } function footnote_moveToReference_1136_1(p_str_TargetID) { footnote_expand_reference_container_1136_1(); var l_obj_Target = jQuery('#' + p_str_TargetID); if (l_obj_Target.length) { jQuery( 'html, body' ).delay( 0 ); jQuery('html, body').animate({ scrollTop: l_obj_Target.offset().top - window.innerHeight * 0.2 }, 380); } } function footnote_moveToAnchor_1136_1(p_str_TargetID) { footnote_expand_reference_container_1136_1(); var l_obj_Target = jQuery('#' + p_str_TargetID); if (l_obj_Target.length) { jQuery( 'html, body' ).delay( 0 ); jQuery('html, body').animate({ scrollTop: l_obj_Target.offset().top - window.innerHeight * 0.2 }, 380); } }<\/script>","protected":false},"excerpt":{"rendered":"<p>Si est\u00e1n capacitados por profesionales de la salud, los trabajadores de relevo en el hogar pueden realizar servicios m\u00e9dicos adicionales, que incluyen: Estos proveedores de&hellip;<\/p>\n","protected":false},"author":1,"featured_media":0,"parent":219,"menu_order":30,"comment_status":"closed","ping_status":"closed","template":"","meta":{"footnotes":""},"class_list":["post-1136","page","type-page","status-publish","hentry"],"_links":{"self":[{"href":"https:\/\/rula.disabilityrightsca.org\/es\/wp-json\/wp\/v2\/pages\/1136","targetHints":{"allow":["GET"]}}],"collection":[{"href":"https:\/\/rula.disabilityrightsca.org\/es\/wp-json\/wp\/v2\/pages"}],"about":[{"href":"https:\/\/rula.disabilityrightsca.org\/es\/wp-json\/wp\/v2\/types\/page"}],"author":[{"embeddable":true,"href":"https:\/\/rula.disabilityrightsca.org\/es\/wp-json\/wp\/v2\/users\/1"}],"replies":[{"embeddable":true,"href":"https:\/\/rula.disabilityrightsca.org\/es\/wp-json\/wp\/v2\/comments?post=1136"}],"version-history":[{"count":5,"href":"https:\/\/rula.disabilityrightsca.org\/es\/wp-json\/wp\/v2\/pages\/1136\/revisions"}],"predecessor-version":[{"id":3796,"href":"https:\/\/rula.disabilityrightsca.org\/es\/wp-json\/wp\/v2\/pages\/1136\/revisions\/3796"}],"up":[{"embeddable":true,"href":"https:\/\/rula.disabilityrightsca.org\/es\/wp-json\/wp\/v2\/pages\/219"}],"wp:attachment":[{"href":"https:\/\/rula.disabilityrightsca.org\/es\/wp-json\/wp\/v2\/media?parent=1136"}],"curies":[{"name":"wp","href":"https:\/\/api.w.org\/{rel}","templated":true}]}}